{"id":16,"date":"2025-01-19T18:03:53","date_gmt":"2025-01-19T17:03:53","guid":{"rendered":"https:\/\/vitalityzen.fr\/?page_id=16"},"modified":"2025-06-05T17:07:24","modified_gmt":"2025-06-05T15:07:24","slug":"reiki","status":"publish","type":"page","link":"https:\/\/vitalityzen.fr\/index.php\/reiki\/","title":{"rendered":"Reiki"},"content":{"rendered":"\t\t<div data-elementor-type=\"wp-page\" data-elementor-id=\"16\" class=\"elementor elementor-16\">\n\t\t\t\t<div class=\"elementor-element elementor-element-78a9c84 e-flex e-con-boxed e-con e-parent\" data-id=\"78a9c84\" data-element_type=\"container\" data-e-type=\"container\">\n\t\t\t\t\t<div class=\"e-con-inner\">\n\t\t\t\t<div class=\"elementor-element elementor-element-a063234 elementor-widget elementor-widget-heading\" data-id=\"a063234\" data-element_type=\"widget\" data-e-type=\"widget\" data-widget_type=\"heading.default\">\n\t\t\t\t<div class=\"elementor-widget-container\">\n\t\t\t\t\t<h2 class=\"elementor-heading-title elementor-size-default\">\u00bfQu\u00e9 es el Reiki ?<\/h2>\t\t\t\t<\/div>\n\t\t\t\t<\/div>\n\t\t\t\t\t<\/div>\n\t\t\t\t<\/div>\n\t\t<div class=\"elementor-element elementor-element-c3fdd75 e-con-full e-flex e-con e-parent\" data-id=\"c3fdd75\" data-element_type=\"container\" data-e-type=\"container\">\n\t\t<div class=\"elementor-element elementor-element-54667a6 e-con-full e-flex e-con e-child\" data-id=\"54667a6\" data-element_type=\"container\" data-e-type=\"container\">\n\t\t\t\t<div class=\"elementor-element elementor-element-552b4c2 elementor-widget__width-initial elementor-widget elementor-widget-text-editor\" data-id=\"552b4c2\" data-element_type=\"widget\" data-e-type=\"widget\" data-widget_type=\"text-editor.default\">\n\t\t\t\t<div class=\"elementor-widget-container\">\n\t\t\t\t\t\t\t\t\t<p>El Reiki tiene sus ra\u00edces en la antigua tradici\u00f3n japonesa y fue desarrollado por\u00a0el Monje <strong>Mikao Usui<\/strong>\u00a0a principios del\u00a0<strong>siglo XX<\/strong>.<\/p><p>La palabra\u00a0<strong>\u00abReiki<\/strong>\u00bb proviene de\u00a0<strong>dos t\u00e9rminos japoneses<\/strong>:<strong>\u00a0\u00abRei\u00bb<\/strong>, que significa\u00a0<em>\u00abesp\u00edritu universal\u00bb<\/em>, y\u00a0<strong>\u00abKi\u00bb<\/strong>, que significa\u00a0<em>\u00abenerg\u00eda vital\u00bb<\/em>.<\/p><p>Esta t\u00e9cnica se fundamenta en la creencia de que todos los seres vivos est\u00e1n compuestos de energ\u00eda que fluye a trav\u00e9s de ellos, y que el equilibrio de esta energ\u00eda es crucial para mantener una buena salud.<\/p><p>El Reiki promueve el bienestar y permite que el cuerpo se sane. Combinar el Reiki con la medicina tradicional puede ser muy eficaz.<\/p>\t\t\t\t\t\t\t\t<\/div>\n\t\t\t\t<\/div>\n\t\t\t\t<\/div>\n\t\t<div class=\"elementor-element elementor-element-92fd9e0 e-con-full e-transform e-flex e-con e-child\" data-id=\"92fd9e0\" data-element_type=\"container\" data-e-type=\"container\" data-settings=\"{&quot;_transform_scale_effect&quot;:{&quot;unit&quot;:&quot;px&quot;,&quot;size&quot;:&quot;&quot;,&quot;sizes&quot;:[]},&quot;_transform_scale_effect_tablet&quot;:{&quot;unit&quot;:&quot;px&quot;,&quot;size&quot;:&quot;&quot;,&quot;sizes&quot;:[]},&quot;_transform_scale_effect_mobile&quot;:{&quot;unit&quot;:&quot;px&quot;,&quot;size&quot;:&quot;&quot;,&quot;sizes&quot;:[]}}\">\n\t\t\t\t<div class=\"elementor-element elementor-element-02618e3 elementor-widget elementor-widget-image\" data-id=\"02618e3\" data-element_type=\"widget\" data-e-type=\"widget\" data-widget_type=\"image.default\">\n\t\t\t\t<div class=\"elementor-widget-container\">\n\t\t\t\t\t\t\t\t\t\t\t\t\t\t\t<img fetchpriority=\"high\" decoding=\"async\" width=\"800\" height=\"534\" src=\"https:\/\/vitalityzen.fr\/wp-content\/uploads\/2025\/02\/2149403921-_1_.webp\" class=\"attachment-large size-large wp-image-326\" alt=\"\" srcset=\"https:\/\/vitalityzen.fr\/wp-content\/uploads\/2025\/02\/2149403921-_1_.webp 1000w, https:\/\/vitalityzen.fr\/wp-content\/uploads\/2025\/02\/2149403921-_1_-300x200.webp 300w, https:\/\/vitalityzen.fr\/wp-content\/uploads\/2025\/02\/2149403921-_1_-768x512.webp 768w\" sizes=\"(max-width: 800px) 100vw, 800px\" \/>\t\t\t\t\t\t\t\t\t\t\t\t\t\t\t<\/div>\n\t\t\t\t<\/div>\n\t\t\t\t<\/div>\n\t\t\t\t<\/div>\n\t\t<div class=\"elementor-element elementor-element-86d6388 e-con-full e-flex e-con e-parent\" data-id=\"86d6388\" data-element_type=\"container\" data-e-type=\"container\">\n\t\t\t\t<div class=\"elementor-element elementor-element-86e6851 elementor-widget elementor-widget-text-editor\" data-id=\"86e6851\" data-element_type=\"widget\" data-e-type=\"widget\" data-widget_type=\"text-editor.default\">\n\t\t\t\t<div class=\"elementor-widget-container\">\n\t\t\t\t\t\t\t\t\t<p>\u00a0<\/p><p>El Reiki se practica mediante la imposici\u00f3n de manos en diferentes partes del cuerpo, con el prop\u00f3sito de canalizar la energ\u00eda universal y restablecer el equilibrio energ\u00e9tico del receptor.<\/p><p>Esta energ\u00eda fluye a trav\u00e9s de los chakras, que son centros de energ\u00eda ubicados a lo largo del cuerpo. Cuando estos chakras est\u00e1n bloqueados o desequilibrados, pueden manifestarse problemas de salud f\u00edsica o emocional.<\/p><p>La pr\u00e1ctica del Reiki no se limita a la sanaci\u00f3n f\u00edsica, sino que tambi\u00e9n abarca el bienestar emocional y espiritual.<\/p><p>A diferencia de la medicina convencional, que se centra en tratar los s\u00edntomas f\u00edsicos de una enfermedad, el Reiki pone su enfoque en el componente emocional y espiritual del paciente, considerando al individuo de manera hol\u00edstica.\u00a0<\/p><p style=\"text-align: center;\"><em><strong>\u00bfUsted sabia que una sesi\u00f3n de REIKI equivale a m\u00e1s de 6 horas de sue\u00f1o profundo?<\/strong><\/em><\/p>\t\t\t\t\t\t\t\t<\/div>\n\t\t\t\t<\/div>\n\t\t\t\t<\/div>\n\t\t<div class=\"elementor-element elementor-element-e84d561 e-con-full e-flex e-con e-parent\" data-id=\"e84d561\" data-element_type=\"container\" data-e-type=\"container\">\n\t\t\t\t<div class=\"elementor-element elementor-element-c0a3200 elementor-widget elementor-widget-heading\" data-id=\"c0a3200\" data-element_type=\"widget\" data-e-type=\"widget\" data-widget_type=\"heading.default\">\n\t\t\t\t<div class=\"elementor-widget-container\">\n\t\t\t\t\t<h2 class=\"elementor-heading-title elementor-size-default\"><br>Beneficios<\/h2>\t\t\t\t<\/div>\n\t\t\t\t<\/div>\n\t\t\t\t<\/div>\n\t\t<div class=\"elementor-element elementor-element-daea66a e-con-full e-flex e-con e-parent\" data-id=\"daea66a\" data-element_type=\"container\" data-e-type=\"container\">\n\t\t\t\t<div class=\"elementor-element elementor-element-1876cad elementor-widget elementor-widget-text-editor\" data-id=\"1876cad\" data-element_type=\"widget\" data-e-type=\"widget\" data-widget_type=\"text-editor.default\">\n\t\t\t\t<div class=\"elementor-widget-container\">\n\t\t\t\t\t\t\t\t\t<p style=\"text-align: center;\"><strong>\u00a0<\/strong><\/p><p style=\"text-align: center;\"><strong>Emocionales, Fisicos y Mentales\u00a0: los beneficios del Reiki son numerosos.<\/strong><\/p><p>Seg\u00fan el <em>Centro Nacional de Medicina Complementaria y Alternativa<\/em>, las personas utilizan el Reiki para relajarse, reducir el estr\u00e9s y aliviar los s\u00edntomas, con el fin de mejorar la salud y el bienestar general. Un tratamiento de Reiki puede lograr lo siguiente:<\/p>\t\t\t\t\t\t\t\t<\/div>\n\t\t\t\t<\/div>\n\t\t\t\t<\/div>\n\t\t<div class=\"elementor-element elementor-element-b89d7bc e-con-full e-flex e-con e-parent\" data-id=\"b89d7bc\" data-element_type=\"container\" data-e-type=\"container\" data-settings=\"{&quot;background_background&quot;:&quot;classic&quot;}\">\n\t\t\t\t<div class=\"elementor-element elementor-element-9fbbb42 elementor-widget elementor-widget-text-editor\" data-id=\"9fbbb42\" data-element_type=\"widget\" data-e-type=\"widget\" data-widget_type=\"text-editor.default\">\n\t\t\t\t<div class=\"elementor-widget-container\">\n\t\t\t\t\t\t\t\t\t<div class=\"elementor-element elementor-element-b89d7bc e-flex e-con-boxed e-con e-parent e-lazyloaded\" data-id=\"b89d7bc\" data-element_type=\"container\" data-settings=\"{&quot;background_background&quot;:&quot;classic&quot;}\"><div class=\"e-con-inner\"><div class=\"elementor-element elementor-element-e1e7f0d elementor-icon-list--layout-traditional elementor-list-item-link-full_width elementor-widget elementor-widget-icon-list\" data-id=\"e1e7f0d\" data-element_type=\"widget\" data-widget_type=\"icon-list.default\"><div class=\"elementor-widget-container\"><ul><li><span class=\"elementor-icon-list-text\">Provocar un estado de relajaci\u00f3n profundo y pac\u00edfico.<\/span><\/li><li><span class=\"elementor-icon-list-text\">Reduccion del estr\u00e9s y de la ansiedad, mejorando el estado de animo<\/span><\/li><li><span class=\"elementor-icon-list-text\">Fomenta la relajacion y el sue\u00f1o.<\/span><\/li><li><span class=\"elementor-icon-list-text\">Disolver los bloqueos energ\u00e9ticos y tensiones.<\/span><\/li><li><span class=\"elementor-icon-list-text\">Desintoxicar el cuerpo.<\/span><\/li><li><span class=\"elementor-icon-list-text\">Apoyar el bienestar de una persona que recibe un tratamiento m\u00e9dico tradicional que puede ser debilitante (por ejemplo, quimioterapia, radiaci\u00f3n, cirug\u00eda, di\u00e1lisis renal)<\/span><\/li><li><span class=\"elementor-icon-list-text\">Proporcionar energ\u00eda vital universal al cuerpo y estimular el sistema inmunol\u00f3gico<\/span><\/li><li><span class=\"elementor-icon-list-text\">Ayudar a aliviar el dolor<\/span><\/li><li><span class=\"elementor-icon-list-text\">Estimular la curaci\u00f3n de tejidos y huesos despu\u00e9s de una lesi\u00f3n o cirug\u00eda.<\/span><\/li><li><span class=\"elementor-icon-list-text\">Aumenta la frecuencia vibratoria a nivel f\u00edsico, mental, emocional y espiritual.<\/span><\/li><\/ul><\/div><\/div><\/div><\/div>\t\t\t\t\t\t\t\t<\/div>\n\t\t\t\t<\/div>\n\t\t\t\t<\/div>\n\t\t<div class=\"elementor-element elementor-element-85622f2 e-grid e-con-boxed e-con e-parent\" data-id=\"85622f2\" data-element_type=\"container\" data-e-type=\"container\">\n\t\t\t\t\t<div class=\"e-con-inner\">\n\t\t\t\t<div class=\"elementor-element elementor-element-7099af4 elementor-widget elementor-widget-image\" data-id=\"7099af4\" data-element_type=\"widget\" data-e-type=\"widget\" data-widget_type=\"image.default\">\n\t\t\t\t<div class=\"elementor-widget-container\">\n\t\t\t\t\t\t\t\t\t\t\t\t\t\t\t<img decoding=\"async\" src=\"https:\/\/vitalityzen.fr\/wp-content\/uploads\/elementor\/thumbs\/Reiki-r6uz9rgktwauxij62oae4wb5345usiip73tzz4qnk8.jpg\" title=\"Reiki\" alt=\"Reiki\" loading=\"lazy\" \/>\t\t\t\t\t\t\t\t\t\t\t\t\t\t\t<\/div>\n\t\t\t\t<\/div>\n\t\t\t\t<div class=\"elementor-element elementor-element-e2ff1cf elementor-widget elementor-widget-image\" data-id=\"e2ff1cf\" data-element_type=\"widget\" data-e-type=\"widget\" data-widget_type=\"image.default\">\n\t\t\t\t<div class=\"elementor-widget-container\">\n\t\t\t\t\t\t\t\t\t\t\t\t\t\t\t<img decoding=\"async\" src=\"https:\/\/vitalityzen.fr\/wp-content\/uploads\/elementor\/thumbs\/Reiki-hombre_mujer-espalda-r6uy5v77ywdqzslffw8v8el44mbf3fhgoim8nz7lfk.jpg\" title=\"Reiki hombre_mujer espalda\" alt=\"Reiki hombre_mujer espalda\" loading=\"lazy\" \/>\t\t\t\t\t\t\t\t\t\t\t\t\t\t\t<\/div>\n\t\t\t\t<\/div>\n\t\t\t\t<div class=\"elementor-element elementor-element-d2f96e4 elementor-widget elementor-widget-image\" data-id=\"d2f96e4\" data-element_type=\"widget\" data-e-type=\"widget\" data-widget_type=\"image.default\">\n\t\t\t\t<div class=\"elementor-widget-container\">\n\t\t\t\t\t\t\t\t\t\t\t\t\t\t\t<img decoding=\"async\" src=\"https:\/\/vitalityzen.fr\/wp-content\/uploads\/elementor\/thumbs\/reiki-bb-r6uzdjr7kq6gjf57d9zplvr9y90ht1wecq1kjwfy9s.jpg\" title=\"reiki-bb\" alt=\"reiki-bb\" loading=\"lazy\" \/>\t\t\t\t\t\t\t\t\t\t\t\t\t\t\t<\/div>\n\t\t\t\t<\/div>\n\t\t\t\t<div class=\"elementor-element elementor-element-d21ded3 elementor-widget elementor-widget-image\" data-id=\"d21ded3\" data-element_type=\"widget\" data-e-type=\"widget\" data-widget_type=\"image.default\">\n\t\t\t\t<div class=\"elementor-widget-container\">\n\t\t\t\t\t\t\t\t\t\t\t\t<figure class=\"wp-caption\">\n\t\t\t\t\t\t\t\t\t\t<img decoding=\"async\" src=\"https:\/\/vitalityzen.fr\/wp-content\/uploads\/elementor\/thumbs\/Reiki-perrogato-r6v6w3muq0jmau5hj83walxlcvhvcpz1jtyvd3ajb4.jpg\" title=\"Reiki perro&#038;gato\" alt=\"Reiki perro&amp;gato\" loading=\"lazy\" \/>\t\t\t\t\t\t\t\t\t\t\t<figcaption class=\"widget-image-caption wp-caption-text\"><\/figcaption>\n\t\t\t\t\t\t\t\t\t\t<\/figure>\n\t\t\t\t\t\t\t\t\t<\/div>\n\t\t\t\t<\/div>\n\t\t\t\t<div class=\"elementor-element elementor-element-c592d3e elementor-widget elementor-widget-image\" data-id=\"c592d3e\" data-element_type=\"widget\" data-e-type=\"widget\" data-widget_type=\"image.default\">\n\t\t\t\t<div class=\"elementor-widget-container\">\n\t\t\t\t\t\t\t\t\t\t\t\t<figure class=\"wp-caption\">\n\t\t\t\t\t\t\t\t\t\t<img decoding=\"async\" src=\"https:\/\/vitalityzen.fr\/wp-content\/uploads\/elementor\/thumbs\/Reikichakras-r66uz6yde4dddjgkkga99btzmr6o0pijufgwcjg6dc.jpg\" title=\"Reiki+chakras\" alt=\"Reiki+chakras\" loading=\"lazy\" \/>\t\t\t\t\t\t\t\t\t\t\t<figcaption class=\"widget-image-caption wp-caption-text\">Equilibrio de los 7 chakras principales<\/figcaption>\n\t\t\t\t\t\t\t\t\t\t<\/figure>\n\t\t\t\t\t\t\t\t\t<\/div>\n\t\t\t\t<\/div>\n\t\t\t\t<div class=\"elementor-element elementor-element-a7b70c9 elementor-widget elementor-widget-image\" data-id=\"a7b70c9\" data-element_type=\"widget\" data-e-type=\"widget\" data-widget_type=\"image.default\">\n\t\t\t\t<div class=\"elementor-widget-container\">\n\t\t\t\t\t\t\t\t\t\t\t\t\t\t\t<img decoding=\"async\" src=\"https:\/\/vitalityzen.fr\/wp-content\/uploads\/elementor\/thumbs\/Reiki-hombre-1-r6uz5aq7l2vumn4njpllpypm8hoi8p57vvw4wgocw0.jpg\" title=\"Reiki hombre\" alt=\"Reiki hombre\" loading=\"lazy\" \/>\t\t\t\t\t\t\t\t\t\t\t\t\t\t\t<\/div>\n\t\t\t\t<\/div>\n\t\t\t\t\t<\/div>\n\t\t\t\t<\/div>\n\t\t<div class=\"elementor-element elementor-element-55b0e7b e-con-full e-flex e-con e-parent\" data-id=\"55b0e7b\" data-element_type=\"container\" data-e-type=\"container\">\n\t\t\t\t<div class=\"elementor-element elementor-element-f1b72f9 elementor-widget-divider--view-line_icon elementor-view-default elementor-widget-divider--element-align-center elementor-widget elementor-widget-divider\" data-id=\"f1b72f9\" data-element_type=\"widget\" data-e-type=\"widget\" data-widget_type=\"divider.default\">\n\t\t\t\t<div class=\"elementor-widget-container\">\n\t\t\t\t\t\t\t<div class=\"elementor-divider\">\n\t\t\t<span class=\"elementor-divider-separator\">\n\t\t\t\t\t\t\t<div class=\"elementor-icon elementor-divider__element\">\n\t\t\t\t\t<svg aria-hidden=\"true\" class=\"e-font-icon-svg e-fas-om\" viewBox=\"0 0 512 512\" xmlns=\"http:\/\/www.w3.org\/2000\/svg\"><path d=\"M360.6 60.94a10.43 10.43 0 0 0 14.76 0l21.57-21.56a10.43 10.43 0 0 0 0-14.76L375.35 3.06c-4.08-4.07-10.68-4.07-14.76 0l-21.57 21.56a10.43 10.43 0 0 0 0 14.76l21.58 21.56zM412.11 192c-26.69 0-51.77 10.39-70.64 29.25l-24.25 24.25c-6.78 6.77-15.78 10.5-25.38 10.5H245c10.54-22.1 14.17-48.11 7.73-75.23-10.1-42.55-46.36-76.11-89.52-83.19-36.15-5.93-70.9 5.04-96.01 28.78-7.36 6.96-6.97 18.85 1.12 24.93l26.15 19.63c5.72 4.3 13.66 4.32 19.2-.21 8.45-6.9 19.02-10.71 30.27-10.71 26.47 0 48.01 21.53 48.01 48s-21.54 48-48.01 48h-31.9c-11.96 0-19.74 12.58-14.39 23.28l16.09 32.17c2.53 5.06 7.6 8.1 13.17 8.55h33.03c35.3 0 64.01 28.7 64.01 64s-28.71 64-64.01 64c-96.02 0-122.35-54.02-145.15-92.03-4.53-7.55-14.77-3.58-14.79 5.22C-.09 416 41.13 512 159.94 512c70.59 0 128.02-57.42 128.02-128 0-23.42-6.78-45.1-17.81-64h21.69c26.69 0 51.77-10.39 70.64-29.25l24.25-24.25c6.78-6.77 15.78-10.5 25.38-10.5 19.78 0 35.88 16.09 35.88 35.88V392c0 13.23-18.77 24-32.01 24-39.4 0-66.67-24.24-81.82-42.89-4.77-5.87-14.2-2.54-14.2 5.02V416s0 64 96.02 64c48.54 0 96.02-39.47 96.02-88V291.88c0-55.08-44.8-99.88-99.89-99.88zm42.18-124.73c-85.55 65.12-169.05 2.75-172.58.05-6.02-4.62-14.44-4.38-20.14.55-5.74 4.92-7.27 13.17-3.66 19.8 1.61 2.95 40.37 72.34 118.8 72.34 79.92 0 98.78-31.36 101.75-37.66 1.02-2.12 1.53-4.47 1.53-6.83V80c0-13.22-15.14-20.69-25.7-12.73z\"><\/path><\/svg><\/div>\n\t\t\t\t\t\t<\/span>\n\t\t<\/div>\n\t\t\t\t\t\t<\/div>\n\t\t\t\t<\/div>\n\t\t\t\t<div class=\"elementor-element elementor-element-cb9cd2a elementor-align-center elementor-widget elementor-widget-button\" data-id=\"cb9cd2a\" data-element_type=\"widget\" data-e-type=\"widget\" data-widget_type=\"button.default\">\n\t\t\t\t<div class=\"elementor-widget-container\">\n\t\t\t\t\t\t\t\t\t<div class=\"elementor-button-wrapper\">\n\t\t\t\t\t<a class=\"elementor-button elementor-button-link elementor-size-sm\" href=\"https:\/\/vitalityzen.fr\/index.php\/pedir-cita\/\" target=\"_blank\">\n\t\t\t\t\t\t<span class=\"elementor-button-content-wrapper\">\n\t\t\t\t\t\t\t\t\t<span class=\"elementor-button-text\">Pedir Cita<\/span>\n\t\t\t\t\t<\/span>\n\t\t\t\t\t<\/a>\n\t\t\t\t<\/div>\n\t\t\t\t\t\t\t\t<\/div>\n\t\t\t\t<\/div>\n\t\t\t\t<div class=\"elementor-element elementor-element-8090e0d elementor-widget-divider--view-line elementor-widget elementor-widget-divider\" data-id=\"8090e0d\" data-element_type=\"widget\" data-e-type=\"widget\" data-widget_type=\"divider.default\">\n\t\t\t\t<div class=\"elementor-widget-container\">\n\t\t\t\t\t\t\t<div class=\"elementor-divider\">\n\t\t\t<span class=\"elementor-divider-separator\">\n\t\t\t\t\t\t<\/span>\n\t\t<\/div>\n\t\t\t\t\t\t<\/div>\n\t\t\t\t<\/div>\n\t\t\t\t<\/div>\n\t\t\t\t<\/div>\n\t\t","protected":false},"excerpt":{"rendered":"<p>\u00bfQu\u00e9 es el Reiki ? El Reiki tiene sus ra\u00edces en la antigua tradici\u00f3n japonesa y fue desarrollado por\u00a0el Monje Mikao Usui\u00a0a principios del\u00a0siglo XX. La palabra\u00a0\u00abReiki\u00bb proviene de\u00a0dos t\u00e9rminos japoneses:\u00a0\u00abRei\u00bb, que significa\u00a0\u00abesp\u00edritu universal\u00bb, y\u00a0\u00abKi\u00bb, que significa\u00a0\u00abenerg\u00eda vital\u00bb. Esta t\u00e9cnica se fundamenta en la creencia de que todos los seres vivos est\u00e1n compuestos de energ\u00eda [&hellip;]<\/p>\n","protected":false},"author":1,"featured_media":0,"parent":0,"menu_order":0,"comment_status":"closed","ping_status":"closed","template":"","meta":{"footnotes":""},"class_list":["post-16","page","type-page","status-publish","hentry"],"yoast_head":"<!-- This site is optimized with the Yoast SEO plugin v24.4 - https:\/\/yoast.com\/wordpress\/plugins\/seo\/ -->\n<title>Reiki - Vitality Zen<\/title>\n<meta name=\"robots\" content=\"index, follow, max-snippet:-1, max-image-preview:large, max-video-preview:-1\" \/>\n<link rel=\"canonical\" href=\"https:\/\/vitalityzen.fr\/index.php\/reiki\/\" \/>\n<meta property=\"og:locale\" content=\"fr_FR\" \/>\n<meta property=\"og:type\" content=\"article\" \/>\n<meta property=\"og:title\" content=\"Reiki - Vitality Zen\" \/>\n<meta property=\"og:description\" content=\"\u00bfQu\u00e9 es el Reiki ? El Reiki tiene sus ra\u00edces en la antigua tradici\u00f3n japonesa y fue desarrollado por\u00a0el Monje Mikao Usui\u00a0a principios del\u00a0siglo XX. La palabra\u00a0\u00abReiki\u00bb proviene de\u00a0dos t\u00e9rminos japoneses:\u00a0\u00abRei\u00bb, que significa\u00a0\u00abesp\u00edritu universal\u00bb, y\u00a0\u00abKi\u00bb, que significa\u00a0\u00abenerg\u00eda vital\u00bb. Esta t\u00e9cnica se fundamenta en la creencia de que todos los seres vivos est\u00e1n compuestos de energ\u00eda [&hellip;]\" \/>\n<meta property=\"og:url\" content=\"https:\/\/vitalityzen.fr\/index.php\/reiki\/\" \/>\n<meta property=\"og:site_name\" content=\"Vitality Zen\" \/>\n<meta property=\"article:modified_time\" content=\"2025-06-05T15:07:24+00:00\" \/>\n<meta property=\"og:image\" content=\"https:\/\/vitalityzen.fr\/wp-content\/uploads\/2025\/02\/2149403921-_1_.webp\" \/>\n\t<meta property=\"og:image:width\" content=\"1000\" \/>\n\t<meta property=\"og:image:height\" content=\"667\" \/>\n\t<meta property=\"og:image:type\" content=\"image\/webp\" \/>\n<meta name=\"twitter:card\" content=\"summary_large_image\" \/>\n<meta name=\"twitter:label1\" content=\"Dur\u00e9e de lecture estim\u00e9e\" \/>\n\t<meta name=\"twitter:data1\" content=\"4 minutes\" \/>\n<script type=\"application\/ld+json\" class=\"yoast-schema-graph\">{\"@context\":\"https:\/\/schema.org\",\"@graph\":[{\"@type\":\"WebPage\",\"@id\":\"https:\/\/vitalityzen.fr\/index.php\/reiki\/\",\"url\":\"https:\/\/vitalityzen.fr\/index.php\/reiki\/\",\"name\":\"Reiki - Vitality Zen\",\"isPartOf\":{\"@id\":\"https:\/\/vitalityzen.fr\/#website\"},\"primaryImageOfPage\":{\"@id\":\"https:\/\/vitalityzen.fr\/index.php\/reiki\/#primaryimage\"},\"image\":{\"@id\":\"https:\/\/vitalityzen.fr\/index.php\/reiki\/#primaryimage\"},\"thumbnailUrl\":\"https:\/\/vitalityzen.fr\/wp-content\/uploads\/2025\/02\/2149403921-_1_.webp\",\"datePublished\":\"2025-01-19T17:03:53+00:00\",\"dateModified\":\"2025-06-05T15:07:24+00:00\",\"breadcrumb\":{\"@id\":\"https:\/\/vitalityzen.fr\/index.php\/reiki\/#breadcrumb\"},\"inLanguage\":\"fr-FR\",\"potentialAction\":[{\"@type\":\"ReadAction\",\"target\":[\"https:\/\/vitalityzen.fr\/index.php\/reiki\/\"]}]},{\"@type\":\"ImageObject\",\"inLanguage\":\"fr-FR\",\"@id\":\"https:\/\/vitalityzen.fr\/index.php\/reiki\/#primaryimage\",\"url\":\"https:\/\/vitalityzen.fr\/wp-content\/uploads\/2025\/02\/2149403921-_1_.webp\",\"contentUrl\":\"https:\/\/vitalityzen.fr\/wp-content\/uploads\/2025\/02\/2149403921-_1_.webp\",\"width\":1000,\"height\":667},{\"@type\":\"BreadcrumbList\",\"@id\":\"https:\/\/vitalityzen.fr\/index.php\/reiki\/#breadcrumb\",\"itemListElement\":[{\"@type\":\"ListItem\",\"position\":1,\"name\":\"Accueil\",\"item\":\"https:\/\/vitalityzen.fr\/\"},{\"@type\":\"ListItem\",\"position\":2,\"name\":\"Reiki\"}]},{\"@type\":\"WebSite\",\"@id\":\"https:\/\/vitalityzen.fr\/#website\",\"url\":\"https:\/\/vitalityzen.fr\/\",\"name\":\"Vitality Zen\",\"description\":\"1, Rue Marietton 69009 Lyon - France\",\"publisher\":{\"@id\":\"https:\/\/vitalityzen.fr\/#organization\"},\"potentialAction\":[{\"@type\":\"SearchAction\",\"target\":{\"@type\":\"EntryPoint\",\"urlTemplate\":\"https:\/\/vitalityzen.fr\/?s={search_term_string}\"},\"query-input\":{\"@type\":\"PropertyValueSpecification\",\"valueRequired\":true,\"valueName\":\"search_term_string\"}}],\"inLanguage\":\"fr-FR\"},{\"@type\":\"Organization\",\"@id\":\"https:\/\/vitalityzen.fr\/#organization\",\"name\":\"Vitality Zen\",\"url\":\"https:\/\/vitalityzen.fr\/\",\"logo\":{\"@type\":\"ImageObject\",\"inLanguage\":\"fr-FR\",\"@id\":\"https:\/\/vitalityzen.fr\/#\/schema\/logo\/image\/\",\"url\":\"https:\/\/vitalityzen.fr\/wp-content\/uploads\/2025\/01\/cropped-Plan-de-travail-3-scaled-1.webp\",\"contentUrl\":\"https:\/\/vitalityzen.fr\/wp-content\/uploads\/2025\/01\/cropped-Plan-de-travail-3-scaled-1.webp\",\"width\":2270,\"height\":2533,\"caption\":\"Vitality Zen\"},\"image\":{\"@id\":\"https:\/\/vitalityzen.fr\/#\/schema\/logo\/image\/\"}}]}<\/script>\n<!-- \/ Yoast SEO plugin. -->","yoast_head_json":{"title":"Reiki - Vitality Zen","robots":{"index":"index","follow":"follow","max-snippet":"max-snippet:-1","max-image-preview":"max-image-preview:large","max-video-preview":"max-video-preview:-1"},"canonical":"https:\/\/vitalityzen.fr\/index.php\/reiki\/","og_locale":"fr_FR","og_type":"article","og_title":"Reiki - Vitality Zen","og_description":"\u00bfQu\u00e9 es el Reiki ? El Reiki tiene sus ra\u00edces en la antigua tradici\u00f3n japonesa y fue desarrollado por\u00a0el Monje Mikao Usui\u00a0a principios del\u00a0siglo XX. La palabra\u00a0\u00abReiki\u00bb proviene de\u00a0dos t\u00e9rminos japoneses:\u00a0\u00abRei\u00bb, que significa\u00a0\u00abesp\u00edritu universal\u00bb, y\u00a0\u00abKi\u00bb, que significa\u00a0\u00abenerg\u00eda vital\u00bb. Esta t\u00e9cnica se fundamenta en la creencia de que todos los seres vivos est\u00e1n compuestos de energ\u00eda [&hellip;]","og_url":"https:\/\/vitalityzen.fr\/index.php\/reiki\/","og_site_name":"Vitality Zen","article_modified_time":"2025-06-05T15:07:24+00:00","og_image":[{"width":1000,"height":667,"url":"https:\/\/vitalityzen.fr\/wp-content\/uploads\/2025\/02\/2149403921-_1_.webp","type":"image\/webp"}],"twitter_card":"summary_large_image","twitter_misc":{"Dur\u00e9e de lecture estim\u00e9e":"4 minutes"},"schema":{"@context":"https:\/\/schema.org","@graph":[{"@type":"WebPage","@id":"https:\/\/vitalityzen.fr\/index.php\/reiki\/","url":"https:\/\/vitalityzen.fr\/index.php\/reiki\/","name":"Reiki - Vitality Zen","isPartOf":{"@id":"https:\/\/vitalityzen.fr\/#website"},"primaryImageOfPage":{"@id":"https:\/\/vitalityzen.fr\/index.php\/reiki\/#primaryimage"},"image":{"@id":"https:\/\/vitalityzen.fr\/index.php\/reiki\/#primaryimage"},"thumbnailUrl":"https:\/\/vitalityzen.fr\/wp-content\/uploads\/2025\/02\/2149403921-_1_.webp","datePublished":"2025-01-19T17:03:53+00:00","dateModified":"2025-06-05T15:07:24+00:00","breadcrumb":{"@id":"https:\/\/vitalityzen.fr\/index.php\/reiki\/#breadcrumb"},"inLanguage":"fr-FR","potentialAction":[{"@type":"ReadAction","target":["https:\/\/vitalityzen.fr\/index.php\/reiki\/"]}]},{"@type":"ImageObject","inLanguage":"fr-FR","@id":"https:\/\/vitalityzen.fr\/index.php\/reiki\/#primaryimage","url":"https:\/\/vitalityzen.fr\/wp-content\/uploads\/2025\/02\/2149403921-_1_.webp","contentUrl":"https:\/\/vitalityzen.fr\/wp-content\/uploads\/2025\/02\/2149403921-_1_.webp","width":1000,"height":667},{"@type":"BreadcrumbList","@id":"https:\/\/vitalityzen.fr\/index.php\/reiki\/#breadcrumb","itemListElement":[{"@type":"ListItem","position":1,"name":"Accueil","item":"https:\/\/vitalityzen.fr\/"},{"@type":"ListItem","position":2,"name":"Reiki"}]},{"@type":"WebSite","@id":"https:\/\/vitalityzen.fr\/#website","url":"https:\/\/vitalityzen.fr\/","name":"Vitality Zen","description":"1, Rue Marietton 69009 Lyon - France","publisher":{"@id":"https:\/\/vitalityzen.fr\/#organization"},"potentialAction":[{"@type":"SearchAction","target":{"@type":"EntryPoint","urlTemplate":"https:\/\/vitalityzen.fr\/?s={search_term_string}"},"query-input":{"@type":"PropertyValueSpecification","valueRequired":true,"valueName":"search_term_string"}}],"inLanguage":"fr-FR"},{"@type":"Organization","@id":"https:\/\/vitalityzen.fr\/#organization","name":"Vitality Zen","url":"https:\/\/vitalityzen.fr\/","logo":{"@type":"ImageObject","inLanguage":"fr-FR","@id":"https:\/\/vitalityzen.fr\/#\/schema\/logo\/image\/","url":"https:\/\/vitalityzen.fr\/wp-content\/uploads\/2025\/01\/cropped-Plan-de-travail-3-scaled-1.webp","contentUrl":"https:\/\/vitalityzen.fr\/wp-content\/uploads\/2025\/01\/cropped-Plan-de-travail-3-scaled-1.webp","width":2270,"height":2533,"caption":"Vitality Zen"},"image":{"@id":"https:\/\/vitalityzen.fr\/#\/schema\/logo\/image\/"}}]}},"_links":{"self":[{"href":"https:\/\/vitalityzen.fr\/index.php\/wp-json\/wp\/v2\/pages\/16","targetHints":{"allow":["GET"]}}],"collection":[{"href":"https:\/\/vitalityzen.fr\/index.php\/wp-json\/wp\/v2\/pages"}],"about":[{"href":"https:\/\/vitalityzen.fr\/index.php\/wp-json\/wp\/v2\/types\/page"}],"author":[{"embeddable":true,"href":"https:\/\/vitalityzen.fr\/index.php\/wp-json\/wp\/v2\/users\/1"}],"replies":[{"embeddable":true,"href":"https:\/\/vitalityzen.fr\/index.php\/wp-json\/wp\/v2\/comments?post=16"}],"version-history":[{"count":43,"href":"https:\/\/vitalityzen.fr\/index.php\/wp-json\/wp\/v2\/pages\/16\/revisions"}],"predecessor-version":[{"id":1474,"href":"https:\/\/vitalityzen.fr\/index.php\/wp-json\/wp\/v2\/pages\/16\/revisions\/1474"}],"wp:attachment":[{"href":"https:\/\/vitalityzen.fr\/index.php\/wp-json\/wp\/v2\/media?parent=16"}],"curies":[{"name":"wp","href":"https:\/\/api.w.org\/{rel}","templated":true}]}}