{"id":20,"date":"2025-01-19T18:04:38","date_gmt":"2025-01-19T17:04:38","guid":{"rendered":"https:\/\/vitalityzen.fr\/?page_id=20"},"modified":"2025-06-05T17:18:47","modified_gmt":"2025-06-05T15:18:47","slug":"acupuntura-auricular","status":"publish","type":"page","link":"https:\/\/vitalityzen.fr\/index.php\/acupuntura-auricular\/","title":{"rendered":"Terapia auricular"},"content":{"rendered":"\t\t<div data-elementor-type=\"wp-page\" data-elementor-id=\"20\" class=\"elementor elementor-20\">\n\t\t\t\t<div class=\"elementor-element elementor-element-2d92f04 e-flex e-con-boxed e-con e-parent\" data-id=\"2d92f04\" data-element_type=\"container\" data-e-type=\"container\">\n\t\t\t\t\t<div class=\"e-con-inner\">\n\t\t\t\t<div class=\"elementor-element elementor-element-f8973aa elementor-widget elementor-widget-spacer\" data-id=\"f8973aa\" data-element_type=\"widget\" data-e-type=\"widget\" data-widget_type=\"spacer.default\">\n\t\t\t\t<div class=\"elementor-widget-container\">\n\t\t\t\t\t\t\t<div class=\"elementor-spacer\">\n\t\t\t<div class=\"elementor-spacer-inner\"><\/div>\n\t\t<\/div>\n\t\t\t\t\t\t<\/div>\n\t\t\t\t<\/div>\n\t\t\t\t\t<\/div>\n\t\t\t\t<\/div>\n\t\t<div class=\"elementor-element elementor-element-b487e00 e-flex e-con-boxed e-con e-parent\" data-id=\"b487e00\" data-element_type=\"container\" data-e-type=\"container\">\n\t\t\t\t\t<div class=\"e-con-inner\">\n\t\t\t\t<div class=\"elementor-element elementor-element-5a83457 elementor-widget__width-initial elementor-widget elementor-widget-text-editor\" data-id=\"5a83457\" data-element_type=\"widget\" data-e-type=\"widget\" data-widget_type=\"text-editor.default\">\n\t\t\t\t<div class=\"elementor-widget-container\">\n\t\t\t\t\t\t\t\t\t<h2 style=\"text-align: center;\"><strong>\u00bfQu\u00e9 es la TERAPIA\u00a0 AURICULAR?<\/strong><\/h2>\t\t\t\t\t\t\t\t<\/div>\n\t\t\t\t<\/div>\n\t\t\t\t\t<\/div>\n\t\t\t\t<\/div>\n\t\t<div class=\"elementor-element elementor-element-72618c1 e-con-full e-flex e-con e-parent\" data-id=\"72618c1\" data-element_type=\"container\" data-e-type=\"container\">\n\t\t\t\t<div class=\"elementor-element elementor-element-16bcb49 elementor-widget__width-initial elementor-widget elementor-widget-text-editor\" data-id=\"16bcb49\" data-element_type=\"widget\" data-e-type=\"widget\" data-widget_type=\"text-editor.default\">\n\t\t\t\t<div class=\"elementor-widget-container\">\n\t\t\t\t\t\t\t\t\t<p>La Terapia Auricular es un tipo de tratamiento que tiene sus ra\u00edces en la Medicina Tradicional China y que procede de la Acupuntura. En 1990, fue reconocida por la Organizaci\u00f3n Mundial de la Salud (OMS).<\/p>\n<p>Esta t\u00e9cnica se basa en <strong>estimular una serie de puntos espec\u00edficos ubicados en la oreja<\/strong>&nbsp;con el objetivo de diagnosticar y tratar dolencias f\u00edsicas y emocionales. Seg\u00fan la teor\u00eda, en el o\u00eddo hay una representaci\u00f3n de las diferentes partes del cuerpo, por lo que al estimular estos puntos concretos se puede abordar una amplia variedad de patolog\u00edas.<\/p>\n<p>Seg\u00fan la Medicina Tradicional China, los 12 meridianos se reunen en el pabell\u00f3n auricular, la oreja tambien es una de las principales zonas d\u00f3nde el Yang y el Yin se interrelacionan. El pabell\u00f3n auricular guarda una estrecha relaci\u00f3n con los \u00f3rganos. Es conocido como el palacio del ri\u00f1\u00f3n, que tiene su puerta de entrada a trav\u00e9s del oido.<\/p>\n<p>Si alg\u00fan meridiano esta obstruido, la circulaci\u00f3n de la sangre y de la energia pierde su flujo, aparecen puntos dolorosos en la oreja como una reacci\u00f3n refleja del lugar obstruido.<\/p>\n<p>Se trata de un tratamiento&nbsp;complementario que, sobre todo, se aplica para reducir los dolores de espalda y aliviar la ansiedad.<\/p>\n<h1>&nbsp;<\/h1>\n<h3><span style=\"color: #800080;\"><em><strong>LOS BENEFICIOS:<\/strong><\/em><\/span><\/h3>\n<ul>\n<li><strong>Alivio del dolor:<\/strong> una de las aplicaciones m\u00e1s extendidas de la auriculoterapia es su uso para tratar el dolor. Se ha utilizado en el manejo del dolor cr\u00f3nico, incluyendo dolores de cabeza, migra\u00f1as, dolores musculares y dolores articulares, por lo que puede ser efectiva para reducirlo.<\/li>\n<li class=\"li1\"><b>Tratamiento de la ansiedad y el estr\u00e9s<\/b>: tambi\u00e9n se emplea para tratar trastornos emocionales como la ansiedad, el estr\u00e9s, la depresi\u00f3n, los miedos y fobias. Al estimular puntos relacionados con el sistema nervioso aut\u00f3nomo, esta t\u00e9cnica podr\u00eda ayudar a calmar el sistema nervioso y promover una sensaci\u00f3n de relajaci\u00f3n.<\/li>\n<li><b>Control de adicciones<\/b>: uno de los usos m\u00e1s documentados de la auriculoterapia es en el tratamiento de adicciones, especialmente el&nbsp;<em><span style=\"text-decoration: underline;\">tabaquismo y el alcoholismo.<\/span>&nbsp;<\/em><\/li>\n<li><b>Problemas digestivos<\/b>: s\u00edndrome del intestino irritable (SII) o el estre\u00f1imiento, diarreas.<\/li>\n<li><strong>Regulaci\u00f3n de sistema nervioso aut\u00f3nomo<\/strong>: eficaz en las alergias, algodistrofia.<\/li>\n<li><strong>El equilibrio hormonal<\/strong>: La menopausia, la tiroides, la hipofertilidad.<\/li>\n<\/ul>\n<p>En el caso de disfunci\u00f3n o de dolor, el punto correspondiente en el o\u00eddo&nbsp; es detectable y&nbsp; sensible a la presi\u00f3n. La acupuntura en este punto va a curar el problema del organo a distancia.<\/p><p><br><\/p>\t\t\t\t\t\t\t\t<\/div>\n\t\t\t\t<\/div>\n\t\t\t\t<\/div>\n\t\t<div class=\"elementor-element elementor-element-619d540 e-flex e-con-boxed e-con e-parent\" data-id=\"619d540\" data-element_type=\"container\" data-e-type=\"container\">\n\t\t\t\t\t<div class=\"e-con-inner\">\n\t\t<div class=\"elementor-element elementor-element-f8a8d5d e-con-full e-flex e-con e-child\" data-id=\"f8a8d5d\" data-element_type=\"container\" data-e-type=\"container\">\n\t\t\t\t<div class=\"elementor-element elementor-element-e9bfcd3 elementor-widget elementor-widget-image\" data-id=\"e9bfcd3\" data-element_type=\"widget\" data-e-type=\"widget\" data-widget_type=\"image.default\">\n\t\t\t\t<div class=\"elementor-widget-container\">\n\t\t\t\t\t\t\t\t\t\t\t\t<figure class=\"wp-caption\">\n\t\t\t\t\t\t\t\t\t\t<img decoding=\"async\" src=\"https:\/\/vitalityzen.fr\/wp-content\/uploads\/elementor\/thumbs\/oreja_organos-r0e26c2spxlftzw6bm9hnmnzvrzcfua6pvt06rrftg.jpg\" title=\"oreja_organos\" alt=\"oreja_organos\" loading=\"lazy\" \/>\t\t\t\t\t\t\t\t\t\t\t<figcaption class=\"widget-image-caption wp-caption-text\">La medicina china enumera 120 puntos reflejos en cada pabell\u00f3n auricular.<\/figcaption>\n\t\t\t\t\t\t\t\t\t\t<\/figure>\n\t\t\t\t\t\t\t\t\t<\/div>\n\t\t\t\t<\/div>\n\t\t\t\t<\/div>\n\t\t<div class=\"elementor-element elementor-element-2519ed7 e-con-full e-flex e-con e-child\" data-id=\"2519ed7\" data-element_type=\"container\" data-e-type=\"container\">\n\t\t<div class=\"elementor-element elementor-element-33f529d e-con-full e-flex e-con e-child\" data-id=\"33f529d\" data-element_type=\"container\" data-e-type=\"container\">\n\t\t\t\t<div class=\"elementor-element elementor-element-0751f30 elementor-widget__width-initial elementor-widget elementor-widget-image\" data-id=\"0751f30\" data-element_type=\"widget\" data-e-type=\"widget\" data-widget_type=\"image.default\">\n\t\t\t\t<div class=\"elementor-widget-container\">\n\t\t\t\t\t\t\t\t\t\t\t\t\t\t\t<img fetchpriority=\"high\" decoding=\"async\" width=\"330\" height=\"660\" src=\"https:\/\/vitalityzen.fr\/wp-content\/uploads\/2025\/01\/aurico.jpg\" class=\"attachment-medium_large size-medium_large wp-image-281\" alt=\"\" srcset=\"https:\/\/vitalityzen.fr\/wp-content\/uploads\/2025\/01\/aurico.jpg 330w, https:\/\/vitalityzen.fr\/wp-content\/uploads\/2025\/01\/aurico-150x300.jpg 150w\" sizes=\"(max-width: 330px) 100vw, 330px\" \/>\t\t\t\t\t\t\t\t\t\t\t\t\t\t\t<\/div>\n\t\t\t\t<\/div>\n\t\t\t\t<div class=\"elementor-element elementor-element-92d741a elementor-widget elementor-widget-image\" data-id=\"92d741a\" data-element_type=\"widget\" data-e-type=\"widget\" data-widget_type=\"image.default\">\n\t\t\t\t<div class=\"elementor-widget-container\">\n\t\t\t\t\t\t\t\t\t\t\t\t\t\t\t<img decoding=\"async\" width=\"249\" height=\"202\" src=\"https:\/\/vitalityzen.fr\/wp-content\/uploads\/2025\/01\/images.jpeg\" class=\"attachment-large size-large wp-image-268\" alt=\"\" \/>\t\t\t\t\t\t\t\t\t\t\t\t\t\t\t<\/div>\n\t\t\t\t<\/div>\n\t\t\t\t<\/div>\n\t\t\t\t<\/div>\n\t\t\t\t\t<\/div>\n\t\t\t\t<\/div>\n\t\t<div class=\"elementor-element elementor-element-8830b35 e-flex e-con-boxed e-con e-parent\" data-id=\"8830b35\" data-element_type=\"container\" data-e-type=\"container\">\n\t\t\t\t\t<div class=\"e-con-inner\">\n\t\t\t\t<div class=\"elementor-element elementor-element-32c7b61 elementor-widget-divider--view-line elementor-widget elementor-widget-divider\" data-id=\"32c7b61\" data-element_type=\"widget\" data-e-type=\"widget\" data-widget_type=\"divider.default\">\n\t\t\t\t<div class=\"elementor-widget-container\">\n\t\t\t\t\t\t\t<div class=\"elementor-divider\">\n\t\t\t<span class=\"elementor-divider-separator\">\n\t\t\t\t\t\t<\/span>\n\t\t<\/div>\n\t\t\t\t\t\t<\/div>\n\t\t\t\t<\/div>\n\t\t\t\t\t<\/div>\n\t\t\t\t<\/div>\n\t\t<div class=\"elementor-element elementor-element-3613501 e-flex e-con-boxed e-con e-parent\" data-id=\"3613501\" data-element_type=\"container\" data-e-type=\"container\">\n\t\t\t\t\t<div class=\"e-con-inner\">\n\t\t\t\t<div class=\"elementor-element elementor-element-9dc86dc elementor-align-center elementor-widget elementor-widget-button\" data-id=\"9dc86dc\" data-element_type=\"widget\" data-e-type=\"widget\" data-widget_type=\"button.default\">\n\t\t\t\t<div class=\"elementor-widget-container\">\n\t\t\t\t\t\t\t\t\t<div class=\"elementor-button-wrapper\">\n\t\t\t\t\t<a class=\"elementor-button elementor-button-link elementor-size-sm\" href=\"https:\/\/vitalityzen.fr\/index.php\/pedir-cita\/\" target=\"_blank\">\n\t\t\t\t\t\t<span class=\"elementor-button-content-wrapper\">\n\t\t\t\t\t\t\t\t\t<span class=\"elementor-button-text\">Pedir Cita<\/span>\n\t\t\t\t\t<\/span>\n\t\t\t\t\t<\/a>\n\t\t\t\t<\/div>\n\t\t\t\t\t\t\t\t<\/div>\n\t\t\t\t<\/div>\n\t\t\t\t<div class=\"elementor-element elementor-element-e484666 elementor-widget-divider--view-line elementor-widget elementor-widget-divider\" data-id=\"e484666\" data-element_type=\"widget\" data-e-type=\"widget\" data-widget_type=\"divider.default\">\n\t\t\t\t<div class=\"elementor-widget-container\">\n\t\t\t\t\t\t\t<div class=\"elementor-divider\">\n\t\t\t<span class=\"elementor-divider-separator\">\n\t\t\t\t\t\t<\/span>\n\t\t<\/div>\n\t\t\t\t\t\t<\/div>\n\t\t\t\t<\/div>\n\t\t\t\t\t<\/div>\n\t\t\t\t<\/div>\n\t\t\t\t<\/div>\n\t\t","protected":false},"excerpt":{"rendered":"<p>\u00bfQu\u00e9 es la TERAPIA\u00a0 AURICULAR? La Terapia Auricular es un tipo de tratamiento que tiene sus ra\u00edces en la Medicina Tradicional China y que procede de la Acupuntura. En 1990, fue reconocida por la Organizaci\u00f3n Mundial de la Salud (OMS). Esta t\u00e9cnica se basa en estimular una serie de puntos espec\u00edficos ubicados en la oreja&nbsp;con [&hellip;]<\/p>\n","protected":false},"author":1,"featured_media":0,"parent":0,"menu_order":0,"comment_status":"closed","ping_status":"closed","template":"","meta":{"footnotes":""},"class_list":["post-20","page","type-page","status-publish","hentry"],"yoast_head":"<!-- This site is optimized with the Yoast SEO plugin v24.4 - https:\/\/yoast.com\/wordpress\/plugins\/seo\/ -->\n<title>Terapia auricular - Vitality Zen<\/title>\n<meta name=\"robots\" content=\"index, follow, max-snippet:-1, max-image-preview:large, max-video-preview:-1\" \/>\n<link rel=\"canonical\" href=\"https:\/\/vitalityzen.fr\/index.php\/acupuntura-auricular\/\" \/>\n<meta property=\"og:locale\" content=\"fr_FR\" \/>\n<meta property=\"og:type\" content=\"article\" \/>\n<meta property=\"og:title\" content=\"Terapia auricular - Vitality Zen\" \/>\n<meta property=\"og:description\" content=\"\u00bfQu\u00e9 es la TERAPIA\u00a0 AURICULAR? La Terapia Auricular es un tipo de tratamiento que tiene sus ra\u00edces en la Medicina Tradicional China y que procede de la Acupuntura. En 1990, fue reconocida por la Organizaci\u00f3n Mundial de la Salud (OMS). Esta t\u00e9cnica se basa en estimular una serie de puntos espec\u00edficos ubicados en la oreja&nbsp;con [&hellip;]\" \/>\n<meta property=\"og:url\" content=\"https:\/\/vitalityzen.fr\/index.php\/acupuntura-auricular\/\" \/>\n<meta property=\"og:site_name\" content=\"Vitality Zen\" \/>\n<meta property=\"article:modified_time\" content=\"2025-06-05T15:18:47+00:00\" \/>\n<meta property=\"og:image\" content=\"https:\/\/vitalityzen.fr\/wp-content\/uploads\/elementor\/thumbs\/oreja_organos-r0e26c2spxlftzw6bm9hnmnzvrzcfua6pvt06rrftg.jpg\" \/>\n<meta name=\"twitter:card\" content=\"summary_large_image\" \/>\n<meta name=\"twitter:label1\" content=\"Dur\u00e9e de lecture estim\u00e9e\" \/>\n\t<meta name=\"twitter:data1\" content=\"3 minutes\" \/>\n<script type=\"application\/ld+json\" class=\"yoast-schema-graph\">{\"@context\":\"https:\/\/schema.org\",\"@graph\":[{\"@type\":\"WebPage\",\"@id\":\"https:\/\/vitalityzen.fr\/index.php\/acupuntura-auricular\/\",\"url\":\"https:\/\/vitalityzen.fr\/index.php\/acupuntura-auricular\/\",\"name\":\"Terapia auricular - Vitality Zen\",\"isPartOf\":{\"@id\":\"https:\/\/vitalityzen.fr\/#website\"},\"primaryImageOfPage\":{\"@id\":\"https:\/\/vitalityzen.fr\/index.php\/acupuntura-auricular\/#primaryimage\"},\"image\":{\"@id\":\"https:\/\/vitalityzen.fr\/index.php\/acupuntura-auricular\/#primaryimage\"},\"thumbnailUrl\":\"https:\/\/vitalityzen.fr\/wp-content\/uploads\/elementor\/thumbs\/oreja_organos-r0e26c2spxlftzw6bm9hnmnzvrzcfua6pvt06rrftg.jpg\",\"datePublished\":\"2025-01-19T17:04:38+00:00\",\"dateModified\":\"2025-06-05T15:18:47+00:00\",\"breadcrumb\":{\"@id\":\"https:\/\/vitalityzen.fr\/index.php\/acupuntura-auricular\/#breadcrumb\"},\"inLanguage\":\"fr-FR\",\"potentialAction\":[{\"@type\":\"ReadAction\",\"target\":[\"https:\/\/vitalityzen.fr\/index.php\/acupuntura-auricular\/\"]}]},{\"@type\":\"ImageObject\",\"inLanguage\":\"fr-FR\",\"@id\":\"https:\/\/vitalityzen.fr\/index.php\/acupuntura-auricular\/#primaryimage\",\"url\":\"https:\/\/vitalityzen.fr\/wp-content\/uploads\/elementor\/thumbs\/oreja_organos-r0e26c2spxlftzw6bm9hnmnzvrzcfua6pvt06rrftg.jpg\",\"contentUrl\":\"https:\/\/vitalityzen.fr\/wp-content\/uploads\/elementor\/thumbs\/oreja_organos-r0e26c2spxlftzw6bm9hnmnzvrzcfua6pvt06rrftg.jpg\"},{\"@type\":\"BreadcrumbList\",\"@id\":\"https:\/\/vitalityzen.fr\/index.php\/acupuntura-auricular\/#breadcrumb\",\"itemListElement\":[{\"@type\":\"ListItem\",\"position\":1,\"name\":\"Accueil\",\"item\":\"https:\/\/vitalityzen.fr\/\"},{\"@type\":\"ListItem\",\"position\":2,\"name\":\"Terapia auricular\"}]},{\"@type\":\"WebSite\",\"@id\":\"https:\/\/vitalityzen.fr\/#website\",\"url\":\"https:\/\/vitalityzen.fr\/\",\"name\":\"Vitality Zen\",\"description\":\"1, Rue Marietton 69009 Lyon - France\",\"publisher\":{\"@id\":\"https:\/\/vitalityzen.fr\/#organization\"},\"potentialAction\":[{\"@type\":\"SearchAction\",\"target\":{\"@type\":\"EntryPoint\",\"urlTemplate\":\"https:\/\/vitalityzen.fr\/?s={search_term_string}\"},\"query-input\":{\"@type\":\"PropertyValueSpecification\",\"valueRequired\":true,\"valueName\":\"search_term_string\"}}],\"inLanguage\":\"fr-FR\"},{\"@type\":\"Organization\",\"@id\":\"https:\/\/vitalityzen.fr\/#organization\",\"name\":\"Vitality Zen\",\"url\":\"https:\/\/vitalityzen.fr\/\",\"logo\":{\"@type\":\"ImageObject\",\"inLanguage\":\"fr-FR\",\"@id\":\"https:\/\/vitalityzen.fr\/#\/schema\/logo\/image\/\",\"url\":\"https:\/\/vitalityzen.fr\/wp-content\/uploads\/2025\/01\/cropped-Plan-de-travail-3-scaled-1.webp\",\"contentUrl\":\"https:\/\/vitalityzen.fr\/wp-content\/uploads\/2025\/01\/cropped-Plan-de-travail-3-scaled-1.webp\",\"width\":2270,\"height\":2533,\"caption\":\"Vitality Zen\"},\"image\":{\"@id\":\"https:\/\/vitalityzen.fr\/#\/schema\/logo\/image\/\"}}]}<\/script>\n<!-- \/ Yoast SEO plugin. -->","yoast_head_json":{"title":"Terapia auricular - Vitality Zen","robots":{"index":"index","follow":"follow","max-snippet":"max-snippet:-1","max-image-preview":"max-image-preview:large","max-video-preview":"max-video-preview:-1"},"canonical":"https:\/\/vitalityzen.fr\/index.php\/acupuntura-auricular\/","og_locale":"fr_FR","og_type":"article","og_title":"Terapia auricular - Vitality Zen","og_description":"\u00bfQu\u00e9 es la TERAPIA\u00a0 AURICULAR? La Terapia Auricular es un tipo de tratamiento que tiene sus ra\u00edces en la Medicina Tradicional China y que procede de la Acupuntura. En 1990, fue reconocida por la Organizaci\u00f3n Mundial de la Salud (OMS). Esta t\u00e9cnica se basa en estimular una serie de puntos espec\u00edficos ubicados en la oreja&nbsp;con [&hellip;]","og_url":"https:\/\/vitalityzen.fr\/index.php\/acupuntura-auricular\/","og_site_name":"Vitality Zen","article_modified_time":"2025-06-05T15:18:47+00:00","og_image":[{"url":"https:\/\/vitalityzen.fr\/wp-content\/uploads\/elementor\/thumbs\/oreja_organos-r0e26c2spxlftzw6bm9hnmnzvrzcfua6pvt06rrftg.jpg","type":"","width":"","height":""}],"twitter_card":"summary_large_image","twitter_misc":{"Dur\u00e9e de lecture estim\u00e9e":"3 minutes"},"schema":{"@context":"https:\/\/schema.org","@graph":[{"@type":"WebPage","@id":"https:\/\/vitalityzen.fr\/index.php\/acupuntura-auricular\/","url":"https:\/\/vitalityzen.fr\/index.php\/acupuntura-auricular\/","name":"Terapia auricular - Vitality Zen","isPartOf":{"@id":"https:\/\/vitalityzen.fr\/#website"},"primaryImageOfPage":{"@id":"https:\/\/vitalityzen.fr\/index.php\/acupuntura-auricular\/#primaryimage"},"image":{"@id":"https:\/\/vitalityzen.fr\/index.php\/acupuntura-auricular\/#primaryimage"},"thumbnailUrl":"https:\/\/vitalityzen.fr\/wp-content\/uploads\/elementor\/thumbs\/oreja_organos-r0e26c2spxlftzw6bm9hnmnzvrzcfua6pvt06rrftg.jpg","datePublished":"2025-01-19T17:04:38+00:00","dateModified":"2025-06-05T15:18:47+00:00","breadcrumb":{"@id":"https:\/\/vitalityzen.fr\/index.php\/acupuntura-auricular\/#breadcrumb"},"inLanguage":"fr-FR","potentialAction":[{"@type":"ReadAction","target":["https:\/\/vitalityzen.fr\/index.php\/acupuntura-auricular\/"]}]},{"@type":"ImageObject","inLanguage":"fr-FR","@id":"https:\/\/vitalityzen.fr\/index.php\/acupuntura-auricular\/#primaryimage","url":"https:\/\/vitalityzen.fr\/wp-content\/uploads\/elementor\/thumbs\/oreja_organos-r0e26c2spxlftzw6bm9hnmnzvrzcfua6pvt06rrftg.jpg","contentUrl":"https:\/\/vitalityzen.fr\/wp-content\/uploads\/elementor\/thumbs\/oreja_organos-r0e26c2spxlftzw6bm9hnmnzvrzcfua6pvt06rrftg.jpg"},{"@type":"BreadcrumbList","@id":"https:\/\/vitalityzen.fr\/index.php\/acupuntura-auricular\/#breadcrumb","itemListElement":[{"@type":"ListItem","position":1,"name":"Accueil","item":"https:\/\/vitalityzen.fr\/"},{"@type":"ListItem","position":2,"name":"Terapia auricular"}]},{"@type":"WebSite","@id":"https:\/\/vitalityzen.fr\/#website","url":"https:\/\/vitalityzen.fr\/","name":"Vitality Zen","description":"1, Rue Marietton 69009 Lyon - France","publisher":{"@id":"https:\/\/vitalityzen.fr\/#organization"},"potentialAction":[{"@type":"SearchAction","target":{"@type":"EntryPoint","urlTemplate":"https:\/\/vitalityzen.fr\/?s={search_term_string}"},"query-input":{"@type":"PropertyValueSpecification","valueRequired":true,"valueName":"search_term_string"}}],"inLanguage":"fr-FR"},{"@type":"Organization","@id":"https:\/\/vitalityzen.fr\/#organization","name":"Vitality Zen","url":"https:\/\/vitalityzen.fr\/","logo":{"@type":"ImageObject","inLanguage":"fr-FR","@id":"https:\/\/vitalityzen.fr\/#\/schema\/logo\/image\/","url":"https:\/\/vitalityzen.fr\/wp-content\/uploads\/2025\/01\/cropped-Plan-de-travail-3-scaled-1.webp","contentUrl":"https:\/\/vitalityzen.fr\/wp-content\/uploads\/2025\/01\/cropped-Plan-de-travail-3-scaled-1.webp","width":2270,"height":2533,"caption":"Vitality Zen"},"image":{"@id":"https:\/\/vitalityzen.fr\/#\/schema\/logo\/image\/"}}]}},"_links":{"self":[{"href":"https:\/\/vitalityzen.fr\/index.php\/wp-json\/wp\/v2\/pages\/20","targetHints":{"allow":["GET"]}}],"collection":[{"href":"https:\/\/vitalityzen.fr\/index.php\/wp-json\/wp\/v2\/pages"}],"about":[{"href":"https:\/\/vitalityzen.fr\/index.php\/wp-json\/wp\/v2\/types\/page"}],"author":[{"embeddable":true,"href":"https:\/\/vitalityzen.fr\/index.php\/wp-json\/wp\/v2\/users\/1"}],"replies":[{"embeddable":true,"href":"https:\/\/vitalityzen.fr\/index.php\/wp-json\/wp\/v2\/comments?post=20"}],"version-history":[{"count":68,"href":"https:\/\/vitalityzen.fr\/index.php\/wp-json\/wp\/v2\/pages\/20\/revisions"}],"predecessor-version":[{"id":1480,"href":"https:\/\/vitalityzen.fr\/index.php\/wp-json\/wp\/v2\/pages\/20\/revisions\/1480"}],"wp:attachment":[{"href":"https:\/\/vitalityzen.fr\/index.php\/wp-json\/wp\/v2\/media?parent=20"}],"curies":[{"name":"wp","href":"https:\/\/api.w.org\/{rel}","templated":true}]}}