{"id":28,"date":"2025-01-19T18:06:00","date_gmt":"2025-01-19T17:06:00","guid":{"rendered":"https:\/\/vitalityzen.fr\/?page_id=28"},"modified":"2025-06-04T10:23:25","modified_gmt":"2025-06-04T08:23:25","slug":"hooponopono","status":"publish","type":"page","link":"https:\/\/vitalityzen.fr\/index.php\/hooponopono\/","title":{"rendered":"Ho&rsquo;oponopono"},"content":{"rendered":"\t\t<div data-elementor-type=\"wp-page\" data-elementor-id=\"28\" class=\"elementor elementor-28\">\n\t\t\t\t<div class=\"elementor-element elementor-element-7fa3688 e-flex e-con-boxed e-con e-parent\" data-id=\"7fa3688\" data-element_type=\"container\" data-e-type=\"container\">\n\t\t\t\t\t<div class=\"e-con-inner\">\n\t\t\t\t<div class=\"elementor-element elementor-element-47c236b elementor-widget elementor-widget-text-editor\" data-id=\"47c236b\" data-element_type=\"widget\" data-e-type=\"widget\" data-widget_type=\"text-editor.default\">\n\t\t\t\t<div class=\"elementor-widget-container\">\n\t\t\t\t\t\t\t\t\t<h1><strong>Lib\u00e9rese y encuentre la harmonia interior.<\/strong><span style=\"color: inherit; font-family: inherit; font-size: 1rem;\">\u00a0<\/span><\/h1>\t\t\t\t\t\t\t\t<\/div>\n\t\t\t\t<\/div>\n\t\t\t\t<div class=\"elementor-element elementor-element-519045c elementor-widget elementor-widget-image\" data-id=\"519045c\" data-element_type=\"widget\" data-e-type=\"widget\" data-widget_type=\"image.default\">\n\t\t\t\t<div class=\"elementor-widget-container\">\n\t\t\t\t\t\t\t\t\t\t\t\t\t\t\t<img fetchpriority=\"high\" decoding=\"async\" width=\"300\" height=\"233\" src=\"https:\/\/vitalityzen.fr\/wp-content\/uploads\/2025\/01\/aloha-300x233.webp\" class=\"attachment-medium size-medium wp-image-233\" alt=\"\" srcset=\"https:\/\/vitalityzen.fr\/wp-content\/uploads\/2025\/01\/aloha-300x233.webp 300w, https:\/\/vitalityzen.fr\/wp-content\/uploads\/2025\/01\/aloha.webp 600w\" sizes=\"(max-width: 300px) 100vw, 300px\" \/>\t\t\t\t\t\t\t\t\t\t\t\t\t\t\t<\/div>\n\t\t\t\t<\/div>\n\t\t\t\t\t<\/div>\n\t\t\t\t<\/div>\n\t\t<div class=\"elementor-element elementor-element-5d5f1f0 e-grid e-con-full e-con e-parent\" data-id=\"5d5f1f0\" data-element_type=\"container\" data-e-type=\"container\">\n\t\t\t\t<div class=\"elementor-element elementor-element-92e53ff elementor-widget elementor-widget-text-editor\" data-id=\"92e53ff\" data-element_type=\"widget\" data-e-type=\"widget\" data-widget_type=\"text-editor.default\">\n\t\t\t\t<div class=\"elementor-widget-container\">\n\t\t\t\t\t\t\t\t\t<p>En<strong> Vitality ZEN<\/strong> le ofrecemos un m\u00e9todo \u00fanico y poderoso para transformar su vida.<\/p><p>La t\u00e9rapia <em><strong>HO&rsquo;OPONOPONO<\/strong>\u00a0<\/em>es una practica milenar de los antiguos kahunas, hoy esta considerada como una terapia porque actua en todos los cuerpos y, a trav\u00e9s de su practica consciente, establece una uni\u00f3n entre el cuerpo, la mente y el espiritu. Funciona liberando m\u00e9morias del pasado, que son verdaderos nudos energ\u00e9ticos, bloqueos que nos causan una s\u00e9rie de consecuancias en nuestra vida.<\/p><p>Un m\u00e9todo simple pero poderoso. Con palabras de sabidur\u00eda y amor: \u00a0\u00bb <em>Lo siento, Perd\u00f3name, Te amo. Gracias\u00a0\u00bb<\/em><\/p><p>\u00ab\u00a0Ho&rsquo;o\u00a0\u00bb significa <strong>causa<\/strong> y \u00ab\u00a0ponopono\u00a0\u00bb <strong>perfecci\u00f3n, <\/strong>o sea transformaremos la causa. Por eso decimos que Ho&rsquo;oponopono es utilizado para las limpiezas de m\u00e9morias, principalmente las que nos causan dolor y nos traen rastros emocionales, a trav\u00e9s de reacciones en el que el inconsciente se relaciona con el dor para protegerse.<\/p><p>Te gu\u00eda hacia la liberaci\u00f3n de emociones negativas, traumas, recuerdos dolorosos y bloqueos.<\/p><p>\u00a0<\/p>\t\t\t\t\t\t\t\t<\/div>\n\t\t\t\t<\/div>\n\t\t\t\t<div class=\"elementor-element elementor-element-d5821f6 elementor-widget elementor-widget-image\" data-id=\"d5821f6\" data-element_type=\"widget\" data-e-type=\"widget\" data-widget_type=\"image.default\">\n\t\t\t\t<div class=\"elementor-widget-container\">\n\t\t\t\t\t\t\t\t\t\t\t\t<figure class=\"wp-caption\">\n\t\t\t\t\t\t\t\t\t\t<img decoding=\"async\" width=\"474\" height=\"237\" src=\"https:\/\/vitalityzen.fr\/wp-content\/uploads\/2025\/01\/mantra-hopono.jpg\" class=\"attachment-medium_large size-medium_large wp-image-234\" alt=\"\" srcset=\"https:\/\/vitalityzen.fr\/wp-content\/uploads\/2025\/01\/mantra-hopono.jpg 474w, https:\/\/vitalityzen.fr\/wp-content\/uploads\/2025\/01\/mantra-hopono-300x150.jpg 300w\" sizes=\"(max-width: 474px) 100vw, 474px\" \/>\t\t\t\t\t\t\t\t\t\t\t<figcaption class=\"widget-image-caption wp-caption-text\">El poder de las palabras de Ho'oponopono. \"Lo siento, perd\u00f3name, gracias, te amo\"<\/figcaption>\n\t\t\t\t\t\t\t\t\t\t<\/figure>\n\t\t\t\t\t\t\t\t\t<\/div>\n\t\t\t\t<\/div>\n\t\t\t\t<div class=\"elementor-element elementor-element-14572bd elementor-widget elementor-widget-heading\" data-id=\"14572bd\" data-element_type=\"widget\" data-e-type=\"widget\" data-widget_type=\"heading.default\">\n\t\t\t\t<div class=\"elementor-widget-container\">\n\t\t\t\t\t<h2 class=\"elementor-heading-title elementor-size-default\">\n\u00bfPor qu\u00e9 elegir la terapia de Ho'oponopono?<\/h2>\t\t\t\t<\/div>\n\t\t\t\t<\/div>\n\t\t\t\t<div class=\"elementor-element elementor-element-4ab1dcd elementor-widget elementor-widget-text-editor\" data-id=\"4ab1dcd\" data-element_type=\"widget\" data-e-type=\"widget\" data-widget_type=\"text-editor.default\">\n\t\t\t\t<div class=\"elementor-widget-container\">\n\t\t\t\t\t\t\t\t\t<p>\ud83c\udf1f Para calmar su mente: deje ir el estr\u00e9s y los pensamientos intrusivos como los transtornos de ansiedad, de angustia, transtornos compulsivos (TOC), transtornos de estr\u00e9s postraumatico (TEPT), transtornos de p\u00e1nico, depresi\u00f3n, etc.<\/p><p><img decoding=\"async\" class=\"\" src=\"https:\/\/cdn-icons-png.flaticon.com\/128\/12704\/12704746.png\" alt=\"dos\" width=\"23\" height=\"23\" \/> Fortaleza sus relaciones: sane y cure los conflictos y cultive el amor y el perd\u00f3n.<\/p><p><img loading=\"lazy\" decoding=\"async\" class=\"img-small\" title=\"\" src=\"https:\/\/cdn-icons-png.flaticon.com\/512\/5316\/5316611.png\" alt=\"\" width=\"21\" height=\"21\" \/> Recupere su energia: limpie las memorias negativas y reconectese con su esencia.<\/p><p><img loading=\"lazy\" decoding=\"async\" class=\"img-small\" title=\"\" src=\"https:\/\/cdn-icons-png.flaticon.com\/512\/616\/616652.png\" alt=\"\" width=\"25\" height=\"25\" \/> Acceda a la claridad interior: tome decisiones alineadas con sus verdaderas aspiraciones.<\/p>\t\t\t\t\t\t\t\t<\/div>\n\t\t\t\t<\/div>\n\t\t\t\t<\/div>\n\t\t<div class=\"elementor-element elementor-element-1e39221 e-flex e-con-boxed e-con e-parent\" data-id=\"1e39221\" data-element_type=\"container\" data-e-type=\"container\">\n\t\t\t\t\t<div class=\"e-con-inner\">\n\t\t\t\t<div class=\"elementor-element elementor-element-3f36c14 elementor-widget-divider--view-line elementor-widget elementor-widget-divider\" data-id=\"3f36c14\" data-element_type=\"widget\" data-e-type=\"widget\" data-widget_type=\"divider.default\">\n\t\t\t\t<div class=\"elementor-widget-container\">\n\t\t\t\t\t\t\t<div class=\"elementor-divider\">\n\t\t\t<span class=\"elementor-divider-separator\">\n\t\t\t\t\t\t<\/span>\n\t\t<\/div>\n\t\t\t\t\t\t<\/div>\n\t\t\t\t<\/div>\n\t\t\t\t\t<\/div>\n\t\t\t\t<\/div>\n\t\t<div class=\"elementor-element elementor-element-446b40c e-flex e-con-boxed e-con e-parent\" data-id=\"446b40c\" data-element_type=\"container\" data-e-type=\"container\">\n\t\t\t\t\t<div class=\"e-con-inner\">\n\t\t\t\t<div class=\"elementor-element elementor-element-ae1aa9a elementor-align-center elementor-widget elementor-widget-button\" data-id=\"ae1aa9a\" data-element_type=\"widget\" data-e-type=\"widget\" data-widget_type=\"button.default\">\n\t\t\t\t<div class=\"elementor-widget-container\">\n\t\t\t\t\t\t\t\t\t<div class=\"elementor-button-wrapper\">\n\t\t\t\t\t<a class=\"elementor-button elementor-button-link elementor-size-sm\" href=\"https:\/\/vitalityzen.fr\/index.php\/pedir-cita\/\" target=\"_blank\">\n\t\t\t\t\t\t<span class=\"elementor-button-content-wrapper\">\n\t\t\t\t\t\t\t\t\t<span class=\"elementor-button-text\">Pedir Cita<\/span>\n\t\t\t\t\t<\/span>\n\t\t\t\t\t<\/a>\n\t\t\t\t<\/div>\n\t\t\t\t\t\t\t\t<\/div>\n\t\t\t\t<\/div>\n\t\t\t\t\t<\/div>\n\t\t\t\t<\/div>\n\t\t<div class=\"elementor-element elementor-element-6875f30 e-con-full e-flex e-con e-parent\" data-id=\"6875f30\" data-element_type=\"container\" data-e-type=\"container\">\n\t\t\t\t<div class=\"elementor-element elementor-element-6a4b0c4 elementor-widget-divider--view-line elementor-widget elementor-widget-divider\" data-id=\"6a4b0c4\" data-element_type=\"widget\" data-e-type=\"widget\" data-widget_type=\"divider.default\">\n\t\t\t\t<div class=\"elementor-widget-container\">\n\t\t\t\t\t\t\t<div class=\"elementor-divider\">\n\t\t\t<span class=\"elementor-divider-separator\">\n\t\t\t\t\t\t<\/span>\n\t\t<\/div>\n\t\t\t\t\t\t<\/div>\n\t\t\t\t<\/div>\n\t\t\t\t<\/div>\n\t\t<div class=\"elementor-element elementor-element-8de867a e-flex e-con-boxed e-con e-parent\" data-id=\"8de867a\" data-element_type=\"container\" data-e-type=\"container\">\n\t\t\t\t\t<div class=\"e-con-inner\">\n\t\t\t\t\t<\/div>\n\t\t\t\t<\/div>\n\t\t\t\t<\/div>\n\t\t","protected":false},"excerpt":{"rendered":"<p>Lib\u00e9rese y encuentre la harmonia interior.\u00a0 En Vitality ZEN le ofrecemos un m\u00e9todo \u00fanico y poderoso para transformar su vida. La t\u00e9rapia HO&rsquo;OPONOPONO\u00a0es una practica milenar de los antiguos kahunas, hoy esta considerada como una terapia porque actua en todos los cuerpos y, a trav\u00e9s de su practica consciente, establece una uni\u00f3n entre el cuerpo, [&hellip;]<\/p>\n","protected":false},"author":1,"featured_media":0,"parent":0,"menu_order":0,"comment_status":"closed","ping_status":"closed","template":"","meta":{"footnotes":""},"class_list":["post-28","page","type-page","status-publish","hentry"],"yoast_head":"<!-- This site is optimized with the Yoast SEO plugin v24.4 - https:\/\/yoast.com\/wordpress\/plugins\/seo\/ -->\n<title>Ho&#039;oponopono - Vitality Zen<\/title>\n<meta name=\"robots\" content=\"index, follow, max-snippet:-1, max-image-preview:large, max-video-preview:-1\" \/>\n<link rel=\"canonical\" href=\"https:\/\/vitalityzen.fr\/index.php\/hooponopono\/\" \/>\n<meta property=\"og:locale\" content=\"fr_FR\" \/>\n<meta property=\"og:type\" content=\"article\" \/>\n<meta property=\"og:title\" content=\"Ho&#039;oponopono - Vitality Zen\" \/>\n<meta property=\"og:description\" content=\"Lib\u00e9rese y encuentre la harmonia interior.\u00a0 En Vitality ZEN le ofrecemos un m\u00e9todo \u00fanico y poderoso para transformar su vida. La t\u00e9rapia HO&rsquo;OPONOPONO\u00a0es una practica milenar de los antiguos kahunas, hoy esta considerada como una terapia porque actua en todos los cuerpos y, a trav\u00e9s de su practica consciente, establece una uni\u00f3n entre el cuerpo, [&hellip;]\" \/>\n<meta property=\"og:url\" content=\"https:\/\/vitalityzen.fr\/index.php\/hooponopono\/\" \/>\n<meta property=\"og:site_name\" content=\"Vitality Zen\" \/>\n<meta property=\"article:modified_time\" content=\"2025-06-04T08:23:25+00:00\" \/>\n<meta property=\"og:image\" content=\"https:\/\/vitalityzen.fr\/wp-content\/uploads\/2025\/01\/aloha.webp\" \/>\n\t<meta property=\"og:image:width\" content=\"600\" \/>\n\t<meta property=\"og:image:height\" content=\"466\" \/>\n\t<meta property=\"og:image:type\" content=\"image\/webp\" \/>\n<meta name=\"twitter:card\" content=\"summary_large_image\" \/>\n<meta name=\"twitter:label1\" content=\"Dur\u00e9e de lecture estim\u00e9e\" \/>\n\t<meta name=\"twitter:data1\" content=\"3 minutes\" \/>\n<script type=\"application\/ld+json\" class=\"yoast-schema-graph\">{\"@context\":\"https:\/\/schema.org\",\"@graph\":[{\"@type\":\"WebPage\",\"@id\":\"https:\/\/vitalityzen.fr\/index.php\/hooponopono\/\",\"url\":\"https:\/\/vitalityzen.fr\/index.php\/hooponopono\/\",\"name\":\"Ho'oponopono - Vitality Zen\",\"isPartOf\":{\"@id\":\"https:\/\/vitalityzen.fr\/#website\"},\"primaryImageOfPage\":{\"@id\":\"https:\/\/vitalityzen.fr\/index.php\/hooponopono\/#primaryimage\"},\"image\":{\"@id\":\"https:\/\/vitalityzen.fr\/index.php\/hooponopono\/#primaryimage\"},\"thumbnailUrl\":\"https:\/\/vitalityzen.fr\/wp-content\/uploads\/2025\/01\/aloha-300x233.webp\",\"datePublished\":\"2025-01-19T17:06:00+00:00\",\"dateModified\":\"2025-06-04T08:23:25+00:00\",\"breadcrumb\":{\"@id\":\"https:\/\/vitalityzen.fr\/index.php\/hooponopono\/#breadcrumb\"},\"inLanguage\":\"fr-FR\",\"potentialAction\":[{\"@type\":\"ReadAction\",\"target\":[\"https:\/\/vitalityzen.fr\/index.php\/hooponopono\/\"]}]},{\"@type\":\"ImageObject\",\"inLanguage\":\"fr-FR\",\"@id\":\"https:\/\/vitalityzen.fr\/index.php\/hooponopono\/#primaryimage\",\"url\":\"https:\/\/vitalityzen.fr\/wp-content\/uploads\/2025\/01\/aloha.webp\",\"contentUrl\":\"https:\/\/vitalityzen.fr\/wp-content\/uploads\/2025\/01\/aloha.webp\",\"width\":600,\"height\":466},{\"@type\":\"BreadcrumbList\",\"@id\":\"https:\/\/vitalityzen.fr\/index.php\/hooponopono\/#breadcrumb\",\"itemListElement\":[{\"@type\":\"ListItem\",\"position\":1,\"name\":\"Accueil\",\"item\":\"https:\/\/vitalityzen.fr\/\"},{\"@type\":\"ListItem\",\"position\":2,\"name\":\"Ho&rsquo;oponopono\"}]},{\"@type\":\"WebSite\",\"@id\":\"https:\/\/vitalityzen.fr\/#website\",\"url\":\"https:\/\/vitalityzen.fr\/\",\"name\":\"Vitality Zen\",\"description\":\"1, Rue Marietton 69009 Lyon - France\",\"publisher\":{\"@id\":\"https:\/\/vitalityzen.fr\/#organization\"},\"potentialAction\":[{\"@type\":\"SearchAction\",\"target\":{\"@type\":\"EntryPoint\",\"urlTemplate\":\"https:\/\/vitalityzen.fr\/?s={search_term_string}\"},\"query-input\":{\"@type\":\"PropertyValueSpecification\",\"valueRequired\":true,\"valueName\":\"search_term_string\"}}],\"inLanguage\":\"fr-FR\"},{\"@type\":\"Organization\",\"@id\":\"https:\/\/vitalityzen.fr\/#organization\",\"name\":\"Vitality Zen\",\"url\":\"https:\/\/vitalityzen.fr\/\",\"logo\":{\"@type\":\"ImageObject\",\"inLanguage\":\"fr-FR\",\"@id\":\"https:\/\/vitalityzen.fr\/#\/schema\/logo\/image\/\",\"url\":\"https:\/\/vitalityzen.fr\/wp-content\/uploads\/2025\/01\/cropped-Plan-de-travail-3-scaled-1.webp\",\"contentUrl\":\"https:\/\/vitalityzen.fr\/wp-content\/uploads\/2025\/01\/cropped-Plan-de-travail-3-scaled-1.webp\",\"width\":2270,\"height\":2533,\"caption\":\"Vitality Zen\"},\"image\":{\"@id\":\"https:\/\/vitalityzen.fr\/#\/schema\/logo\/image\/\"}}]}<\/script>\n<!-- \/ Yoast SEO plugin. -->","yoast_head_json":{"title":"Ho'oponopono - Vitality Zen","robots":{"index":"index","follow":"follow","max-snippet":"max-snippet:-1","max-image-preview":"max-image-preview:large","max-video-preview":"max-video-preview:-1"},"canonical":"https:\/\/vitalityzen.fr\/index.php\/hooponopono\/","og_locale":"fr_FR","og_type":"article","og_title":"Ho'oponopono - Vitality Zen","og_description":"Lib\u00e9rese y encuentre la harmonia interior.\u00a0 En Vitality ZEN le ofrecemos un m\u00e9todo \u00fanico y poderoso para transformar su vida. La t\u00e9rapia HO&rsquo;OPONOPONO\u00a0es una practica milenar de los antiguos kahunas, hoy esta considerada como una terapia porque actua en todos los cuerpos y, a trav\u00e9s de su practica consciente, establece una uni\u00f3n entre el cuerpo, [&hellip;]","og_url":"https:\/\/vitalityzen.fr\/index.php\/hooponopono\/","og_site_name":"Vitality Zen","article_modified_time":"2025-06-04T08:23:25+00:00","og_image":[{"width":600,"height":466,"url":"https:\/\/vitalityzen.fr\/wp-content\/uploads\/2025\/01\/aloha.webp","type":"image\/webp"}],"twitter_card":"summary_large_image","twitter_misc":{"Dur\u00e9e de lecture estim\u00e9e":"3 minutes"},"schema":{"@context":"https:\/\/schema.org","@graph":[{"@type":"WebPage","@id":"https:\/\/vitalityzen.fr\/index.php\/hooponopono\/","url":"https:\/\/vitalityzen.fr\/index.php\/hooponopono\/","name":"Ho'oponopono - Vitality Zen","isPartOf":{"@id":"https:\/\/vitalityzen.fr\/#website"},"primaryImageOfPage":{"@id":"https:\/\/vitalityzen.fr\/index.php\/hooponopono\/#primaryimage"},"image":{"@id":"https:\/\/vitalityzen.fr\/index.php\/hooponopono\/#primaryimage"},"thumbnailUrl":"https:\/\/vitalityzen.fr\/wp-content\/uploads\/2025\/01\/aloha-300x233.webp","datePublished":"2025-01-19T17:06:00+00:00","dateModified":"2025-06-04T08:23:25+00:00","breadcrumb":{"@id":"https:\/\/vitalityzen.fr\/index.php\/hooponopono\/#breadcrumb"},"inLanguage":"fr-FR","potentialAction":[{"@type":"ReadAction","target":["https:\/\/vitalityzen.fr\/index.php\/hooponopono\/"]}]},{"@type":"ImageObject","inLanguage":"fr-FR","@id":"https:\/\/vitalityzen.fr\/index.php\/hooponopono\/#primaryimage","url":"https:\/\/vitalityzen.fr\/wp-content\/uploads\/2025\/01\/aloha.webp","contentUrl":"https:\/\/vitalityzen.fr\/wp-content\/uploads\/2025\/01\/aloha.webp","width":600,"height":466},{"@type":"BreadcrumbList","@id":"https:\/\/vitalityzen.fr\/index.php\/hooponopono\/#breadcrumb","itemListElement":[{"@type":"ListItem","position":1,"name":"Accueil","item":"https:\/\/vitalityzen.fr\/"},{"@type":"ListItem","position":2,"name":"Ho&rsquo;oponopono"}]},{"@type":"WebSite","@id":"https:\/\/vitalityzen.fr\/#website","url":"https:\/\/vitalityzen.fr\/","name":"Vitality Zen","description":"1, Rue Marietton 69009 Lyon - France","publisher":{"@id":"https:\/\/vitalityzen.fr\/#organization"},"potentialAction":[{"@type":"SearchAction","target":{"@type":"EntryPoint","urlTemplate":"https:\/\/vitalityzen.fr\/?s={search_term_string}"},"query-input":{"@type":"PropertyValueSpecification","valueRequired":true,"valueName":"search_term_string"}}],"inLanguage":"fr-FR"},{"@type":"Organization","@id":"https:\/\/vitalityzen.fr\/#organization","name":"Vitality Zen","url":"https:\/\/vitalityzen.fr\/","logo":{"@type":"ImageObject","inLanguage":"fr-FR","@id":"https:\/\/vitalityzen.fr\/#\/schema\/logo\/image\/","url":"https:\/\/vitalityzen.fr\/wp-content\/uploads\/2025\/01\/cropped-Plan-de-travail-3-scaled-1.webp","contentUrl":"https:\/\/vitalityzen.fr\/wp-content\/uploads\/2025\/01\/cropped-Plan-de-travail-3-scaled-1.webp","width":2270,"height":2533,"caption":"Vitality Zen"},"image":{"@id":"https:\/\/vitalityzen.fr\/#\/schema\/logo\/image\/"}}]}},"_links":{"self":[{"href":"https:\/\/vitalityzen.fr\/index.php\/wp-json\/wp\/v2\/pages\/28","targetHints":{"allow":["GET"]}}],"collection":[{"href":"https:\/\/vitalityzen.fr\/index.php\/wp-json\/wp\/v2\/pages"}],"about":[{"href":"https:\/\/vitalityzen.fr\/index.php\/wp-json\/wp\/v2\/types\/page"}],"author":[{"embeddable":true,"href":"https:\/\/vitalityzen.fr\/index.php\/wp-json\/wp\/v2\/users\/1"}],"replies":[{"embeddable":true,"href":"https:\/\/vitalityzen.fr\/index.php\/wp-json\/wp\/v2\/comments?post=28"}],"version-history":[{"count":40,"href":"https:\/\/vitalityzen.fr\/index.php\/wp-json\/wp\/v2\/pages\/28\/revisions"}],"predecessor-version":[{"id":1437,"href":"https:\/\/vitalityzen.fr\/index.php\/wp-json\/wp\/v2\/pages\/28\/revisions\/1437"}],"wp:attachment":[{"href":"https:\/\/vitalityzen.fr\/index.php\/wp-json\/wp\/v2\/media?parent=28"}],"curies":[{"name":"wp","href":"https:\/\/api.w.org\/{rel}","templated":true}]}}