{"id":30,"date":"2025-01-19T18:06:24","date_gmt":"2025-01-19T17:06:24","guid":{"rendered":"https:\/\/vitalityzen.fr\/?page_id=30"},"modified":"2025-06-04T12:20:21","modified_gmt":"2025-06-04T10:20:21","slug":"meditacion-y-mindfulness","status":"publish","type":"page","link":"https:\/\/vitalityzen.fr\/index.php\/meditacion-y-mindfulness\/","title":{"rendered":"Meditacion y Mindfulness"},"content":{"rendered":"\t\t<div data-elementor-type=\"wp-page\" data-elementor-id=\"30\" class=\"elementor elementor-30\">\n\t\t\t\t<div class=\"elementor-element elementor-element-574ae41 e-con-full e-flex e-con e-parent\" data-id=\"574ae41\" data-element_type=\"container\" data-e-type=\"container\">\n\t\t\t\t<div class=\"elementor-element elementor-element-73b1a97 elementor-widget elementor-widget-heading\" data-id=\"73b1a97\" data-element_type=\"widget\" data-e-type=\"widget\" data-widget_type=\"heading.default\">\n\t\t\t\t<div class=\"elementor-widget-container\">\n\t\t\t\t\t<h2 class=\"elementor-heading-title elementor-size-default\"><br>Meditaci\u00f3n : con\u00e9ctese a la esencia<\/h2>\t\t\t\t<\/div>\n\t\t\t\t<\/div>\n\t\t\t\t<\/div>\n\t\t<div class=\"elementor-element elementor-element-65c0de6 e-con-full e-flex e-con e-parent\" data-id=\"65c0de6\" data-element_type=\"container\" data-e-type=\"container\">\n\t\t<div class=\"elementor-element elementor-element-e4599de e-con-full e-flex e-con e-child\" data-id=\"e4599de\" data-element_type=\"container\" data-e-type=\"container\">\n\t\t\t\t<div class=\"elementor-element elementor-element-ed1a4d7 elementor-widget elementor-widget-text-editor\" data-id=\"ed1a4d7\" data-element_type=\"widget\" data-e-type=\"widget\" data-widget_type=\"text-editor.default\">\n\t\t\t\t<div class=\"elementor-widget-container\">\n\t\t\t\t\t\t\t\t\t<p>La meditaci\u00f3n es mucho m\u00e1s que una simple pr\u00e1ctica de relajaci\u00f3n.<\/p><p>Es una verdadera exploraci\u00f3n interior que te permite enfocarte, calmar tu mente y cultivar la plena consciencia. Reduce el estres y la ansiedad. Mejora la concentraci\u00f3n, el equilibrio emocional fortalecido y el saber gestionar las emociones en el d\u00eda a d\u00eda.<\/p>\t\t\t\t\t\t\t\t<\/div>\n\t\t\t\t<\/div>\n\t\t\t\t<\/div>\n\t\t<div class=\"elementor-element elementor-element-5f3c25b e-con-full e-flex e-con e-child\" data-id=\"5f3c25b\" data-element_type=\"container\" data-e-type=\"container\">\n\t\t\t\t<div class=\"elementor-element elementor-element-6c1e3f3 elementor-widget elementor-widget-image\" data-id=\"6c1e3f3\" data-element_type=\"widget\" data-e-type=\"widget\" data-widget_type=\"image.default\">\n\t\t\t\t<div class=\"elementor-widget-container\">\n\t\t\t\t\t\t\t\t\t\t\t\t\t\t\t<img fetchpriority=\"high\" decoding=\"async\" width=\"1280\" height=\"720\" src=\"https:\/\/vitalityzen.fr\/wp-content\/uploads\/2025\/05\/Meditacion-2.jpg\" class=\"attachment-2048x2048 size-2048x2048 wp-image-1321\" alt=\"\" srcset=\"https:\/\/vitalityzen.fr\/wp-content\/uploads\/2025\/05\/Meditacion-2.jpg 1280w, https:\/\/vitalityzen.fr\/wp-content\/uploads\/2025\/05\/Meditacion-2-300x169.jpg 300w, https:\/\/vitalityzen.fr\/wp-content\/uploads\/2025\/05\/Meditacion-2-1024x576.jpg 1024w, https:\/\/vitalityzen.fr\/wp-content\/uploads\/2025\/05\/Meditacion-2-768x432.jpg 768w\" sizes=\"(max-width: 1280px) 100vw, 1280px\" \/>\t\t\t\t\t\t\t\t\t\t\t\t\t\t\t<\/div>\n\t\t\t\t<\/div>\n\t\t\t\t<\/div>\n\t\t\t\t<\/div>\n\t\t<div class=\"elementor-element elementor-element-c4e42fb e-con-full e-flex e-con e-parent\" data-id=\"c4e42fb\" data-element_type=\"container\" data-e-type=\"container\">\n\t\t\t\t<div class=\"elementor-element elementor-element-fc55e3a elementor-widget elementor-widget-heading\" data-id=\"fc55e3a\" data-element_type=\"widget\" data-e-type=\"widget\" data-widget_type=\"heading.default\">\n\t\t\t\t<div class=\"elementor-widget-container\">\n\t\t\t\t\t<h2 class=\"elementor-heading-title elementor-size-default\"><br>Mindfulness : la aceptaci\u00f3n es esencial<br><\/h2>\t\t\t\t<\/div>\n\t\t\t\t<\/div>\n\t\t\t\t<\/div>\n\t\t<div class=\"elementor-element elementor-element-42fdcdd e-flex e-con-boxed e-con e-parent\" data-id=\"42fdcdd\" data-element_type=\"container\" data-e-type=\"container\">\n\t\t\t\t\t<div class=\"e-con-inner\">\n\t\t<div class=\"elementor-element elementor-element-80c9981 e-con-full e-flex e-con e-child\" data-id=\"80c9981\" data-element_type=\"container\" data-e-type=\"container\">\n\t\t\t\t<div class=\"elementor-element elementor-element-12f6a2d elementor-widget elementor-widget-image\" data-id=\"12f6a2d\" data-element_type=\"widget\" data-e-type=\"widget\" data-widget_type=\"image.default\">\n\t\t\t\t<div class=\"elementor-widget-container\">\n\t\t\t\t\t\t\t\t\t\t\t\t\t\t\t<img decoding=\"async\" width=\"768\" height=\"432\" src=\"https:\/\/vitalityzen.fr\/wp-content\/uploads\/2025\/05\/Minfulness-espanol-768x432.jpg\" class=\"attachment-medium_large size-medium_large wp-image-1328\" alt=\"\" srcset=\"https:\/\/vitalityzen.fr\/wp-content\/uploads\/2025\/05\/Minfulness-espanol-768x432.jpg 768w, https:\/\/vitalityzen.fr\/wp-content\/uploads\/2025\/05\/Minfulness-espanol-300x169.jpg 300w, https:\/\/vitalityzen.fr\/wp-content\/uploads\/2025\/05\/Minfulness-espanol-1024x576.jpg 1024w, https:\/\/vitalityzen.fr\/wp-content\/uploads\/2025\/05\/Minfulness-espanol.jpg 1280w\" sizes=\"(max-width: 768px) 100vw, 768px\" \/>\t\t\t\t\t\t\t\t\t\t\t\t\t\t\t<\/div>\n\t\t\t\t<\/div>\n\t\t\t\t<\/div>\n\t\t<div class=\"elementor-element elementor-element-5290552 e-con-full e-flex e-con e-child\" data-id=\"5290552\" data-element_type=\"container\" data-e-type=\"container\">\n\t\t\t\t<div class=\"elementor-element elementor-element-574a206 elementor-widget elementor-widget-text-editor\" data-id=\"574a206\" data-element_type=\"widget\" data-e-type=\"widget\" data-widget_type=\"text-editor.default\">\n\t\t\t\t<div class=\"elementor-widget-container\">\n\t\t\t\t\t\t\t\t\t<p style=\"text-align: left;\">Mindfulness se basa en la premisa de no juzgar, no analizar, no criticar los hechos tal y como aparecen. Invitamos a nuestra atenci\u00f3n a centrarse en la respiraci\u00f3n, que nos llevar\u00e1 de vuelta a nuestro centro de fuerza, aline\u00e1ndonos y distanci\u00e1ndonos de la mente, que crea realidades que no siempre son ciertas.<\/p><p>De esta forma, nos permitimos SER, ESTAR y no crear nada m\u00e1s a partir de nuestros pensamientos.<\/p><p>En Mindfulness, entrenamos la mente para volver al momento presente y desarrollar la atenci\u00f3n plena. Dominamos la atenci\u00f3n de la mente, somos conscientes de lo que estamos viviendo y centramos nuestra atenci\u00f3n en el momento actual en nuestro presente.<\/p>\t\t\t\t\t\t\t\t<\/div>\n\t\t\t\t<\/div>\n\t\t\t\t<\/div>\n\t\t\t\t\t<\/div>\n\t\t\t\t<\/div>\n\t\t<div class=\"elementor-element elementor-element-d736840 e-con-full e-flex e-con e-parent\" data-id=\"d736840\" data-element_type=\"container\" data-e-type=\"container\">\n\t\t<div class=\"elementor-element elementor-element-2149f8a e-con-full e-flex e-con e-child\" data-id=\"2149f8a\" data-element_type=\"container\" data-e-type=\"container\">\n\t\t\t\t<div class=\"elementor-element elementor-element-18200c2 elementor-widget elementor-widget-text-editor\" data-id=\"18200c2\" data-element_type=\"widget\" data-e-type=\"widget\" data-widget_type=\"text-editor.default\">\n\t\t\t\t<div class=\"elementor-widget-container\">\n\t\t\t\t\t\t\t\t\t<p>Mindfulness consiste en aceptar cada experiencia y comprender mejor por qu\u00e9 est\u00e1 en tu vida. Si es una emoci\u00f3n, ac\u00e9ptala e intenta comprender el mensaje.<\/p><p>La respiraci\u00f3n nos lleva a nuestro centro de fuerza y al ahora, al presente.<\/p>\t\t\t\t\t\t\t\t<\/div>\n\t\t\t\t<\/div>\n\t\t\t\t<\/div>\n\t\t\t\t<\/div>\n\t\t<div class=\"elementor-element elementor-element-6c64db5 e-flex e-con-boxed e-con e-parent\" data-id=\"6c64db5\" data-element_type=\"container\" data-e-type=\"container\">\n\t\t\t\t\t<div class=\"e-con-inner\">\n\t\t\t\t<div class=\"elementor-element elementor-element-a80fe35 elementor-widget-divider--view-line elementor-widget elementor-widget-divider\" data-id=\"a80fe35\" data-element_type=\"widget\" data-e-type=\"widget\" data-widget_type=\"divider.default\">\n\t\t\t\t<div class=\"elementor-widget-container\">\n\t\t\t\t\t\t\t<div class=\"elementor-divider\">\n\t\t\t<span class=\"elementor-divider-separator\">\n\t\t\t\t\t\t<\/span>\n\t\t<\/div>\n\t\t\t\t\t\t<\/div>\n\t\t\t\t<\/div>\n\t\t\t\t\t<\/div>\n\t\t\t\t<\/div>\n\t\t<div class=\"elementor-element elementor-element-b61fbae e-flex e-con-boxed e-con e-parent\" data-id=\"b61fbae\" data-element_type=\"container\" data-e-type=\"container\">\n\t\t\t\t\t<div class=\"e-con-inner\">\n\t\t\t\t<div class=\"elementor-element elementor-element-a0808e4 elementor-widget elementor-widget-heading\" data-id=\"a0808e4\" data-element_type=\"widget\" data-e-type=\"widget\" data-widget_type=\"heading.default\">\n\t\t\t\t<div class=\"elementor-widget-container\">\n\t\t\t\t\t<h2 class=\"elementor-heading-title elementor-size-default\"><br>Veamos c\u00f3mo act\u00faa la meditaci\u00f3n y el mindfulness en los ni\u00f1os y los adolescentes <br><\/h2>\t\t\t\t<\/div>\n\t\t\t\t<\/div>\n\t\t\t\t\t<\/div>\n\t\t\t\t<\/div>\n\t\t<div class=\"elementor-element elementor-element-e64afb6 e-grid e-con-boxed e-con e-parent\" data-id=\"e64afb6\" data-element_type=\"container\" data-e-type=\"container\">\n\t\t\t\t\t<div class=\"e-con-inner\">\n\t\t\t\t<div class=\"elementor-element elementor-element-481fe8a elementor-widget elementor-widget-image\" data-id=\"481fe8a\" data-element_type=\"widget\" data-e-type=\"widget\" data-widget_type=\"image.default\">\n\t\t\t\t<div class=\"elementor-widget-container\">\n\t\t\t\t\t\t\t\t\t\t\t\t\t\t\t<img decoding=\"async\" width=\"800\" height=\"450\" src=\"https:\/\/vitalityzen.fr\/wp-content\/uploads\/2025\/06\/Meditacion-ninos-1024x576.jpg\" class=\"attachment-large size-large wp-image-1442\" alt=\"\" srcset=\"https:\/\/vitalityzen.fr\/wp-content\/uploads\/2025\/06\/Meditacion-ninos-1024x576.jpg 1024w, https:\/\/vitalityzen.fr\/wp-content\/uploads\/2025\/06\/Meditacion-ninos-300x169.jpg 300w, https:\/\/vitalityzen.fr\/wp-content\/uploads\/2025\/06\/Meditacion-ninos-768x432.jpg 768w, https:\/\/vitalityzen.fr\/wp-content\/uploads\/2025\/06\/Meditacion-ninos.jpg 1280w\" sizes=\"(max-width: 800px) 100vw, 800px\" \/>\t\t\t\t\t\t\t\t\t\t\t\t\t\t\t<\/div>\n\t\t\t\t<\/div>\n\t\t\t\t<div class=\"elementor-element elementor-element-cddf7f4 elementor-widget elementor-widget-text-editor\" data-id=\"cddf7f4\" data-element_type=\"widget\" data-e-type=\"widget\" data-widget_type=\"text-editor.default\">\n\t\t\t\t<div class=\"elementor-widget-container\">\n\t\t\t\t\t\t\t\t\t<p>Entre los muchos beneficios de la meditaci\u00f3n y el mindfulness para los ni\u00f1os y adolescentes encontramos:<\/p><ol><li><p>\u00a0Reduce el estr\u00e9s y la ansiedad.<\/p><\/li><li><p>Mejora el rendimiento escolar al ayudarles a que se concentren mejor.<\/p><\/li><li><p>Controla la hiperactividad y la impulsividad.<\/p><\/li><li><p>Aumenta la felicidad.<\/p><\/li><li><p>Ayuda a conocer y controlar las emociones.<\/p><\/li><li><p>Mejora la autoestima\u00a0y el conocimiento propio.<\/p><\/li><li><p>Favorece el sue\u00f1o.<\/p><\/li><li>Aumenta la empatia y mejora las relaciones sociales.<\/li><li>Ayuda a fortalecer el sistema inmunol\u00f3gico.<\/li><li>Reduce la violencia y la agresividad y aumenta la tolerancia a las frustraciones.<\/li><\/ol>\t\t\t\t\t\t\t\t<\/div>\n\t\t\t\t<\/div>\n\t\t\t\t\t<\/div>\n\t\t\t\t<\/div>\n\t\t<div class=\"elementor-element elementor-element-00032df e-grid e-con-boxed e-con e-parent\" data-id=\"00032df\" data-element_type=\"container\" data-e-type=\"container\">\n\t\t\t\t\t<div class=\"e-con-inner\">\n\t\t\t\t<div class=\"elementor-element elementor-element-f43a4ea elementor-widget-divider--view-line_icon elementor-view-default elementor-widget-divider--element-align-center elementor-widget elementor-widget-divider\" data-id=\"f43a4ea\" data-element_type=\"widget\" data-e-type=\"widget\" data-widget_type=\"divider.default\">\n\t\t\t\t<div class=\"elementor-widget-container\">\n\t\t\t\t\t\t\t<div class=\"elementor-divider\">\n\t\t\t<span class=\"elementor-divider-separator\">\n\t\t\t\t\t\t\t<div class=\"elementor-icon elementor-divider__element\">\n\t\t\t\t\t<svg aria-hidden=\"true\" class=\"e-font-icon-svg e-fas-star\" viewBox=\"0 0 576 512\" xmlns=\"http:\/\/www.w3.org\/2000\/svg\"><path d=\"M259.3 17.8L194 150.2 47.9 171.5c-26.2 3.8-36.7 36.1-17.7 54.6l105.7 103-25 145.5c-4.5 26.3 23.2 46 46.4 33.7L288 439.6l130.7 68.7c23.2 12.2 50.9-7.4 46.4-33.7l-25-145.5 105.7-103c19-18.5 8.5-50.8-17.7-54.6L382 150.2 316.7 17.8c-11.7-23.6-45.6-23.9-57.4 0z\"><\/path><\/svg><\/div>\n\t\t\t\t\t\t<\/span>\n\t\t<\/div>\n\t\t\t\t\t\t<\/div>\n\t\t\t\t<\/div>\n\t\t\t\t<div class=\"elementor-element elementor-element-95a04a6 elementor-align-center elementor-widget elementor-widget-button\" data-id=\"95a04a6\" data-element_type=\"widget\" data-e-type=\"widget\" data-widget_type=\"button.default\">\n\t\t\t\t<div class=\"elementor-widget-container\">\n\t\t\t\t\t\t\t\t\t<div class=\"elementor-button-wrapper\">\n\t\t\t\t\t<a class=\"elementor-button elementor-button-link elementor-size-sm\" href=\"https:\/\/vitalityzen.fr\/index.php\/pedir-cita\/\">\n\t\t\t\t\t\t<span class=\"elementor-button-content-wrapper\">\n\t\t\t\t\t\t\t\t\t<span class=\"elementor-button-text\">Pedir Cita<\/span>\n\t\t\t\t\t<\/span>\n\t\t\t\t\t<\/a>\n\t\t\t\t<\/div>\n\t\t\t\t\t\t\t\t<\/div>\n\t\t\t\t<\/div>\n\t\t\t\t<div class=\"elementor-element elementor-element-ea67736 elementor-widget-divider--view-line_icon elementor-view-default elementor-widget-divider--element-align-center elementor-widget elementor-widget-divider\" data-id=\"ea67736\" data-element_type=\"widget\" data-e-type=\"widget\" data-widget_type=\"divider.default\">\n\t\t\t\t<div class=\"elementor-widget-container\">\n\t\t\t\t\t\t\t<div class=\"elementor-divider\">\n\t\t\t<span class=\"elementor-divider-separator\">\n\t\t\t\t\t\t\t<div class=\"elementor-icon elementor-divider__element\">\n\t\t\t\t\t<svg aria-hidden=\"true\" class=\"e-font-icon-svg e-fas-star\" viewBox=\"0 0 576 512\" xmlns=\"http:\/\/www.w3.org\/2000\/svg\"><path d=\"M259.3 17.8L194 150.2 47.9 171.5c-26.2 3.8-36.7 36.1-17.7 54.6l105.7 103-25 145.5c-4.5 26.3 23.2 46 46.4 33.7L288 439.6l130.7 68.7c23.2 12.2 50.9-7.4 46.4-33.7l-25-145.5 105.7-103c19-18.5 8.5-50.8-17.7-54.6L382 150.2 316.7 17.8c-11.7-23.6-45.6-23.9-57.4 0z\"><\/path><\/svg><\/div>\n\t\t\t\t\t\t<\/span>\n\t\t<\/div>\n\t\t\t\t\t\t<\/div>\n\t\t\t\t<\/div>\n\t\t\t\t\t<\/div>\n\t\t\t\t<\/div>\n\t\t\t\t<\/div>\n\t\t","protected":false},"excerpt":{"rendered":"<p>Meditaci\u00f3n : con\u00e9ctese a la esencia La meditaci\u00f3n es mucho m\u00e1s que una simple pr\u00e1ctica de relajaci\u00f3n. Es una verdadera exploraci\u00f3n interior que te permite enfocarte, calmar tu mente y cultivar la plena consciencia. Reduce el estres y la ansiedad. Mejora la concentraci\u00f3n, el equilibrio emocional fortalecido y el saber gestionar las emociones en el [&hellip;]<\/p>\n","protected":false},"author":1,"featured_media":0,"parent":0,"menu_order":0,"comment_status":"closed","ping_status":"closed","template":"","meta":{"footnotes":""},"class_list":["post-30","page","type-page","status-publish","hentry"],"yoast_head":"<!-- This site is optimized with the Yoast SEO plugin v24.4 - https:\/\/yoast.com\/wordpress\/plugins\/seo\/ -->\n<title>Meditacion y Mindfulness - Vitality Zen<\/title>\n<meta name=\"robots\" content=\"index, follow, max-snippet:-1, max-image-preview:large, max-video-preview:-1\" \/>\n<link rel=\"canonical\" href=\"https:\/\/vitalityzen.fr\/index.php\/meditacion-y-mindfulness\/\" \/>\n<meta property=\"og:locale\" content=\"fr_FR\" \/>\n<meta property=\"og:type\" content=\"article\" \/>\n<meta property=\"og:title\" content=\"Meditacion y Mindfulness - Vitality Zen\" \/>\n<meta property=\"og:description\" content=\"Meditaci\u00f3n : con\u00e9ctese a la esencia La meditaci\u00f3n es mucho m\u00e1s que una simple pr\u00e1ctica de relajaci\u00f3n. Es una verdadera exploraci\u00f3n interior que te permite enfocarte, calmar tu mente y cultivar la plena consciencia. Reduce el estres y la ansiedad. Mejora la concentraci\u00f3n, el equilibrio emocional fortalecido y el saber gestionar las emociones en el [&hellip;]\" \/>\n<meta property=\"og:url\" content=\"https:\/\/vitalityzen.fr\/index.php\/meditacion-y-mindfulness\/\" \/>\n<meta property=\"og:site_name\" content=\"Vitality Zen\" \/>\n<meta property=\"article:modified_time\" content=\"2025-06-04T10:20:21+00:00\" \/>\n<meta property=\"og:image\" content=\"https:\/\/vitalityzen.fr\/wp-content\/uploads\/2025\/05\/Meditacion-2.jpg\" \/>\n\t<meta property=\"og:image:width\" content=\"1280\" \/>\n\t<meta property=\"og:image:height\" content=\"720\" \/>\n\t<meta property=\"og:image:type\" content=\"image\/jpeg\" \/>\n<meta name=\"twitter:card\" content=\"summary_large_image\" \/>\n<meta name=\"twitter:label1\" content=\"Dur\u00e9e de lecture estim\u00e9e\" \/>\n\t<meta name=\"twitter:data1\" content=\"3 minutes\" \/>\n<script type=\"application\/ld+json\" class=\"yoast-schema-graph\">{\"@context\":\"https:\/\/schema.org\",\"@graph\":[{\"@type\":\"WebPage\",\"@id\":\"https:\/\/vitalityzen.fr\/index.php\/meditacion-y-mindfulness\/\",\"url\":\"https:\/\/vitalityzen.fr\/index.php\/meditacion-y-mindfulness\/\",\"name\":\"Meditacion y Mindfulness - Vitality Zen\",\"isPartOf\":{\"@id\":\"https:\/\/vitalityzen.fr\/#website\"},\"primaryImageOfPage\":{\"@id\":\"https:\/\/vitalityzen.fr\/index.php\/meditacion-y-mindfulness\/#primaryimage\"},\"image\":{\"@id\":\"https:\/\/vitalityzen.fr\/index.php\/meditacion-y-mindfulness\/#primaryimage\"},\"thumbnailUrl\":\"https:\/\/vitalityzen.fr\/wp-content\/uploads\/2025\/05\/Meditacion-2.jpg\",\"datePublished\":\"2025-01-19T17:06:24+00:00\",\"dateModified\":\"2025-06-04T10:20:21+00:00\",\"breadcrumb\":{\"@id\":\"https:\/\/vitalityzen.fr\/index.php\/meditacion-y-mindfulness\/#breadcrumb\"},\"inLanguage\":\"fr-FR\",\"potentialAction\":[{\"@type\":\"ReadAction\",\"target\":[\"https:\/\/vitalityzen.fr\/index.php\/meditacion-y-mindfulness\/\"]}]},{\"@type\":\"ImageObject\",\"inLanguage\":\"fr-FR\",\"@id\":\"https:\/\/vitalityzen.fr\/index.php\/meditacion-y-mindfulness\/#primaryimage\",\"url\":\"https:\/\/vitalityzen.fr\/wp-content\/uploads\/2025\/05\/Meditacion-2.jpg\",\"contentUrl\":\"https:\/\/vitalityzen.fr\/wp-content\/uploads\/2025\/05\/Meditacion-2.jpg\",\"width\":1280,\"height\":720},{\"@type\":\"BreadcrumbList\",\"@id\":\"https:\/\/vitalityzen.fr\/index.php\/meditacion-y-mindfulness\/#breadcrumb\",\"itemListElement\":[{\"@type\":\"ListItem\",\"position\":1,\"name\":\"Accueil\",\"item\":\"https:\/\/vitalityzen.fr\/\"},{\"@type\":\"ListItem\",\"position\":2,\"name\":\"Meditacion y Mindfulness\"}]},{\"@type\":\"WebSite\",\"@id\":\"https:\/\/vitalityzen.fr\/#website\",\"url\":\"https:\/\/vitalityzen.fr\/\",\"name\":\"Vitality Zen\",\"description\":\"1, Rue Marietton 69009 Lyon - France\",\"publisher\":{\"@id\":\"https:\/\/vitalityzen.fr\/#organization\"},\"potentialAction\":[{\"@type\":\"SearchAction\",\"target\":{\"@type\":\"EntryPoint\",\"urlTemplate\":\"https:\/\/vitalityzen.fr\/?s={search_term_string}\"},\"query-input\":{\"@type\":\"PropertyValueSpecification\",\"valueRequired\":true,\"valueName\":\"search_term_string\"}}],\"inLanguage\":\"fr-FR\"},{\"@type\":\"Organization\",\"@id\":\"https:\/\/vitalityzen.fr\/#organization\",\"name\":\"Vitality Zen\",\"url\":\"https:\/\/vitalityzen.fr\/\",\"logo\":{\"@type\":\"ImageObject\",\"inLanguage\":\"fr-FR\",\"@id\":\"https:\/\/vitalityzen.fr\/#\/schema\/logo\/image\/\",\"url\":\"https:\/\/vitalityzen.fr\/wp-content\/uploads\/2025\/01\/cropped-Plan-de-travail-3-scaled-1.webp\",\"contentUrl\":\"https:\/\/vitalityzen.fr\/wp-content\/uploads\/2025\/01\/cropped-Plan-de-travail-3-scaled-1.webp\",\"width\":2270,\"height\":2533,\"caption\":\"Vitality Zen\"},\"image\":{\"@id\":\"https:\/\/vitalityzen.fr\/#\/schema\/logo\/image\/\"}}]}<\/script>\n<!-- \/ Yoast SEO plugin. -->","yoast_head_json":{"title":"Meditacion y Mindfulness - Vitality Zen","robots":{"index":"index","follow":"follow","max-snippet":"max-snippet:-1","max-image-preview":"max-image-preview:large","max-video-preview":"max-video-preview:-1"},"canonical":"https:\/\/vitalityzen.fr\/index.php\/meditacion-y-mindfulness\/","og_locale":"fr_FR","og_type":"article","og_title":"Meditacion y Mindfulness - Vitality Zen","og_description":"Meditaci\u00f3n : con\u00e9ctese a la esencia La meditaci\u00f3n es mucho m\u00e1s que una simple pr\u00e1ctica de relajaci\u00f3n. Es una verdadera exploraci\u00f3n interior que te permite enfocarte, calmar tu mente y cultivar la plena consciencia. Reduce el estres y la ansiedad. Mejora la concentraci\u00f3n, el equilibrio emocional fortalecido y el saber gestionar las emociones en el [&hellip;]","og_url":"https:\/\/vitalityzen.fr\/index.php\/meditacion-y-mindfulness\/","og_site_name":"Vitality Zen","article_modified_time":"2025-06-04T10:20:21+00:00","og_image":[{"width":1280,"height":720,"url":"https:\/\/vitalityzen.fr\/wp-content\/uploads\/2025\/05\/Meditacion-2.jpg","type":"image\/jpeg"}],"twitter_card":"summary_large_image","twitter_misc":{"Dur\u00e9e de lecture estim\u00e9e":"3 minutes"},"schema":{"@context":"https:\/\/schema.org","@graph":[{"@type":"WebPage","@id":"https:\/\/vitalityzen.fr\/index.php\/meditacion-y-mindfulness\/","url":"https:\/\/vitalityzen.fr\/index.php\/meditacion-y-mindfulness\/","name":"Meditacion y Mindfulness - Vitality Zen","isPartOf":{"@id":"https:\/\/vitalityzen.fr\/#website"},"primaryImageOfPage":{"@id":"https:\/\/vitalityzen.fr\/index.php\/meditacion-y-mindfulness\/#primaryimage"},"image":{"@id":"https:\/\/vitalityzen.fr\/index.php\/meditacion-y-mindfulness\/#primaryimage"},"thumbnailUrl":"https:\/\/vitalityzen.fr\/wp-content\/uploads\/2025\/05\/Meditacion-2.jpg","datePublished":"2025-01-19T17:06:24+00:00","dateModified":"2025-06-04T10:20:21+00:00","breadcrumb":{"@id":"https:\/\/vitalityzen.fr\/index.php\/meditacion-y-mindfulness\/#breadcrumb"},"inLanguage":"fr-FR","potentialAction":[{"@type":"ReadAction","target":["https:\/\/vitalityzen.fr\/index.php\/meditacion-y-mindfulness\/"]}]},{"@type":"ImageObject","inLanguage":"fr-FR","@id":"https:\/\/vitalityzen.fr\/index.php\/meditacion-y-mindfulness\/#primaryimage","url":"https:\/\/vitalityzen.fr\/wp-content\/uploads\/2025\/05\/Meditacion-2.jpg","contentUrl":"https:\/\/vitalityzen.fr\/wp-content\/uploads\/2025\/05\/Meditacion-2.jpg","width":1280,"height":720},{"@type":"BreadcrumbList","@id":"https:\/\/vitalityzen.fr\/index.php\/meditacion-y-mindfulness\/#breadcrumb","itemListElement":[{"@type":"ListItem","position":1,"name":"Accueil","item":"https:\/\/vitalityzen.fr\/"},{"@type":"ListItem","position":2,"name":"Meditacion y Mindfulness"}]},{"@type":"WebSite","@id":"https:\/\/vitalityzen.fr\/#website","url":"https:\/\/vitalityzen.fr\/","name":"Vitality Zen","description":"1, Rue Marietton 69009 Lyon - France","publisher":{"@id":"https:\/\/vitalityzen.fr\/#organization"},"potentialAction":[{"@type":"SearchAction","target":{"@type":"EntryPoint","urlTemplate":"https:\/\/vitalityzen.fr\/?s={search_term_string}"},"query-input":{"@type":"PropertyValueSpecification","valueRequired":true,"valueName":"search_term_string"}}],"inLanguage":"fr-FR"},{"@type":"Organization","@id":"https:\/\/vitalityzen.fr\/#organization","name":"Vitality Zen","url":"https:\/\/vitalityzen.fr\/","logo":{"@type":"ImageObject","inLanguage":"fr-FR","@id":"https:\/\/vitalityzen.fr\/#\/schema\/logo\/image\/","url":"https:\/\/vitalityzen.fr\/wp-content\/uploads\/2025\/01\/cropped-Plan-de-travail-3-scaled-1.webp","contentUrl":"https:\/\/vitalityzen.fr\/wp-content\/uploads\/2025\/01\/cropped-Plan-de-travail-3-scaled-1.webp","width":2270,"height":2533,"caption":"Vitality Zen"},"image":{"@id":"https:\/\/vitalityzen.fr\/#\/schema\/logo\/image\/"}}]}},"_links":{"self":[{"href":"https:\/\/vitalityzen.fr\/index.php\/wp-json\/wp\/v2\/pages\/30","targetHints":{"allow":["GET"]}}],"collection":[{"href":"https:\/\/vitalityzen.fr\/index.php\/wp-json\/wp\/v2\/pages"}],"about":[{"href":"https:\/\/vitalityzen.fr\/index.php\/wp-json\/wp\/v2\/types\/page"}],"author":[{"embeddable":true,"href":"https:\/\/vitalityzen.fr\/index.php\/wp-json\/wp\/v2\/users\/1"}],"replies":[{"embeddable":true,"href":"https:\/\/vitalityzen.fr\/index.php\/wp-json\/wp\/v2\/comments?post=30"}],"version-history":[{"count":34,"href":"https:\/\/vitalityzen.fr\/index.php\/wp-json\/wp\/v2\/pages\/30\/revisions"}],"predecessor-version":[{"id":1453,"href":"https:\/\/vitalityzen.fr\/index.php\/wp-json\/wp\/v2\/pages\/30\/revisions\/1453"}],"wp:attachment":[{"href":"https:\/\/vitalityzen.fr\/index.php\/wp-json\/wp\/v2\/media?parent=30"}],"curies":[{"name":"wp","href":"https:\/\/api.w.org\/{rel}","templated":true}]}}