{"id":319,"date":"2025-02-01T09:25:03","date_gmt":"2025-02-01T08:25:03","guid":{"rendered":"https:\/\/vitalityzen.fr\/?page_id=319"},"modified":"2025-05-21T11:50:59","modified_gmt":"2025-05-21T09:50:59","slug":"inicio","status":"publish","type":"page","link":"https:\/\/vitalityzen.fr\/","title":{"rendered":"Inicio"},"content":{"rendered":"\t\t<div data-elementor-type=\"wp-page\" data-elementor-id=\"319\" class=\"elementor elementor-319\">\n\t\t\t\t<div class=\"elementor-element elementor-element-8367234 e-con-full e-flex e-con e-parent\" data-id=\"8367234\" data-element_type=\"container\" data-e-type=\"container\">\n\t\t<div class=\"elementor-element elementor-element-f4d1fd2 e-con-full e-flex e-con e-child\" data-id=\"f4d1fd2\" data-element_type=\"container\" data-e-type=\"container\" data-settings=\"{&quot;background_background&quot;:&quot;video&quot;,&quot;background_video_link&quot;:&quot;https:\\\/\\\/youtu.be\\\/um5Pf99VsAE&quot;,&quot;background_play_on_mobile&quot;:&quot;yes&quot;}\">\n\t\t<div class=\"elementor-background-video-container\">\n\t\t\t\t\t\t\t<div class=\"elementor-background-video-embed\" role=\"presentation\"><\/div>\n\t\t\t\t\t\t<\/div>\t\t<div class=\"elementor-element elementor-element-db54fff elementor-widget elementor-widget-text-editor\" data-id=\"db54fff\" data-element_type=\"widget\" data-e-type=\"widget\" data-widget_type=\"text-editor.default\">\n\t\t\t\t<div class=\"elementor-widget-container\">\n\t\t\t\t\t\t\t\t\t<p>\u00a0<\/p><p style=\"text-align: center;\">\u00ab\u00a0Encuentre su equilibrio interior y transforme su bienestar.<br \/>Vitality ZEN : donde el cuerpo, la mente y el alma se armonizan.\u00a0\u00bb<\/p>\t\t\t\t\t\t\t\t<\/div>\n\t\t\t\t<\/div>\n\t\t\t\t<\/div>\n\t\t\t\t<\/div>\n\t\t<div class=\"elementor-element elementor-element-3f91278 e-flex e-con-boxed e-con e-parent\" data-id=\"3f91278\" data-element_type=\"container\" data-e-type=\"container\">\n\t\t\t\t\t<div class=\"e-con-inner\">\n\t\t\t\t<div class=\"elementor-element elementor-element-50f78ac elementor-widget elementor-widget-spacer\" data-id=\"50f78ac\" data-element_type=\"widget\" data-e-type=\"widget\" data-widget_type=\"spacer.default\">\n\t\t\t\t<div class=\"elementor-widget-container\">\n\t\t\t\t\t\t\t<div class=\"elementor-spacer\">\n\t\t\t<div class=\"elementor-spacer-inner\"><\/div>\n\t\t<\/div>\n\t\t\t\t\t\t<\/div>\n\t\t\t\t<\/div>\n\t\t\t\t\t<\/div>\n\t\t\t\t<\/div>\n\t\t<div class=\"elementor-element elementor-element-a6ee787 e-flex e-con-boxed e-con e-parent\" data-id=\"a6ee787\" data-element_type=\"container\" data-e-type=\"container\">\n\t\t\t\t\t<div class=\"e-con-inner\">\n\t\t\t\t<div class=\"elementor-element elementor-element-1339ec2 elementor-widget elementor-widget-heading\" data-id=\"1339ec2\" data-element_type=\"widget\" data-e-type=\"widget\" data-widget_type=\"heading.default\">\n\t\t\t\t<div class=\"elementor-widget-container\">\n\t\t\t\t\t<h2 class=\"elementor-heading-title elementor-size-default\">Bienvenido a Vitality ZEN\n\n<\/h2>\t\t\t\t<\/div>\n\t\t\t\t<\/div>\n\t\t\t\t\t<\/div>\n\t\t\t\t<\/div>\n\t\t<div class=\"elementor-element elementor-element-6aab2d5 e-con-full e-flex e-con e-parent\" data-id=\"6aab2d5\" data-element_type=\"container\" data-e-type=\"container\">\n\t\t\t\t<div class=\"elementor-element elementor-element-55fe71d elementor-widget__width-initial elementor-widget elementor-widget-text-editor\" data-id=\"55fe71d\" data-element_type=\"widget\" data-e-type=\"widget\" data-widget_type=\"text-editor.default\">\n\t\t\t\t<div class=\"elementor-widget-container\">\n\t\t\t\t\t\t\t\t\t<p>\u00a0<\/p><p style=\"text-align: center;\">Descubre un espacio dise\u00f1ado para tu bienestar integral.<\/p><p style=\"text-align: center;\">En\u00a0<em><strong>Vitality ZEN<\/strong>,<\/em> creemos en la conexi\u00f3n profunda entre el cuerpo, la mente y el esp\u00edritu. Te ofrecemos una amplia gama de servicios y terapias para ayudarte a relajarte, revitalizarte y reencontrarte contigo mismo.<\/p>\t\t\t\t\t\t\t\t<\/div>\n\t\t\t\t<\/div>\n\t\t\t\t<\/div>\n\t\t<div class=\"elementor-element elementor-element-d7bee13 e-con-full e-flex e-con e-parent\" data-id=\"d7bee13\" data-element_type=\"container\" data-e-type=\"container\">\n\t\t<div class=\"elementor-element elementor-element-914042f e-con-full e-flex e-con e-child\" data-id=\"914042f\" data-element_type=\"container\" data-e-type=\"container\">\n\t\t\t\t<div class=\"elementor-element elementor-element-8d58bef elementor-widget elementor-widget-image\" data-id=\"8d58bef\" data-element_type=\"widget\" data-e-type=\"widget\" data-widget_type=\"image.default\">\n\t\t\t\t<div class=\"elementor-widget-container\">\n\t\t\t\t\t\t\t\t\t\t\t\t\t\t\t<img fetchpriority=\"high\" decoding=\"async\" width=\"800\" height=\"870\" src=\"https:\/\/vitalityzen.fr\/wp-content\/uploads\/2025\/01\/4232.jpg\" class=\"attachment-large size-large wp-image-84\" alt=\"\" srcset=\"https:\/\/vitalityzen.fr\/wp-content\/uploads\/2025\/01\/4232.jpg 920w, https:\/\/vitalityzen.fr\/wp-content\/uploads\/2025\/01\/4232-276x300.jpg 276w, https:\/\/vitalityzen.fr\/wp-content\/uploads\/2025\/01\/4232-768x835.jpg 768w\" sizes=\"(max-width: 800px) 100vw, 800px\" \/>\t\t\t\t\t\t\t\t\t\t\t\t\t\t\t<\/div>\n\t\t\t\t<\/div>\n\t\t\t\t<\/div>\n\t\t<div class=\"elementor-element elementor-element-ea82d75 e-con-full e-flex e-con e-child\" data-id=\"ea82d75\" data-element_type=\"container\" data-e-type=\"container\">\n\t\t<div class=\"elementor-element elementor-element-e8cea12 e-con-full e-flex e-con e-child\" data-id=\"e8cea12\" data-element_type=\"container\" data-e-type=\"container\">\n\t\t\t\t<div class=\"elementor-element elementor-element-715f871 elementor-widget elementor-widget-heading\" data-id=\"715f871\" data-element_type=\"widget\" data-e-type=\"widget\" data-widget_type=\"heading.default\">\n\t\t\t\t<div class=\"elementor-widget-container\">\n\t\t\t\t\t<h2 class=\"elementor-heading-title elementor-size-default\">Nuestros servicios incluyen:<\/h2>\t\t\t\t<\/div>\n\t\t\t\t<\/div>\n\t\t\t\t<\/div>\n\t\t<div class=\"elementor-element elementor-element-b2cde56 e-con-full e-flex e-con e-child\" data-id=\"b2cde56\" data-element_type=\"container\" data-e-type=\"container\">\n\t\t\t\t<div class=\"elementor-element elementor-element-8cd1acd elementor-widget elementor-widget-text-editor\" data-id=\"8cd1acd\" data-element_type=\"widget\" data-e-type=\"widget\" data-widget_type=\"text-editor.default\">\n\t\t\t\t<div class=\"elementor-widget-container\">\n\t\t\t\t\t\t\t\t\t<ul><li>Sesiones de Reiki Usui y Karuna Reiki, que liberan tensiones fisicas, bloqueos emocionales y restauran la energ\u00eda.<\/li><li>Masajes terap\u00e9uticos como el masaje ayurvedica o piedras calientes. Esto ayuda a que fluya la energ\u00eda vital y se alivien trastornos f\u00edsicos y emocionales.<\/li><li>Terapia floral personalizada con los Flores de Bach y los Florales de Saint Germain para equilibrar tus cuatro estados, el fisico, el emocional, el mental y el espiritual.<\/li><li>Terapia auricular, sesi\u00f3n de reflexolog\u00eda total o la terapia de regresi\u00f3n\u00a0a vidas pasadas.<\/li><li>Sesiones de Ho&rsquo;oponopono, de Mindfulness y Meditaci\u00f3n para cultivar la paz interior.<\/li><li>Talleres y actividades para el desarrollo personal y espiritual.<\/li><\/ul>\t\t\t\t\t\t\t\t<\/div>\n\t\t\t\t<\/div>\n\t\t\t\t<\/div>\n\t\t\t\t<\/div>\n\t\t\t\t<\/div>\n\t\t<div class=\"elementor-element elementor-element-bad39ec e-flex e-con-boxed e-con e-parent\" data-id=\"bad39ec\" data-element_type=\"container\" data-e-type=\"container\">\n\t\t\t\t\t<div class=\"e-con-inner\">\n\t\t\t\t<div class=\"elementor-element elementor-element-87be3e1 elementor-widget-divider--view-line elementor-widget elementor-widget-divider\" data-id=\"87be3e1\" data-element_type=\"widget\" data-e-type=\"widget\" data-widget_type=\"divider.default\">\n\t\t\t\t<div class=\"elementor-widget-container\">\n\t\t\t\t\t\t\t<div class=\"elementor-divider\">\n\t\t\t<span class=\"elementor-divider-separator\">\n\t\t\t\t\t\t<\/span>\n\t\t<\/div>\n\t\t\t\t\t\t<\/div>\n\t\t\t\t<\/div>\n\t\t\t\t\t<\/div>\n\t\t\t\t<\/div>\n\t\t<div class=\"elementor-element elementor-element-7307369 e-con-full e-flex e-con e-parent\" data-id=\"7307369\" data-element_type=\"container\" data-e-type=\"container\">\n\t\t\t\t<div class=\"elementor-element elementor-element-7613e7c elementor-widget elementor-widget-heading\" data-id=\"7613e7c\" data-element_type=\"widget\" data-e-type=\"widget\" data-widget_type=\"heading.default\">\n\t\t\t\t<div class=\"elementor-widget-container\">\n\t\t\t\t\t<h2 class=\"elementor-heading-title elementor-size-default\"><br>Pr\u00e1cticas Cuerpo - Espiritu : Descubra la harmonia interior<br><\/h2>\t\t\t\t<\/div>\n\t\t\t\t<\/div>\n\t\t\t\t<\/div>\n\t\t<div class=\"elementor-element elementor-element-6abe8b7 e-con-full e-flex e-con e-parent\" data-id=\"6abe8b7\" data-element_type=\"container\" data-e-type=\"container\">\n\t\t\t\t<div class=\"elementor-element elementor-element-4b3254e elementor-widget elementor-widget-text-editor\" data-id=\"4b3254e\" data-element_type=\"widget\" data-e-type=\"widget\" data-widget_type=\"text-editor.default\">\n\t\t\t\t<div class=\"elementor-widget-container\">\n\t\t\t\t\t\t\t\t\t<p>Creemos que el bienestar general comienza con el equilibrio entre el cuerpo y la mente. Gracias a pr\u00e1cticas ancestrales y comprobadas, le ayudaremos a encontrar su serenidad interior mientras revitalizamos su cuerpo.<\/p>\t\t\t\t\t\t\t\t<\/div>\n\t\t\t\t<\/div>\n\t\t\t\t<\/div>\n\t\t<div class=\"elementor-element elementor-element-e6cd38a e-flex e-con-boxed e-con e-parent\" data-id=\"e6cd38a\" data-element_type=\"container\" data-e-type=\"container\">\n\t\t\t\t\t<div class=\"e-con-inner\">\n\t\t\t\t<div class=\"elementor-element elementor-element-f0bc402 elementor-widget elementor-widget-spacer\" data-id=\"f0bc402\" data-element_type=\"widget\" data-e-type=\"widget\" data-widget_type=\"spacer.default\">\n\t\t\t\t<div class=\"elementor-widget-container\">\n\t\t\t\t\t\t\t<div class=\"elementor-spacer\">\n\t\t\t<div class=\"elementor-spacer-inner\"><\/div>\n\t\t<\/div>\n\t\t\t\t\t\t<\/div>\n\t\t\t\t<\/div>\n\t\t\t\t\t<\/div>\n\t\t\t\t<\/div>\n\t\t\t\t<\/div>\n\t\t","protected":false},"excerpt":{"rendered":"<p>\u00a0 \u00ab\u00a0Encuentre su equilibrio interior y transforme su bienestar.Vitality ZEN : donde el cuerpo, la mente y el alma se armonizan.\u00a0\u00bb Bienvenido a Vitality ZEN \u00a0 Descubre un espacio dise\u00f1ado para tu bienestar integral. En\u00a0Vitality ZEN, creemos en la conexi\u00f3n profunda entre el cuerpo, la mente y el esp\u00edritu. Te ofrecemos una amplia gama de [&hellip;]<\/p>\n","protected":false},"author":1,"featured_media":0,"parent":0,"menu_order":0,"comment_status":"closed","ping_status":"closed","template":"","meta":{"footnotes":""},"class_list":["post-319","page","type-page","status-publish","hentry"],"yoast_head":"<!-- This site is optimized with the Yoast SEO plugin v24.4 - https:\/\/yoast.com\/wordpress\/plugins\/seo\/ -->\n<title>Inicio - Vitality Zen<\/title>\n<meta name=\"robots\" content=\"index, follow, max-snippet:-1, max-image-preview:large, max-video-preview:-1\" \/>\n<link rel=\"canonical\" href=\"https:\/\/vitalityzen.fr\/\" \/>\n<meta property=\"og:locale\" content=\"fr_FR\" \/>\n<meta property=\"og:type\" content=\"article\" \/>\n<meta property=\"og:title\" content=\"Inicio - Vitality Zen\" \/>\n<meta property=\"og:description\" content=\"\u00a0 \u00ab\u00a0Encuentre su equilibrio interior y transforme su bienestar.Vitality ZEN : donde el cuerpo, la mente y el alma se armonizan.\u00a0\u00bb Bienvenido a Vitality ZEN \u00a0 Descubre un espacio dise\u00f1ado para tu bienestar integral. En\u00a0Vitality ZEN, creemos en la conexi\u00f3n profunda entre el cuerpo, la mente y el esp\u00edritu. Te ofrecemos una amplia gama de [&hellip;]\" \/>\n<meta property=\"og:url\" content=\"https:\/\/vitalityzen.fr\/\" \/>\n<meta property=\"og:site_name\" content=\"Vitality Zen\" \/>\n<meta property=\"article:modified_time\" content=\"2025-05-21T09:50:59+00:00\" \/>\n<meta property=\"og:image\" content=\"https:\/\/vitalityzen.fr\/wp-content\/uploads\/2025\/01\/4232.jpg\" \/>\n\t<meta property=\"og:image:width\" content=\"920\" \/>\n\t<meta property=\"og:image:height\" content=\"1000\" \/>\n\t<meta property=\"og:image:type\" content=\"image\/jpeg\" \/>\n<meta name=\"twitter:card\" content=\"summary_large_image\" \/>\n<meta name=\"twitter:label1\" content=\"Dur\u00e9e de lecture estim\u00e9e\" \/>\n\t<meta name=\"twitter:data1\" content=\"2 minutes\" \/>\n<script type=\"application\/ld+json\" class=\"yoast-schema-graph\">{\"@context\":\"https:\/\/schema.org\",\"@graph\":[{\"@type\":\"WebPage\",\"@id\":\"https:\/\/vitalityzen.fr\/\",\"url\":\"https:\/\/vitalityzen.fr\/\",\"name\":\"Inicio - Vitality Zen\",\"isPartOf\":{\"@id\":\"https:\/\/vitalityzen.fr\/#website\"},\"primaryImageOfPage\":{\"@id\":\"https:\/\/vitalityzen.fr\/#primaryimage\"},\"image\":{\"@id\":\"https:\/\/vitalityzen.fr\/#primaryimage\"},\"thumbnailUrl\":\"https:\/\/vitalityzen.fr\/wp-content\/uploads\/2025\/01\/4232.jpg\",\"datePublished\":\"2025-02-01T08:25:03+00:00\",\"dateModified\":\"2025-05-21T09:50:59+00:00\",\"breadcrumb\":{\"@id\":\"https:\/\/vitalityzen.fr\/#breadcrumb\"},\"inLanguage\":\"fr-FR\",\"potentialAction\":[{\"@type\":\"ReadAction\",\"target\":[\"https:\/\/vitalityzen.fr\/\"]}]},{\"@type\":\"ImageObject\",\"inLanguage\":\"fr-FR\",\"@id\":\"https:\/\/vitalityzen.fr\/#primaryimage\",\"url\":\"https:\/\/vitalityzen.fr\/wp-content\/uploads\/2025\/01\/4232.jpg\",\"contentUrl\":\"https:\/\/vitalityzen.fr\/wp-content\/uploads\/2025\/01\/4232.jpg\",\"width\":920,\"height\":1000},{\"@type\":\"BreadcrumbList\",\"@id\":\"https:\/\/vitalityzen.fr\/#breadcrumb\",\"itemListElement\":[{\"@type\":\"ListItem\",\"position\":1,\"name\":\"Accueil\",\"item\":\"https:\/\/vitalityzen.fr\/\"},{\"@type\":\"ListItem\",\"position\":2,\"name\":\"Inicio\"}]},{\"@type\":\"WebSite\",\"@id\":\"https:\/\/vitalityzen.fr\/#website\",\"url\":\"https:\/\/vitalityzen.fr\/\",\"name\":\"Vitality Zen\",\"description\":\"1, Rue Marietton 69009 Lyon - France\",\"publisher\":{\"@id\":\"https:\/\/vitalityzen.fr\/#organization\"},\"potentialAction\":[{\"@type\":\"SearchAction\",\"target\":{\"@type\":\"EntryPoint\",\"urlTemplate\":\"https:\/\/vitalityzen.fr\/?s={search_term_string}\"},\"query-input\":{\"@type\":\"PropertyValueSpecification\",\"valueRequired\":true,\"valueName\":\"search_term_string\"}}],\"inLanguage\":\"fr-FR\"},{\"@type\":\"Organization\",\"@id\":\"https:\/\/vitalityzen.fr\/#organization\",\"name\":\"Vitality Zen\",\"url\":\"https:\/\/vitalityzen.fr\/\",\"logo\":{\"@type\":\"ImageObject\",\"inLanguage\":\"fr-FR\",\"@id\":\"https:\/\/vitalityzen.fr\/#\/schema\/logo\/image\/\",\"url\":\"https:\/\/vitalityzen.fr\/wp-content\/uploads\/2025\/01\/cropped-Plan-de-travail-3-scaled-1.webp\",\"contentUrl\":\"https:\/\/vitalityzen.fr\/wp-content\/uploads\/2025\/01\/cropped-Plan-de-travail-3-scaled-1.webp\",\"width\":2270,\"height\":2533,\"caption\":\"Vitality Zen\"},\"image\":{\"@id\":\"https:\/\/vitalityzen.fr\/#\/schema\/logo\/image\/\"}}]}<\/script>\n<!-- \/ Yoast SEO plugin. -->","yoast_head_json":{"title":"Inicio - Vitality Zen","robots":{"index":"index","follow":"follow","max-snippet":"max-snippet:-1","max-image-preview":"max-image-preview:large","max-video-preview":"max-video-preview:-1"},"canonical":"https:\/\/vitalityzen.fr\/","og_locale":"fr_FR","og_type":"article","og_title":"Inicio - Vitality Zen","og_description":"\u00a0 \u00ab\u00a0Encuentre su equilibrio interior y transforme su bienestar.Vitality ZEN : donde el cuerpo, la mente y el alma se armonizan.\u00a0\u00bb Bienvenido a Vitality ZEN \u00a0 Descubre un espacio dise\u00f1ado para tu bienestar integral. En\u00a0Vitality ZEN, creemos en la conexi\u00f3n profunda entre el cuerpo, la mente y el esp\u00edritu. Te ofrecemos una amplia gama de [&hellip;]","og_url":"https:\/\/vitalityzen.fr\/","og_site_name":"Vitality Zen","article_modified_time":"2025-05-21T09:50:59+00:00","og_image":[{"width":920,"height":1000,"url":"https:\/\/vitalityzen.fr\/wp-content\/uploads\/2025\/01\/4232.jpg","type":"image\/jpeg"}],"twitter_card":"summary_large_image","twitter_misc":{"Dur\u00e9e de lecture estim\u00e9e":"2 minutes"},"schema":{"@context":"https:\/\/schema.org","@graph":[{"@type":"WebPage","@id":"https:\/\/vitalityzen.fr\/","url":"https:\/\/vitalityzen.fr\/","name":"Inicio - Vitality Zen","isPartOf":{"@id":"https:\/\/vitalityzen.fr\/#website"},"primaryImageOfPage":{"@id":"https:\/\/vitalityzen.fr\/#primaryimage"},"image":{"@id":"https:\/\/vitalityzen.fr\/#primaryimage"},"thumbnailUrl":"https:\/\/vitalityzen.fr\/wp-content\/uploads\/2025\/01\/4232.jpg","datePublished":"2025-02-01T08:25:03+00:00","dateModified":"2025-05-21T09:50:59+00:00","breadcrumb":{"@id":"https:\/\/vitalityzen.fr\/#breadcrumb"},"inLanguage":"fr-FR","potentialAction":[{"@type":"ReadAction","target":["https:\/\/vitalityzen.fr\/"]}]},{"@type":"ImageObject","inLanguage":"fr-FR","@id":"https:\/\/vitalityzen.fr\/#primaryimage","url":"https:\/\/vitalityzen.fr\/wp-content\/uploads\/2025\/01\/4232.jpg","contentUrl":"https:\/\/vitalityzen.fr\/wp-content\/uploads\/2025\/01\/4232.jpg","width":920,"height":1000},{"@type":"BreadcrumbList","@id":"https:\/\/vitalityzen.fr\/#breadcrumb","itemListElement":[{"@type":"ListItem","position":1,"name":"Accueil","item":"https:\/\/vitalityzen.fr\/"},{"@type":"ListItem","position":2,"name":"Inicio"}]},{"@type":"WebSite","@id":"https:\/\/vitalityzen.fr\/#website","url":"https:\/\/vitalityzen.fr\/","name":"Vitality Zen","description":"1, Rue Marietton 69009 Lyon - France","publisher":{"@id":"https:\/\/vitalityzen.fr\/#organization"},"potentialAction":[{"@type":"SearchAction","target":{"@type":"EntryPoint","urlTemplate":"https:\/\/vitalityzen.fr\/?s={search_term_string}"},"query-input":{"@type":"PropertyValueSpecification","valueRequired":true,"valueName":"search_term_string"}}],"inLanguage":"fr-FR"},{"@type":"Organization","@id":"https:\/\/vitalityzen.fr\/#organization","name":"Vitality Zen","url":"https:\/\/vitalityzen.fr\/","logo":{"@type":"ImageObject","inLanguage":"fr-FR","@id":"https:\/\/vitalityzen.fr\/#\/schema\/logo\/image\/","url":"https:\/\/vitalityzen.fr\/wp-content\/uploads\/2025\/01\/cropped-Plan-de-travail-3-scaled-1.webp","contentUrl":"https:\/\/vitalityzen.fr\/wp-content\/uploads\/2025\/01\/cropped-Plan-de-travail-3-scaled-1.webp","width":2270,"height":2533,"caption":"Vitality Zen"},"image":{"@id":"https:\/\/vitalityzen.fr\/#\/schema\/logo\/image\/"}}]}},"_links":{"self":[{"href":"https:\/\/vitalityzen.fr\/index.php\/wp-json\/wp\/v2\/pages\/319","targetHints":{"allow":["GET"]}}],"collection":[{"href":"https:\/\/vitalityzen.fr\/index.php\/wp-json\/wp\/v2\/pages"}],"about":[{"href":"https:\/\/vitalityzen.fr\/index.php\/wp-json\/wp\/v2\/types\/page"}],"author":[{"embeddable":true,"href":"https:\/\/vitalityzen.fr\/index.php\/wp-json\/wp\/v2\/users\/1"}],"replies":[{"embeddable":true,"href":"https:\/\/vitalityzen.fr\/index.php\/wp-json\/wp\/v2\/comments?post=319"}],"version-history":[{"count":37,"href":"https:\/\/vitalityzen.fr\/index.php\/wp-json\/wp\/v2\/pages\/319\/revisions"}],"predecessor-version":[{"id":1317,"href":"https:\/\/vitalityzen.fr\/index.php\/wp-json\/wp\/v2\/pages\/319\/revisions\/1317"}],"wp:attachment":[{"href":"https:\/\/vitalityzen.fr\/index.php\/wp-json\/wp\/v2\/media?parent=319"}],"curies":[{"name":"wp","href":"https:\/\/api.w.org\/{rel}","templated":true}]}}