{"id":38,"date":"2025-01-19T18:07:22","date_gmt":"2025-01-19T17:07:22","guid":{"rendered":"https:\/\/vitalityzen.fr\/?page_id=38"},"modified":"2025-07-03T16:37:03","modified_gmt":"2025-07-03T14:37:03","slug":"pedir-cita","status":"publish","type":"page","link":"https:\/\/vitalityzen.fr\/index.php\/pedir-cita\/","title":{"rendered":"Pedir Cita"},"content":{"rendered":"\t\t<div data-elementor-type=\"wp-page\" data-elementor-id=\"38\" class=\"elementor elementor-38\">\n\t\t\t\t<div class=\"elementor-element elementor-element-0dcf22e e-flex e-con-boxed e-con e-parent\" data-id=\"0dcf22e\" data-element_type=\"container\" data-e-type=\"container\">\n\t\t\t\t\t<div class=\"e-con-inner\">\n\t\t\t\t<div class=\"elementor-element elementor-element-e554d2a elementor-widget elementor-widget-text-editor\" data-id=\"e554d2a\" data-element_type=\"widget\" data-e-type=\"widget\" data-widget_type=\"text-editor.default\">\n\t\t\t\t<div class=\"elementor-widget-container\">\n\t\t\t\t\t\t\t\t\t<ul><li>Reiki Usui: 60min<\/li><li>Karuna Reiki: 60min<\/li><li>Massage aux Pierres Chaudes: 90min<\/li><li>Massage Ayurv\u00e9dique Abhyanga: 90min<\/li><li>Th\u00e9rapie Auriculaire: 60min<\/li><li>Th\u00e9rapie Florale: 45min<\/li><li>Lithoth\u00e9rapie et pendule &#8211; Chakras: 60min<\/li><li>Ventouses: 45min<\/li><li>Moxibustion: 45min<\/li><li>R\u00e9fl\u00e9xologie totale: 75min<\/li><li>Th\u00e9rapie de r\u00e9gression des vies ant\u00e9rieures: 90min<\/li><\/ul>\t\t\t\t\t\t\t\t<\/div>\n\t\t\t\t<\/div>\n\t\t\t\t\t<\/div>\n\t\t\t\t<\/div>\n\t\t<div class=\"elementor-element elementor-element-ad9d595 e-flex e-con-boxed e-con e-parent\" data-id=\"ad9d595\" data-element_type=\"container\" data-e-type=\"container\">\n\t\t\t\t\t<div class=\"e-con-inner\">\n\t\t\t\t<div class=\"elementor-element elementor-element-4b92b13 elementor-widget elementor-widget-html\" data-id=\"4b92b13\" data-element_type=\"widget\" data-e-type=\"widget\" data-widget_type=\"html.default\">\n\t\t\t\t<div class=\"elementor-widget-container\">\n\t\t\t\t\t<!-- Calendly inline widget begin -->\r\n<div class=\"calendly-inline-widget\" data-url=\"https:\/\/calendly.com\/contact-vitalityzen\/rendez-vous\" style=\"min-width:320px;height:700px;\"><\/div>\r\n<script type=\"text\/javascript\" src=\"https:\/\/assets.calendly.com\/assets\/external\/widget.js\" async><\/script>\r\n<!-- Calendly inline widget end -->\t\t\t\t<\/div>\n\t\t\t\t<\/div>\n\t\t\t\t\t<\/div>\n\t\t\t\t<\/div>\n\t\t\t\t<\/div>\n\t\t","protected":false},"excerpt":{"rendered":"<p>Reiki Usui: 60min Karuna Reiki: 60min Massage aux Pierres Chaudes: 90min Massage Ayurv\u00e9dique Abhyanga: 90min Th\u00e9rapie Auriculaire: 60min Th\u00e9rapie Florale: 45min Lithoth\u00e9rapie et pendule &#8211; Chakras: 60min Ventouses: 45min Moxibustion: 45min R\u00e9fl\u00e9xologie totale: 75min Th\u00e9rapie de r\u00e9gression des vies ant\u00e9rieures: 90min<\/p>\n","protected":false},"author":1,"featured_media":0,"parent":0,"menu_order":0,"comment_status":"closed","ping_status":"closed","template":"","meta":{"footnotes":""},"class_list":["post-38","page","type-page","status-publish","hentry"],"yoast_head":"<!-- This site is optimized with the Yoast SEO plugin v24.4 - https:\/\/yoast.com\/wordpress\/plugins\/seo\/ -->\n<title>Pedir Cita - Vitality Zen<\/title>\n<meta name=\"robots\" content=\"index, follow, max-snippet:-1, max-image-preview:large, max-video-preview:-1\" \/>\n<link rel=\"canonical\" href=\"https:\/\/vitalityzen.fr\/index.php\/pedir-cita\/\" \/>\n<meta property=\"og:locale\" content=\"fr_FR\" \/>\n<meta property=\"og:type\" content=\"article\" \/>\n<meta property=\"og:title\" content=\"Pedir Cita - Vitality Zen\" \/>\n<meta property=\"og:description\" content=\"Reiki Usui: 60min Karuna Reiki: 60min Massage aux Pierres Chaudes: 90min Massage Ayurv\u00e9dique Abhyanga: 90min Th\u00e9rapie Auriculaire: 60min Th\u00e9rapie Florale: 45min Lithoth\u00e9rapie et pendule &#8211; Chakras: 60min Ventouses: 45min Moxibustion: 45min R\u00e9fl\u00e9xologie totale: 75min Th\u00e9rapie de r\u00e9gression des vies ant\u00e9rieures: 90min\" \/>\n<meta property=\"og:url\" content=\"https:\/\/vitalityzen.fr\/index.php\/pedir-cita\/\" \/>\n<meta property=\"og:site_name\" content=\"Vitality Zen\" \/>\n<meta property=\"article:modified_time\" content=\"2025-07-03T14:37:03+00:00\" \/>\n<meta name=\"twitter:card\" content=\"summary_large_image\" \/>\n<meta name=\"twitter:label1\" content=\"Dur\u00e9e de lecture estim\u00e9e\" \/>\n\t<meta name=\"twitter:data1\" content=\"1 minute\" \/>\n<script type=\"application\/ld+json\" class=\"yoast-schema-graph\">{\"@context\":\"https:\/\/schema.org\",\"@graph\":[{\"@type\":\"WebPage\",\"@id\":\"https:\/\/vitalityzen.fr\/index.php\/pedir-cita\/\",\"url\":\"https:\/\/vitalityzen.fr\/index.php\/pedir-cita\/\",\"name\":\"Pedir Cita - Vitality Zen\",\"isPartOf\":{\"@id\":\"https:\/\/vitalityzen.fr\/#website\"},\"datePublished\":\"2025-01-19T17:07:22+00:00\",\"dateModified\":\"2025-07-03T14:37:03+00:00\",\"breadcrumb\":{\"@id\":\"https:\/\/vitalityzen.fr\/index.php\/pedir-cita\/#breadcrumb\"},\"inLanguage\":\"fr-FR\",\"potentialAction\":[{\"@type\":\"ReadAction\",\"target\":[\"https:\/\/vitalityzen.fr\/index.php\/pedir-cita\/\"]}]},{\"@type\":\"BreadcrumbList\",\"@id\":\"https:\/\/vitalityzen.fr\/index.php\/pedir-cita\/#breadcrumb\",\"itemListElement\":[{\"@type\":\"ListItem\",\"position\":1,\"name\":\"Accueil\",\"item\":\"https:\/\/vitalityzen.fr\/\"},{\"@type\":\"ListItem\",\"position\":2,\"name\":\"Pedir Cita\"}]},{\"@type\":\"WebSite\",\"@id\":\"https:\/\/vitalityzen.fr\/#website\",\"url\":\"https:\/\/vitalityzen.fr\/\",\"name\":\"Vitality Zen\",\"description\":\"1, Rue Marietton 69009 Lyon - France\",\"publisher\":{\"@id\":\"https:\/\/vitalityzen.fr\/#organization\"},\"potentialAction\":[{\"@type\":\"SearchAction\",\"target\":{\"@type\":\"EntryPoint\",\"urlTemplate\":\"https:\/\/vitalityzen.fr\/?s={search_term_string}\"},\"query-input\":{\"@type\":\"PropertyValueSpecification\",\"valueRequired\":true,\"valueName\":\"search_term_string\"}}],\"inLanguage\":\"fr-FR\"},{\"@type\":\"Organization\",\"@id\":\"https:\/\/vitalityzen.fr\/#organization\",\"name\":\"Vitality Zen\",\"url\":\"https:\/\/vitalityzen.fr\/\",\"logo\":{\"@type\":\"ImageObject\",\"inLanguage\":\"fr-FR\",\"@id\":\"https:\/\/vitalityzen.fr\/#\/schema\/logo\/image\/\",\"url\":\"https:\/\/vitalityzen.fr\/wp-content\/uploads\/2025\/01\/cropped-Plan-de-travail-3-scaled-1.webp\",\"contentUrl\":\"https:\/\/vitalityzen.fr\/wp-content\/uploads\/2025\/01\/cropped-Plan-de-travail-3-scaled-1.webp\",\"width\":2270,\"height\":2533,\"caption\":\"Vitality Zen\"},\"image\":{\"@id\":\"https:\/\/vitalityzen.fr\/#\/schema\/logo\/image\/\"}}]}<\/script>\n<!-- \/ Yoast SEO plugin. -->","yoast_head_json":{"title":"Pedir Cita - Vitality Zen","robots":{"index":"index","follow":"follow","max-snippet":"max-snippet:-1","max-image-preview":"max-image-preview:large","max-video-preview":"max-video-preview:-1"},"canonical":"https:\/\/vitalityzen.fr\/index.php\/pedir-cita\/","og_locale":"fr_FR","og_type":"article","og_title":"Pedir Cita - Vitality Zen","og_description":"Reiki Usui: 60min Karuna Reiki: 60min Massage aux Pierres Chaudes: 90min Massage Ayurv\u00e9dique Abhyanga: 90min Th\u00e9rapie Auriculaire: 60min Th\u00e9rapie Florale: 45min Lithoth\u00e9rapie et pendule &#8211; Chakras: 60min Ventouses: 45min Moxibustion: 45min R\u00e9fl\u00e9xologie totale: 75min Th\u00e9rapie de r\u00e9gression des vies ant\u00e9rieures: 90min","og_url":"https:\/\/vitalityzen.fr\/index.php\/pedir-cita\/","og_site_name":"Vitality Zen","article_modified_time":"2025-07-03T14:37:03+00:00","twitter_card":"summary_large_image","twitter_misc":{"Dur\u00e9e de lecture estim\u00e9e":"1 minute"},"schema":{"@context":"https:\/\/schema.org","@graph":[{"@type":"WebPage","@id":"https:\/\/vitalityzen.fr\/index.php\/pedir-cita\/","url":"https:\/\/vitalityzen.fr\/index.php\/pedir-cita\/","name":"Pedir Cita - Vitality Zen","isPartOf":{"@id":"https:\/\/vitalityzen.fr\/#website"},"datePublished":"2025-01-19T17:07:22+00:00","dateModified":"2025-07-03T14:37:03+00:00","breadcrumb":{"@id":"https:\/\/vitalityzen.fr\/index.php\/pedir-cita\/#breadcrumb"},"inLanguage":"fr-FR","potentialAction":[{"@type":"ReadAction","target":["https:\/\/vitalityzen.fr\/index.php\/pedir-cita\/"]}]},{"@type":"BreadcrumbList","@id":"https:\/\/vitalityzen.fr\/index.php\/pedir-cita\/#breadcrumb","itemListElement":[{"@type":"ListItem","position":1,"name":"Accueil","item":"https:\/\/vitalityzen.fr\/"},{"@type":"ListItem","position":2,"name":"Pedir Cita"}]},{"@type":"WebSite","@id":"https:\/\/vitalityzen.fr\/#website","url":"https:\/\/vitalityzen.fr\/","name":"Vitality Zen","description":"1, Rue Marietton 69009 Lyon - France","publisher":{"@id":"https:\/\/vitalityzen.fr\/#organization"},"potentialAction":[{"@type":"SearchAction","target":{"@type":"EntryPoint","urlTemplate":"https:\/\/vitalityzen.fr\/?s={search_term_string}"},"query-input":{"@type":"PropertyValueSpecification","valueRequired":true,"valueName":"search_term_string"}}],"inLanguage":"fr-FR"},{"@type":"Organization","@id":"https:\/\/vitalityzen.fr\/#organization","name":"Vitality Zen","url":"https:\/\/vitalityzen.fr\/","logo":{"@type":"ImageObject","inLanguage":"fr-FR","@id":"https:\/\/vitalityzen.fr\/#\/schema\/logo\/image\/","url":"https:\/\/vitalityzen.fr\/wp-content\/uploads\/2025\/01\/cropped-Plan-de-travail-3-scaled-1.webp","contentUrl":"https:\/\/vitalityzen.fr\/wp-content\/uploads\/2025\/01\/cropped-Plan-de-travail-3-scaled-1.webp","width":2270,"height":2533,"caption":"Vitality Zen"},"image":{"@id":"https:\/\/vitalityzen.fr\/#\/schema\/logo\/image\/"}}]}},"_links":{"self":[{"href":"https:\/\/vitalityzen.fr\/index.php\/wp-json\/wp\/v2\/pages\/38","targetHints":{"allow":["GET"]}}],"collection":[{"href":"https:\/\/vitalityzen.fr\/index.php\/wp-json\/wp\/v2\/pages"}],"about":[{"href":"https:\/\/vitalityzen.fr\/index.php\/wp-json\/wp\/v2\/types\/page"}],"author":[{"embeddable":true,"href":"https:\/\/vitalityzen.fr\/index.php\/wp-json\/wp\/v2\/users\/1"}],"replies":[{"embeddable":true,"href":"https:\/\/vitalityzen.fr\/index.php\/wp-json\/wp\/v2\/comments?post=38"}],"version-history":[{"count":13,"href":"https:\/\/vitalityzen.fr\/index.php\/wp-json\/wp\/v2\/pages\/38\/revisions"}],"predecessor-version":[{"id":1691,"href":"https:\/\/vitalityzen.fr\/index.php\/wp-json\/wp\/v2\/pages\/38\/revisions\/1691"}],"wp:attachment":[{"href":"https:\/\/vitalityzen.fr\/index.php\/wp-json\/wp\/v2\/media?parent=38"}],"curies":[{"name":"wp","href":"https:\/\/api.w.org\/{rel}","templated":true}]}}