{"id":44,"date":"2025-01-19T18:08:29","date_gmt":"2025-01-19T17:08:29","guid":{"rendered":"https:\/\/vitalityzen.fr\/?page_id=44"},"modified":"2025-03-20T11:42:51","modified_gmt":"2025-03-20T10:42:51","slug":"conditions-generales-dutilisation","status":"publish","type":"page","link":"https:\/\/vitalityzen.fr\/index.php\/conditions-generales-dutilisation\/","title":{"rendered":"Conditions G\u00e9n\u00e9rales d&rsquo;Utilisation"},"content":{"rendered":"\t\t<div data-elementor-type=\"wp-page\" data-elementor-id=\"44\" class=\"elementor elementor-44\">\n\t\t\t\t<div class=\"elementor-element elementor-element-8d863cf e-flex e-con-boxed e-con e-parent\" data-id=\"8d863cf\" data-element_type=\"container\" data-e-type=\"container\">\n\t\t\t\t\t<div class=\"e-con-inner\">\n\t\t\t\t<div class=\"elementor-element elementor-element-a176454 elementor-widget elementor-widget-heading\" data-id=\"a176454\" data-element_type=\"widget\" data-e-type=\"widget\" data-widget_type=\"heading.default\">\n\t\t\t\t<div class=\"elementor-widget-container\">\n\t\t\t\t\t<h2 class=\"elementor-heading-title elementor-size-default\">Conditions G\u00e9n\u00e9rales d'Utilisation<\/h2>\t\t\t\t<\/div>\n\t\t\t\t<\/div>\n\t\t\t\t\t<\/div>\n\t\t\t\t<\/div>\n\t\t<div class=\"elementor-element elementor-element-f1e68dc e-flex e-con-boxed e-con e-parent\" data-id=\"f1e68dc\" data-element_type=\"container\" data-e-type=\"container\">\n\t\t\t\t\t<div class=\"e-con-inner\">\n\t\t\t\t<div class=\"elementor-element elementor-element-7135d40 elementor-widget elementor-widget-text-editor\" data-id=\"7135d40\" data-element_type=\"widget\" data-e-type=\"widget\" data-widget_type=\"text-editor.default\">\n\t\t\t\t<div class=\"elementor-widget-container\">\n\t\t\t\t\t\t\t\t\t<p>Bienvenue sur <strong>Vitality Zen<\/strong> (<a href=\"http:\/\/www.vitalityzen.fr\">www.vitalityzen.fr<\/a>). En acc\u00e9dant \u00e0 notre site et en utilisant nos services, vous acceptez les pr\u00e9sentes conditions g\u00e9n\u00e9rales d&rsquo;utilisation. Nous vous encourageons \u00e0 lire attentivement ces termes avant de poursuivre votre navigation.<\/p><ol><li><strong> Acc\u00e8s et Utilisation du Site<\/strong><\/li><\/ol><p><strong>Utilisation autoris\u00e9e :<\/strong><\/p><ul><li>Ce site est destin\u00e9 \u00e0 une utilisation personnelle, et non commerciale. Toute utilisation contraire est strictement interdite.<\/li><\/ul><p><strong>Modification du contenu<\/strong> :<\/p><ul><li>Nous nous r\u00e9servons le droit de mettre \u00e0 jour ou de retirer tout contenu du site sans pr\u00e9avis, afin d\u2019assurer une meilleure qualit\u00e9 de service.<\/li><\/ul><ol start=\"2\"><li><strong> Services Offerts<\/strong><\/li><\/ol><p>Vitality Zen propose des th\u00e9rapies holistiques vari\u00e9es, notamment :<\/p><ul><li>Techniques corps-esprit<\/li><li>Reiki Usui &amp; Karuna\u00ae Reiki<\/li><li>Massages<\/li><li>Th\u00e9rapie Florale<\/li><li>S\u00e9ances de r\u00e9flexologie<\/li><li>Ventouses &amp; Moxibustion<\/li><li>Th\u00e9rapie auriculaire<\/li><li>Lithoth\u00e9rapie avec cristaux et pendule<\/li><li>Th\u00e9rapie de r\u00e9gression des vies ant\u00e9rieures<\/li><li>Meditation guid\u00e9e<\/li><li>Ateliers<\/li><\/ul><p>Nous nous effor\u00e7ons de fournir des descriptions pr\u00e9cises de nos services. Cependant, nous ne garantissons pas que toutes les informations soient exemptes d&rsquo;erreurs ou constamment actualis\u00e9es.<\/p><ol start=\"3\"><li><strong> Propri\u00e9t\u00e9 Intellectuelle<\/strong><\/li><\/ol><p>Tous les \u00e9l\u00e9ments pr\u00e9sents sur ce site, y compris les textes, images et graphismes, sont prot\u00e9g\u00e9s par des droits de propri\u00e9t\u00e9 intellectuelle. Toute reproduction, distribution ou modification de ces \u00e9l\u00e9ments est interdite sans autorisation explicite.<\/p><ol start=\"4\"><li><strong> Responsabilit\u00e9s<\/strong><\/li><\/ol><p><strong>Exclusion de responsabilit\u00e9<\/strong> :<\/p><ul><li>Vitality Zen ne pourra \u00eatre tenu responsable des dommages directs ou indirects pouvant r\u00e9sulter de l\u2019utilisation de ce site.<\/li><\/ul><p><strong>Liens externes :<\/strong><\/p><ul><li>Nous pouvons inclure des liens vers d\u2019autres sites web, mais nous ne garantissons pas leur contenu ni leur s\u00e9curit\u00e9.<\/li><\/ul><ol start=\"5\"><li><strong> Comportement des Utilisateurs<\/strong><\/li><\/ol><p>En acc\u00e9dant \u00e0 ce site, vous acceptez de :<\/p><ul><li>Respecter la l\u00e9gislation en vigueur.<\/li><li>Fournir des informations exactes lors de vos interactions avec nos services.<\/li><li>S&rsquo;abstenir de toute action susceptible de perturber ou de compromettre le bon fonctionnement du site.<\/li><\/ul><ol start=\"6\"><li><strong> Confidentialit\u00e9<\/strong><\/li><\/ol><p>L\u2019utilisation de vos donn\u00e9es est r\u00e9gie par notre Politique de Confidentialit\u00e9, qui pr\u00e9cise les d\u00e9tails concernant la collecte et l\u2019utilisation des informations personnelles.<\/p><ol start=\"7\"><li><strong> Modifications des CGU<\/strong><\/li><\/ol><p>Ces conditions peuvent \u00eatre modifi\u00e9es \u00e0 tout moment afin de s\u2019adapter aux \u00e9volutions de nos services ou \u00e0 des changements l\u00e9gislatifs. Nous recommandons de consulter r\u00e9guli\u00e8rement cette page.<\/p><ol start=\"8\"><li><strong> Juridiction<\/strong><\/li><\/ol><p>Les pr\u00e9sentes conditions g\u00e9n\u00e9rales sont encadr\u00e9es par la l\u00e9gislation fran\u00e7aise. En cas de litige, seuls les tribunaux fran\u00e7ais seront comp\u00e9tents.<\/p><ol start=\"9\"><li><strong> Contact<\/strong><\/li><\/ol><p>Pour toute question ou pr\u00e9occupation, vous pouvez <a href=\"https:\/\/vitalityzen.fr\/contact\/\">nous joindre <\/a>via :<\/p><ul><li><strong>Adresse e-mail<\/strong> : contact@vitalityzen.fr<\/li><li><strong>Adresse postale<\/strong> : Vitality Zen, 1, rue MArietton &#8211; 69009 Lyon (France)<\/li><\/ul><p>Merci de faire confiance \u00e0 <strong>Vitality Zen<\/strong> pour vos besoins en th\u00e9rapies holistiques. Nous sommes d\u00e9di\u00e9s \u00e0 votre bien-\u00eatre.<\/p>\t\t\t\t\t\t\t\t<\/div>\n\t\t\t\t<\/div>\n\t\t\t\t\t<\/div>\n\t\t\t\t<\/div>\n\t\t\t\t<\/div>\n\t\t","protected":false},"excerpt":{"rendered":"<p>Conditions G\u00e9n\u00e9rales d&rsquo;Utilisation Bienvenue sur Vitality Zen (www.vitalityzen.fr). En acc\u00e9dant \u00e0 notre site et en utilisant nos services, vous acceptez les pr\u00e9sentes conditions g\u00e9n\u00e9rales d&rsquo;utilisation. Nous vous encourageons \u00e0 lire attentivement ces termes avant de poursuivre votre navigation. Acc\u00e8s et Utilisation du Site Utilisation autoris\u00e9e : Ce site est destin\u00e9 \u00e0 une utilisation personnelle, et [&hellip;]<\/p>\n","protected":false},"author":1,"featured_media":0,"parent":0,"menu_order":0,"comment_status":"closed","ping_status":"closed","template":"","meta":{"footnotes":""},"class_list":["post-44","page","type-page","status-publish","hentry"],"yoast_head":"<!-- This site is optimized with the Yoast SEO plugin v24.4 - https:\/\/yoast.com\/wordpress\/plugins\/seo\/ -->\n<title>Conditions G\u00e9n\u00e9rales d&#039;Utilisation - Vitality Zen<\/title>\n<meta name=\"robots\" content=\"index, follow, max-snippet:-1, max-image-preview:large, max-video-preview:-1\" \/>\n<link rel=\"canonical\" href=\"https:\/\/vitalityzen.fr\/index.php\/conditions-generales-dutilisation\/\" \/>\n<meta property=\"og:locale\" content=\"fr_FR\" \/>\n<meta property=\"og:type\" content=\"article\" \/>\n<meta property=\"og:title\" content=\"Conditions G\u00e9n\u00e9rales d&#039;Utilisation - Vitality Zen\" \/>\n<meta property=\"og:description\" content=\"Conditions G\u00e9n\u00e9rales d&rsquo;Utilisation Bienvenue sur Vitality Zen (www.vitalityzen.fr). En acc\u00e9dant \u00e0 notre site et en utilisant nos services, vous acceptez les pr\u00e9sentes conditions g\u00e9n\u00e9rales d&rsquo;utilisation. Nous vous encourageons \u00e0 lire attentivement ces termes avant de poursuivre votre navigation. Acc\u00e8s et Utilisation du Site Utilisation autoris\u00e9e : Ce site est destin\u00e9 \u00e0 une utilisation personnelle, et [&hellip;]\" \/>\n<meta property=\"og:url\" content=\"https:\/\/vitalityzen.fr\/index.php\/conditions-generales-dutilisation\/\" \/>\n<meta property=\"og:site_name\" content=\"Vitality Zen\" \/>\n<meta property=\"article:modified_time\" content=\"2025-03-20T10:42:51+00:00\" \/>\n<meta name=\"twitter:card\" content=\"summary_large_image\" \/>\n<meta name=\"twitter:label1\" content=\"Dur\u00e9e de lecture estim\u00e9e\" \/>\n\t<meta name=\"twitter:data1\" content=\"3 minutes\" \/>\n<script type=\"application\/ld+json\" class=\"yoast-schema-graph\">{\"@context\":\"https:\/\/schema.org\",\"@graph\":[{\"@type\":\"WebPage\",\"@id\":\"https:\/\/vitalityzen.fr\/index.php\/conditions-generales-dutilisation\/\",\"url\":\"https:\/\/vitalityzen.fr\/index.php\/conditions-generales-dutilisation\/\",\"name\":\"Conditions G\u00e9n\u00e9rales d'Utilisation - Vitality Zen\",\"isPartOf\":{\"@id\":\"https:\/\/vitalityzen.fr\/#website\"},\"datePublished\":\"2025-01-19T17:08:29+00:00\",\"dateModified\":\"2025-03-20T10:42:51+00:00\",\"breadcrumb\":{\"@id\":\"https:\/\/vitalityzen.fr\/index.php\/conditions-generales-dutilisation\/#breadcrumb\"},\"inLanguage\":\"fr-FR\",\"potentialAction\":[{\"@type\":\"ReadAction\",\"target\":[\"https:\/\/vitalityzen.fr\/index.php\/conditions-generales-dutilisation\/\"]}]},{\"@type\":\"BreadcrumbList\",\"@id\":\"https:\/\/vitalityzen.fr\/index.php\/conditions-generales-dutilisation\/#breadcrumb\",\"itemListElement\":[{\"@type\":\"ListItem\",\"position\":1,\"name\":\"Accueil\",\"item\":\"https:\/\/vitalityzen.fr\/\"},{\"@type\":\"ListItem\",\"position\":2,\"name\":\"Conditions G\u00e9n\u00e9rales d&#8217;Utilisation\"}]},{\"@type\":\"WebSite\",\"@id\":\"https:\/\/vitalityzen.fr\/#website\",\"url\":\"https:\/\/vitalityzen.fr\/\",\"name\":\"Vitality Zen\",\"description\":\"1, Rue Marietton 69009 Lyon - France\",\"publisher\":{\"@id\":\"https:\/\/vitalityzen.fr\/#organization\"},\"potentialAction\":[{\"@type\":\"SearchAction\",\"target\":{\"@type\":\"EntryPoint\",\"urlTemplate\":\"https:\/\/vitalityzen.fr\/?s={search_term_string}\"},\"query-input\":{\"@type\":\"PropertyValueSpecification\",\"valueRequired\":true,\"valueName\":\"search_term_string\"}}],\"inLanguage\":\"fr-FR\"},{\"@type\":\"Organization\",\"@id\":\"https:\/\/vitalityzen.fr\/#organization\",\"name\":\"Vitality Zen\",\"url\":\"https:\/\/vitalityzen.fr\/\",\"logo\":{\"@type\":\"ImageObject\",\"inLanguage\":\"fr-FR\",\"@id\":\"https:\/\/vitalityzen.fr\/#\/schema\/logo\/image\/\",\"url\":\"https:\/\/vitalityzen.fr\/wp-content\/uploads\/2025\/01\/cropped-Plan-de-travail-3-scaled-1.webp\",\"contentUrl\":\"https:\/\/vitalityzen.fr\/wp-content\/uploads\/2025\/01\/cropped-Plan-de-travail-3-scaled-1.webp\",\"width\":2270,\"height\":2533,\"caption\":\"Vitality Zen\"},\"image\":{\"@id\":\"https:\/\/vitalityzen.fr\/#\/schema\/logo\/image\/\"}}]}<\/script>\n<!-- \/ Yoast SEO plugin. -->","yoast_head_json":{"title":"Conditions G\u00e9n\u00e9rales d'Utilisation - Vitality Zen","robots":{"index":"index","follow":"follow","max-snippet":"max-snippet:-1","max-image-preview":"max-image-preview:large","max-video-preview":"max-video-preview:-1"},"canonical":"https:\/\/vitalityzen.fr\/index.php\/conditions-generales-dutilisation\/","og_locale":"fr_FR","og_type":"article","og_title":"Conditions G\u00e9n\u00e9rales d'Utilisation - Vitality Zen","og_description":"Conditions G\u00e9n\u00e9rales d&rsquo;Utilisation Bienvenue sur Vitality Zen (www.vitalityzen.fr). En acc\u00e9dant \u00e0 notre site et en utilisant nos services, vous acceptez les pr\u00e9sentes conditions g\u00e9n\u00e9rales d&rsquo;utilisation. Nous vous encourageons \u00e0 lire attentivement ces termes avant de poursuivre votre navigation. Acc\u00e8s et Utilisation du Site Utilisation autoris\u00e9e : Ce site est destin\u00e9 \u00e0 une utilisation personnelle, et [&hellip;]","og_url":"https:\/\/vitalityzen.fr\/index.php\/conditions-generales-dutilisation\/","og_site_name":"Vitality Zen","article_modified_time":"2025-03-20T10:42:51+00:00","twitter_card":"summary_large_image","twitter_misc":{"Dur\u00e9e de lecture estim\u00e9e":"3 minutes"},"schema":{"@context":"https:\/\/schema.org","@graph":[{"@type":"WebPage","@id":"https:\/\/vitalityzen.fr\/index.php\/conditions-generales-dutilisation\/","url":"https:\/\/vitalityzen.fr\/index.php\/conditions-generales-dutilisation\/","name":"Conditions G\u00e9n\u00e9rales d'Utilisation - Vitality Zen","isPartOf":{"@id":"https:\/\/vitalityzen.fr\/#website"},"datePublished":"2025-01-19T17:08:29+00:00","dateModified":"2025-03-20T10:42:51+00:00","breadcrumb":{"@id":"https:\/\/vitalityzen.fr\/index.php\/conditions-generales-dutilisation\/#breadcrumb"},"inLanguage":"fr-FR","potentialAction":[{"@type":"ReadAction","target":["https:\/\/vitalityzen.fr\/index.php\/conditions-generales-dutilisation\/"]}]},{"@type":"BreadcrumbList","@id":"https:\/\/vitalityzen.fr\/index.php\/conditions-generales-dutilisation\/#breadcrumb","itemListElement":[{"@type":"ListItem","position":1,"name":"Accueil","item":"https:\/\/vitalityzen.fr\/"},{"@type":"ListItem","position":2,"name":"Conditions G\u00e9n\u00e9rales d&#8217;Utilisation"}]},{"@type":"WebSite","@id":"https:\/\/vitalityzen.fr\/#website","url":"https:\/\/vitalityzen.fr\/","name":"Vitality Zen","description":"1, Rue Marietton 69009 Lyon - France","publisher":{"@id":"https:\/\/vitalityzen.fr\/#organization"},"potentialAction":[{"@type":"SearchAction","target":{"@type":"EntryPoint","urlTemplate":"https:\/\/vitalityzen.fr\/?s={search_term_string}"},"query-input":{"@type":"PropertyValueSpecification","valueRequired":true,"valueName":"search_term_string"}}],"inLanguage":"fr-FR"},{"@type":"Organization","@id":"https:\/\/vitalityzen.fr\/#organization","name":"Vitality Zen","url":"https:\/\/vitalityzen.fr\/","logo":{"@type":"ImageObject","inLanguage":"fr-FR","@id":"https:\/\/vitalityzen.fr\/#\/schema\/logo\/image\/","url":"https:\/\/vitalityzen.fr\/wp-content\/uploads\/2025\/01\/cropped-Plan-de-travail-3-scaled-1.webp","contentUrl":"https:\/\/vitalityzen.fr\/wp-content\/uploads\/2025\/01\/cropped-Plan-de-travail-3-scaled-1.webp","width":2270,"height":2533,"caption":"Vitality Zen"},"image":{"@id":"https:\/\/vitalityzen.fr\/#\/schema\/logo\/image\/"}}]}},"_links":{"self":[{"href":"https:\/\/vitalityzen.fr\/index.php\/wp-json\/wp\/v2\/pages\/44","targetHints":{"allow":["GET"]}}],"collection":[{"href":"https:\/\/vitalityzen.fr\/index.php\/wp-json\/wp\/v2\/pages"}],"about":[{"href":"https:\/\/vitalityzen.fr\/index.php\/wp-json\/wp\/v2\/types\/page"}],"author":[{"embeddable":true,"href":"https:\/\/vitalityzen.fr\/index.php\/wp-json\/wp\/v2\/users\/1"}],"replies":[{"embeddable":true,"href":"https:\/\/vitalityzen.fr\/index.php\/wp-json\/wp\/v2\/comments?post=44"}],"version-history":[{"count":7,"href":"https:\/\/vitalityzen.fr\/index.php\/wp-json\/wp\/v2\/pages\/44\/revisions"}],"predecessor-version":[{"id":1260,"href":"https:\/\/vitalityzen.fr\/index.php\/wp-json\/wp\/v2\/pages\/44\/revisions\/1260"}],"wp:attachment":[{"href":"https:\/\/vitalityzen.fr\/index.php\/wp-json\/wp\/v2\/media?parent=44"}],"curies":[{"name":"wp","href":"https:\/\/api.w.org\/{rel}","templated":true}]}}