{"id":513,"date":"2025-02-11T20:44:34","date_gmt":"2025-02-11T19:44:34","guid":{"rendered":"https:\/\/vitalityzen.fr\/?page_id=513"},"modified":"2025-02-25T14:32:09","modified_gmt":"2025-02-25T13:32:09","slug":"acupunctura-auricular","status":"publish","type":"page","link":"https:\/\/vitalityzen.fr\/index.php\/pt\/acupunctura-auricular\/","title":{"rendered":"Terapia Auricular"},"content":{"rendered":"\t\t<div data-elementor-type=\"wp-page\" data-elementor-id=\"513\" class=\"elementor elementor-513\">\n\t\t\t\t<div class=\"elementor-element elementor-element-2d92f04 e-flex e-con-boxed e-con e-parent\" data-id=\"2d92f04\" data-element_type=\"container\" data-e-type=\"container\">\n\t\t\t\t\t<div class=\"e-con-inner\">\n\t\t\t\t<div class=\"elementor-element elementor-element-f8973aa elementor-widget elementor-widget-spacer\" data-id=\"f8973aa\" data-element_type=\"widget\" data-e-type=\"widget\" data-widget_type=\"spacer.default\">\n\t\t\t\t<div class=\"elementor-widget-container\">\n\t\t\t\t\t\t\t<div class=\"elementor-spacer\">\n\t\t\t<div class=\"elementor-spacer-inner\"><\/div>\n\t\t<\/div>\n\t\t\t\t\t\t<\/div>\n\t\t\t\t<\/div>\n\t\t\t\t\t<\/div>\n\t\t\t\t<\/div>\n\t\t<div class=\"elementor-element elementor-element-b487e00 e-flex e-con-boxed e-con e-parent\" data-id=\"b487e00\" data-element_type=\"container\" data-e-type=\"container\">\n\t\t\t\t\t<div class=\"e-con-inner\">\n\t\t\t\t<div class=\"elementor-element elementor-element-5a83457 elementor-widget__width-initial elementor-widget elementor-widget-text-editor\" data-id=\"5a83457\" data-element_type=\"widget\" data-e-type=\"widget\" data-widget_type=\"text-editor.default\">\n\t\t\t\t<div class=\"elementor-widget-container\">\n\t\t\t\t\t\t\t\t\t<h2 style=\"text-align: center;\">O que \u00e9 a acupunctura auricular ou auriculoterapia?<\/h2>\t\t\t\t\t\t\t\t<\/div>\n\t\t\t\t<\/div>\n\t\t\t\t\t<\/div>\n\t\t\t\t<\/div>\n\t\t<div class=\"elementor-element elementor-element-72618c1 e-flex e-con-boxed e-con e-parent\" data-id=\"72618c1\" data-element_type=\"container\" data-e-type=\"container\">\n\t\t\t\t\t<div class=\"e-con-inner\">\n\t\t\t\t<div class=\"elementor-element elementor-element-bfb4db9 elementor-widget-divider--view-line elementor-widget elementor-widget-divider\" data-id=\"bfb4db9\" data-element_type=\"widget\" data-e-type=\"widget\" data-widget_type=\"divider.default\">\n\t\t\t\t<div class=\"elementor-widget-container\">\n\t\t\t\t\t\t\t<div class=\"elementor-divider\">\n\t\t\t<span class=\"elementor-divider-separator\">\n\t\t\t\t\t\t<\/span>\n\t\t<\/div>\n\t\t\t\t\t\t<\/div>\n\t\t\t\t<\/div>\n\t\t\t\t<div class=\"elementor-element elementor-element-16bcb49 elementor-widget elementor-widget-text-editor\" data-id=\"16bcb49\" data-element_type=\"widget\" data-e-type=\"widget\" data-widget_type=\"text-editor.default\">\n\t\t\t\t<div class=\"elementor-widget-container\">\n\t\t\t\t\t\t\t\t\t<p>\u00a0<\/p><p>A auriculoterapia \u00e9 um tipo de tratamento que tem as suas ra\u00edzes na Medicina Tradicional Chinesa e deriva da Acupunctura. Em 1990, foi reconhecida pela Organiza\u00e7\u00e3o Mundial de Sa\u00fade (OMS).<\/p><p>Esta t\u00e9cnica baseia-se na estimula\u00e7\u00e3o de uma s\u00e9rie de pontos espec\u00edficos localizados na orelha para diagnosticar e tratar doen\u00e7as f\u00edsicas e emocionais. De acordo com a teoria, a orelha \u00e9 uma representa\u00e7\u00e3o das diferentes partes do corpo, pelo que, ao estimular estes pontos espec\u00edficos, \u00e9 poss\u00edvel tratar uma grande variedade de patologias.<\/p><p>De acordo com a Medicina Tradicional Chinesa, os 12 meridianos encontram-se no pavilh\u00e3o auricular, a orelha \u00e9 tamb\u00e9m uma das principais \u00e1reas onde o Yang e o Yin est\u00e3o inter-relacionados. A aur\u00edcula est\u00e1 intimamente relacionada com os \u00f3rg\u00e3os. \u00c9 conhecido como o pal\u00e1cio do rim, que tem a sua entrada atrav\u00e9s da orelha.<\/p><p>Se um meridiano estiver obstru\u00eddo, a circula\u00e7\u00e3o do sangue e da energia perde o seu fluxo, aparecem pontos dolorosos no ouvido como rea\u00e7\u00e3o reflexa do local obstru\u00eddo.<\/p><p>\u00c9 um tratamento complementar utilizado principalmente para reduzir as dores de costas e para aliviar a ansiedade.<\/p><p>\u00a0<\/p><p><strong>BENEFICIOS<\/strong><\/p><ul><li>Al\u00edvio da dor: Uma das aplica\u00e7\u00f5es mais difundidas da auriculoterapia \u00e9 a sua utiliza\u00e7\u00e3o para tratar a dor. Tem sido utilizada no tratamento de dores cr\u00f3nicas, incluindo dores de cabe\u00e7a, enxaquecas, dores musculares e dores articulares, pelo que pode ser eficaz na redu\u00e7\u00e3o da dor.<\/li><li>Tratamento da ansiedade e do stress : \u00e9 tamb\u00e9m utilizada para tratar perturba\u00e7\u00f5es emocionais como a ansiedade, o stress, a depress\u00e3o, os medos e as fobias. Ao estimular pontos relacionados com o sistema nervoso aut\u00f3nomo, esta t\u00e9cnica pode ajudar a acalmar o sistema nervoso e a promover uma sensa\u00e7\u00e3o de relaxamento.<\/li><li>Gest\u00e3o de depend\u00eancias: uma das utiliza\u00e7\u00f5es mais documentadas da auriculoterapia \u00e9 o tratamento de depend\u00eancias, especialmente o tabagismo e o alcoolismo.<\/li><li>Problemas digestivos: s\u00edndrome do intestino irrit\u00e1vel (SII) ou obstipa\u00e7\u00e3o, diarreia.<\/li><li>Regula\u00e7\u00e3o do sistema nervoso aut\u00f3nomo: eficaz nas alergias, algodistrofia.<\/li><\/ul>\t\t\t\t\t\t\t\t<\/div>\n\t\t\t\t<\/div>\n\t\t\t\t\t<\/div>\n\t\t\t\t<\/div>\n\t\t<div class=\"elementor-element elementor-element-619d540 e-flex e-con-boxed e-con e-parent\" data-id=\"619d540\" data-element_type=\"container\" data-e-type=\"container\">\n\t\t\t\t\t<div class=\"e-con-inner\">\n\t\t<div class=\"elementor-element elementor-element-f8a8d5d e-con-full e-flex e-con e-child\" data-id=\"f8a8d5d\" data-element_type=\"container\" data-e-type=\"container\">\n\t\t\t\t<div class=\"elementor-element elementor-element-e9bfcd3 elementor-widget elementor-widget-image\" data-id=\"e9bfcd3\" data-element_type=\"widget\" data-e-type=\"widget\" data-widget_type=\"image.default\">\n\t\t\t\t<div class=\"elementor-widget-container\">\n\t\t\t\t\t\t\t\t\t\t\t\t\t\t\t<img decoding=\"async\" src=\"https:\/\/vitalityzen.fr\/wp-content\/uploads\/elementor\/thumbs\/oreja_organos-r0e26c2spxlftzw6bm9hnmnzvrzcfua6pvt06rrftg.jpg\" title=\"oreja_organos\" alt=\"oreja_organos\" loading=\"lazy\" \/>\t\t\t\t\t\t\t\t\t\t\t\t\t\t\t<\/div>\n\t\t\t\t<\/div>\n\t\t\t\t<\/div>\n\t\t<div class=\"elementor-element elementor-element-2519ed7 e-con-full e-flex e-con e-child\" data-id=\"2519ed7\" data-element_type=\"container\" data-e-type=\"container\">\n\t\t<div class=\"elementor-element elementor-element-33f529d e-con-full e-flex e-con e-child\" data-id=\"33f529d\" data-element_type=\"container\" data-e-type=\"container\">\n\t\t\t\t<div class=\"elementor-element elementor-element-0751f30 elementor-widget__width-initial elementor-widget elementor-widget-image\" data-id=\"0751f30\" data-element_type=\"widget\" data-e-type=\"widget\" data-widget_type=\"image.default\">\n\t\t\t\t<div class=\"elementor-widget-container\">\n\t\t\t\t\t\t\t\t\t\t\t\t\t\t\t<img fetchpriority=\"high\" decoding=\"async\" width=\"330\" height=\"660\" src=\"https:\/\/vitalityzen.fr\/wp-content\/uploads\/2025\/01\/aurico.jpg\" class=\"attachment-medium_large size-medium_large wp-image-281\" alt=\"\" srcset=\"https:\/\/vitalityzen.fr\/wp-content\/uploads\/2025\/01\/aurico.jpg 330w, https:\/\/vitalityzen.fr\/wp-content\/uploads\/2025\/01\/aurico-150x300.jpg 150w\" sizes=\"(max-width: 330px) 100vw, 330px\" \/>\t\t\t\t\t\t\t\t\t\t\t\t\t\t\t<\/div>\n\t\t\t\t<\/div>\n\t\t\t\t<div class=\"elementor-element elementor-element-92d741a elementor-widget elementor-widget-image\" data-id=\"92d741a\" data-element_type=\"widget\" data-e-type=\"widget\" data-widget_type=\"image.default\">\n\t\t\t\t<div class=\"elementor-widget-container\">\n\t\t\t\t\t\t\t\t\t\t\t\t\t\t\t<img decoding=\"async\" width=\"249\" height=\"202\" src=\"https:\/\/vitalityzen.fr\/wp-content\/uploads\/2025\/01\/images.jpeg\" class=\"attachment-large size-large wp-image-268\" alt=\"\" \/>\t\t\t\t\t\t\t\t\t\t\t\t\t\t\t<\/div>\n\t\t\t\t<\/div>\n\t\t\t\t<\/div>\n\t\t\t\t<\/div>\n\t\t\t\t\t<\/div>\n\t\t\t\t<\/div>\n\t\t<div class=\"elementor-element elementor-element-8830b35 e-flex e-con-boxed e-con e-parent\" data-id=\"8830b35\" data-element_type=\"container\" data-e-type=\"container\">\n\t\t\t\t\t<div class=\"e-con-inner\">\n\t\t\t\t<div class=\"elementor-element elementor-element-32c7b61 elementor-widget-divider--view-line elementor-widget elementor-widget-divider\" data-id=\"32c7b61\" data-element_type=\"widget\" data-e-type=\"widget\" data-widget_type=\"divider.default\">\n\t\t\t\t<div class=\"elementor-widget-container\">\n\t\t\t\t\t\t\t<div class=\"elementor-divider\">\n\t\t\t<span class=\"elementor-divider-separator\">\n\t\t\t\t\t\t<\/span>\n\t\t<\/div>\n\t\t\t\t\t\t<\/div>\n\t\t\t\t<\/div>\n\t\t\t\t\t<\/div>\n\t\t\t\t<\/div>\n\t\t<div class=\"elementor-element elementor-element-3613501 e-flex e-con-boxed e-con e-parent\" data-id=\"3613501\" data-element_type=\"container\" data-e-type=\"container\">\n\t\t\t\t\t<div class=\"e-con-inner\">\n\t\t\t\t<div class=\"elementor-element elementor-element-9dc86dc elementor-align-center elementor-widget elementor-widget-button\" data-id=\"9dc86dc\" data-element_type=\"widget\" data-e-type=\"widget\" data-widget_type=\"button.default\">\n\t\t\t\t<div class=\"elementor-widget-container\">\n\t\t\t\t\t\t\t\t\t<div class=\"elementor-button-wrapper\">\n\t\t\t\t\t<a class=\"elementor-button elementor-button-link elementor-size-sm\" href=\"https:\/\/vitalityzen.fr\/index.php\/pedir-cita\/\" target=\"_blank\">\n\t\t\t\t\t\t<span class=\"elementor-button-content-wrapper\">\n\t\t\t\t\t\t\t\t\t<span class=\"elementor-button-text\">Pedir Cita<\/span>\n\t\t\t\t\t<\/span>\n\t\t\t\t\t<\/a>\n\t\t\t\t<\/div>\n\t\t\t\t\t\t\t\t<\/div>\n\t\t\t\t<\/div>\n\t\t\t\t\t<\/div>\n\t\t\t\t<\/div>\n\t\t<div class=\"elementor-element elementor-element-b6225e1 e-con-full e-flex e-con e-parent\" data-id=\"b6225e1\" data-element_type=\"container\" data-e-type=\"container\">\n\t\t\t\t<div class=\"elementor-element elementor-element-ec1472d elementor-widget-divider--view-line elementor-widget elementor-widget-divider\" data-id=\"ec1472d\" data-element_type=\"widget\" data-e-type=\"widget\" data-widget_type=\"divider.default\">\n\t\t\t\t<div class=\"elementor-widget-container\">\n\t\t\t\t\t\t\t<div class=\"elementor-divider\">\n\t\t\t<span class=\"elementor-divider-separator\">\n\t\t\t\t\t\t<\/span>\n\t\t<\/div>\n\t\t\t\t\t\t<\/div>\n\t\t\t\t<\/div>\n\t\t\t\t<\/div>\n\t\t\t\t<\/div>\n\t\t","protected":false},"excerpt":{"rendered":"<p>O que \u00e9 a acupunctura auricular ou auriculoterapia? \u00a0 A auriculoterapia \u00e9 um tipo de tratamento que tem as suas ra\u00edzes na Medicina Tradicional Chinesa e deriva da Acupunctura. Em 1990, foi reconhecida pela Organiza\u00e7\u00e3o Mundial de Sa\u00fade (OMS). Esta t\u00e9cnica baseia-se na estimula\u00e7\u00e3o de uma s\u00e9rie de pontos espec\u00edficos localizados na orelha para diagnosticar [&hellip;]<\/p>\n","protected":false},"author":1,"featured_media":0,"parent":0,"menu_order":0,"comment_status":"closed","ping_status":"closed","template":"","meta":{"footnotes":""},"class_list":["post-513","page","type-page","status-publish","hentry"],"yoast_head":"<!-- This site is optimized with the Yoast SEO plugin v24.4 - https:\/\/yoast.com\/wordpress\/plugins\/seo\/ -->\n<title>Terapia Auricular - Vitality Zen<\/title>\n<meta name=\"robots\" content=\"index, follow, max-snippet:-1, max-image-preview:large, max-video-preview:-1\" \/>\n<link rel=\"canonical\" href=\"https:\/\/vitalityzen.fr\/index.php\/pt\/acupunctura-auricular\/\" \/>\n<meta property=\"og:locale\" content=\"fr_FR\" \/>\n<meta property=\"og:type\" content=\"article\" \/>\n<meta property=\"og:title\" content=\"Terapia Auricular - Vitality Zen\" \/>\n<meta property=\"og:description\" content=\"O que \u00e9 a acupunctura auricular ou auriculoterapia? \u00a0 A auriculoterapia \u00e9 um tipo de tratamento que tem as suas ra\u00edzes na Medicina Tradicional Chinesa e deriva da Acupunctura. Em 1990, foi reconhecida pela Organiza\u00e7\u00e3o Mundial de Sa\u00fade (OMS). Esta t\u00e9cnica baseia-se na estimula\u00e7\u00e3o de uma s\u00e9rie de pontos espec\u00edficos localizados na orelha para diagnosticar [&hellip;]\" \/>\n<meta property=\"og:url\" content=\"https:\/\/vitalityzen.fr\/index.php\/pt\/acupunctura-auricular\/\" \/>\n<meta property=\"og:site_name\" content=\"Vitality Zen\" \/>\n<meta property=\"article:modified_time\" content=\"2025-02-25T13:32:09+00:00\" \/>\n<meta property=\"og:image\" content=\"https:\/\/vitalityzen.fr\/wp-content\/uploads\/elementor\/thumbs\/oreja_organos-r0e26c2spxlftzw6bm9hnmnzvrzcfua6pvt06rrftg.jpg\" \/>\n<meta name=\"twitter:card\" content=\"summary_large_image\" \/>\n<meta name=\"twitter:label1\" content=\"Dur\u00e9e de lecture estim\u00e9e\" \/>\n\t<meta name=\"twitter:data1\" content=\"3 minutes\" \/>\n<script type=\"application\/ld+json\" class=\"yoast-schema-graph\">{\"@context\":\"https:\/\/schema.org\",\"@graph\":[{\"@type\":\"WebPage\",\"@id\":\"https:\/\/vitalityzen.fr\/index.php\/pt\/acupunctura-auricular\/\",\"url\":\"https:\/\/vitalityzen.fr\/index.php\/pt\/acupunctura-auricular\/\",\"name\":\"Terapia Auricular - Vitality Zen\",\"isPartOf\":{\"@id\":\"https:\/\/vitalityzen.fr\/#website\"},\"primaryImageOfPage\":{\"@id\":\"https:\/\/vitalityzen.fr\/index.php\/pt\/acupunctura-auricular\/#primaryimage\"},\"image\":{\"@id\":\"https:\/\/vitalityzen.fr\/index.php\/pt\/acupunctura-auricular\/#primaryimage\"},\"thumbnailUrl\":\"https:\/\/vitalityzen.fr\/wp-content\/uploads\/elementor\/thumbs\/oreja_organos-r0e26c2spxlftzw6bm9hnmnzvrzcfua6pvt06rrftg.jpg\",\"datePublished\":\"2025-02-11T19:44:34+00:00\",\"dateModified\":\"2025-02-25T13:32:09+00:00\",\"breadcrumb\":{\"@id\":\"https:\/\/vitalityzen.fr\/index.php\/pt\/acupunctura-auricular\/#breadcrumb\"},\"inLanguage\":\"fr-FR\",\"potentialAction\":[{\"@type\":\"ReadAction\",\"target\":[\"https:\/\/vitalityzen.fr\/index.php\/pt\/acupunctura-auricular\/\"]}]},{\"@type\":\"ImageObject\",\"inLanguage\":\"fr-FR\",\"@id\":\"https:\/\/vitalityzen.fr\/index.php\/pt\/acupunctura-auricular\/#primaryimage\",\"url\":\"https:\/\/vitalityzen.fr\/wp-content\/uploads\/elementor\/thumbs\/oreja_organos-r0e26c2spxlftzw6bm9hnmnzvrzcfua6pvt06rrftg.jpg\",\"contentUrl\":\"https:\/\/vitalityzen.fr\/wp-content\/uploads\/elementor\/thumbs\/oreja_organos-r0e26c2spxlftzw6bm9hnmnzvrzcfua6pvt06rrftg.jpg\"},{\"@type\":\"BreadcrumbList\",\"@id\":\"https:\/\/vitalityzen.fr\/index.php\/pt\/acupunctura-auricular\/#breadcrumb\",\"itemListElement\":[{\"@type\":\"ListItem\",\"position\":1,\"name\":\"Accueil\",\"item\":\"https:\/\/vitalityzen.fr\/\"},{\"@type\":\"ListItem\",\"position\":2,\"name\":\"Terapia Auricular\"}]},{\"@type\":\"WebSite\",\"@id\":\"https:\/\/vitalityzen.fr\/#website\",\"url\":\"https:\/\/vitalityzen.fr\/\",\"name\":\"Vitality Zen\",\"description\":\"1, Rue Marietton 69009 Lyon - France\",\"publisher\":{\"@id\":\"https:\/\/vitalityzen.fr\/#organization\"},\"potentialAction\":[{\"@type\":\"SearchAction\",\"target\":{\"@type\":\"EntryPoint\",\"urlTemplate\":\"https:\/\/vitalityzen.fr\/?s={search_term_string}\"},\"query-input\":{\"@type\":\"PropertyValueSpecification\",\"valueRequired\":true,\"valueName\":\"search_term_string\"}}],\"inLanguage\":\"fr-FR\"},{\"@type\":\"Organization\",\"@id\":\"https:\/\/vitalityzen.fr\/#organization\",\"name\":\"Vitality Zen\",\"url\":\"https:\/\/vitalityzen.fr\/\",\"logo\":{\"@type\":\"ImageObject\",\"inLanguage\":\"fr-FR\",\"@id\":\"https:\/\/vitalityzen.fr\/#\/schema\/logo\/image\/\",\"url\":\"https:\/\/vitalityzen.fr\/wp-content\/uploads\/2025\/01\/cropped-Plan-de-travail-3-scaled-1.webp\",\"contentUrl\":\"https:\/\/vitalityzen.fr\/wp-content\/uploads\/2025\/01\/cropped-Plan-de-travail-3-scaled-1.webp\",\"width\":2270,\"height\":2533,\"caption\":\"Vitality Zen\"},\"image\":{\"@id\":\"https:\/\/vitalityzen.fr\/#\/schema\/logo\/image\/\"}}]}<\/script>\n<!-- \/ Yoast SEO plugin. -->","yoast_head_json":{"title":"Terapia Auricular - Vitality Zen","robots":{"index":"index","follow":"follow","max-snippet":"max-snippet:-1","max-image-preview":"max-image-preview:large","max-video-preview":"max-video-preview:-1"},"canonical":"https:\/\/vitalityzen.fr\/index.php\/pt\/acupunctura-auricular\/","og_locale":"fr_FR","og_type":"article","og_title":"Terapia Auricular - Vitality Zen","og_description":"O que \u00e9 a acupunctura auricular ou auriculoterapia? \u00a0 A auriculoterapia \u00e9 um tipo de tratamento que tem as suas ra\u00edzes na Medicina Tradicional Chinesa e deriva da Acupunctura. Em 1990, foi reconhecida pela Organiza\u00e7\u00e3o Mundial de Sa\u00fade (OMS). Esta t\u00e9cnica baseia-se na estimula\u00e7\u00e3o de uma s\u00e9rie de pontos espec\u00edficos localizados na orelha para diagnosticar [&hellip;]","og_url":"https:\/\/vitalityzen.fr\/index.php\/pt\/acupunctura-auricular\/","og_site_name":"Vitality Zen","article_modified_time":"2025-02-25T13:32:09+00:00","og_image":[{"url":"https:\/\/vitalityzen.fr\/wp-content\/uploads\/elementor\/thumbs\/oreja_organos-r0e26c2spxlftzw6bm9hnmnzvrzcfua6pvt06rrftg.jpg","type":"","width":"","height":""}],"twitter_card":"summary_large_image","twitter_misc":{"Dur\u00e9e de lecture estim\u00e9e":"3 minutes"},"schema":{"@context":"https:\/\/schema.org","@graph":[{"@type":"WebPage","@id":"https:\/\/vitalityzen.fr\/index.php\/pt\/acupunctura-auricular\/","url":"https:\/\/vitalityzen.fr\/index.php\/pt\/acupunctura-auricular\/","name":"Terapia Auricular - Vitality Zen","isPartOf":{"@id":"https:\/\/vitalityzen.fr\/#website"},"primaryImageOfPage":{"@id":"https:\/\/vitalityzen.fr\/index.php\/pt\/acupunctura-auricular\/#primaryimage"},"image":{"@id":"https:\/\/vitalityzen.fr\/index.php\/pt\/acupunctura-auricular\/#primaryimage"},"thumbnailUrl":"https:\/\/vitalityzen.fr\/wp-content\/uploads\/elementor\/thumbs\/oreja_organos-r0e26c2spxlftzw6bm9hnmnzvrzcfua6pvt06rrftg.jpg","datePublished":"2025-02-11T19:44:34+00:00","dateModified":"2025-02-25T13:32:09+00:00","breadcrumb":{"@id":"https:\/\/vitalityzen.fr\/index.php\/pt\/acupunctura-auricular\/#breadcrumb"},"inLanguage":"fr-FR","potentialAction":[{"@type":"ReadAction","target":["https:\/\/vitalityzen.fr\/index.php\/pt\/acupunctura-auricular\/"]}]},{"@type":"ImageObject","inLanguage":"fr-FR","@id":"https:\/\/vitalityzen.fr\/index.php\/pt\/acupunctura-auricular\/#primaryimage","url":"https:\/\/vitalityzen.fr\/wp-content\/uploads\/elementor\/thumbs\/oreja_organos-r0e26c2spxlftzw6bm9hnmnzvrzcfua6pvt06rrftg.jpg","contentUrl":"https:\/\/vitalityzen.fr\/wp-content\/uploads\/elementor\/thumbs\/oreja_organos-r0e26c2spxlftzw6bm9hnmnzvrzcfua6pvt06rrftg.jpg"},{"@type":"BreadcrumbList","@id":"https:\/\/vitalityzen.fr\/index.php\/pt\/acupunctura-auricular\/#breadcrumb","itemListElement":[{"@type":"ListItem","position":1,"name":"Accueil","item":"https:\/\/vitalityzen.fr\/"},{"@type":"ListItem","position":2,"name":"Terapia Auricular"}]},{"@type":"WebSite","@id":"https:\/\/vitalityzen.fr\/#website","url":"https:\/\/vitalityzen.fr\/","name":"Vitality Zen","description":"1, Rue Marietton 69009 Lyon - France","publisher":{"@id":"https:\/\/vitalityzen.fr\/#organization"},"potentialAction":[{"@type":"SearchAction","target":{"@type":"EntryPoint","urlTemplate":"https:\/\/vitalityzen.fr\/?s={search_term_string}"},"query-input":{"@type":"PropertyValueSpecification","valueRequired":true,"valueName":"search_term_string"}}],"inLanguage":"fr-FR"},{"@type":"Organization","@id":"https:\/\/vitalityzen.fr\/#organization","name":"Vitality Zen","url":"https:\/\/vitalityzen.fr\/","logo":{"@type":"ImageObject","inLanguage":"fr-FR","@id":"https:\/\/vitalityzen.fr\/#\/schema\/logo\/image\/","url":"https:\/\/vitalityzen.fr\/wp-content\/uploads\/2025\/01\/cropped-Plan-de-travail-3-scaled-1.webp","contentUrl":"https:\/\/vitalityzen.fr\/wp-content\/uploads\/2025\/01\/cropped-Plan-de-travail-3-scaled-1.webp","width":2270,"height":2533,"caption":"Vitality Zen"},"image":{"@id":"https:\/\/vitalityzen.fr\/#\/schema\/logo\/image\/"}}]}},"_links":{"self":[{"href":"https:\/\/vitalityzen.fr\/index.php\/wp-json\/wp\/v2\/pages\/513","targetHints":{"allow":["GET"]}}],"collection":[{"href":"https:\/\/vitalityzen.fr\/index.php\/wp-json\/wp\/v2\/pages"}],"about":[{"href":"https:\/\/vitalityzen.fr\/index.php\/wp-json\/wp\/v2\/types\/page"}],"author":[{"embeddable":true,"href":"https:\/\/vitalityzen.fr\/index.php\/wp-json\/wp\/v2\/users\/1"}],"replies":[{"embeddable":true,"href":"https:\/\/vitalityzen.fr\/index.php\/wp-json\/wp\/v2\/comments?post=513"}],"version-history":[{"count":5,"href":"https:\/\/vitalityzen.fr\/index.php\/wp-json\/wp\/v2\/pages\/513\/revisions"}],"predecessor-version":[{"id":855,"href":"https:\/\/vitalityzen.fr\/index.php\/wp-json\/wp\/v2\/pages\/513\/revisions\/855"}],"wp:attachment":[{"href":"https:\/\/vitalityzen.fr\/index.php\/wp-json\/wp\/v2\/media?parent=513"}],"curies":[{"name":"wp","href":"https:\/\/api.w.org\/{rel}","templated":true}]}}