{"id":535,"date":"2025-02-11T21:56:06","date_gmt":"2025-02-11T20:56:06","guid":{"rendered":"https:\/\/vitalityzen.fr\/?page_id=535"},"modified":"2025-02-11T21:59:30","modified_gmt":"2025-02-11T20:59:30","slug":"reflexologia-2","status":"publish","type":"page","link":"https:\/\/vitalityzen.fr\/index.php\/pt\/reflexologia-2\/","title":{"rendered":"REFLEXOLOGIA"},"content":{"rendered":"\t\t<div data-elementor-type=\"wp-page\" data-elementor-id=\"535\" class=\"elementor elementor-535\">\n\t\t\t\t<div class=\"elementor-element elementor-element-8dc70e4 e-flex e-con-boxed e-con e-parent\" data-id=\"8dc70e4\" data-element_type=\"container\" data-e-type=\"container\">\n\t\t\t\t\t<div class=\"e-con-inner\">\n\t\t\t\t<div class=\"elementor-element elementor-element-f3cb6c1 elementor-widget elementor-widget-spacer\" data-id=\"f3cb6c1\" data-element_type=\"widget\" data-e-type=\"widget\" data-widget_type=\"spacer.default\">\n\t\t\t\t<div class=\"elementor-widget-container\">\n\t\t\t\t\t\t\t<div class=\"elementor-spacer\">\n\t\t\t<div class=\"elementor-spacer-inner\"><\/div>\n\t\t<\/div>\n\t\t\t\t\t\t<\/div>\n\t\t\t\t<\/div>\n\t\t\t\t\t<\/div>\n\t\t\t\t<\/div>\n\t\t<div class=\"elementor-element elementor-element-e8c096d e-flex e-con-boxed e-con e-parent\" data-id=\"e8c096d\" data-element_type=\"container\" data-e-type=\"container\">\n\t\t\t\t\t<div class=\"e-con-inner\">\n\t\t\t\t<div class=\"elementor-element elementor-element-9513c2e elementor-widget elementor-widget-heading\" data-id=\"9513c2e\" data-element_type=\"widget\" data-e-type=\"widget\" data-widget_type=\"heading.default\">\n\t\t\t\t<div class=\"elementor-widget-container\">\n\t\t\t\t\t<h2 class=\"elementor-heading-title elementor-size-default\">Reflexologia dos p\u00e9s, das m\u00e3os e do rosto<\/h2>\t\t\t\t<\/div>\n\t\t\t\t<\/div>\n\t\t\t\t\t<\/div>\n\t\t\t\t<\/div>\n\t\t<div class=\"elementor-element elementor-element-c440c15 e-flex e-con-boxed e-con e-parent\" data-id=\"c440c15\" data-element_type=\"container\" data-e-type=\"container\">\n\t\t\t\t\t<div class=\"e-con-inner\">\n\t\t\t\t<div class=\"elementor-element elementor-element-75f9302 elementor-widget elementor-widget-spacer\" data-id=\"75f9302\" data-element_type=\"widget\" data-e-type=\"widget\" data-widget_type=\"spacer.default\">\n\t\t\t\t<div class=\"elementor-widget-container\">\n\t\t\t\t\t\t\t<div class=\"elementor-spacer\">\n\t\t\t<div class=\"elementor-spacer-inner\"><\/div>\n\t\t<\/div>\n\t\t\t\t\t\t<\/div>\n\t\t\t\t<\/div>\n\t\t\t\t\t<\/div>\n\t\t\t\t<\/div>\n\t\t<div class=\"elementor-element elementor-element-d57d174 e-flex e-con-boxed e-con e-parent\" data-id=\"d57d174\" data-element_type=\"container\" data-e-type=\"container\">\n\t\t\t\t\t<div class=\"e-con-inner\">\n\t\t<div class=\"elementor-element elementor-element-86e0f87 e-con-full e-flex e-con e-child\" data-id=\"86e0f87\" data-element_type=\"container\" data-e-type=\"container\">\n\t\t\t\t<div class=\"elementor-element elementor-element-85c060b elementor-widget elementor-widget-text-editor\" data-id=\"85c060b\" data-element_type=\"widget\" data-e-type=\"widget\" data-widget_type=\"text-editor.default\">\n\t\t\t\t<div class=\"elementor-widget-container\">\n\t\t\t\t\t\t\t\t\t<p>Equilibrar os pontos reflexos dos p\u00e9s, das m\u00e3os e do rosto. Os pontos reflexos, tamb\u00e9m conhecidos como pontos de reflexologia, s\u00e3o zonas espec\u00edficas na pele dos p\u00e9s, m\u00e3os, orelhas, rosto e cabe\u00e7a, que est\u00e3o ligadas a outras partes, \u00f3rg\u00e3os ou sistemas do corpo.<\/p>\t\t\t\t\t\t\t\t<\/div>\n\t\t\t\t<\/div>\n\t\t\t\t<\/div>\n\t\t<div class=\"elementor-element elementor-element-7579c64 e-con-full e-flex e-con e-child\" data-id=\"7579c64\" data-element_type=\"container\" data-e-type=\"container\">\n\t\t\t\t<div class=\"elementor-element elementor-element-b5d6a45 elementor-widget elementor-widget-image\" data-id=\"b5d6a45\" data-element_type=\"widget\" data-e-type=\"widget\" data-widget_type=\"image.default\">\n\t\t\t\t<div class=\"elementor-widget-container\">\n\t\t\t\t\t\t\t\t\t\t\t\t\t\t\t<img fetchpriority=\"high\" decoding=\"async\" width=\"470\" height=\"246\" src=\"https:\/\/vitalityzen.fr\/wp-content\/uploads\/2025\/01\/reflexologia_rostro.jpg\" class=\"attachment-large size-large wp-image-191\" alt=\"\" srcset=\"https:\/\/vitalityzen.fr\/wp-content\/uploads\/2025\/01\/reflexologia_rostro.jpg 470w, https:\/\/vitalityzen.fr\/wp-content\/uploads\/2025\/01\/reflexologia_rostro-300x157.jpg 300w, https:\/\/vitalityzen.fr\/wp-content\/uploads\/2025\/01\/elementor\/thumbs\/reflexologia_rostro-r0ata6iikuj06h4vvsbdx985ejm4wzuc1tesq2i8b2.jpg 298w\" sizes=\"(max-width: 470px) 100vw, 470px\" \/>\t\t\t\t\t\t\t\t\t\t\t\t\t\t\t<\/div>\n\t\t\t\t<\/div>\n\t\t\t\t<\/div>\n\t\t\t\t\t<\/div>\n\t\t\t\t<\/div>\n\t\t<div class=\"elementor-element elementor-element-fcc4c34 e-flex e-con-boxed e-con e-parent\" data-id=\"fcc4c34\" data-element_type=\"container\" data-e-type=\"container\">\n\t\t\t\t\t<div class=\"e-con-inner\">\n\t\t<div class=\"elementor-element elementor-element-2528dcb e-con-full e-flex e-con e-child\" data-id=\"2528dcb\" data-element_type=\"container\" data-e-type=\"container\">\n\t\t\t\t<div class=\"elementor-element elementor-element-7c6e7de elementor-widget elementor-widget-image\" data-id=\"7c6e7de\" data-element_type=\"widget\" data-e-type=\"widget\" data-widget_type=\"image.default\">\n\t\t\t\t<div class=\"elementor-widget-container\">\n\t\t\t\t\t\t\t\t\t\t\t\t\t\t\t<img decoding=\"async\" width=\"800\" height=\"946\" src=\"https:\/\/vitalityzen.fr\/wp-content\/uploads\/2025\/01\/reflexologia_manos-866x1024.jpg\" class=\"attachment-large size-large wp-image-190\" alt=\"\" srcset=\"https:\/\/vitalityzen.fr\/wp-content\/uploads\/2025\/01\/reflexologia_manos-866x1024.jpg 866w, https:\/\/vitalityzen.fr\/wp-content\/uploads\/2025\/01\/reflexologia_manos-254x300.jpg 254w, https:\/\/vitalityzen.fr\/wp-content\/uploads\/2025\/01\/reflexologia_manos-768x908.jpg 768w, https:\/\/vitalityzen.fr\/wp-content\/uploads\/2025\/01\/reflexologia_manos.jpg 1116w\" sizes=\"(max-width: 800px) 100vw, 800px\" \/>\t\t\t\t\t\t\t\t\t\t\t\t\t\t\t<\/div>\n\t\t\t\t<\/div>\n\t\t\t\t<\/div>\n\t\t<div class=\"elementor-element elementor-element-31461dd e-con-full e-flex e-con e-child\" data-id=\"31461dd\" data-element_type=\"container\" data-e-type=\"container\">\n\t\t\t\t<div class=\"elementor-element elementor-element-f3c85c1 elementor-widget elementor-widget-text-editor\" data-id=\"f3c85c1\" data-element_type=\"widget\" data-e-type=\"widget\" data-widget_type=\"text-editor.default\">\n\t\t\t\t<div class=\"elementor-widget-container\">\n\t\t\t\t\t\t\t\t\t<ul><li><p>&#8211; A reflexologia \u00e9 uma pr\u00e1tica terap\u00eautica baseada na estimula\u00e7\u00e3o destes pontos reflexos para libertar bloqueios, melhorar o fluxo de energia e promover a sa\u00fade e o bem-estar geral numa perspetiva hol\u00edstica e integral.<\/p><p>&#8211; A estimula\u00e7\u00e3o destes pontos \u00e9 efectuada atrav\u00e9s da aplica\u00e7\u00e3o da press\u00e3o dos dedos (acupress\u00e3o) ou da utiliza\u00e7\u00e3o de t\u00e9cnicas e manobras espec\u00edficas.<\/p><\/li><\/ul>\t\t\t\t\t\t\t\t<\/div>\n\t\t\t\t<\/div>\n\t\t\t\t<\/div>\n\t\t\t\t\t<\/div>\n\t\t\t\t<\/div>\n\t\t<div class=\"elementor-element elementor-element-babe0a8 e-flex e-con-boxed e-con e-parent\" data-id=\"babe0a8\" data-element_type=\"container\" data-e-type=\"container\">\n\t\t\t\t\t<div class=\"e-con-inner\">\n\t\t<div class=\"elementor-element elementor-element-a46e7dd e-con-full e-flex e-con e-child\" data-id=\"a46e7dd\" data-element_type=\"container\" data-e-type=\"container\">\n\t\t\t\t<div class=\"elementor-element elementor-element-90a71ca elementor-widget elementor-widget-text-editor\" data-id=\"90a71ca\" data-element_type=\"widget\" data-e-type=\"widget\" data-widget_type=\"text-editor.default\">\n\t\t\t\t<div class=\"elementor-widget-container\">\n\t\t\t\t\t\t\t\t\t<ul><li><p>&#8211; Ao estimular os pontos reflexos, localizados nas termina\u00e7\u00f5es nervosas, s\u00e3o enviados sinais atrav\u00e9s dos nervos do sistema nervoso perif\u00e9rico para a espinal medula e, por fim, para o c\u00e9rebro.<\/p><p>&#8211; Quando os sinais chegam ao c\u00e9rebro, este processa-os e interpreta-os, desencadeando respostas noutras partes do corpo atrav\u00e9s da liberta\u00e7\u00e3o de neurotransmissores, da modula\u00e7\u00e3o da atividade hormonal ou da regula\u00e7\u00e3o da circula\u00e7\u00e3o sangu\u00ednea.<\/p><p>&#8211; A resposta fisiol\u00f3gica resultante tem um impacto positivo na sa\u00fade f\u00edsica e emocional geral.<\/p><\/li><\/ul>\t\t\t\t\t\t\t\t<\/div>\n\t\t\t\t<\/div>\n\t\t\t\t<\/div>\n\t\t<div class=\"elementor-element elementor-element-5f111a8 e-con-full e-flex e-con e-child\" data-id=\"5f111a8\" data-element_type=\"container\" data-e-type=\"container\">\n\t\t\t\t<div class=\"elementor-element elementor-element-ba7687d elementor-widget elementor-widget-image\" data-id=\"ba7687d\" data-element_type=\"widget\" data-e-type=\"widget\" data-widget_type=\"image.default\">\n\t\t\t\t<div class=\"elementor-widget-container\">\n\t\t\t\t\t\t\t\t\t\t\t\t\t\t\t<img decoding=\"async\" width=\"474\" height=\"603\" src=\"https:\/\/vitalityzen.fr\/wp-content\/uploads\/2025\/01\/pie_reflexologia.jpg\" class=\"attachment-large size-large wp-image-186\" alt=\"\" srcset=\"https:\/\/vitalityzen.fr\/wp-content\/uploads\/2025\/01\/pie_reflexologia.jpg 474w, https:\/\/vitalityzen.fr\/wp-content\/uploads\/2025\/01\/pie_reflexologia-236x300.jpg 236w\" sizes=\"(max-width: 474px) 100vw, 474px\" \/>\t\t\t\t\t\t\t\t\t\t\t\t\t\t\t<\/div>\n\t\t\t\t<\/div>\n\t\t\t\t<\/div>\n\t\t\t\t\t<\/div>\n\t\t\t\t<\/div>\n\t\t<div class=\"elementor-element elementor-element-04bc0fc e-flex e-con-boxed e-con e-parent\" data-id=\"04bc0fc\" data-element_type=\"container\" data-e-type=\"container\">\n\t\t\t\t\t<div class=\"e-con-inner\">\n\t\t\t\t<div class=\"elementor-element elementor-element-4f14fed elementor-widget elementor-widget-text-editor\" data-id=\"4f14fed\" data-element_type=\"widget\" data-e-type=\"widget\" data-widget_type=\"text-editor.default\">\n\t\t\t\t<div class=\"elementor-widget-container\">\n\t\t\t\t\t\t\t\t\t<p>A reflexologia das m\u00e3os \u00e9 uma terapia manual baseada, tal como a reflexologia podal, na estimula\u00e7\u00e3o de pontos reflexos. O seu objetivo \u00e9 atingir um estado de relaxamento, aliviar as doen\u00e7as f\u00edsicas e desbloquear o desconforto emocional. A reflexologia podal para beb\u00e9s ajuda-os nas c\u00f3licas, diarreia, pris\u00e3o de ventre, agita\u00e7\u00e3o, nervosismo, ins\u00f3nia, etc.<\/p>\t\t\t\t\t\t\t\t<\/div>\n\t\t\t\t<\/div>\n\t\t\t\t\t<\/div>\n\t\t\t\t<\/div>\n\t\t<div class=\"elementor-element elementor-element-96cc601 e-grid e-con-boxed e-con e-parent\" data-id=\"96cc601\" data-element_type=\"container\" data-e-type=\"container\">\n\t\t\t\t\t<div class=\"e-con-inner\">\n\t\t\t\t<div class=\"elementor-element elementor-element-5e47c97 elementor-widget elementor-widget-image\" data-id=\"5e47c97\" data-element_type=\"widget\" data-e-type=\"widget\" data-widget_type=\"image.default\">\n\t\t\t\t<div class=\"elementor-widget-container\">\n\t\t\t\t\t\t\t\t\t\t\t\t\t\t\t<img decoding=\"async\" src=\"https:\/\/vitalityzen.fr\/wp-content\/uploads\/elementor\/thumbs\/Presentation1-r0bzav68l1exeuafprechn0xnksgghk8d591ee6jl8.jpg\" title=\"Pr\u00e9sentation1\" alt=\"Pr\u00e9sentation1\" loading=\"lazy\" \/>\t\t\t\t\t\t\t\t\t\t\t\t\t\t\t<\/div>\n\t\t\t\t<\/div>\n\t\t\t\t<div class=\"elementor-element elementor-element-d940666 elementor-widget elementor-widget-image\" data-id=\"d940666\" data-element_type=\"widget\" data-e-type=\"widget\" data-widget_type=\"image.default\">\n\t\t\t\t<div class=\"elementor-widget-container\">\n\t\t\t\t\t\t\t\t\t\t\t\t\t\t\t<img decoding=\"async\" src=\"https:\/\/vitalityzen.fr\/wp-content\/uploads\/elementor\/thumbs\/foto-reflex_manos-r0bvxj6855k0abp617j25er8ueg6qwn2q73afe1320.jpg\" title=\"foto reflex_manos\" alt=\"foto reflex_manos\" loading=\"lazy\" \/>\t\t\t\t\t\t\t\t\t\t\t\t\t\t\t<\/div>\n\t\t\t\t<\/div>\n\t\t\t\t<div class=\"elementor-element elementor-element-6bfb07c elementor-widget elementor-widget-image\" data-id=\"6bfb07c\" data-element_type=\"widget\" data-e-type=\"widget\" data-widget_type=\"image.default\">\n\t\t\t\t<div class=\"elementor-widget-container\">\n\t\t\t\t\t\t\t\t\t\t\t\t\t\t\t<img decoding=\"async\" src=\"https:\/\/vitalityzen.fr\/wp-content\/uploads\/elementor\/thumbs\/imagen-pie-r0bvokrl0zano2phbu60w64538laeq355vbqthb4c8.jpg\" title=\"imagen pie\" alt=\"imagen pie\" loading=\"lazy\" \/>\t\t\t\t\t\t\t\t\t\t\t\t\t\t\t<\/div>\n\t\t\t\t<\/div>\n\t\t\t\t\t<\/div>\n\t\t\t\t<\/div>\n\t\t<div class=\"elementor-element elementor-element-228b32b e-flex e-con-boxed e-con e-parent\" data-id=\"228b32b\" data-element_type=\"container\" data-e-type=\"container\">\n\t\t\t\t\t<div class=\"e-con-inner\">\n\t\t\t\t<div class=\"elementor-element elementor-element-f9b4505 elementor-widget-divider--view-line elementor-widget elementor-widget-divider\" data-id=\"f9b4505\" data-element_type=\"widget\" data-e-type=\"widget\" data-widget_type=\"divider.default\">\n\t\t\t\t<div class=\"elementor-widget-container\">\n\t\t\t\t\t\t\t<div class=\"elementor-divider\">\n\t\t\t<span class=\"elementor-divider-separator\">\n\t\t\t\t\t\t<\/span>\n\t\t<\/div>\n\t\t\t\t\t\t<\/div>\n\t\t\t\t<\/div>\n\t\t\t\t\t<\/div>\n\t\t\t\t<\/div>\n\t\t<div class=\"elementor-element elementor-element-99d41e8 e-flex e-con-boxed e-con e-parent\" data-id=\"99d41e8\" data-element_type=\"container\" data-e-type=\"container\">\n\t\t\t\t\t<div class=\"e-con-inner\">\n\t\t\t\t<div class=\"elementor-element elementor-element-6a21fa1 elementor-align-center elementor-widget elementor-widget-button\" data-id=\"6a21fa1\" data-element_type=\"widget\" data-e-type=\"widget\" data-widget_type=\"button.default\">\n\t\t\t\t<div class=\"elementor-widget-container\">\n\t\t\t\t\t\t\t\t\t<div class=\"elementor-button-wrapper\">\n\t\t\t\t\t<a class=\"elementor-button elementor-button-link elementor-size-sm\" href=\"https:\/\/vitalityzen.fr\/index.php\/pedir-cita\/\" target=\"_blank\">\n\t\t\t\t\t\t<span class=\"elementor-button-content-wrapper\">\n\t\t\t\t\t\t\t\t\t<span class=\"elementor-button-text\">Pedir Cita<\/span>\n\t\t\t\t\t<\/span>\n\t\t\t\t\t<\/a>\n\t\t\t\t<\/div>\n\t\t\t\t\t\t\t\t<\/div>\n\t\t\t\t<\/div>\n\t\t\t\t\t<\/div>\n\t\t\t\t<\/div>\n\t\t<div class=\"elementor-element elementor-element-bc923be e-con-full e-flex e-con e-parent\" data-id=\"bc923be\" data-element_type=\"container\" data-e-type=\"container\">\n\t\t\t\t<div class=\"elementor-element elementor-element-44dca9e elementor-widget-divider--view-line elementor-widget elementor-widget-divider\" data-id=\"44dca9e\" data-element_type=\"widget\" data-e-type=\"widget\" data-widget_type=\"divider.default\">\n\t\t\t\t<div class=\"elementor-widget-container\">\n\t\t\t\t\t\t\t<div class=\"elementor-divider\">\n\t\t\t<span class=\"elementor-divider-separator\">\n\t\t\t\t\t\t<\/span>\n\t\t<\/div>\n\t\t\t\t\t\t<\/div>\n\t\t\t\t<\/div>\n\t\t\t\t<\/div>\n\t\t\t\t<\/div>\n\t\t","protected":false},"excerpt":{"rendered":"<p>Reflexologia dos p\u00e9s, das m\u00e3os e do rosto Equilibrar os pontos reflexos dos p\u00e9s, das m\u00e3os e do rosto. Os pontos reflexos, tamb\u00e9m conhecidos como pontos de reflexologia, s\u00e3o zonas espec\u00edficas na pele dos p\u00e9s, m\u00e3os, orelhas, rosto e cabe\u00e7a, que est\u00e3o ligadas a outras partes, \u00f3rg\u00e3os ou sistemas do corpo. &#8211; A reflexologia \u00e9 [&hellip;]<\/p>\n","protected":false},"author":1,"featured_media":0,"parent":0,"menu_order":0,"comment_status":"closed","ping_status":"closed","template":"","meta":{"footnotes":""},"class_list":["post-535","page","type-page","status-publish","hentry"],"yoast_head":"<!-- This site is optimized with the Yoast SEO plugin v24.4 - https:\/\/yoast.com\/wordpress\/plugins\/seo\/ -->\n<title>REFLEXOLOGIA - Vitality Zen<\/title>\n<meta name=\"robots\" content=\"index, follow, max-snippet:-1, max-image-preview:large, max-video-preview:-1\" \/>\n<link rel=\"canonical\" href=\"https:\/\/vitalityzen.fr\/index.php\/pt\/reflexologia-2\/\" \/>\n<meta property=\"og:locale\" content=\"fr_FR\" \/>\n<meta property=\"og:type\" content=\"article\" \/>\n<meta property=\"og:title\" content=\"REFLEXOLOGIA - Vitality Zen\" \/>\n<meta property=\"og:description\" content=\"Reflexologia dos p\u00e9s, das m\u00e3os e do rosto Equilibrar os pontos reflexos dos p\u00e9s, das m\u00e3os e do rosto. Os pontos reflexos, tamb\u00e9m conhecidos como pontos de reflexologia, s\u00e3o zonas espec\u00edficas na pele dos p\u00e9s, m\u00e3os, orelhas, rosto e cabe\u00e7a, que est\u00e3o ligadas a outras partes, \u00f3rg\u00e3os ou sistemas do corpo. &#8211; A reflexologia \u00e9 [&hellip;]\" \/>\n<meta property=\"og:url\" content=\"https:\/\/vitalityzen.fr\/index.php\/pt\/reflexologia-2\/\" \/>\n<meta property=\"og:site_name\" content=\"Vitality Zen\" \/>\n<meta property=\"article:modified_time\" content=\"2025-02-11T20:59:30+00:00\" \/>\n<meta property=\"og:image\" content=\"https:\/\/vitalityzen.fr\/wp-content\/uploads\/2025\/01\/reflexologia_rostro.jpg\" \/>\n\t<meta property=\"og:image:width\" content=\"470\" \/>\n\t<meta property=\"og:image:height\" content=\"246\" \/>\n\t<meta property=\"og:image:type\" content=\"image\/jpeg\" \/>\n<meta name=\"twitter:card\" content=\"summary_large_image\" \/>\n<meta name=\"twitter:label1\" content=\"Dur\u00e9e de lecture estim\u00e9e\" \/>\n\t<meta name=\"twitter:data1\" content=\"3 minutes\" \/>\n<script type=\"application\/ld+json\" class=\"yoast-schema-graph\">{\"@context\":\"https:\/\/schema.org\",\"@graph\":[{\"@type\":\"WebPage\",\"@id\":\"https:\/\/vitalityzen.fr\/index.php\/pt\/reflexologia-2\/\",\"url\":\"https:\/\/vitalityzen.fr\/index.php\/pt\/reflexologia-2\/\",\"name\":\"REFLEXOLOGIA - Vitality Zen\",\"isPartOf\":{\"@id\":\"https:\/\/vitalityzen.fr\/#website\"},\"primaryImageOfPage\":{\"@id\":\"https:\/\/vitalityzen.fr\/index.php\/pt\/reflexologia-2\/#primaryimage\"},\"image\":{\"@id\":\"https:\/\/vitalityzen.fr\/index.php\/pt\/reflexologia-2\/#primaryimage\"},\"thumbnailUrl\":\"https:\/\/vitalityzen.fr\/wp-content\/uploads\/2025\/01\/reflexologia_rostro.jpg\",\"datePublished\":\"2025-02-11T20:56:06+00:00\",\"dateModified\":\"2025-02-11T20:59:30+00:00\",\"breadcrumb\":{\"@id\":\"https:\/\/vitalityzen.fr\/index.php\/pt\/reflexologia-2\/#breadcrumb\"},\"inLanguage\":\"fr-FR\",\"potentialAction\":[{\"@type\":\"ReadAction\",\"target\":[\"https:\/\/vitalityzen.fr\/index.php\/pt\/reflexologia-2\/\"]}]},{\"@type\":\"ImageObject\",\"inLanguage\":\"fr-FR\",\"@id\":\"https:\/\/vitalityzen.fr\/index.php\/pt\/reflexologia-2\/#primaryimage\",\"url\":\"https:\/\/vitalityzen.fr\/wp-content\/uploads\/2025\/01\/reflexologia_rostro.jpg\",\"contentUrl\":\"https:\/\/vitalityzen.fr\/wp-content\/uploads\/2025\/01\/reflexologia_rostro.jpg\",\"width\":470,\"height\":246},{\"@type\":\"BreadcrumbList\",\"@id\":\"https:\/\/vitalityzen.fr\/index.php\/pt\/reflexologia-2\/#breadcrumb\",\"itemListElement\":[{\"@type\":\"ListItem\",\"position\":1,\"name\":\"Accueil\",\"item\":\"https:\/\/vitalityzen.fr\/\"},{\"@type\":\"ListItem\",\"position\":2,\"name\":\"REFLEXOLOGIA\"}]},{\"@type\":\"WebSite\",\"@id\":\"https:\/\/vitalityzen.fr\/#website\",\"url\":\"https:\/\/vitalityzen.fr\/\",\"name\":\"Vitality Zen\",\"description\":\"1, Rue Marietton 69009 Lyon - France\",\"publisher\":{\"@id\":\"https:\/\/vitalityzen.fr\/#organization\"},\"potentialAction\":[{\"@type\":\"SearchAction\",\"target\":{\"@type\":\"EntryPoint\",\"urlTemplate\":\"https:\/\/vitalityzen.fr\/?s={search_term_string}\"},\"query-input\":{\"@type\":\"PropertyValueSpecification\",\"valueRequired\":true,\"valueName\":\"search_term_string\"}}],\"inLanguage\":\"fr-FR\"},{\"@type\":\"Organization\",\"@id\":\"https:\/\/vitalityzen.fr\/#organization\",\"name\":\"Vitality Zen\",\"url\":\"https:\/\/vitalityzen.fr\/\",\"logo\":{\"@type\":\"ImageObject\",\"inLanguage\":\"fr-FR\",\"@id\":\"https:\/\/vitalityzen.fr\/#\/schema\/logo\/image\/\",\"url\":\"https:\/\/vitalityzen.fr\/wp-content\/uploads\/2025\/01\/cropped-Plan-de-travail-3-scaled-1.webp\",\"contentUrl\":\"https:\/\/vitalityzen.fr\/wp-content\/uploads\/2025\/01\/cropped-Plan-de-travail-3-scaled-1.webp\",\"width\":2270,\"height\":2533,\"caption\":\"Vitality Zen\"},\"image\":{\"@id\":\"https:\/\/vitalityzen.fr\/#\/schema\/logo\/image\/\"}}]}<\/script>\n<!-- \/ Yoast SEO plugin. -->","yoast_head_json":{"title":"REFLEXOLOGIA - Vitality Zen","robots":{"index":"index","follow":"follow","max-snippet":"max-snippet:-1","max-image-preview":"max-image-preview:large","max-video-preview":"max-video-preview:-1"},"canonical":"https:\/\/vitalityzen.fr\/index.php\/pt\/reflexologia-2\/","og_locale":"fr_FR","og_type":"article","og_title":"REFLEXOLOGIA - Vitality Zen","og_description":"Reflexologia dos p\u00e9s, das m\u00e3os e do rosto Equilibrar os pontos reflexos dos p\u00e9s, das m\u00e3os e do rosto. Os pontos reflexos, tamb\u00e9m conhecidos como pontos de reflexologia, s\u00e3o zonas espec\u00edficas na pele dos p\u00e9s, m\u00e3os, orelhas, rosto e cabe\u00e7a, que est\u00e3o ligadas a outras partes, \u00f3rg\u00e3os ou sistemas do corpo. &#8211; A reflexologia \u00e9 [&hellip;]","og_url":"https:\/\/vitalityzen.fr\/index.php\/pt\/reflexologia-2\/","og_site_name":"Vitality Zen","article_modified_time":"2025-02-11T20:59:30+00:00","og_image":[{"width":470,"height":246,"url":"https:\/\/vitalityzen.fr\/wp-content\/uploads\/2025\/01\/reflexologia_rostro.jpg","type":"image\/jpeg"}],"twitter_card":"summary_large_image","twitter_misc":{"Dur\u00e9e de lecture estim\u00e9e":"3 minutes"},"schema":{"@context":"https:\/\/schema.org","@graph":[{"@type":"WebPage","@id":"https:\/\/vitalityzen.fr\/index.php\/pt\/reflexologia-2\/","url":"https:\/\/vitalityzen.fr\/index.php\/pt\/reflexologia-2\/","name":"REFLEXOLOGIA - Vitality Zen","isPartOf":{"@id":"https:\/\/vitalityzen.fr\/#website"},"primaryImageOfPage":{"@id":"https:\/\/vitalityzen.fr\/index.php\/pt\/reflexologia-2\/#primaryimage"},"image":{"@id":"https:\/\/vitalityzen.fr\/index.php\/pt\/reflexologia-2\/#primaryimage"},"thumbnailUrl":"https:\/\/vitalityzen.fr\/wp-content\/uploads\/2025\/01\/reflexologia_rostro.jpg","datePublished":"2025-02-11T20:56:06+00:00","dateModified":"2025-02-11T20:59:30+00:00","breadcrumb":{"@id":"https:\/\/vitalityzen.fr\/index.php\/pt\/reflexologia-2\/#breadcrumb"},"inLanguage":"fr-FR","potentialAction":[{"@type":"ReadAction","target":["https:\/\/vitalityzen.fr\/index.php\/pt\/reflexologia-2\/"]}]},{"@type":"ImageObject","inLanguage":"fr-FR","@id":"https:\/\/vitalityzen.fr\/index.php\/pt\/reflexologia-2\/#primaryimage","url":"https:\/\/vitalityzen.fr\/wp-content\/uploads\/2025\/01\/reflexologia_rostro.jpg","contentUrl":"https:\/\/vitalityzen.fr\/wp-content\/uploads\/2025\/01\/reflexologia_rostro.jpg","width":470,"height":246},{"@type":"BreadcrumbList","@id":"https:\/\/vitalityzen.fr\/index.php\/pt\/reflexologia-2\/#breadcrumb","itemListElement":[{"@type":"ListItem","position":1,"name":"Accueil","item":"https:\/\/vitalityzen.fr\/"},{"@type":"ListItem","position":2,"name":"REFLEXOLOGIA"}]},{"@type":"WebSite","@id":"https:\/\/vitalityzen.fr\/#website","url":"https:\/\/vitalityzen.fr\/","name":"Vitality Zen","description":"1, Rue Marietton 69009 Lyon - France","publisher":{"@id":"https:\/\/vitalityzen.fr\/#organization"},"potentialAction":[{"@type":"SearchAction","target":{"@type":"EntryPoint","urlTemplate":"https:\/\/vitalityzen.fr\/?s={search_term_string}"},"query-input":{"@type":"PropertyValueSpecification","valueRequired":true,"valueName":"search_term_string"}}],"inLanguage":"fr-FR"},{"@type":"Organization","@id":"https:\/\/vitalityzen.fr\/#organization","name":"Vitality Zen","url":"https:\/\/vitalityzen.fr\/","logo":{"@type":"ImageObject","inLanguage":"fr-FR","@id":"https:\/\/vitalityzen.fr\/#\/schema\/logo\/image\/","url":"https:\/\/vitalityzen.fr\/wp-content\/uploads\/2025\/01\/cropped-Plan-de-travail-3-scaled-1.webp","contentUrl":"https:\/\/vitalityzen.fr\/wp-content\/uploads\/2025\/01\/cropped-Plan-de-travail-3-scaled-1.webp","width":2270,"height":2533,"caption":"Vitality Zen"},"image":{"@id":"https:\/\/vitalityzen.fr\/#\/schema\/logo\/image\/"}}]}},"_links":{"self":[{"href":"https:\/\/vitalityzen.fr\/index.php\/wp-json\/wp\/v2\/pages\/535","targetHints":{"allow":["GET"]}}],"collection":[{"href":"https:\/\/vitalityzen.fr\/index.php\/wp-json\/wp\/v2\/pages"}],"about":[{"href":"https:\/\/vitalityzen.fr\/index.php\/wp-json\/wp\/v2\/types\/page"}],"author":[{"embeddable":true,"href":"https:\/\/vitalityzen.fr\/index.php\/wp-json\/wp\/v2\/users\/1"}],"replies":[{"embeddable":true,"href":"https:\/\/vitalityzen.fr\/index.php\/wp-json\/wp\/v2\/comments?post=535"}],"version-history":[{"count":4,"href":"https:\/\/vitalityzen.fr\/index.php\/wp-json\/wp\/v2\/pages\/535\/revisions"}],"predecessor-version":[{"id":540,"href":"https:\/\/vitalityzen.fr\/index.php\/wp-json\/wp\/v2\/pages\/535\/revisions\/540"}],"wp:attachment":[{"href":"https:\/\/vitalityzen.fr\/index.php\/wp-json\/wp\/v2\/media?parent=535"}],"curies":[{"name":"wp","href":"https:\/\/api.w.org\/{rel}","templated":true}]}}