{"id":551,"date":"2025-02-11T22:15:23","date_gmt":"2025-02-11T21:15:23","guid":{"rendered":"https:\/\/vitalityzen.fr\/?page_id=551"},"modified":"2025-07-17T14:10:42","modified_gmt":"2025-07-17T12:10:42","slug":"meditacao-e-mindfulness","status":"publish","type":"page","link":"https:\/\/vitalityzen.fr\/index.php\/pt\/meditacao-e-mindfulness\/","title":{"rendered":"Medita\u00e7\u00e3o e Mindfulness"},"content":{"rendered":"\t\t<div data-elementor-type=\"wp-page\" data-elementor-id=\"551\" class=\"elementor elementor-551\">\n\t\t\t\t<div class=\"elementor-element elementor-element-5d1f90c e-flex e-con-boxed e-con e-parent\" data-id=\"5d1f90c\" data-element_type=\"container\" data-e-type=\"container\">\n\t\t\t\t\t<div class=\"e-con-inner\">\n\t\t\t\t<div class=\"elementor-element elementor-element-5f82869 elementor-widget elementor-widget-spacer\" data-id=\"5f82869\" data-element_type=\"widget\" data-e-type=\"widget\" data-widget_type=\"spacer.default\">\n\t\t\t\t<div class=\"elementor-widget-container\">\n\t\t\t\t\t\t\t<div class=\"elementor-spacer\">\n\t\t\t<div class=\"elementor-spacer-inner\"><\/div>\n\t\t<\/div>\n\t\t\t\t\t\t<\/div>\n\t\t\t\t<\/div>\n\t\t\t\t\t<\/div>\n\t\t\t\t<\/div>\n\t\t<div class=\"elementor-element elementor-element-574ae41 e-flex e-con-boxed e-con e-parent\" data-id=\"574ae41\" data-element_type=\"container\" data-e-type=\"container\">\n\t\t\t\t\t<div class=\"e-con-inner\">\n\t\t\t\t<div class=\"elementor-element elementor-element-73b1a97 elementor-widget elementor-widget-heading\" data-id=\"73b1a97\" data-element_type=\"widget\" data-e-type=\"widget\" data-widget_type=\"heading.default\">\n\t\t\t\t<div class=\"elementor-widget-container\">\n\t\t\t\t\t<h2 class=\"elementor-heading-title elementor-size-default\">Medita\u00e7\u00e3o: ligar-se \u00e0 ess\u00eancia<\/h2>\t\t\t\t<\/div>\n\t\t\t\t<\/div>\n\t\t\t\t\t<\/div>\n\t\t\t\t<\/div>\n\t\t<div class=\"elementor-element elementor-element-65c0de6 e-flex e-con-boxed e-con e-parent\" data-id=\"65c0de6\" data-element_type=\"container\" data-e-type=\"container\">\n\t\t\t\t\t<div class=\"e-con-inner\">\n\t\t<div class=\"elementor-element elementor-element-e4599de e-con-full e-flex e-con e-child\" data-id=\"e4599de\" data-element_type=\"container\" data-e-type=\"container\">\n\t\t\t\t<div class=\"elementor-element elementor-element-ed1a4d7 elementor-widget elementor-widget-text-editor\" data-id=\"ed1a4d7\" data-element_type=\"widget\" data-e-type=\"widget\" data-widget_type=\"text-editor.default\">\n\t\t\t\t<div class=\"elementor-widget-container\">\n\t\t\t\t\t\t\t\t\t<p>\u00a0A medita\u00e7\u00e3o \u00e9 muito mais do que uma simples pr\u00e1tica de relaxamento.<\/p><p>\u00c9 uma verdadeira explora\u00e7\u00e3o interior que lhe permite concentrar-se, acalmar a sua mente e cultivar a aten\u00e7\u00e3o plena. Reduz o stress e a ansiedade. Melhora a concentra\u00e7\u00e3o, refor\u00e7a o equil\u00edbrio emocional e ajuda-o a gerir as suas emo\u00e7\u00f5es no dia a dia. Praticando assiduamente a medita\u00e7\u00e3o, elevamos um <b>65% do nosso<\/b>\u00a0<b>bem-estar <\/b>e um <b>50% nosso sistema imunol\u00f3gico.<\/b><\/p>\t\t\t\t\t\t\t\t<\/div>\n\t\t\t\t<\/div>\n\t\t\t\t<\/div>\n\t\t<div class=\"elementor-element elementor-element-5f3c25b e-con-full e-flex e-con e-child\" data-id=\"5f3c25b\" data-element_type=\"container\" data-e-type=\"container\">\n\t\t\t\t<div class=\"elementor-element elementor-element-6c1e3f3 elementor-widget elementor-widget-image\" data-id=\"6c1e3f3\" data-element_type=\"widget\" data-e-type=\"widget\" data-widget_type=\"image.default\">\n\t\t\t\t<div class=\"elementor-widget-container\">\n\t\t\t\t\t\t\t\t\t\t\t\t\t\t\t<img fetchpriority=\"high\" decoding=\"async\" width=\"1280\" height=\"720\" src=\"https:\/\/vitalityzen.fr\/wp-content\/uploads\/2025\/07\/meditacao-texto_pt.jpg\" class=\"attachment-1536x1536 size-1536x1536 wp-image-1882\" alt=\"\" srcset=\"https:\/\/vitalityzen.fr\/wp-content\/uploads\/2025\/07\/meditacao-texto_pt.jpg 1280w, https:\/\/vitalityzen.fr\/wp-content\/uploads\/2025\/07\/meditacao-texto_pt-300x169.jpg 300w, https:\/\/vitalityzen.fr\/wp-content\/uploads\/2025\/07\/meditacao-texto_pt-1024x576.jpg 1024w, https:\/\/vitalityzen.fr\/wp-content\/uploads\/2025\/07\/meditacao-texto_pt-768x432.jpg 768w\" sizes=\"(max-width: 1280px) 100vw, 1280px\" \/>\t\t\t\t\t\t\t\t\t\t\t\t\t\t\t<\/div>\n\t\t\t\t<\/div>\n\t\t\t\t<\/div>\n\t\t\t\t\t<\/div>\n\t\t\t\t<\/div>\n\t\t<div class=\"elementor-element elementor-element-00e1263 e-con-full e-flex e-con e-parent\" data-id=\"00e1263\" data-element_type=\"container\" data-e-type=\"container\">\n\t\t\t\t<div class=\"elementor-element elementor-element-0932f1c elementor-widget__width-initial elementor-widget elementor-widget-image\" data-id=\"0932f1c\" data-element_type=\"widget\" data-e-type=\"widget\" data-widget_type=\"image.default\">\n\t\t\t\t<div class=\"elementor-widget-container\">\n\t\t\t\t\t\t\t\t\t\t\t\t\t\t\t<img decoding=\"async\" width=\"800\" height=\"450\" src=\"https:\/\/vitalityzen.fr\/wp-content\/uploads\/2025\/07\/meditacao-foto_pt-1024x576-1.webp\" class=\"attachment-large size-large wp-image-1889\" alt=\"\" srcset=\"https:\/\/vitalityzen.fr\/wp-content\/uploads\/2025\/07\/meditacao-foto_pt-1024x576-1.webp 1024w, https:\/\/vitalityzen.fr\/wp-content\/uploads\/2025\/07\/meditacao-foto_pt-1024x576-1-300x169.webp 300w, https:\/\/vitalityzen.fr\/wp-content\/uploads\/2025\/07\/meditacao-foto_pt-1024x576-1-768x432.webp 768w\" sizes=\"(max-width: 800px) 100vw, 800px\" \/>\t\t\t\t\t\t\t\t\t\t\t\t\t\t\t<\/div>\n\t\t\t\t<\/div>\n\t\t\t\t<div class=\"elementor-element elementor-element-65258d6 elementor-widget-divider--view-line_icon elementor-view-default elementor-widget-divider--element-align-center elementor-widget elementor-widget-divider\" data-id=\"65258d6\" data-element_type=\"widget\" data-e-type=\"widget\" data-widget_type=\"divider.default\">\n\t\t\t\t<div class=\"elementor-widget-container\">\n\t\t\t\t\t\t\t<div class=\"elementor-divider\">\n\t\t\t<span class=\"elementor-divider-separator\">\n\t\t\t\t\t\t\t<div class=\"elementor-icon elementor-divider__element\">\n\t\t\t\t\t<svg aria-hidden=\"true\" class=\"e-font-icon-svg e-fas-spa\" viewBox=\"0 0 576 512\" xmlns=\"http:\/\/www.w3.org\/2000\/svg\"><path d=\"M568.25 192c-29.04.13-135.01 6.16-213.84 83-33.12 29.63-53.36 63.3-66.41 94.86-13.05-31.56-33.29-65.23-66.41-94.86-78.83-76.84-184.8-82.87-213.84-83-4.41-.02-7.79 3.4-7.75 7.82.23 27.92 7.14 126.14 88.77 199.3C172.79 480.94 256 480 288 480s115.19.95 199.23-80.88c81.64-73.17 88.54-171.38 88.77-199.3.04-4.42-3.34-7.84-7.75-7.82zM287.98 302.6c12.82-18.85 27.6-35.78 44.09-50.52 19.09-18.61 39.58-33.3 60.26-45.18-16.44-70.5-51.72-133.05-96.73-172.22-4.11-3.58-11.02-3.58-15.14 0-44.99 39.14-80.27 101.63-96.74 172.07 20.37 11.7 40.5 26.14 59.22 44.39a282.768 282.768 0 0 1 45.04 51.46z\"><\/path><\/svg><\/div>\n\t\t\t\t\t\t<\/span>\n\t\t<\/div>\n\t\t\t\t\t\t<\/div>\n\t\t\t\t<\/div>\n\t\t\t\t<\/div>\n\t\t<div class=\"elementor-element elementor-element-c4e42fb e-flex e-con-boxed e-con e-parent\" data-id=\"c4e42fb\" data-element_type=\"container\" data-e-type=\"container\">\n\t\t\t\t\t<div class=\"e-con-inner\">\n\t\t\t\t<div class=\"elementor-element elementor-element-fc55e3a elementor-widget elementor-widget-heading\" data-id=\"fc55e3a\" data-element_type=\"widget\" data-e-type=\"widget\" data-widget_type=\"heading.default\">\n\t\t\t\t<div class=\"elementor-widget-container\">\n\t\t\t\t\t<h2 class=\"elementor-heading-title elementor-size-default\"><br>Mindfulness : a aceita\u00e7\u00e3o \u00e9 essencial<\/h2>\t\t\t\t<\/div>\n\t\t\t\t<\/div>\n\t\t\t\t\t<\/div>\n\t\t\t\t<\/div>\n\t\t<div class=\"elementor-element elementor-element-42fdcdd e-flex e-con-boxed e-con e-parent\" data-id=\"42fdcdd\" data-element_type=\"container\" data-e-type=\"container\">\n\t\t\t\t\t<div class=\"e-con-inner\">\n\t\t<div class=\"elementor-element elementor-element-80c9981 e-con-full e-flex e-con e-child\" data-id=\"80c9981\" data-element_type=\"container\" data-e-type=\"container\">\n\t\t\t\t<div class=\"elementor-element elementor-element-12f6a2d elementor-widget elementor-widget-image\" data-id=\"12f6a2d\" data-element_type=\"widget\" data-e-type=\"widget\" data-widget_type=\"image.default\">\n\t\t\t\t<div class=\"elementor-widget-container\">\n\t\t\t\t\t\t\t\t\t\t\t\t\t\t\t<img decoding=\"async\" width=\"352\" height=\"277\" src=\"https:\/\/vitalityzen.fr\/wp-content\/uploads\/2025\/02\/medit2.webp\" class=\"attachment-large size-large wp-image-555\" alt=\"\" srcset=\"https:\/\/vitalityzen.fr\/wp-content\/uploads\/2025\/02\/medit2.webp 352w, https:\/\/vitalityzen.fr\/wp-content\/uploads\/2025\/02\/medit2-300x236.webp 300w\" sizes=\"(max-width: 352px) 100vw, 352px\" \/>\t\t\t\t\t\t\t\t\t\t\t\t\t\t\t<\/div>\n\t\t\t\t<\/div>\n\t\t\t\t<\/div>\n\t\t<div class=\"elementor-element elementor-element-5290552 e-con-full e-flex e-con e-child\" data-id=\"5290552\" data-element_type=\"container\" data-e-type=\"container\">\n\t\t\t\t<div class=\"elementor-element elementor-element-574a206 elementor-widget elementor-widget-text-editor\" data-id=\"574a206\" data-element_type=\"widget\" data-e-type=\"widget\" data-widget_type=\"text-editor.default\">\n\t\t\t\t<div class=\"elementor-widget-container\">\n\t\t\t\t\t\t\t\t\t<p>O Mindfulness tem a premissa de n\u00e3o julgar, n\u00e3o analisar, n\u00e3o criticar os factos como eles se apresentam. Convidamos a nossa aten\u00e7\u00e3o a centrar-se na respira\u00e7\u00e3o o que nos remeter\u00e1 para o nosso centro de for\u00e7a, alinhando-nos e afastando-nos da mente, que cria realidades que nem sempre s\u00e3o verdadeiras. Desta forma, permitimo-nos SER, ESTAR e nada mais criar a partir dos pensamentos. No Mindfulness, treinamos a mente a voltar-se para o momento presente e a desenvolver a aten\u00e7\u00e3o plena.<\/p>\t\t\t\t\t\t\t\t<\/div>\n\t\t\t\t<\/div>\n\t\t\t\t<\/div>\n\t\t\t\t\t<\/div>\n\t\t\t\t<\/div>\n\t\t<div class=\"elementor-element elementor-element-d736840 e-flex e-con-boxed e-con e-parent\" data-id=\"d736840\" data-element_type=\"container\" data-e-type=\"container\">\n\t\t\t\t\t<div class=\"e-con-inner\">\n\t\t<div class=\"elementor-element elementor-element-2149f8a e-con-full e-flex e-con e-child\" data-id=\"2149f8a\" data-element_type=\"container\" data-e-type=\"container\">\n\t\t\t\t<div class=\"elementor-element elementor-element-18200c2 elementor-widget elementor-widget-text-editor\" data-id=\"18200c2\" data-element_type=\"widget\" data-e-type=\"widget\" data-widget_type=\"text-editor.default\">\n\t\t\t\t<div class=\"elementor-widget-container\">\n\t\t\t\t\t\t\t\t\t<p>O Mindfulness, consiste em aceitar cada exp\u00eariencia percebendo melhor a raz\u00e7\u00e3o por que ela est\u00e1 na nossa vida. Se for uma emo\u00e7\u00e3o, aceite e procure entender a mensagem.<\/p><p>A respira\u00e7\u00e3o traz-nos para o nosso centro de for\u00e7a e para o agora, para \u00a0o presente<\/p>\t\t\t\t\t\t\t\t<\/div>\n\t\t\t\t<\/div>\n\t\t\t\t<\/div>\n\t\t<div class=\"elementor-element elementor-element-af234ab e-con-full e-flex e-con e-child\" data-id=\"af234ab\" data-element_type=\"container\" data-e-type=\"container\">\n\t\t\t\t<div class=\"elementor-element elementor-element-b949dcf elementor-widget elementor-widget-image\" data-id=\"b949dcf\" data-element_type=\"widget\" data-e-type=\"widget\" data-widget_type=\"image.default\">\n\t\t\t\t<div class=\"elementor-widget-container\">\n\t\t\t\t\t\t\t\t\t\t\t\t\t\t\t<img loading=\"lazy\" decoding=\"async\" width=\"1280\" height=\"720\" src=\"https:\/\/vitalityzen.fr\/wp-content\/uploads\/2025\/07\/Meditacion.jpg\" class=\"attachment-1536x1536 size-1536x1536 wp-image-1886\" alt=\"\" srcset=\"https:\/\/vitalityzen.fr\/wp-content\/uploads\/2025\/07\/Meditacion.jpg 1280w, https:\/\/vitalityzen.fr\/wp-content\/uploads\/2025\/07\/Meditacion-300x169.jpg 300w, https:\/\/vitalityzen.fr\/wp-content\/uploads\/2025\/07\/Meditacion-1024x576.jpg 1024w, https:\/\/vitalityzen.fr\/wp-content\/uploads\/2025\/07\/Meditacion-768x432.jpg 768w\" sizes=\"(max-width: 1280px) 100vw, 1280px\" \/>\t\t\t\t\t\t\t\t\t\t\t\t\t\t\t<\/div>\n\t\t\t\t<\/div>\n\t\t\t\t<\/div>\n\t\t\t\t\t<\/div>\n\t\t\t\t<\/div>\n\t\t<div class=\"elementor-element elementor-element-6c64db5 e-flex e-con-boxed e-con e-parent\" data-id=\"6c64db5\" data-element_type=\"container\" data-e-type=\"container\">\n\t\t\t\t\t<div class=\"e-con-inner\">\n\t\t\t\t<div class=\"elementor-element elementor-element-a80fe35 elementor-widget-divider--view-line elementor-widget elementor-widget-divider\" data-id=\"a80fe35\" data-element_type=\"widget\" data-e-type=\"widget\" data-widget_type=\"divider.default\">\n\t\t\t\t<div class=\"elementor-widget-container\">\n\t\t\t\t\t\t\t<div class=\"elementor-divider\">\n\t\t\t<span class=\"elementor-divider-separator\">\n\t\t\t\t\t\t<\/span>\n\t\t<\/div>\n\t\t\t\t\t\t<\/div>\n\t\t\t\t<\/div>\n\t\t\t\t\t<\/div>\n\t\t\t\t<\/div>\n\t\t<div class=\"elementor-element elementor-element-b61fbae e-flex e-con-boxed e-con e-parent\" data-id=\"b61fbae\" data-element_type=\"container\" data-e-type=\"container\">\n\t\t\t\t\t<div class=\"e-con-inner\">\n\t\t\t\t<div class=\"elementor-element elementor-element-95a04a6 elementor-align-center elementor-widget elementor-widget-button\" data-id=\"95a04a6\" data-element_type=\"widget\" data-e-type=\"widget\" data-widget_type=\"button.default\">\n\t\t\t\t<div class=\"elementor-widget-container\">\n\t\t\t\t\t\t\t\t\t<div class=\"elementor-button-wrapper\">\n\t\t\t\t\t<a class=\"elementor-button elementor-button-link elementor-size-sm\" href=\"https:\/\/vitalityzen.fr\/index.php\/pedir-cita\/\">\n\t\t\t\t\t\t<span class=\"elementor-button-content-wrapper\">\n\t\t\t\t\t\t\t\t\t<span class=\"elementor-button-text\">Pedir Cita<\/span>\n\t\t\t\t\t<\/span>\n\t\t\t\t\t<\/a>\n\t\t\t\t<\/div>\n\t\t\t\t\t\t\t\t<\/div>\n\t\t\t\t<\/div>\n\t\t\t\t\t<\/div>\n\t\t\t\t<\/div>\n\t\t<div class=\"elementor-element elementor-element-3395c87 e-flex e-con-boxed e-con e-parent\" data-id=\"3395c87\" data-element_type=\"container\" data-e-type=\"container\">\n\t\t\t\t\t<div class=\"e-con-inner\">\n\t\t\t\t<div class=\"elementor-element elementor-element-f43a4ea elementor-widget-divider--view-line elementor-widget elementor-widget-divider\" data-id=\"f43a4ea\" data-element_type=\"widget\" data-e-type=\"widget\" data-widget_type=\"divider.default\">\n\t\t\t\t<div class=\"elementor-widget-container\">\n\t\t\t\t\t\t\t<div class=\"elementor-divider\">\n\t\t\t<span class=\"elementor-divider-separator\">\n\t\t\t\t\t\t<\/span>\n\t\t<\/div>\n\t\t\t\t\t\t<\/div>\n\t\t\t\t<\/div>\n\t\t\t\t\t<\/div>\n\t\t\t\t<\/div>\n\t\t<div class=\"elementor-element elementor-element-09dcaa6 e-grid e-con-boxed e-con e-parent\" data-id=\"09dcaa6\" data-element_type=\"container\" data-e-type=\"container\">\n\t\t\t\t\t<div class=\"e-con-inner\">\n\t\t\t\t\t<\/div>\n\t\t\t\t<\/div>\n\t\t\t\t<\/div>\n\t\t","protected":false},"excerpt":{"rendered":"<p>Medita\u00e7\u00e3o: ligar-se \u00e0 ess\u00eancia \u00a0A medita\u00e7\u00e3o \u00e9 muito mais do que uma simples pr\u00e1tica de relaxamento. \u00c9 uma verdadeira explora\u00e7\u00e3o interior que lhe permite concentrar-se, acalmar a sua mente e cultivar a aten\u00e7\u00e3o plena. Reduz o stress e a ansiedade. Melhora a concentra\u00e7\u00e3o, refor\u00e7a o equil\u00edbrio emocional e ajuda-o a gerir as suas emo\u00e7\u00f5es no [&hellip;]<\/p>\n","protected":false},"author":1,"featured_media":0,"parent":0,"menu_order":0,"comment_status":"closed","ping_status":"closed","template":"","meta":{"footnotes":""},"class_list":["post-551","page","type-page","status-publish","hentry"],"yoast_head":"<!-- This site is optimized with the Yoast SEO plugin v24.4 - https:\/\/yoast.com\/wordpress\/plugins\/seo\/ -->\n<title>Medita\u00e7\u00e3o e Mindfulness - Vitality Zen<\/title>\n<meta name=\"robots\" content=\"index, follow, max-snippet:-1, max-image-preview:large, max-video-preview:-1\" \/>\n<link rel=\"canonical\" href=\"https:\/\/vitalityzen.fr\/index.php\/pt\/meditacao-e-mindfulness\/\" \/>\n<meta property=\"og:locale\" content=\"fr_FR\" \/>\n<meta property=\"og:type\" content=\"article\" \/>\n<meta property=\"og:title\" content=\"Medita\u00e7\u00e3o e Mindfulness - Vitality Zen\" \/>\n<meta property=\"og:description\" content=\"Medita\u00e7\u00e3o: ligar-se \u00e0 ess\u00eancia \u00a0A medita\u00e7\u00e3o \u00e9 muito mais do que uma simples pr\u00e1tica de relaxamento. \u00c9 uma verdadeira explora\u00e7\u00e3o interior que lhe permite concentrar-se, acalmar a sua mente e cultivar a aten\u00e7\u00e3o plena. Reduz o stress e a ansiedade. Melhora a concentra\u00e7\u00e3o, refor\u00e7a o equil\u00edbrio emocional e ajuda-o a gerir as suas emo\u00e7\u00f5es no [&hellip;]\" \/>\n<meta property=\"og:url\" content=\"https:\/\/vitalityzen.fr\/index.php\/pt\/meditacao-e-mindfulness\/\" \/>\n<meta property=\"og:site_name\" content=\"Vitality Zen\" \/>\n<meta property=\"article:modified_time\" content=\"2025-07-17T12:10:42+00:00\" \/>\n<meta property=\"og:image\" content=\"https:\/\/vitalityzen.fr\/wp-content\/uploads\/2025\/07\/meditacao-texto_pt.jpg\" \/>\n\t<meta property=\"og:image:width\" content=\"1280\" \/>\n\t<meta property=\"og:image:height\" content=\"720\" \/>\n\t<meta property=\"og:image:type\" content=\"image\/jpeg\" \/>\n<meta name=\"twitter:card\" content=\"summary_large_image\" \/>\n<meta name=\"twitter:label1\" content=\"Dur\u00e9e de lecture estim\u00e9e\" \/>\n\t<meta name=\"twitter:data1\" content=\"2 minutes\" \/>\n<script type=\"application\/ld+json\" class=\"yoast-schema-graph\">{\"@context\":\"https:\/\/schema.org\",\"@graph\":[{\"@type\":\"WebPage\",\"@id\":\"https:\/\/vitalityzen.fr\/index.php\/pt\/meditacao-e-mindfulness\/\",\"url\":\"https:\/\/vitalityzen.fr\/index.php\/pt\/meditacao-e-mindfulness\/\",\"name\":\"Medita\u00e7\u00e3o e Mindfulness - Vitality Zen\",\"isPartOf\":{\"@id\":\"https:\/\/vitalityzen.fr\/#website\"},\"primaryImageOfPage\":{\"@id\":\"https:\/\/vitalityzen.fr\/index.php\/pt\/meditacao-e-mindfulness\/#primaryimage\"},\"image\":{\"@id\":\"https:\/\/vitalityzen.fr\/index.php\/pt\/meditacao-e-mindfulness\/#primaryimage\"},\"thumbnailUrl\":\"https:\/\/vitalityzen.fr\/wp-content\/uploads\/2025\/07\/meditacao-texto_pt.jpg\",\"datePublished\":\"2025-02-11T21:15:23+00:00\",\"dateModified\":\"2025-07-17T12:10:42+00:00\",\"breadcrumb\":{\"@id\":\"https:\/\/vitalityzen.fr\/index.php\/pt\/meditacao-e-mindfulness\/#breadcrumb\"},\"inLanguage\":\"fr-FR\",\"potentialAction\":[{\"@type\":\"ReadAction\",\"target\":[\"https:\/\/vitalityzen.fr\/index.php\/pt\/meditacao-e-mindfulness\/\"]}]},{\"@type\":\"ImageObject\",\"inLanguage\":\"fr-FR\",\"@id\":\"https:\/\/vitalityzen.fr\/index.php\/pt\/meditacao-e-mindfulness\/#primaryimage\",\"url\":\"https:\/\/vitalityzen.fr\/wp-content\/uploads\/2025\/07\/meditacao-texto_pt.jpg\",\"contentUrl\":\"https:\/\/vitalityzen.fr\/wp-content\/uploads\/2025\/07\/meditacao-texto_pt.jpg\",\"width\":1280,\"height\":720},{\"@type\":\"BreadcrumbList\",\"@id\":\"https:\/\/vitalityzen.fr\/index.php\/pt\/meditacao-e-mindfulness\/#breadcrumb\",\"itemListElement\":[{\"@type\":\"ListItem\",\"position\":1,\"name\":\"Accueil\",\"item\":\"https:\/\/vitalityzen.fr\/\"},{\"@type\":\"ListItem\",\"position\":2,\"name\":\"Medita\u00e7\u00e3o e Mindfulness\"}]},{\"@type\":\"WebSite\",\"@id\":\"https:\/\/vitalityzen.fr\/#website\",\"url\":\"https:\/\/vitalityzen.fr\/\",\"name\":\"Vitality Zen\",\"description\":\"1, Rue Marietton 69009 Lyon - France\",\"publisher\":{\"@id\":\"https:\/\/vitalityzen.fr\/#organization\"},\"potentialAction\":[{\"@type\":\"SearchAction\",\"target\":{\"@type\":\"EntryPoint\",\"urlTemplate\":\"https:\/\/vitalityzen.fr\/?s={search_term_string}\"},\"query-input\":{\"@type\":\"PropertyValueSpecification\",\"valueRequired\":true,\"valueName\":\"search_term_string\"}}],\"inLanguage\":\"fr-FR\"},{\"@type\":\"Organization\",\"@id\":\"https:\/\/vitalityzen.fr\/#organization\",\"name\":\"Vitality Zen\",\"url\":\"https:\/\/vitalityzen.fr\/\",\"logo\":{\"@type\":\"ImageObject\",\"inLanguage\":\"fr-FR\",\"@id\":\"https:\/\/vitalityzen.fr\/#\/schema\/logo\/image\/\",\"url\":\"https:\/\/vitalityzen.fr\/wp-content\/uploads\/2025\/01\/cropped-Plan-de-travail-3-scaled-1.webp\",\"contentUrl\":\"https:\/\/vitalityzen.fr\/wp-content\/uploads\/2025\/01\/cropped-Plan-de-travail-3-scaled-1.webp\",\"width\":2270,\"height\":2533,\"caption\":\"Vitality Zen\"},\"image\":{\"@id\":\"https:\/\/vitalityzen.fr\/#\/schema\/logo\/image\/\"}}]}<\/script>\n<!-- \/ Yoast SEO plugin. -->","yoast_head_json":{"title":"Medita\u00e7\u00e3o e Mindfulness - Vitality Zen","robots":{"index":"index","follow":"follow","max-snippet":"max-snippet:-1","max-image-preview":"max-image-preview:large","max-video-preview":"max-video-preview:-1"},"canonical":"https:\/\/vitalityzen.fr\/index.php\/pt\/meditacao-e-mindfulness\/","og_locale":"fr_FR","og_type":"article","og_title":"Medita\u00e7\u00e3o e Mindfulness - Vitality Zen","og_description":"Medita\u00e7\u00e3o: ligar-se \u00e0 ess\u00eancia \u00a0A medita\u00e7\u00e3o \u00e9 muito mais do que uma simples pr\u00e1tica de relaxamento. \u00c9 uma verdadeira explora\u00e7\u00e3o interior que lhe permite concentrar-se, acalmar a sua mente e cultivar a aten\u00e7\u00e3o plena. Reduz o stress e a ansiedade. Melhora a concentra\u00e7\u00e3o, refor\u00e7a o equil\u00edbrio emocional e ajuda-o a gerir as suas emo\u00e7\u00f5es no [&hellip;]","og_url":"https:\/\/vitalityzen.fr\/index.php\/pt\/meditacao-e-mindfulness\/","og_site_name":"Vitality Zen","article_modified_time":"2025-07-17T12:10:42+00:00","og_image":[{"width":1280,"height":720,"url":"https:\/\/vitalityzen.fr\/wp-content\/uploads\/2025\/07\/meditacao-texto_pt.jpg","type":"image\/jpeg"}],"twitter_card":"summary_large_image","twitter_misc":{"Dur\u00e9e de lecture estim\u00e9e":"2 minutes"},"schema":{"@context":"https:\/\/schema.org","@graph":[{"@type":"WebPage","@id":"https:\/\/vitalityzen.fr\/index.php\/pt\/meditacao-e-mindfulness\/","url":"https:\/\/vitalityzen.fr\/index.php\/pt\/meditacao-e-mindfulness\/","name":"Medita\u00e7\u00e3o e Mindfulness - Vitality Zen","isPartOf":{"@id":"https:\/\/vitalityzen.fr\/#website"},"primaryImageOfPage":{"@id":"https:\/\/vitalityzen.fr\/index.php\/pt\/meditacao-e-mindfulness\/#primaryimage"},"image":{"@id":"https:\/\/vitalityzen.fr\/index.php\/pt\/meditacao-e-mindfulness\/#primaryimage"},"thumbnailUrl":"https:\/\/vitalityzen.fr\/wp-content\/uploads\/2025\/07\/meditacao-texto_pt.jpg","datePublished":"2025-02-11T21:15:23+00:00","dateModified":"2025-07-17T12:10:42+00:00","breadcrumb":{"@id":"https:\/\/vitalityzen.fr\/index.php\/pt\/meditacao-e-mindfulness\/#breadcrumb"},"inLanguage":"fr-FR","potentialAction":[{"@type":"ReadAction","target":["https:\/\/vitalityzen.fr\/index.php\/pt\/meditacao-e-mindfulness\/"]}]},{"@type":"ImageObject","inLanguage":"fr-FR","@id":"https:\/\/vitalityzen.fr\/index.php\/pt\/meditacao-e-mindfulness\/#primaryimage","url":"https:\/\/vitalityzen.fr\/wp-content\/uploads\/2025\/07\/meditacao-texto_pt.jpg","contentUrl":"https:\/\/vitalityzen.fr\/wp-content\/uploads\/2025\/07\/meditacao-texto_pt.jpg","width":1280,"height":720},{"@type":"BreadcrumbList","@id":"https:\/\/vitalityzen.fr\/index.php\/pt\/meditacao-e-mindfulness\/#breadcrumb","itemListElement":[{"@type":"ListItem","position":1,"name":"Accueil","item":"https:\/\/vitalityzen.fr\/"},{"@type":"ListItem","position":2,"name":"Medita\u00e7\u00e3o e Mindfulness"}]},{"@type":"WebSite","@id":"https:\/\/vitalityzen.fr\/#website","url":"https:\/\/vitalityzen.fr\/","name":"Vitality Zen","description":"1, Rue Marietton 69009 Lyon - France","publisher":{"@id":"https:\/\/vitalityzen.fr\/#organization"},"potentialAction":[{"@type":"SearchAction","target":{"@type":"EntryPoint","urlTemplate":"https:\/\/vitalityzen.fr\/?s={search_term_string}"},"query-input":{"@type":"PropertyValueSpecification","valueRequired":true,"valueName":"search_term_string"}}],"inLanguage":"fr-FR"},{"@type":"Organization","@id":"https:\/\/vitalityzen.fr\/#organization","name":"Vitality Zen","url":"https:\/\/vitalityzen.fr\/","logo":{"@type":"ImageObject","inLanguage":"fr-FR","@id":"https:\/\/vitalityzen.fr\/#\/schema\/logo\/image\/","url":"https:\/\/vitalityzen.fr\/wp-content\/uploads\/2025\/01\/cropped-Plan-de-travail-3-scaled-1.webp","contentUrl":"https:\/\/vitalityzen.fr\/wp-content\/uploads\/2025\/01\/cropped-Plan-de-travail-3-scaled-1.webp","width":2270,"height":2533,"caption":"Vitality Zen"},"image":{"@id":"https:\/\/vitalityzen.fr\/#\/schema\/logo\/image\/"}}]}},"_links":{"self":[{"href":"https:\/\/vitalityzen.fr\/index.php\/wp-json\/wp\/v2\/pages\/551","targetHints":{"allow":["GET"]}}],"collection":[{"href":"https:\/\/vitalityzen.fr\/index.php\/wp-json\/wp\/v2\/pages"}],"about":[{"href":"https:\/\/vitalityzen.fr\/index.php\/wp-json\/wp\/v2\/types\/page"}],"author":[{"embeddable":true,"href":"https:\/\/vitalityzen.fr\/index.php\/wp-json\/wp\/v2\/users\/1"}],"replies":[{"embeddable":true,"href":"https:\/\/vitalityzen.fr\/index.php\/wp-json\/wp\/v2\/comments?post=551"}],"version-history":[{"count":14,"href":"https:\/\/vitalityzen.fr\/index.php\/wp-json\/wp\/v2\/pages\/551\/revisions"}],"predecessor-version":[{"id":1895,"href":"https:\/\/vitalityzen.fr\/index.php\/wp-json\/wp\/v2\/pages\/551\/revisions\/1895"}],"wp:attachment":[{"href":"https:\/\/vitalityzen.fr\/index.php\/wp-json\/wp\/v2\/media?parent=551"}],"curies":[{"name":"wp","href":"https:\/\/api.w.org\/{rel}","templated":true}]}}