{"id":559,"date":"2025-02-11T22:32:48","date_gmt":"2025-02-11T21:32:48","guid":{"rendered":"https:\/\/vitalityzen.fr\/?page_id=559"},"modified":"2025-02-25T14:43:05","modified_gmt":"2025-02-25T13:43:05","slug":"ventosas-e-moxabustao","status":"publish","type":"page","link":"https:\/\/vitalityzen.fr\/index.php\/pt\/ventosas-e-moxabustao\/","title":{"rendered":"Ventosaterapia e Moxabust\u00e3o"},"content":{"rendered":"\t\t<div data-elementor-type=\"wp-page\" data-elementor-id=\"559\" class=\"elementor elementor-559\">\n\t\t\t\t<div class=\"elementor-element elementor-element-0f618a6 e-flex e-con-boxed e-con e-parent\" data-id=\"0f618a6\" data-element_type=\"container\" data-e-type=\"container\">\n\t\t\t\t\t<div class=\"e-con-inner\">\n\t\t\t\t<div class=\"elementor-element elementor-element-8c94a42 elementor-widget elementor-widget-spacer\" data-id=\"8c94a42\" data-element_type=\"widget\" data-e-type=\"widget\" data-widget_type=\"spacer.default\">\n\t\t\t\t<div class=\"elementor-widget-container\">\n\t\t\t\t\t\t\t<div class=\"elementor-spacer\">\n\t\t\t<div class=\"elementor-spacer-inner\"><\/div>\n\t\t<\/div>\n\t\t\t\t\t\t<\/div>\n\t\t\t\t<\/div>\n\t\t\t\t\t<\/div>\n\t\t\t\t<\/div>\n\t\t<div class=\"elementor-element elementor-element-1479153 e-flex e-con-boxed e-con e-parent\" data-id=\"1479153\" data-element_type=\"container\" data-e-type=\"container\">\n\t\t\t\t\t<div class=\"e-con-inner\">\n\t\t\t\t<div class=\"elementor-element elementor-element-52a4d84 elementor-widget elementor-widget-text-editor\" data-id=\"52a4d84\" data-element_type=\"widget\" data-e-type=\"widget\" data-widget_type=\"text-editor.default\">\n\t\t\t\t<div class=\"elementor-widget-container\">\n\t\t\t\t\t\t\t\t\t<p>A ventosaterapia (tamb\u00e9m designada por cupping ou hijama) \u00e9 uma das mais antigas terapias conhecidas. A sua utiliza\u00e7\u00e3o m\u00e9dica remonta a mais de 3000 anos e h\u00e1 refer\u00eancias \u00e0 sua utiliza\u00e7\u00e3o por m\u00e9dicos do Antigo Egito, da Gr\u00e9cia e da China.<\/p><p>Atualmente, numerosos estudos cl\u00ednicos apoiam a sua efic\u00e1cia em v\u00e1rias \u00e1reas de tratamento m\u00e9dico, tanto localmente para tratar a dor, como gra\u00e7as \u00e0 sua a\u00e7\u00e3o de reflexoterapia no interior do corpo.<\/p><p>Esta terapia \u00e9 uma t\u00e9cnica em que as ventosas (sinos de cristal) s\u00e3o aplicadas na pele ap\u00f3s a aplica\u00e7\u00e3o de um v\u00e1cuo, criando um efeito de suc\u00e7\u00e3o na pele e em parte do m\u00fasculo.<\/p><p>Esta t\u00e9cnica ativa e estimula a circula\u00e7\u00e3o sangu\u00ednea e linf\u00e1tica, aumentando o fluxo de oxig\u00e9nio, tornando os tecidos mais flex\u00edveis, aumentando a resposta fisiol\u00f3gica anti-inflamat\u00f3ria, eliminando toxinas e ajudando na repara\u00e7\u00e3o dos tecidos.<\/p><p>A aplica\u00e7\u00e3o de uma ta\u00e7a de ventosas produz um al\u00edvio muito r\u00e1pido da dor, devido a inflama\u00e7\u00e3o ou contratura muscular.<\/p><p>Actua como um poderoso analg\u00e9sico que permite reduzir e mesmo dispensar os analg\u00e9sicos e anti-inflamat\u00f3rios, evitando assim os seus efeitos secund\u00e1rios.<\/p><p>\u00c9 tamb\u00e9m \u00fatil como terapia complementar para pessoas com perturba\u00e7\u00f5es emocionais, ansiedade e somatiza\u00e7\u00e3o.<\/p>\t\t\t\t\t\t\t\t<\/div>\n\t\t\t\t<\/div>\n\t\t\t\t\t<\/div>\n\t\t\t\t<\/div>\n\t\t<div class=\"elementor-element elementor-element-62792d7 e-flex e-con-boxed e-con e-parent\" data-id=\"62792d7\" data-element_type=\"container\" data-e-type=\"container\">\n\t\t\t\t\t<div class=\"e-con-inner\">\n\t\t\t\t<div class=\"elementor-element elementor-element-0cbd1a6 elementor-widget elementor-widget-image\" data-id=\"0cbd1a6\" data-element_type=\"widget\" data-e-type=\"widget\" data-widget_type=\"image.default\">\n\t\t\t\t<div class=\"elementor-widget-container\">\n\t\t\t\t\t\t\t\t\t\t\t\t\t\t\t<img fetchpriority=\"high\" decoding=\"async\" width=\"800\" height=\"347\" src=\"https:\/\/vitalityzen.fr\/wp-content\/uploads\/2025\/02\/Plan-de-travail-1-1-1024x444.webp\" class=\"attachment-large size-large wp-image-402\" alt=\"\" srcset=\"https:\/\/vitalityzen.fr\/wp-content\/uploads\/2025\/02\/Plan-de-travail-1-1-1024x444.webp 1024w, https:\/\/vitalityzen.fr\/wp-content\/uploads\/2025\/02\/Plan-de-travail-1-1-300x130.webp 300w, https:\/\/vitalityzen.fr\/wp-content\/uploads\/2025\/02\/Plan-de-travail-1-1-768x333.webp 768w, https:\/\/vitalityzen.fr\/wp-content\/uploads\/2025\/02\/Plan-de-travail-1-1.webp 1056w\" sizes=\"(max-width: 800px) 100vw, 800px\" \/>\t\t\t\t\t\t\t\t\t\t\t\t\t\t\t<\/div>\n\t\t\t\t<\/div>\n\t\t\t\t\t<\/div>\n\t\t\t\t<\/div>\n\t\t<div class=\"elementor-element elementor-element-c7ac664 e-flex e-con-boxed e-con e-parent\" data-id=\"c7ac664\" data-element_type=\"container\" data-e-type=\"container\">\n\t\t\t\t\t<div class=\"e-con-inner\">\n\t\t\t\t<div class=\"elementor-element elementor-element-14d8eb5 elementor-widget elementor-widget-heading\" data-id=\"14d8eb5\" data-element_type=\"widget\" data-e-type=\"widget\" data-widget_type=\"heading.default\">\n\t\t\t\t<div class=\"elementor-widget-container\">\n\t\t\t\t\t<h2 class=\"elementor-heading-title elementor-size-default\">BENEFICIOS :<\/h2>\t\t\t\t<\/div>\n\t\t\t\t<\/div>\n\t\t\t\t\t<\/div>\n\t\t\t\t<\/div>\n\t\t<div class=\"elementor-element elementor-element-970c719 e-flex e-con-boxed e-con e-parent\" data-id=\"970c719\" data-element_type=\"container\" data-e-type=\"container\">\n\t\t\t\t\t<div class=\"e-con-inner\">\n\t\t\t\t<div class=\"elementor-element elementor-element-7c552ae elementor-widget elementor-widget-text-editor\" data-id=\"7c552ae\" data-element_type=\"widget\" data-e-type=\"widget\" data-widget_type=\"text-editor.default\">\n\t\t\t\t<div class=\"elementor-widget-container\">\n\t\t\t\t\t\t\t\t\t<ul><li><p>&#8211; Ativar e estimular a circula\u00e7\u00e3o sangu\u00ednea e linf\u00e1tica.<\/p><p>&#8211; Aumentar o fluxo de oxig\u00e9nio para o foco de inflama\u00e7\u00e3o.<\/p><p>&#8211; Aumentar a resposta anti-inflamat\u00f3ria fisiol\u00f3gica.<\/p><p>&#8211; Favorecer a elimina\u00e7\u00e3o de toxinas e promover a repara\u00e7\u00e3o da zona inflamada e\/ou contra\u00edda.<\/p><p>A inflama\u00e7\u00e3o e\/ou contratura do sistema m\u00fasculo-esquel\u00e9tico \u00e9 muito frequente e provoca muitos tipos de dores.<\/p><\/li><\/ul>\t\t\t\t\t\t\t\t<\/div>\n\t\t\t\t<\/div>\n\t\t\t\t\t<\/div>\n\t\t\t\t<\/div>\n\t\t<div class=\"elementor-element elementor-element-d6dbd0d e-flex e-con-boxed e-con e-parent\" data-id=\"d6dbd0d\" data-element_type=\"container\" data-e-type=\"container\">\n\t\t\t\t\t<div class=\"e-con-inner\">\n\t\t\t\t<div class=\"elementor-element elementor-element-c2cf42d elementor-widget elementor-widget-heading\" data-id=\"c2cf42d\" data-element_type=\"widget\" data-e-type=\"widget\" data-widget_type=\"heading.default\">\n\t\t\t\t<div class=\"elementor-widget-container\">\n\t\t\t\t\t<h4 class=\"elementor-heading-title elementor-size-default\">\u00c9 recomendado para :<\/h4>\t\t\t\t<\/div>\n\t\t\t\t<\/div>\n\t\t\t\t\t<\/div>\n\t\t\t\t<\/div>\n\t\t<div class=\"elementor-element elementor-element-ba11d17 e-flex e-con-boxed e-con e-parent\" data-id=\"ba11d17\" data-element_type=\"container\" data-e-type=\"container\">\n\t\t\t\t\t<div class=\"e-con-inner\">\n\t\t\t\t<div class=\"elementor-element elementor-element-6d15680 elementor-widget elementor-widget-text-editor\" data-id=\"6d15680\" data-element_type=\"widget\" data-e-type=\"widget\" data-widget_type=\"text-editor.default\">\n\t\t\t\t<div class=\"elementor-widget-container\">\n\t\t\t\t\t\t\t\t\t<ul><li>Pessoas com um elevado n\u00edvel de stress que se manifesta sob a forma de contraturas musculares.<\/li><li>Pacientes com fibromialgia.<\/li><li>Dores nas articula\u00e7\u00f5es, nomeadamente nos joelhos e nos ombros.<\/li><li>Ansiedade.<\/li><li>Perturba\u00e7\u00f5es funcionais do aparelho digestivo (dispepsia biliar).<\/li><li>Pessoas com perturba\u00e7\u00f5es renais ou hep\u00e1ticas para as quais muitos medicamentos (anti-inflamat\u00f3rios, analg\u00e9sicos, etc.) est\u00e3o contra-indicados.<\/li><\/ul>\t\t\t\t\t\t\t\t<\/div>\n\t\t\t\t<\/div>\n\t\t\t\t\t<\/div>\n\t\t\t\t<\/div>\n\t\t<div class=\"elementor-element elementor-element-45860c5 e-flex e-con-boxed e-con e-parent\" data-id=\"45860c5\" data-element_type=\"container\" data-e-type=\"container\">\n\t\t\t\t\t<div class=\"e-con-inner\">\n\t\t\t\t<div class=\"elementor-element elementor-element-d5dc4da elementor-widget-divider--view-line elementor-widget elementor-widget-divider\" data-id=\"d5dc4da\" data-element_type=\"widget\" data-e-type=\"widget\" data-widget_type=\"divider.default\">\n\t\t\t\t<div class=\"elementor-widget-container\">\n\t\t\t\t\t\t\t<div class=\"elementor-divider\">\n\t\t\t<span class=\"elementor-divider-separator\">\n\t\t\t\t\t\t<\/span>\n\t\t<\/div>\n\t\t\t\t\t\t<\/div>\n\t\t\t\t<\/div>\n\t\t\t\t\t<\/div>\n\t\t\t\t<\/div>\n\t\t<div class=\"elementor-element elementor-element-4598a5a e-flex e-con-boxed e-con e-parent\" data-id=\"4598a5a\" data-element_type=\"container\" data-e-type=\"container\">\n\t\t\t\t\t<div class=\"e-con-inner\">\n\t\t\t\t<div class=\"elementor-element elementor-element-d9d8a7a elementor-widget elementor-widget-heading\" data-id=\"d9d8a7a\" data-element_type=\"widget\" data-e-type=\"widget\" data-widget_type=\"heading.default\">\n\t\t\t\t<div class=\"elementor-widget-container\">\n\t\t\t\t\t<h1 class=\"elementor-heading-title elementor-size-default\">MOXABUST\u00c3O<\/h1>\t\t\t\t<\/div>\n\t\t\t\t<\/div>\n\t\t\t\t\t<\/div>\n\t\t\t\t<\/div>\n\t\t<div class=\"elementor-element elementor-element-68a7072 e-flex e-con-boxed e-con e-parent\" data-id=\"68a7072\" data-element_type=\"container\" data-e-type=\"container\">\n\t\t\t\t\t<div class=\"e-con-inner\">\n\t\t<div class=\"elementor-element elementor-element-1a2bb1d e-con-full e-flex e-con e-child\" data-id=\"1a2bb1d\" data-element_type=\"container\" data-e-type=\"container\">\n\t\t\t\t<div class=\"elementor-element elementor-element-a74b39d elementor-widget elementor-widget-text-editor\" data-id=\"a74b39d\" data-element_type=\"widget\" data-e-type=\"widget\" data-widget_type=\"text-editor.default\">\n\t\t\t\t<div class=\"elementor-widget-container\">\n\t\t\t\t\t\t\t\t\t<p><strong>Em que consiste esta terapia?<\/strong><\/p><p>Consiste na aplica\u00e7\u00e3o de calor direta ou indiretamente em determinados pontos do corpo, que geralmente coincidem com os pontos de acupunctura, os meridianos.<\/p><p>O calor \u00e9 aplicado atrav\u00e9s da moxa ou da igni\u00e7\u00e3o de um cone de artem\u00edsia, utilizando tamb\u00e9m as propriedades terap\u00eauticas da raiz desta planta.<\/p><p>Os seus benef\u00edcios terap\u00eauticos s\u00e3o milhares, pelo que \u00e9 muito utilizada individualmente ou associada a outras t\u00e9cnicas da Medicina Tradicional Chinesa, como a acupunctura, para potenciar o seu efeito.<\/p><p>Entre os seus benef\u00edcios destacam-se os seguintes: induz o relaxamento e diminui a rigidez muscular; ajuda a eliminar o frio interno e a humidade; e provoca um aumento local do fluxo sangu\u00edneo e da energia.<\/p>\t\t\t\t\t\t\t\t<\/div>\n\t\t\t\t<\/div>\n\t\t\t\t<\/div>\n\t\t<div class=\"elementor-element elementor-element-cfc1477 e-con-full e-flex e-con e-child\" data-id=\"cfc1477\" data-element_type=\"container\" data-e-type=\"container\">\n\t\t\t\t<div class=\"elementor-element elementor-element-a7f8a5e elementor-widget elementor-widget-image\" data-id=\"a7f8a5e\" data-element_type=\"widget\" data-e-type=\"widget\" data-widget_type=\"image.default\">\n\t\t\t\t<div class=\"elementor-widget-container\">\n\t\t\t\t\t\t\t\t\t\t\t\t\t\t\t<img decoding=\"async\" width=\"256\" height=\"153\" src=\"https:\/\/vitalityzen.fr\/wp-content\/uploads\/2025\/02\/moxa.webp\" class=\"attachment-large size-large wp-image-404\" alt=\"\" \/>\t\t\t\t\t\t\t\t\t\t\t\t\t\t\t<\/div>\n\t\t\t\t<\/div>\n\t\t\t\t<div class=\"elementor-element elementor-element-3898917 elementor-widget elementor-widget-image\" data-id=\"3898917\" data-element_type=\"widget\" data-e-type=\"widget\" data-widget_type=\"image.default\">\n\t\t\t\t<div class=\"elementor-widget-container\">\n\t\t\t\t\t\t\t\t\t\t\t\t\t\t\t<img decoding=\"async\" width=\"256\" height=\"155\" src=\"https:\/\/vitalityzen.fr\/wp-content\/uploads\/2025\/02\/Moxa-2.webp\" class=\"attachment-large size-large wp-image-405\" alt=\"\" \/>\t\t\t\t\t\t\t\t\t\t\t\t\t\t\t<\/div>\n\t\t\t\t<\/div>\n\t\t\t\t<\/div>\n\t\t\t\t\t<\/div>\n\t\t\t\t<\/div>\n\t\t<div class=\"elementor-element elementor-element-12a5dcf e-flex e-con-boxed e-con e-parent\" data-id=\"12a5dcf\" data-element_type=\"container\" data-e-type=\"container\">\n\t\t\t\t\t<div class=\"e-con-inner\">\n\t\t\t\t<div class=\"elementor-element elementor-element-dd08c75 elementor-widget elementor-widget-heading\" data-id=\"dd08c75\" data-element_type=\"widget\" data-e-type=\"widget\" data-widget_type=\"heading.default\">\n\t\t\t\t<div class=\"elementor-widget-container\">\n\t\t\t\t\t<h2 class=\"elementor-heading-title elementor-size-default\">A moxabust\u00e3o pode tratar problemas como:<\/h2>\t\t\t\t<\/div>\n\t\t\t\t<\/div>\n\t\t\t\t\t<\/div>\n\t\t\t\t<\/div>\n\t\t<div class=\"elementor-element elementor-element-8917566 e-flex e-con-boxed e-con e-parent\" data-id=\"8917566\" data-element_type=\"container\" data-e-type=\"container\">\n\t\t\t\t\t<div class=\"e-con-inner\">\n\t\t\t\t<div class=\"elementor-element elementor-element-8e7f9a6 elementor-widget elementor-widget-text-editor\" data-id=\"8e7f9a6\" data-element_type=\"widget\" data-e-type=\"widget\" data-widget_type=\"text-editor.default\">\n\t\t\t\t<div class=\"elementor-widget-container\">\n\t\t\t\t\t\t\t\t\t<ul><li>&#8211; Infertilidade.<\/li><li>&#8211; Stress e ansiedade.<\/li><li>&#8211; Depress\u00e3o.<\/li><li>&#8211; Ins\u00f3nias.<\/li><li>&#8211; Cessa\u00e7\u00e3o do tabagismo<\/li><li>&#8211; Dores de cabe\u00e7a, enxaquecas.<\/li><li>&#8211; Problemas respirat\u00f3rios cr\u00f3nicos: asma, sinusite, processos catarrais.<\/li><li>&#8211; Problemas digestivos cr\u00f3nicos: obstipa\u00e7\u00e3o ou diarreia.<\/li><li>&#8211; Alergias.<\/li><li>&#8211; Problemas de pele.<\/li><li>&#8211; Hiperhidrose (hipersuda\u00e7\u00e3o).<\/li><li>&#8211; Les\u00f5es cr\u00f3nicas tendinomusculares e articulares.<\/li><li>&#8211; Problemas ginecol\u00f3gicos: perturba\u00e7\u00f5es menstruais, dismenorreia e durante a menopausa, as ondas de calor. Os fogachos podem se manifestar durante a noite em forma de suores noturnos.<\/li><\/ul>\t\t\t\t\t\t\t\t<\/div>\n\t\t\t\t<\/div>\n\t\t\t\t\t<\/div>\n\t\t\t\t<\/div>\n\t\t<div class=\"elementor-element elementor-element-c3cda30 e-flex e-con-boxed e-con e-parent\" data-id=\"c3cda30\" data-element_type=\"container\" data-e-type=\"container\">\n\t\t\t\t\t<div class=\"e-con-inner\">\n\t\t\t\t<div class=\"elementor-element elementor-element-0e56336 elementor-widget-divider--view-line elementor-widget elementor-widget-divider\" data-id=\"0e56336\" data-element_type=\"widget\" data-e-type=\"widget\" data-widget_type=\"divider.default\">\n\t\t\t\t<div class=\"elementor-widget-container\">\n\t\t\t\t\t\t\t<div class=\"elementor-divider\">\n\t\t\t<span class=\"elementor-divider-separator\">\n\t\t\t\t\t\t<\/span>\n\t\t<\/div>\n\t\t\t\t\t\t<\/div>\n\t\t\t\t<\/div>\n\t\t\t\t\t<\/div>\n\t\t\t\t<\/div>\n\t\t<div class=\"elementor-element elementor-element-7ff6056 e-flex e-con-boxed e-con e-parent\" data-id=\"7ff6056\" data-element_type=\"container\" data-e-type=\"container\">\n\t\t\t\t\t<div class=\"e-con-inner\">\n\t\t\t\t<div class=\"elementor-element elementor-element-60b0b82 elementor-align-center elementor-widget elementor-widget-button\" data-id=\"60b0b82\" data-element_type=\"widget\" data-e-type=\"widget\" data-widget_type=\"button.default\">\n\t\t\t\t<div class=\"elementor-widget-container\">\n\t\t\t\t\t\t\t\t\t<div class=\"elementor-button-wrapper\">\n\t\t\t\t\t<a class=\"elementor-button elementor-button-link elementor-size-sm\" href=\"https:\/\/vitalityzen.fr\/index.php\/pedir-cita\/\" target=\"_blank\">\n\t\t\t\t\t\t<span class=\"elementor-button-content-wrapper\">\n\t\t\t\t\t\t\t\t\t<span class=\"elementor-button-text\">Pedir Cita<\/span>\n\t\t\t\t\t<\/span>\n\t\t\t\t\t<\/a>\n\t\t\t\t<\/div>\n\t\t\t\t\t\t\t\t<\/div>\n\t\t\t\t<\/div>\n\t\t\t\t\t<\/div>\n\t\t\t\t<\/div>\n\t\t<div class=\"elementor-element elementor-element-c4685fb e-con-full e-flex e-con e-parent\" data-id=\"c4685fb\" data-element_type=\"container\" data-e-type=\"container\">\n\t\t\t\t<div class=\"elementor-element elementor-element-483757d elementor-widget-divider--view-line elementor-widget elementor-widget-divider\" data-id=\"483757d\" data-element_type=\"widget\" data-e-type=\"widget\" data-widget_type=\"divider.default\">\n\t\t\t\t<div class=\"elementor-widget-container\">\n\t\t\t\t\t\t\t<div class=\"elementor-divider\">\n\t\t\t<span class=\"elementor-divider-separator\">\n\t\t\t\t\t\t<\/span>\n\t\t<\/div>\n\t\t\t\t\t\t<\/div>\n\t\t\t\t<\/div>\n\t\t\t\t<\/div>\n\t\t\t\t<\/div>\n\t\t","protected":false},"excerpt":{"rendered":"<p>A ventosaterapia (tamb\u00e9m designada por cupping ou hijama) \u00e9 uma das mais antigas terapias conhecidas. A sua utiliza\u00e7\u00e3o m\u00e9dica remonta a mais de 3000 anos e h\u00e1 refer\u00eancias \u00e0 sua utiliza\u00e7\u00e3o por m\u00e9dicos do Antigo Egito, da Gr\u00e9cia e da China. Atualmente, numerosos estudos cl\u00ednicos apoiam a sua efic\u00e1cia em v\u00e1rias \u00e1reas de tratamento m\u00e9dico, [&hellip;]<\/p>\n","protected":false},"author":1,"featured_media":0,"parent":0,"menu_order":0,"comment_status":"closed","ping_status":"closed","template":"","meta":{"footnotes":""},"class_list":["post-559","page","type-page","status-publish","hentry"],"yoast_head":"<!-- This site is optimized with the Yoast SEO plugin v24.4 - https:\/\/yoast.com\/wordpress\/plugins\/seo\/ -->\n<title>Ventosaterapia e Moxabust\u00e3o - Vitality Zen<\/title>\n<meta name=\"robots\" content=\"index, follow, max-snippet:-1, max-image-preview:large, max-video-preview:-1\" \/>\n<link rel=\"canonical\" href=\"https:\/\/vitalityzen.fr\/index.php\/pt\/ventosas-e-moxabustao\/\" \/>\n<meta property=\"og:locale\" content=\"fr_FR\" \/>\n<meta property=\"og:type\" content=\"article\" \/>\n<meta property=\"og:title\" content=\"Ventosaterapia e Moxabust\u00e3o - Vitality Zen\" \/>\n<meta property=\"og:description\" content=\"A ventosaterapia (tamb\u00e9m designada por cupping ou hijama) \u00e9 uma das mais antigas terapias conhecidas. A sua utiliza\u00e7\u00e3o m\u00e9dica remonta a mais de 3000 anos e h\u00e1 refer\u00eancias \u00e0 sua utiliza\u00e7\u00e3o por m\u00e9dicos do Antigo Egito, da Gr\u00e9cia e da China. Atualmente, numerosos estudos cl\u00ednicos apoiam a sua efic\u00e1cia em v\u00e1rias \u00e1reas de tratamento m\u00e9dico, [&hellip;]\" \/>\n<meta property=\"og:url\" content=\"https:\/\/vitalityzen.fr\/index.php\/pt\/ventosas-e-moxabustao\/\" \/>\n<meta property=\"og:site_name\" content=\"Vitality Zen\" \/>\n<meta property=\"article:modified_time\" content=\"2025-02-25T13:43:05+00:00\" \/>\n<meta property=\"og:image\" content=\"https:\/\/vitalityzen.fr\/wp-content\/uploads\/2025\/02\/Plan-de-travail-1-1-1024x444.webp\" \/>\n<meta name=\"twitter:card\" content=\"summary_large_image\" \/>\n<meta name=\"twitter:label1\" content=\"Dur\u00e9e de lecture estim\u00e9e\" \/>\n\t<meta name=\"twitter:data1\" content=\"4 minutes\" \/>\n<script type=\"application\/ld+json\" class=\"yoast-schema-graph\">{\"@context\":\"https:\/\/schema.org\",\"@graph\":[{\"@type\":\"WebPage\",\"@id\":\"https:\/\/vitalityzen.fr\/index.php\/pt\/ventosas-e-moxabustao\/\",\"url\":\"https:\/\/vitalityzen.fr\/index.php\/pt\/ventosas-e-moxabustao\/\",\"name\":\"Ventosaterapia e Moxabust\u00e3o - Vitality Zen\",\"isPartOf\":{\"@id\":\"https:\/\/vitalityzen.fr\/#website\"},\"primaryImageOfPage\":{\"@id\":\"https:\/\/vitalityzen.fr\/index.php\/pt\/ventosas-e-moxabustao\/#primaryimage\"},\"image\":{\"@id\":\"https:\/\/vitalityzen.fr\/index.php\/pt\/ventosas-e-moxabustao\/#primaryimage\"},\"thumbnailUrl\":\"https:\/\/vitalityzen.fr\/wp-content\/uploads\/2025\/02\/Plan-de-travail-1-1-1024x444.webp\",\"datePublished\":\"2025-02-11T21:32:48+00:00\",\"dateModified\":\"2025-02-25T13:43:05+00:00\",\"breadcrumb\":{\"@id\":\"https:\/\/vitalityzen.fr\/index.php\/pt\/ventosas-e-moxabustao\/#breadcrumb\"},\"inLanguage\":\"fr-FR\",\"potentialAction\":[{\"@type\":\"ReadAction\",\"target\":[\"https:\/\/vitalityzen.fr\/index.php\/pt\/ventosas-e-moxabustao\/\"]}]},{\"@type\":\"ImageObject\",\"inLanguage\":\"fr-FR\",\"@id\":\"https:\/\/vitalityzen.fr\/index.php\/pt\/ventosas-e-moxabustao\/#primaryimage\",\"url\":\"https:\/\/vitalityzen.fr\/wp-content\/uploads\/2025\/02\/Plan-de-travail-1-1.webp\",\"contentUrl\":\"https:\/\/vitalityzen.fr\/wp-content\/uploads\/2025\/02\/Plan-de-travail-1-1.webp\",\"width\":1056,\"height\":458},{\"@type\":\"BreadcrumbList\",\"@id\":\"https:\/\/vitalityzen.fr\/index.php\/pt\/ventosas-e-moxabustao\/#breadcrumb\",\"itemListElement\":[{\"@type\":\"ListItem\",\"position\":1,\"name\":\"Accueil\",\"item\":\"https:\/\/vitalityzen.fr\/\"},{\"@type\":\"ListItem\",\"position\":2,\"name\":\"Ventosaterapia e Moxabust\u00e3o\"}]},{\"@type\":\"WebSite\",\"@id\":\"https:\/\/vitalityzen.fr\/#website\",\"url\":\"https:\/\/vitalityzen.fr\/\",\"name\":\"Vitality Zen\",\"description\":\"1, Rue Marietton 69009 Lyon - France\",\"publisher\":{\"@id\":\"https:\/\/vitalityzen.fr\/#organization\"},\"potentialAction\":[{\"@type\":\"SearchAction\",\"target\":{\"@type\":\"EntryPoint\",\"urlTemplate\":\"https:\/\/vitalityzen.fr\/?s={search_term_string}\"},\"query-input\":{\"@type\":\"PropertyValueSpecification\",\"valueRequired\":true,\"valueName\":\"search_term_string\"}}],\"inLanguage\":\"fr-FR\"},{\"@type\":\"Organization\",\"@id\":\"https:\/\/vitalityzen.fr\/#organization\",\"name\":\"Vitality Zen\",\"url\":\"https:\/\/vitalityzen.fr\/\",\"logo\":{\"@type\":\"ImageObject\",\"inLanguage\":\"fr-FR\",\"@id\":\"https:\/\/vitalityzen.fr\/#\/schema\/logo\/image\/\",\"url\":\"https:\/\/vitalityzen.fr\/wp-content\/uploads\/2025\/01\/cropped-Plan-de-travail-3-scaled-1.webp\",\"contentUrl\":\"https:\/\/vitalityzen.fr\/wp-content\/uploads\/2025\/01\/cropped-Plan-de-travail-3-scaled-1.webp\",\"width\":2270,\"height\":2533,\"caption\":\"Vitality Zen\"},\"image\":{\"@id\":\"https:\/\/vitalityzen.fr\/#\/schema\/logo\/image\/\"}}]}<\/script>\n<!-- \/ Yoast SEO plugin. -->","yoast_head_json":{"title":"Ventosaterapia e Moxabust\u00e3o - Vitality Zen","robots":{"index":"index","follow":"follow","max-snippet":"max-snippet:-1","max-image-preview":"max-image-preview:large","max-video-preview":"max-video-preview:-1"},"canonical":"https:\/\/vitalityzen.fr\/index.php\/pt\/ventosas-e-moxabustao\/","og_locale":"fr_FR","og_type":"article","og_title":"Ventosaterapia e Moxabust\u00e3o - Vitality Zen","og_description":"A ventosaterapia (tamb\u00e9m designada por cupping ou hijama) \u00e9 uma das mais antigas terapias conhecidas. A sua utiliza\u00e7\u00e3o m\u00e9dica remonta a mais de 3000 anos e h\u00e1 refer\u00eancias \u00e0 sua utiliza\u00e7\u00e3o por m\u00e9dicos do Antigo Egito, da Gr\u00e9cia e da China. Atualmente, numerosos estudos cl\u00ednicos apoiam a sua efic\u00e1cia em v\u00e1rias \u00e1reas de tratamento m\u00e9dico, [&hellip;]","og_url":"https:\/\/vitalityzen.fr\/index.php\/pt\/ventosas-e-moxabustao\/","og_site_name":"Vitality Zen","article_modified_time":"2025-02-25T13:43:05+00:00","og_image":[{"url":"https:\/\/vitalityzen.fr\/wp-content\/uploads\/2025\/02\/Plan-de-travail-1-1-1024x444.webp","type":"","width":"","height":""}],"twitter_card":"summary_large_image","twitter_misc":{"Dur\u00e9e de lecture estim\u00e9e":"4 minutes"},"schema":{"@context":"https:\/\/schema.org","@graph":[{"@type":"WebPage","@id":"https:\/\/vitalityzen.fr\/index.php\/pt\/ventosas-e-moxabustao\/","url":"https:\/\/vitalityzen.fr\/index.php\/pt\/ventosas-e-moxabustao\/","name":"Ventosaterapia e Moxabust\u00e3o - Vitality Zen","isPartOf":{"@id":"https:\/\/vitalityzen.fr\/#website"},"primaryImageOfPage":{"@id":"https:\/\/vitalityzen.fr\/index.php\/pt\/ventosas-e-moxabustao\/#primaryimage"},"image":{"@id":"https:\/\/vitalityzen.fr\/index.php\/pt\/ventosas-e-moxabustao\/#primaryimage"},"thumbnailUrl":"https:\/\/vitalityzen.fr\/wp-content\/uploads\/2025\/02\/Plan-de-travail-1-1-1024x444.webp","datePublished":"2025-02-11T21:32:48+00:00","dateModified":"2025-02-25T13:43:05+00:00","breadcrumb":{"@id":"https:\/\/vitalityzen.fr\/index.php\/pt\/ventosas-e-moxabustao\/#breadcrumb"},"inLanguage":"fr-FR","potentialAction":[{"@type":"ReadAction","target":["https:\/\/vitalityzen.fr\/index.php\/pt\/ventosas-e-moxabustao\/"]}]},{"@type":"ImageObject","inLanguage":"fr-FR","@id":"https:\/\/vitalityzen.fr\/index.php\/pt\/ventosas-e-moxabustao\/#primaryimage","url":"https:\/\/vitalityzen.fr\/wp-content\/uploads\/2025\/02\/Plan-de-travail-1-1.webp","contentUrl":"https:\/\/vitalityzen.fr\/wp-content\/uploads\/2025\/02\/Plan-de-travail-1-1.webp","width":1056,"height":458},{"@type":"BreadcrumbList","@id":"https:\/\/vitalityzen.fr\/index.php\/pt\/ventosas-e-moxabustao\/#breadcrumb","itemListElement":[{"@type":"ListItem","position":1,"name":"Accueil","item":"https:\/\/vitalityzen.fr\/"},{"@type":"ListItem","position":2,"name":"Ventosaterapia e Moxabust\u00e3o"}]},{"@type":"WebSite","@id":"https:\/\/vitalityzen.fr\/#website","url":"https:\/\/vitalityzen.fr\/","name":"Vitality Zen","description":"1, Rue Marietton 69009 Lyon - France","publisher":{"@id":"https:\/\/vitalityzen.fr\/#organization"},"potentialAction":[{"@type":"SearchAction","target":{"@type":"EntryPoint","urlTemplate":"https:\/\/vitalityzen.fr\/?s={search_term_string}"},"query-input":{"@type":"PropertyValueSpecification","valueRequired":true,"valueName":"search_term_string"}}],"inLanguage":"fr-FR"},{"@type":"Organization","@id":"https:\/\/vitalityzen.fr\/#organization","name":"Vitality Zen","url":"https:\/\/vitalityzen.fr\/","logo":{"@type":"ImageObject","inLanguage":"fr-FR","@id":"https:\/\/vitalityzen.fr\/#\/schema\/logo\/image\/","url":"https:\/\/vitalityzen.fr\/wp-content\/uploads\/2025\/01\/cropped-Plan-de-travail-3-scaled-1.webp","contentUrl":"https:\/\/vitalityzen.fr\/wp-content\/uploads\/2025\/01\/cropped-Plan-de-travail-3-scaled-1.webp","width":2270,"height":2533,"caption":"Vitality Zen"},"image":{"@id":"https:\/\/vitalityzen.fr\/#\/schema\/logo\/image\/"}}]}},"_links":{"self":[{"href":"https:\/\/vitalityzen.fr\/index.php\/wp-json\/wp\/v2\/pages\/559","targetHints":{"allow":["GET"]}}],"collection":[{"href":"https:\/\/vitalityzen.fr\/index.php\/wp-json\/wp\/v2\/pages"}],"about":[{"href":"https:\/\/vitalityzen.fr\/index.php\/wp-json\/wp\/v2\/types\/page"}],"author":[{"embeddable":true,"href":"https:\/\/vitalityzen.fr\/index.php\/wp-json\/wp\/v2\/users\/1"}],"replies":[{"embeddable":true,"href":"https:\/\/vitalityzen.fr\/index.php\/wp-json\/wp\/v2\/comments?post=559"}],"version-history":[{"count":5,"href":"https:\/\/vitalityzen.fr\/index.php\/wp-json\/wp\/v2\/pages\/559\/revisions"}],"predecessor-version":[{"id":858,"href":"https:\/\/vitalityzen.fr\/index.php\/wp-json\/wp\/v2\/pages\/559\/revisions\/858"}],"wp:attachment":[{"href":"https:\/\/vitalityzen.fr\/index.php\/wp-json\/wp\/v2\/media?parent=559"}],"curies":[{"name":"wp","href":"https:\/\/api.w.org\/{rel}","templated":true}]}}