{"id":570,"date":"2025-02-11T22:52:05","date_gmt":"2025-02-11T21:52:05","guid":{"rendered":"https:\/\/vitalityzen.fr\/?page_id=570"},"modified":"2025-06-26T13:47:33","modified_gmt":"2025-06-26T11:47:33","slug":"contacto-2","status":"publish","type":"page","link":"https:\/\/vitalityzen.fr\/index.php\/pt\/contacto-2\/","title":{"rendered":"Contacto"},"content":{"rendered":"\t\t<div data-elementor-type=\"wp-page\" data-elementor-id=\"570\" class=\"elementor elementor-570\">\n\t\t\t\t<div class=\"elementor-element elementor-element-8658bab e-flex e-con-boxed e-con e-parent\" data-id=\"8658bab\" data-element_type=\"container\" data-e-type=\"container\">\n\t\t\t\t\t<div class=\"e-con-inner\">\n\t\t\t\t<div class=\"elementor-element elementor-element-d2f2866 elementor-widget-divider--view-line elementor-widget elementor-widget-divider\" data-id=\"d2f2866\" data-element_type=\"widget\" data-e-type=\"widget\" data-widget_type=\"divider.default\">\n\t\t\t\t<div class=\"elementor-widget-container\">\n\t\t\t\t\t\t\t<div class=\"elementor-divider\">\n\t\t\t<span class=\"elementor-divider-separator\">\n\t\t\t\t\t\t<\/span>\n\t\t<\/div>\n\t\t\t\t\t\t<\/div>\n\t\t\t\t<\/div>\n\t\t\t\t\t<\/div>\n\t\t\t\t<\/div>\n\t\t<div class=\"elementor-element elementor-element-bb77644 e-con-full e-flex e-con e-parent\" data-id=\"bb77644\" data-element_type=\"container\" data-e-type=\"container\">\n\t\t\t\t<div class=\"elementor-element elementor-element-6379c99 elementor-widget elementor-widget-image\" data-id=\"6379c99\" data-element_type=\"widget\" data-e-type=\"widget\" data-widget_type=\"image.default\">\n\t\t\t\t<div class=\"elementor-widget-container\">\n\t\t\t\t\t\t\t\t\t\t\t\t\t\t\t<img fetchpriority=\"high\" decoding=\"async\" width=\"2560\" height=\"1463\" src=\"https:\/\/vitalityzen.fr\/wp-content\/uploads\/2025\/01\/fresh-water-plant-leaf-reflects-beauty-nature-generated-by-ai-scaled.jpg\" class=\"attachment-full size-full wp-image-169\" alt=\"\" srcset=\"https:\/\/vitalityzen.fr\/wp-content\/uploads\/2025\/01\/fresh-water-plant-leaf-reflects-beauty-nature-generated-by-ai-scaled.jpg 2560w, https:\/\/vitalityzen.fr\/wp-content\/uploads\/2025\/01\/fresh-water-plant-leaf-reflects-beauty-nature-generated-by-ai-300x171.jpg 300w, https:\/\/vitalityzen.fr\/wp-content\/uploads\/2025\/01\/fresh-water-plant-leaf-reflects-beauty-nature-generated-by-ai-1024x585.jpg 1024w, https:\/\/vitalityzen.fr\/wp-content\/uploads\/2025\/01\/fresh-water-plant-leaf-reflects-beauty-nature-generated-by-ai-768x439.jpg 768w, https:\/\/vitalityzen.fr\/wp-content\/uploads\/2025\/01\/fresh-water-plant-leaf-reflects-beauty-nature-generated-by-ai-1536x878.jpg 1536w, https:\/\/vitalityzen.fr\/wp-content\/uploads\/2025\/01\/fresh-water-plant-leaf-reflects-beauty-nature-generated-by-ai-2048x1170.jpg 2048w\" sizes=\"(max-width: 2560px) 100vw, 2560px\" \/>\t\t\t\t\t\t\t\t\t\t\t\t\t\t\t<\/div>\n\t\t\t\t<\/div>\n\t\t\t\t<\/div>\n\t\t<div class=\"elementor-element elementor-element-dd72d7b e-flex e-con-boxed e-con e-parent\" data-id=\"dd72d7b\" data-element_type=\"container\" data-e-type=\"container\">\n\t\t\t\t\t<div class=\"e-con-inner\">\n\t\t\t\t<div class=\"elementor-element elementor-element-b63025e elementor-widget elementor-widget-text-editor\" data-id=\"b63025e\" data-element_type=\"widget\" data-e-type=\"widget\" data-widget_type=\"text-editor.default\">\n\t\t\t\t<div class=\"elementor-widget-container\">\n\t\t\t\t\t\t\t\t\t<p>Contacte-nos e d\u00ea o primeiro passo para o seu bem-estar! \ud83c\udf3f<\/p><p>Na <strong>Vitality ZEN<\/strong>, a nossa prioridade \u00e9 fazer de cada terapia um momento especial.<\/p><p>Escolha a serenidade, o bem-estar e o equil\u00edbrio entre o seu estado f\u00edsico, mental, emocional e espiritual.<\/p>\t\t\t\t\t\t\t\t<\/div>\n\t\t\t\t<\/div>\n\t\t\t\t\t<\/div>\n\t\t\t\t<\/div>\n\t\t<div class=\"elementor-element elementor-element-73d6410 e-flex e-con-boxed e-con e-parent\" data-id=\"73d6410\" data-element_type=\"container\" data-e-type=\"container\">\n\t\t\t\t\t<div class=\"e-con-inner\">\n\t\t\t\t<div class=\"elementor-element elementor-element-145549f elementor-widget elementor-widget-text-editor\" data-id=\"145549f\" data-element_type=\"widget\" data-e-type=\"widget\" data-widget_type=\"text-editor.default\">\n\t\t\t\t<div class=\"elementor-widget-container\">\n\t\t\t\t\t\t\t\t\t<p>Esperamos acompanh\u00e1-lo e ajud\u00e1-lo na sua busca pela vitalidade e harmonia.<\/p><p>Se tiver alguma d\u00favida ou quiser saber mais sobre os nossos servi\u00e7os, ou simplesmente quiser falar connosco, estamos aqui para o ajudar.<\/p><p>\u00a0<\/p><p><strong>Entre em contacto connosco: o caminho para uma melhor vers\u00e3o de si come\u00e7a aqui. \ud83d\udcab<\/strong><\/p>\t\t\t\t\t\t\t\t<\/div>\n\t\t\t\t<\/div>\n\t\t\t\t\t<\/div>\n\t\t\t\t<\/div>\n\t\t<div class=\"elementor-element elementor-element-d2a17d3 e-flex e-con-boxed e-con e-parent\" data-id=\"d2a17d3\" data-element_type=\"container\" data-e-type=\"container\">\n\t\t\t\t\t<div class=\"e-con-inner\">\n\t\t\t\t<div class=\"elementor-element elementor-element-4b94418 elementor-widget elementor-widget-text-editor\" data-id=\"4b94418\" data-element_type=\"widget\" data-e-type=\"widget\" data-widget_type=\"text-editor.default\">\n\t\t\t\t<div class=\"elementor-widget-container\">\n\t\t\t\t\t\t\t\t\t<h4>1, Rue Marietton<\/h4><p>69009 Lyon<\/p><p><span style=\"text-decoration: underline;\">Ligne de M\u00e9tro D<\/span>: station Valmy\u00a0<\/p><p><span style=\"text-decoration: underline;\">Bus<\/span>: C6, C14, 2, 5, 19, 31, 45, 90, 40<\/p><h3><strong><img decoding=\"async\" class=\"\" src=\"https:\/\/th.bing.com\/th\/id\/OIP.OrTOO1yBz4nZh9nPOd9HSgHaHf?rs=1&amp;pid=ImgDetMain\" alt=\"Im\u00e1genes de Whatsapp logo | Im\u00e1genes\" width=\"30\" height=\"30\" \/><\/strong>\ud83d\udcde 07 51 52 16 65<\/h3><p>Envie-nos um email e entraremos em contacto consigo o mais rapidamente poss\u00edvel :<\/p><p><strong><a href=\"mailto:contact@vitalityzen.fr\">contact@vitalityzen.fr<\/a><\/strong><\/p><p>Ou preencha nosso formul\u00e1rio de contacto:<\/p>\t\t\t\t\t\t\t\t<\/div>\n\t\t\t\t<\/div>\n\t\t\t\t\t<\/div>\n\t\t\t\t<\/div>\n\t\t<div class=\"elementor-element elementor-element-d0a2c6b e-flex e-con-boxed e-con e-parent\" data-id=\"d0a2c6b\" data-element_type=\"container\" data-e-type=\"container\">\n\t\t\t\t\t<div class=\"e-con-inner\">\n\t\t<div class=\"elementor-element elementor-element-330e87f e-con-full e-flex e-con e-child\" data-id=\"330e87f\" data-element_type=\"container\" data-e-type=\"container\">\n\t\t\t\t<div class=\"elementor-element elementor-element-413bc41 elementor-widget elementor-widget-shortcode\" data-id=\"413bc41\" data-element_type=\"widget\" data-e-type=\"widget\" data-widget_type=\"shortcode.default\">\n\t\t\t\t<div class=\"elementor-widget-container\">\n\t\t\t\t\t\t\t<div class=\"elementor-shortcode\"><div class=\"forminator-ui forminator-custom-form forminator-custom-form-769 forminator-design--material  forminator_ajax\" data-forminator-render=\"0\" data-form=\"forminator-module-769\" data-uid=\"6a0088778c3d7\"><br\/><\/div><form\n\t\t\t\tid=\"forminator-module-769\"\n\t\t\t\tclass=\"forminator-ui forminator-custom-form forminator-custom-form-769 forminator-design--material  forminator_ajax\"\n\t\t\t\tmethod=\"post\"\n\t\t\t\tdata-forminator-render=\"0\"\n\t\t\t\tdata-form-id=\"769\"\n\t\t\t\t data-color-option=\"theme\" data-design=\"material\" data-grid=\"open\" style=\"display: none;\"\n\t\t\t\tdata-uid=\"6a0088778c3d7\"\n\t\t\t><div role=\"alert\" aria-live=\"polite\" class=\"forminator-response-message forminator-error\" aria-hidden=\"true\"><\/div><div class=\"forminator-row\"><div id=\"name-1\" class=\"forminator-field-name forminator-col forminator-col-12 \"><div class=\"forminator-field\"><label for=\"forminator-field-name-1_6a0088778c3d7\" id=\"forminator-field-name-1_6a0088778c3d7-label\" class=\"forminator-label\">Nom et pr\u00e9nom <span class=\"forminator-required\">*<\/span><\/label><input type=\"text\" name=\"name-1\" value=\"\" placeholder=\"Par exemple\u00a0: Jean\" id=\"forminator-field-name-1_6a0088778c3d7\" class=\"forminator-input forminator-name--field\" aria-required=\"true\" autocomplete=\"name\" \/><\/div><\/div><\/div><div class=\"forminator-row\"><div id=\"email-1\" class=\"forminator-field-email forminator-col forminator-col-12 \"><div class=\"forminator-field\"><label for=\"forminator-field-email-1_6a0088778c3d7\" id=\"forminator-field-email-1_6a0088778c3d7-label\" class=\"forminator-label\">Adresse de messagerie <span class=\"forminator-required\">*<\/span><\/label><input type=\"email\" name=\"email-1\" value=\"\" placeholder=\"Par exemple\u00a0: jacques@martin.com\" id=\"forminator-field-email-1_6a0088778c3d7\" class=\"forminator-input forminator-email--field\" data-required=\"true\" aria-required=\"true\" autocomplete=\"email\" \/><\/div><\/div><\/div><div class=\"forminator-row\"><div id=\"phone-1\" class=\"forminator-field-phone forminator-col forminator-col-12 \"><div class=\"forminator-field\"><label for=\"forminator-field-phone-1_6a0088778c3d7\" id=\"forminator-field-phone-1_6a0088778c3d7-label\" class=\"forminator-label\">Num\u00e9ro de t\u00e9l\u00e9phone <span class=\"forminator-required\">*<\/span><\/label><input type=\"text\" name=\"phone-1\" value=\"\" placeholder=\"Par exemple\u00a0: +1 02 03 04 05\" id=\"forminator-field-phone-1_6a0088778c3d7\" class=\"forminator-input forminator-field--phone\" data-required=\"1\" aria-required=\"true\" autocomplete=\"off\" \/><\/div><\/div><\/div><div class=\"forminator-row\"><div id=\"textarea-1\" class=\"forminator-field-textarea forminator-col forminator-col-12 \"><div class=\"forminator-field\"><label for=\"forminator-field-textarea-1_6a0088778c3d7\" id=\"forminator-field-textarea-1_6a0088778c3d7-label\" class=\"forminator-label\">Message<\/label><textarea name=\"textarea-1\" placeholder=\"Saisissez votre message\u2026\" id=\"forminator-field-textarea-1_6a0088778c3d7\" class=\"forminator-textarea\" rows=\"6\" style=\"--forminator-textarea-min-height:140px;\" maxlength=\"180\" ><\/textarea><span id=\"forminator-field-textarea-1_6a0088778c3d7-description\" class=\"forminator-description\"><span data-limit=\"180\" data-type=\"characters\" data-editor=\"\">0 \/ 180<\/span><\/span><\/div><\/div><\/div><input type=\"hidden\" name=\"referer_url\" value=\"\" \/><div class=\"forminator-row forminator-row-last\"><div class=\"forminator-col\"><div class=\"forminator-field\"><button class=\"forminator-button forminator-button-submit\"><span>Envoyer le message<\/span><span aria-hidden=\"true\"><\/span><\/button><\/div><\/div><\/div><input type=\"hidden\" id=\"forminator_nonce\" name=\"forminator_nonce\" value=\"3fd65f4c01\" \/><input type=\"hidden\" name=\"_wp_http_referer\" value=\"\/index.php\/wp-json\/wp\/v2\/pages\/570\" \/><input type=\"hidden\" name=\"form_id\" value=\"769\"><input type=\"hidden\" name=\"page_id\" value=\"570\"><input type=\"hidden\" name=\"form_type\" value=\"default\"><input type=\"hidden\" name=\"current_url\" value=\"https:\/\/vitalityzen.fr\/index.php\/pt\/contacto-2\/\"><input type=\"hidden\" name=\"render_id\" value=\"0\"><input type=\"hidden\" name=\"action\" value=\"forminator_submit_form_custom-forms\"><\/form><\/div>\n\t\t\t\t\t\t<\/div>\n\t\t\t\t<\/div>\n\t\t\t\t<\/div>\n\t\t<div class=\"elementor-element elementor-element-653c830 e-con-full e-flex e-con e-child\" data-id=\"653c830\" data-element_type=\"container\" data-e-type=\"container\">\n\t\t\t\t<div class=\"elementor-element elementor-element-970881a elementor-widget elementor-widget-google_maps\" data-id=\"970881a\" data-element_type=\"widget\" data-e-type=\"widget\" data-widget_type=\"google_maps.default\">\n\t\t\t\t<div class=\"elementor-widget-container\">\n\t\t\t\t\t\t\t<div class=\"elementor-custom-embed\">\n\t\t\t<iframe loading=\"lazy\"\n\t\t\t\t\tsrc=\"https:\/\/maps.google.com\/maps?q=1%20rue%20Marietton%2069009%20Lyon%20&#038;t=m&#038;z=14&#038;output=embed&#038;iwloc=near\"\n\t\t\t\t\ttitle=\"1 rue Marietton 69009 Lyon \"\n\t\t\t\t\taria-label=\"1 rue Marietton 69009 Lyon \"\n\t\t\t><\/iframe>\n\t\t<\/div>\n\t\t\t\t\t\t<\/div>\n\t\t\t\t<\/div>\n\t\t\t\t<\/div>\n\t\t\t\t\t<\/div>\n\t\t\t\t<\/div>\n\t\t\t\t<\/div>\n\t\t","protected":false},"excerpt":{"rendered":"<p>Contacte-nos e d\u00ea o primeiro passo para o seu bem-estar! \ud83c\udf3f Na Vitality ZEN, a nossa prioridade \u00e9 fazer de cada terapia um momento especial. Escolha a serenidade, o bem-estar e o equil\u00edbrio entre o seu estado f\u00edsico, mental, emocional e espiritual. Esperamos acompanh\u00e1-lo e ajud\u00e1-lo na sua busca pela vitalidade e harmonia. Se tiver [&hellip;]<\/p>\n","protected":false},"author":1,"featured_media":0,"parent":0,"menu_order":0,"comment_status":"closed","ping_status":"closed","template":"elementor_header_footer","meta":{"footnotes":""},"class_list":["post-570","page","type-page","status-publish","hentry"],"yoast_head":"<!-- This site is optimized with the Yoast SEO plugin v24.4 - https:\/\/yoast.com\/wordpress\/plugins\/seo\/ -->\n<title>Contacto - Vitality Zen<\/title>\n<meta name=\"robots\" content=\"index, follow, max-snippet:-1, max-image-preview:large, max-video-preview:-1\" \/>\n<link rel=\"canonical\" href=\"https:\/\/vitalityzen.fr\/index.php\/pt\/contacto-2\/\" \/>\n<meta property=\"og:locale\" content=\"fr_FR\" \/>\n<meta property=\"og:type\" content=\"article\" \/>\n<meta property=\"og:title\" content=\"Contacto - Vitality Zen\" \/>\n<meta property=\"og:description\" content=\"Contacte-nos e d\u00ea o primeiro passo para o seu bem-estar! \ud83c\udf3f Na Vitality ZEN, a nossa prioridade \u00e9 fazer de cada terapia um momento especial. Escolha a serenidade, o bem-estar e o equil\u00edbrio entre o seu estado f\u00edsico, mental, emocional e espiritual. Esperamos acompanh\u00e1-lo e ajud\u00e1-lo na sua busca pela vitalidade e harmonia. Se tiver [&hellip;]\" \/>\n<meta property=\"og:url\" content=\"https:\/\/vitalityzen.fr\/index.php\/pt\/contacto-2\/\" \/>\n<meta property=\"og:site_name\" content=\"Vitality Zen\" \/>\n<meta property=\"article:modified_time\" content=\"2025-06-26T11:47:33+00:00\" \/>\n<meta property=\"og:image\" content=\"https:\/\/vitalityzen.fr\/wp-content\/uploads\/2025\/01\/fresh-water-plant-leaf-reflects-beauty-nature-generated-by-ai-scaled.jpg\" \/>\n\t<meta property=\"og:image:width\" content=\"2560\" \/>\n\t<meta property=\"og:image:height\" content=\"1463\" \/>\n\t<meta property=\"og:image:type\" content=\"image\/jpeg\" \/>\n<meta name=\"twitter:card\" content=\"summary_large_image\" \/>\n<meta name=\"twitter:label1\" content=\"Dur\u00e9e de lecture estim\u00e9e\" \/>\n\t<meta name=\"twitter:data1\" content=\"2 minutes\" \/>\n<script type=\"application\/ld+json\" class=\"yoast-schema-graph\">{\"@context\":\"https:\/\/schema.org\",\"@graph\":[{\"@type\":\"WebPage\",\"@id\":\"https:\/\/vitalityzen.fr\/index.php\/pt\/contacto-2\/\",\"url\":\"https:\/\/vitalityzen.fr\/index.php\/pt\/contacto-2\/\",\"name\":\"Contacto - Vitality Zen\",\"isPartOf\":{\"@id\":\"https:\/\/vitalityzen.fr\/#website\"},\"primaryImageOfPage\":{\"@id\":\"https:\/\/vitalityzen.fr\/index.php\/pt\/contacto-2\/#primaryimage\"},\"image\":{\"@id\":\"https:\/\/vitalityzen.fr\/index.php\/pt\/contacto-2\/#primaryimage\"},\"thumbnailUrl\":\"https:\/\/vitalityzen.fr\/wp-content\/uploads\/2025\/01\/fresh-water-plant-leaf-reflects-beauty-nature-generated-by-ai-scaled.jpg\",\"datePublished\":\"2025-02-11T21:52:05+00:00\",\"dateModified\":\"2025-06-26T11:47:33+00:00\",\"breadcrumb\":{\"@id\":\"https:\/\/vitalityzen.fr\/index.php\/pt\/contacto-2\/#breadcrumb\"},\"inLanguage\":\"fr-FR\",\"potentialAction\":[{\"@type\":\"ReadAction\",\"target\":[\"https:\/\/vitalityzen.fr\/index.php\/pt\/contacto-2\/\"]}]},{\"@type\":\"ImageObject\",\"inLanguage\":\"fr-FR\",\"@id\":\"https:\/\/vitalityzen.fr\/index.php\/pt\/contacto-2\/#primaryimage\",\"url\":\"https:\/\/vitalityzen.fr\/wp-content\/uploads\/2025\/01\/fresh-water-plant-leaf-reflects-beauty-nature-generated-by-ai-scaled.jpg\",\"contentUrl\":\"https:\/\/vitalityzen.fr\/wp-content\/uploads\/2025\/01\/fresh-water-plant-leaf-reflects-beauty-nature-generated-by-ai-scaled.jpg\",\"width\":2560,\"height\":1463,\"caption\":\"Fresh water plant leaf reflects beauty in nature generated by artificial intelligence\"},{\"@type\":\"BreadcrumbList\",\"@id\":\"https:\/\/vitalityzen.fr\/index.php\/pt\/contacto-2\/#breadcrumb\",\"itemListElement\":[{\"@type\":\"ListItem\",\"position\":1,\"name\":\"Accueil\",\"item\":\"https:\/\/vitalityzen.fr\/\"},{\"@type\":\"ListItem\",\"position\":2,\"name\":\"Contacto\"}]},{\"@type\":\"WebSite\",\"@id\":\"https:\/\/vitalityzen.fr\/#website\",\"url\":\"https:\/\/vitalityzen.fr\/\",\"name\":\"Vitality Zen\",\"description\":\"1, Rue Marietton 69009 Lyon - France\",\"publisher\":{\"@id\":\"https:\/\/vitalityzen.fr\/#organization\"},\"potentialAction\":[{\"@type\":\"SearchAction\",\"target\":{\"@type\":\"EntryPoint\",\"urlTemplate\":\"https:\/\/vitalityzen.fr\/?s={search_term_string}\"},\"query-input\":{\"@type\":\"PropertyValueSpecification\",\"valueRequired\":true,\"valueName\":\"search_term_string\"}}],\"inLanguage\":\"fr-FR\"},{\"@type\":\"Organization\",\"@id\":\"https:\/\/vitalityzen.fr\/#organization\",\"name\":\"Vitality Zen\",\"url\":\"https:\/\/vitalityzen.fr\/\",\"logo\":{\"@type\":\"ImageObject\",\"inLanguage\":\"fr-FR\",\"@id\":\"https:\/\/vitalityzen.fr\/#\/schema\/logo\/image\/\",\"url\":\"https:\/\/vitalityzen.fr\/wp-content\/uploads\/2025\/01\/cropped-Plan-de-travail-3-scaled-1.webp\",\"contentUrl\":\"https:\/\/vitalityzen.fr\/wp-content\/uploads\/2025\/01\/cropped-Plan-de-travail-3-scaled-1.webp\",\"width\":2270,\"height\":2533,\"caption\":\"Vitality Zen\"},\"image\":{\"@id\":\"https:\/\/vitalityzen.fr\/#\/schema\/logo\/image\/\"}}]}<\/script>\n<!-- \/ Yoast SEO plugin. -->","yoast_head_json":{"title":"Contacto - Vitality Zen","robots":{"index":"index","follow":"follow","max-snippet":"max-snippet:-1","max-image-preview":"max-image-preview:large","max-video-preview":"max-video-preview:-1"},"canonical":"https:\/\/vitalityzen.fr\/index.php\/pt\/contacto-2\/","og_locale":"fr_FR","og_type":"article","og_title":"Contacto - Vitality Zen","og_description":"Contacte-nos e d\u00ea o primeiro passo para o seu bem-estar! \ud83c\udf3f Na Vitality ZEN, a nossa prioridade \u00e9 fazer de cada terapia um momento especial. Escolha a serenidade, o bem-estar e o equil\u00edbrio entre o seu estado f\u00edsico, mental, emocional e espiritual. Esperamos acompanh\u00e1-lo e ajud\u00e1-lo na sua busca pela vitalidade e harmonia. Se tiver [&hellip;]","og_url":"https:\/\/vitalityzen.fr\/index.php\/pt\/contacto-2\/","og_site_name":"Vitality Zen","article_modified_time":"2025-06-26T11:47:33+00:00","og_image":[{"width":2560,"height":1463,"url":"https:\/\/vitalityzen.fr\/wp-content\/uploads\/2025\/01\/fresh-water-plant-leaf-reflects-beauty-nature-generated-by-ai-scaled.jpg","type":"image\/jpeg"}],"twitter_card":"summary_large_image","twitter_misc":{"Dur\u00e9e de lecture estim\u00e9e":"2 minutes"},"schema":{"@context":"https:\/\/schema.org","@graph":[{"@type":"WebPage","@id":"https:\/\/vitalityzen.fr\/index.php\/pt\/contacto-2\/","url":"https:\/\/vitalityzen.fr\/index.php\/pt\/contacto-2\/","name":"Contacto - Vitality Zen","isPartOf":{"@id":"https:\/\/vitalityzen.fr\/#website"},"primaryImageOfPage":{"@id":"https:\/\/vitalityzen.fr\/index.php\/pt\/contacto-2\/#primaryimage"},"image":{"@id":"https:\/\/vitalityzen.fr\/index.php\/pt\/contacto-2\/#primaryimage"},"thumbnailUrl":"https:\/\/vitalityzen.fr\/wp-content\/uploads\/2025\/01\/fresh-water-plant-leaf-reflects-beauty-nature-generated-by-ai-scaled.jpg","datePublished":"2025-02-11T21:52:05+00:00","dateModified":"2025-06-26T11:47:33+00:00","breadcrumb":{"@id":"https:\/\/vitalityzen.fr\/index.php\/pt\/contacto-2\/#breadcrumb"},"inLanguage":"fr-FR","potentialAction":[{"@type":"ReadAction","target":["https:\/\/vitalityzen.fr\/index.php\/pt\/contacto-2\/"]}]},{"@type":"ImageObject","inLanguage":"fr-FR","@id":"https:\/\/vitalityzen.fr\/index.php\/pt\/contacto-2\/#primaryimage","url":"https:\/\/vitalityzen.fr\/wp-content\/uploads\/2025\/01\/fresh-water-plant-leaf-reflects-beauty-nature-generated-by-ai-scaled.jpg","contentUrl":"https:\/\/vitalityzen.fr\/wp-content\/uploads\/2025\/01\/fresh-water-plant-leaf-reflects-beauty-nature-generated-by-ai-scaled.jpg","width":2560,"height":1463,"caption":"Fresh water plant leaf reflects beauty in nature generated by artificial intelligence"},{"@type":"BreadcrumbList","@id":"https:\/\/vitalityzen.fr\/index.php\/pt\/contacto-2\/#breadcrumb","itemListElement":[{"@type":"ListItem","position":1,"name":"Accueil","item":"https:\/\/vitalityzen.fr\/"},{"@type":"ListItem","position":2,"name":"Contacto"}]},{"@type":"WebSite","@id":"https:\/\/vitalityzen.fr\/#website","url":"https:\/\/vitalityzen.fr\/","name":"Vitality Zen","description":"1, Rue Marietton 69009 Lyon - France","publisher":{"@id":"https:\/\/vitalityzen.fr\/#organization"},"potentialAction":[{"@type":"SearchAction","target":{"@type":"EntryPoint","urlTemplate":"https:\/\/vitalityzen.fr\/?s={search_term_string}"},"query-input":{"@type":"PropertyValueSpecification","valueRequired":true,"valueName":"search_term_string"}}],"inLanguage":"fr-FR"},{"@type":"Organization","@id":"https:\/\/vitalityzen.fr\/#organization","name":"Vitality Zen","url":"https:\/\/vitalityzen.fr\/","logo":{"@type":"ImageObject","inLanguage":"fr-FR","@id":"https:\/\/vitalityzen.fr\/#\/schema\/logo\/image\/","url":"https:\/\/vitalityzen.fr\/wp-content\/uploads\/2025\/01\/cropped-Plan-de-travail-3-scaled-1.webp","contentUrl":"https:\/\/vitalityzen.fr\/wp-content\/uploads\/2025\/01\/cropped-Plan-de-travail-3-scaled-1.webp","width":2270,"height":2533,"caption":"Vitality Zen"},"image":{"@id":"https:\/\/vitalityzen.fr\/#\/schema\/logo\/image\/"}}]}},"_links":{"self":[{"href":"https:\/\/vitalityzen.fr\/index.php\/wp-json\/wp\/v2\/pages\/570","targetHints":{"allow":["GET"]}}],"collection":[{"href":"https:\/\/vitalityzen.fr\/index.php\/wp-json\/wp\/v2\/pages"}],"about":[{"href":"https:\/\/vitalityzen.fr\/index.php\/wp-json\/wp\/v2\/types\/page"}],"author":[{"embeddable":true,"href":"https:\/\/vitalityzen.fr\/index.php\/wp-json\/wp\/v2\/users\/1"}],"replies":[{"embeddable":true,"href":"https:\/\/vitalityzen.fr\/index.php\/wp-json\/wp\/v2\/comments?post=570"}],"version-history":[{"count":16,"href":"https:\/\/vitalityzen.fr\/index.php\/wp-json\/wp\/v2\/pages\/570\/revisions"}],"predecessor-version":[{"id":1642,"href":"https:\/\/vitalityzen.fr\/index.php\/wp-json\/wp\/v2\/pages\/570\/revisions\/1642"}],"wp:attachment":[{"href":"https:\/\/vitalityzen.fr\/index.php\/wp-json\/wp\/v2\/media?parent=570"}],"curies":[{"name":"wp","href":"https:\/\/api.w.org\/{rel}","templated":true}]}}