{"id":634,"date":"2025-02-14T21:47:02","date_gmt":"2025-02-14T20:47:02","guid":{"rendered":"https:\/\/vitalityzen.fr\/?page_id=634"},"modified":"2025-07-08T14:46:38","modified_gmt":"2025-07-08T12:46:38","slug":"acupuncture-auriculaire","status":"publish","type":"page","link":"https:\/\/vitalityzen.fr\/index.php\/fr\/acupuncture-auriculaire\/","title":{"rendered":"Th\u00e9rapie Auriculaire"},"content":{"rendered":"\t\t<div data-elementor-type=\"wp-page\" data-elementor-id=\"634\" class=\"elementor elementor-634\">\n\t\t\t\t<div class=\"elementor-element elementor-element-2d92f04 e-flex e-con-boxed e-con e-parent\" data-id=\"2d92f04\" data-element_type=\"container\" data-e-type=\"container\">\n\t\t\t\t\t<div class=\"e-con-inner\">\n\t\t\t\t<div class=\"elementor-element elementor-element-f8973aa elementor-widget elementor-widget-spacer\" data-id=\"f8973aa\" data-element_type=\"widget\" data-e-type=\"widget\" data-widget_type=\"spacer.default\">\n\t\t\t\t<div class=\"elementor-widget-container\">\n\t\t\t\t\t\t\t<div class=\"elementor-spacer\">\n\t\t\t<div class=\"elementor-spacer-inner\"><\/div>\n\t\t<\/div>\n\t\t\t\t\t\t<\/div>\n\t\t\t\t<\/div>\n\t\t\t\t\t<\/div>\n\t\t\t\t<\/div>\n\t\t<div class=\"elementor-element elementor-element-b487e00 e-flex e-con-boxed e-con e-parent\" data-id=\"b487e00\" data-element_type=\"container\" data-e-type=\"container\">\n\t\t\t\t\t<div class=\"e-con-inner\">\n\t\t\t\t<div class=\"elementor-element elementor-element-5a83457 elementor-widget__width-initial elementor-drop-cap-yes elementor-drop-cap-view-default elementor-widget elementor-widget-text-editor\" data-id=\"5a83457\" data-element_type=\"widget\" data-e-type=\"widget\" data-settings=\"{&quot;drop_cap&quot;:&quot;yes&quot;}\" data-widget_type=\"text-editor.default\">\n\t\t\t\t<div class=\"elementor-widget-container\">\n\t\t\t\t\t\t\t\t\t<p><strong><em>Qu&rsquo;est-ce que la Th\u00e9rapie AURICULAIRE?<\/em><\/strong><\/p>\t\t\t\t\t\t\t\t<\/div>\n\t\t\t\t<\/div>\n\t\t\t\t\t<\/div>\n\t\t\t\t<\/div>\n\t\t<div class=\"elementor-element elementor-element-5f7e862 e-grid e-con-full e-con e-parent\" data-id=\"5f7e862\" data-element_type=\"container\" data-e-type=\"container\">\n\t\t\t\t<div class=\"elementor-element elementor-element-8f0c3c6 elementor-widget elementor-widget-image\" data-id=\"8f0c3c6\" data-element_type=\"widget\" data-e-type=\"widget\" data-widget_type=\"image.default\">\n\t\t\t\t<div class=\"elementor-widget-container\">\n\t\t\t\t\t\t\t\t\t\t\t\t\t\t\t<img fetchpriority=\"high\" decoding=\"async\" width=\"800\" height=\"450\" src=\"https:\/\/vitalityzen.fr\/wp-content\/uploads\/2025\/06\/punto-oreja-shemen-1024x576.jpg\" class=\"attachment-large size-large wp-image-1618\" alt=\"\" srcset=\"https:\/\/vitalityzen.fr\/wp-content\/uploads\/2025\/06\/punto-oreja-shemen-1024x576.jpg 1024w, https:\/\/vitalityzen.fr\/wp-content\/uploads\/2025\/06\/punto-oreja-shemen-300x169.jpg 300w, https:\/\/vitalityzen.fr\/wp-content\/uploads\/2025\/06\/punto-oreja-shemen-768x432.jpg 768w, https:\/\/vitalityzen.fr\/wp-content\/uploads\/2025\/06\/punto-oreja-shemen.jpg 1280w\" sizes=\"(max-width: 800px) 100vw, 800px\" \/>\t\t\t\t\t\t\t\t\t\t\t\t\t\t\t<\/div>\n\t\t\t\t<\/div>\n\t\t\t\t<div class=\"elementor-element elementor-element-f8cc03c elementor-widget elementor-widget-text-editor\" data-id=\"f8cc03c\" data-element_type=\"widget\" data-e-type=\"widget\" data-widget_type=\"text-editor.default\">\n\t\t\t\t<div class=\"elementor-widget-container\">\n\t\t\t\t\t\t\t\t\t<p><span style=\"color: #000000;\">\u00a0<\/span><\/p><p><span style=\"color: #000000;\">Le point Shen Men ou \u00ab la porte des cieux \u00bb est r\u00e9put\u00e9 pour ses effets apaisants sur le syst\u00e8me nerveux.<\/span><\/p><p><span style=\"color: #000000;\">Il est souvent utilis\u00e9 pour aider \u00e0 r\u00e9duire le stress, l\u2019anxi\u00e9t\u00e9, et favoriser un \u00e9tat de relaxation g\u00e9n\u00e9rale. Pour le calme, pour le sommeil et pour l&rsquo;\u00e9quilibre emotionnel.<\/span><\/p><p><span style=\"color: #000000;\">Avec la\u00a0<strong>graine de vaccaria<\/strong>\u00a0ou\u00a0<strong>Vaccaria segetalis.<\/strong><\/span><\/p>\t\t\t\t\t\t\t\t<\/div>\n\t\t\t\t<\/div>\n\t\t\t\t<\/div>\n\t\t<div class=\"elementor-element elementor-element-72618c1 e-con-full e-flex e-con e-parent\" data-id=\"72618c1\" data-element_type=\"container\" data-e-type=\"container\">\n\t\t\t\t<div class=\"elementor-element elementor-element-16bcb49 elementor-widget__width-initial elementor-widget elementor-widget-text-editor\" data-id=\"16bcb49\" data-element_type=\"widget\" data-e-type=\"widget\" data-widget_type=\"text-editor.default\">\n\t\t\t\t<div class=\"elementor-widget-container\">\n\t\t\t\t\t\t\t\t\t<p>\u00a0<\/p><p>La th\u00e9rapie auriculaire est un type de traitement qui trouve ses racines dans la m\u00e9decine traditionnelle chinoise et qui est d\u00e9riv\u00e9 de l&rsquo;acupuncture.<\/p><p>En 1990, elle a \u00e9t\u00e9 reconnue par l&rsquo;Organisation mondiale de la sant\u00e9 (OMS).<\/p><p>Cette technique est bas\u00e9e sur la stimulation d&rsquo;une s\u00e9rie de points sp\u00e9cifiques situ\u00e9s dans l&rsquo;oreille afin de diagnostiquer et de traiter les maux physiques et \u00e9motionnels. Selon la th\u00e9orie, l&rsquo;oreille est une repr\u00e9sentation des diff\u00e9rentes parties du corps, de sorte que la stimulation de ces points sp\u00e9cifiques permet de traiter une grande vari\u00e9t\u00e9 de pathologies.<\/p><p>Selon la m\u00e9decine traditionnelle chinoise, les 12 m\u00e9ridiens se rejoignent au niveau du pavillon de l&rsquo;oreille. L&rsquo;oreille est \u00e9galement l&rsquo;une des principales zones o\u00f9 le Yang et le Yin sont en relation. Le pavillon de l&rsquo;oreille est \u00e9troitement li\u00e9 aux organes. Il est connu comme le palais du rein, dont l&rsquo;entr\u00e9e se fait par l&rsquo;oreille.<\/p><p>Si un m\u00e9ridien est obstru\u00e9, la circulation du sang et de l&rsquo;\u00e9nergie perd de sa fluidit\u00e9, des points douloureux apparaissent dans l&rsquo;oreille en r\u00e9action r\u00e9flexe de l&rsquo;endroit obstru\u00e9.<\/p><p>Il s&rsquo;agit d&rsquo;un traitement compl\u00e9mentaire utilis\u00e9 principalement pour r\u00e9duire les douleurs dorsales et soulager l&rsquo;anxi\u00e9t\u00e9.<\/p><p><em><span style=\"color: #000080;\"><strong><u>LES AVANTAGES<\/u><\/strong><\/span><\/em>\u00a0:<\/p><ul><li>Soulagement de la douleur : l&rsquo;une des applications les plus r\u00e9pandues de l&rsquo;auriculoth\u00e9rapie est le traitement de la douleur. Elle a \u00e9t\u00e9 utilis\u00e9e pour traiter les douleurs chroniques, notamment les maux de t\u00eate, les migraines, les douleurs musculaires et les douleurs articulaires, et peut donc \u00eatre efficace pour r\u00e9duire la douleur.<\/li><li>Traiter l&rsquo;anxi\u00e9t\u00e9 et le stress : elle est \u00e9galement utilis\u00e9e pour traiter les troubles \u00e9motionnels tels que l&rsquo;anxi\u00e9t\u00e9, le stress, la d\u00e9pression, les peurs et les phobies. En stimulant des points li\u00e9s au syst\u00e8me nerveux autonome, cette technique peut contribuer \u00e0 calmer le syst\u00e8me nerveux et \u00e0 favoriser un sentiment de relaxation.<\/li><li>Gestion des addictions : l&rsquo;une des utilisations les plus document\u00e9es de l&rsquo;auriculoth\u00e9rapie est le traitement des addictions, en particulier le tabagisme et l&rsquo;alcoolisme.<\/li><li>Probl\u00e8mes digestifs : syndrome du c\u00f4lon irritable (SCI) ou constipation, diarrh\u00e9e.<\/li><li>R\u00e9gulation du syst\u00e8me nerveux autonome : efficace dans les allergies, l&rsquo;algodystrophie.<\/li><\/ul>\t\t\t\t\t\t\t\t<\/div>\n\t\t\t\t<\/div>\n\t\t\t\t<\/div>\n\t\t<div class=\"elementor-element elementor-element-0cbca1f e-flex e-con-boxed e-con e-parent\" data-id=\"0cbca1f\" data-element_type=\"container\" data-e-type=\"container\">\n\t\t\t\t\t<div class=\"e-con-inner\">\n\t\t\t\t<div class=\"elementor-element elementor-element-f7ab3ef elementor-widget elementor-widget-spacer\" data-id=\"f7ab3ef\" data-element_type=\"widget\" data-e-type=\"widget\" data-widget_type=\"spacer.default\">\n\t\t\t\t<div class=\"elementor-widget-container\">\n\t\t\t\t\t\t\t<div class=\"elementor-spacer\">\n\t\t\t<div class=\"elementor-spacer-inner\"><\/div>\n\t\t<\/div>\n\t\t\t\t\t\t<\/div>\n\t\t\t\t<\/div>\n\t\t\t\t\t<\/div>\n\t\t\t\t<\/div>\n\t\t<div class=\"elementor-element elementor-element-619d540 e-flex e-con-boxed e-con e-parent\" data-id=\"619d540\" data-element_type=\"container\" data-e-type=\"container\">\n\t\t\t\t\t<div class=\"e-con-inner\">\n\t\t<div class=\"elementor-element elementor-element-f8a8d5d e-con-full e-flex e-con e-child\" data-id=\"f8a8d5d\" data-element_type=\"container\" data-e-type=\"container\">\n\t\t\t\t<div class=\"elementor-element elementor-element-e9bfcd3 elementor-widget__width-initial elementor-widget elementor-widget-image\" data-id=\"e9bfcd3\" data-element_type=\"widget\" data-e-type=\"widget\" data-widget_type=\"image.default\">\n\t\t\t\t<div class=\"elementor-widget-container\">\n\t\t\t\t\t\t\t\t\t\t\t\t<figure class=\"wp-caption\">\n\t\t\t\t\t\t\t\t\t\t<img decoding=\"async\" src=\"https:\/\/vitalityzen.fr\/wp-content\/uploads\/elementor\/thumbs\/photo-oreille-r2eygyhdlx06wp1uymrcn9da98cskd7zq5nfcp8z4k.jpg\" title=\"photo oreille\" alt=\"photo oreille\" loading=\"lazy\" \/>\t\t\t\t\t\t\t\t\t\t\t<figcaption class=\"widget-image-caption wp-caption-text\">La m\u00e9decine chinoise recense 120 points r\u00e9flexes sur chaque pavillon d\u2019oreille<\/figcaption>\n\t\t\t\t\t\t\t\t\t\t<\/figure>\n\t\t\t\t\t\t\t\t\t<\/div>\n\t\t\t\t<\/div>\n\t\t\t\t<\/div>\n\t\t<div class=\"elementor-element elementor-element-2519ed7 e-con-full e-flex e-con e-child\" data-id=\"2519ed7\" data-element_type=\"container\" data-e-type=\"container\">\n\t\t<div class=\"elementor-element elementor-element-33f529d e-con-full e-flex e-con e-child\" data-id=\"33f529d\" data-element_type=\"container\" data-e-type=\"container\">\n\t\t\t\t<div class=\"elementor-element elementor-element-92d741a elementor-widget elementor-widget-image\" data-id=\"92d741a\" data-element_type=\"widget\" data-e-type=\"widget\" data-widget_type=\"image.default\">\n\t\t\t\t<div class=\"elementor-widget-container\">\n\t\t\t\t\t\t\t\t\t\t\t\t\t\t\t<img decoding=\"async\" width=\"249\" height=\"202\" src=\"https:\/\/vitalityzen.fr\/wp-content\/uploads\/2025\/01\/images.jpeg\" class=\"attachment-large size-large wp-image-268\" alt=\"\" \/>\t\t\t\t\t\t\t\t\t\t\t\t\t\t\t<\/div>\n\t\t\t\t<\/div>\n\t\t\t\t<\/div>\n\t\t\t\t<\/div>\n\t\t\t\t\t<\/div>\n\t\t\t\t<\/div>\n\t\t<div class=\"elementor-element elementor-element-8830b35 e-flex e-con-boxed e-con e-parent\" data-id=\"8830b35\" data-element_type=\"container\" data-e-type=\"container\">\n\t\t\t\t\t<div class=\"e-con-inner\">\n\t\t\t\t<div class=\"elementor-element elementor-element-32c7b61 elementor-widget-divider--view-line elementor-widget elementor-widget-divider\" data-id=\"32c7b61\" data-element_type=\"widget\" data-e-type=\"widget\" data-widget_type=\"divider.default\">\n\t\t\t\t<div class=\"elementor-widget-container\">\n\t\t\t\t\t\t\t<div class=\"elementor-divider\">\n\t\t\t<span class=\"elementor-divider-separator\">\n\t\t\t\t\t\t<\/span>\n\t\t<\/div>\n\t\t\t\t\t\t<\/div>\n\t\t\t\t<\/div>\n\t\t\t\t\t<\/div>\n\t\t\t\t<\/div>\n\t\t<div class=\"elementor-element elementor-element-3613501 e-flex e-con-boxed e-con e-parent\" data-id=\"3613501\" data-element_type=\"container\" data-e-type=\"container\">\n\t\t\t\t\t<div class=\"e-con-inner\">\n\t\t\t\t<div class=\"elementor-element elementor-element-9dc86dc elementor-align-center elementor-widget elementor-widget-button\" data-id=\"9dc86dc\" data-element_type=\"widget\" data-e-type=\"widget\" data-widget_type=\"button.default\">\n\t\t\t\t<div class=\"elementor-widget-container\">\n\t\t\t\t\t\t\t\t\t<div class=\"elementor-button-wrapper\">\n\t\t\t\t\t<a class=\"elementor-button elementor-button-link elementor-size-sm\" href=\"https:\/\/vitalityzen.fr\/index.php\/pedir-cita\/\" target=\"_blank\">\n\t\t\t\t\t\t<span class=\"elementor-button-content-wrapper\">\n\t\t\t\t\t\t\t\t\t<span class=\"elementor-button-text\">Rendez-vous <\/span>\n\t\t\t\t\t<\/span>\n\t\t\t\t\t<\/a>\n\t\t\t\t<\/div>\n\t\t\t\t\t\t\t\t<\/div>\n\t\t\t\t<\/div>\n\t\t\t\t\t<\/div>\n\t\t\t\t<\/div>\n\t\t<div class=\"elementor-element elementor-element-b6225e1 e-con-full e-flex e-con e-parent\" data-id=\"b6225e1\" data-element_type=\"container\" data-e-type=\"container\">\n\t\t\t\t<div class=\"elementor-element elementor-element-ec1472d elementor-widget-divider--view-line elementor-widget elementor-widget-divider\" data-id=\"ec1472d\" data-element_type=\"widget\" data-e-type=\"widget\" data-widget_type=\"divider.default\">\n\t\t\t\t<div class=\"elementor-widget-container\">\n\t\t\t\t\t\t\t<div class=\"elementor-divider\">\n\t\t\t<span class=\"elementor-divider-separator\">\n\t\t\t\t\t\t<\/span>\n\t\t<\/div>\n\t\t\t\t\t\t<\/div>\n\t\t\t\t<\/div>\n\t\t\t\t<\/div>\n\t\t\t\t<\/div>\n\t\t","protected":false},"excerpt":{"rendered":"<p>Qu&rsquo;est-ce que la Th\u00e9rapie AURICULAIRE? \u00a0 Le point Shen Men ou \u00ab la porte des cieux \u00bb est r\u00e9put\u00e9 pour ses effets apaisants sur le syst\u00e8me nerveux. Il est souvent utilis\u00e9 pour aider \u00e0 r\u00e9duire le stress, l\u2019anxi\u00e9t\u00e9, et favoriser un \u00e9tat de relaxation g\u00e9n\u00e9rale. Pour le calme, pour le sommeil et pour l&rsquo;\u00e9quilibre emotionnel. [&hellip;]<\/p>\n","protected":false},"author":1,"featured_media":0,"parent":0,"menu_order":0,"comment_status":"closed","ping_status":"closed","template":"","meta":{"footnotes":""},"class_list":["post-634","page","type-page","status-publish","hentry"],"yoast_head":"<!-- This site is optimized with the Yoast SEO plugin v24.4 - https:\/\/yoast.com\/wordpress\/plugins\/seo\/ -->\n<title>Th\u00e9rapie Auriculaire - Vitality Zen<\/title>\n<meta name=\"robots\" content=\"index, follow, max-snippet:-1, max-image-preview:large, max-video-preview:-1\" \/>\n<link rel=\"canonical\" href=\"https:\/\/vitalityzen.fr\/index.php\/fr\/acupuncture-auriculaire\/\" \/>\n<meta property=\"og:locale\" content=\"fr_FR\" \/>\n<meta property=\"og:type\" content=\"article\" \/>\n<meta property=\"og:title\" content=\"Th\u00e9rapie Auriculaire - Vitality Zen\" \/>\n<meta property=\"og:description\" content=\"Qu&rsquo;est-ce que la Th\u00e9rapie AURICULAIRE? \u00a0 Le point Shen Men ou \u00ab la porte des cieux \u00bb est r\u00e9put\u00e9 pour ses effets apaisants sur le syst\u00e8me nerveux. Il est souvent utilis\u00e9 pour aider \u00e0 r\u00e9duire le stress, l\u2019anxi\u00e9t\u00e9, et favoriser un \u00e9tat de relaxation g\u00e9n\u00e9rale. Pour le calme, pour le sommeil et pour l&rsquo;\u00e9quilibre emotionnel. [&hellip;]\" \/>\n<meta property=\"og:url\" content=\"https:\/\/vitalityzen.fr\/index.php\/fr\/acupuncture-auriculaire\/\" \/>\n<meta property=\"og:site_name\" content=\"Vitality Zen\" \/>\n<meta property=\"article:modified_time\" content=\"2025-07-08T12:46:38+00:00\" \/>\n<meta property=\"og:image\" content=\"https:\/\/vitalityzen.fr\/wp-content\/uploads\/2025\/06\/punto-oreja-shemen.jpg\" \/>\n\t<meta property=\"og:image:width\" content=\"1280\" \/>\n\t<meta property=\"og:image:height\" content=\"720\" \/>\n\t<meta property=\"og:image:type\" content=\"image\/jpeg\" \/>\n<meta name=\"twitter:card\" content=\"summary_large_image\" \/>\n<meta name=\"twitter:label1\" content=\"Dur\u00e9e de lecture estim\u00e9e\" \/>\n\t<meta name=\"twitter:data1\" content=\"3 minutes\" \/>\n<script type=\"application\/ld+json\" class=\"yoast-schema-graph\">{\"@context\":\"https:\/\/schema.org\",\"@graph\":[{\"@type\":\"WebPage\",\"@id\":\"https:\/\/vitalityzen.fr\/index.php\/fr\/acupuncture-auriculaire\/\",\"url\":\"https:\/\/vitalityzen.fr\/index.php\/fr\/acupuncture-auriculaire\/\",\"name\":\"Th\u00e9rapie Auriculaire - Vitality Zen\",\"isPartOf\":{\"@id\":\"https:\/\/vitalityzen.fr\/#website\"},\"primaryImageOfPage\":{\"@id\":\"https:\/\/vitalityzen.fr\/index.php\/fr\/acupuncture-auriculaire\/#primaryimage\"},\"image\":{\"@id\":\"https:\/\/vitalityzen.fr\/index.php\/fr\/acupuncture-auriculaire\/#primaryimage\"},\"thumbnailUrl\":\"https:\/\/vitalityzen.fr\/wp-content\/uploads\/2025\/06\/punto-oreja-shemen-1024x576.jpg\",\"datePublished\":\"2025-02-14T20:47:02+00:00\",\"dateModified\":\"2025-07-08T12:46:38+00:00\",\"breadcrumb\":{\"@id\":\"https:\/\/vitalityzen.fr\/index.php\/fr\/acupuncture-auriculaire\/#breadcrumb\"},\"inLanguage\":\"fr-FR\",\"potentialAction\":[{\"@type\":\"ReadAction\",\"target\":[\"https:\/\/vitalityzen.fr\/index.php\/fr\/acupuncture-auriculaire\/\"]}]},{\"@type\":\"ImageObject\",\"inLanguage\":\"fr-FR\",\"@id\":\"https:\/\/vitalityzen.fr\/index.php\/fr\/acupuncture-auriculaire\/#primaryimage\",\"url\":\"https:\/\/vitalityzen.fr\/wp-content\/uploads\/2025\/06\/punto-oreja-shemen.jpg\",\"contentUrl\":\"https:\/\/vitalityzen.fr\/wp-content\/uploads\/2025\/06\/punto-oreja-shemen.jpg\",\"width\":1280,\"height\":720},{\"@type\":\"BreadcrumbList\",\"@id\":\"https:\/\/vitalityzen.fr\/index.php\/fr\/acupuncture-auriculaire\/#breadcrumb\",\"itemListElement\":[{\"@type\":\"ListItem\",\"position\":1,\"name\":\"Accueil\",\"item\":\"https:\/\/vitalityzen.fr\/\"},{\"@type\":\"ListItem\",\"position\":2,\"name\":\"Th\u00e9rapie Auriculaire\"}]},{\"@type\":\"WebSite\",\"@id\":\"https:\/\/vitalityzen.fr\/#website\",\"url\":\"https:\/\/vitalityzen.fr\/\",\"name\":\"Vitality Zen\",\"description\":\"1, Rue Marietton 69009 Lyon - France\",\"publisher\":{\"@id\":\"https:\/\/vitalityzen.fr\/#organization\"},\"potentialAction\":[{\"@type\":\"SearchAction\",\"target\":{\"@type\":\"EntryPoint\",\"urlTemplate\":\"https:\/\/vitalityzen.fr\/?s={search_term_string}\"},\"query-input\":{\"@type\":\"PropertyValueSpecification\",\"valueRequired\":true,\"valueName\":\"search_term_string\"}}],\"inLanguage\":\"fr-FR\"},{\"@type\":\"Organization\",\"@id\":\"https:\/\/vitalityzen.fr\/#organization\",\"name\":\"Vitality Zen\",\"url\":\"https:\/\/vitalityzen.fr\/\",\"logo\":{\"@type\":\"ImageObject\",\"inLanguage\":\"fr-FR\",\"@id\":\"https:\/\/vitalityzen.fr\/#\/schema\/logo\/image\/\",\"url\":\"https:\/\/vitalityzen.fr\/wp-content\/uploads\/2025\/01\/cropped-Plan-de-travail-3-scaled-1.webp\",\"contentUrl\":\"https:\/\/vitalityzen.fr\/wp-content\/uploads\/2025\/01\/cropped-Plan-de-travail-3-scaled-1.webp\",\"width\":2270,\"height\":2533,\"caption\":\"Vitality Zen\"},\"image\":{\"@id\":\"https:\/\/vitalityzen.fr\/#\/schema\/logo\/image\/\"}}]}<\/script>\n<!-- \/ Yoast SEO plugin. -->","yoast_head_json":{"title":"Th\u00e9rapie Auriculaire - Vitality Zen","robots":{"index":"index","follow":"follow","max-snippet":"max-snippet:-1","max-image-preview":"max-image-preview:large","max-video-preview":"max-video-preview:-1"},"canonical":"https:\/\/vitalityzen.fr\/index.php\/fr\/acupuncture-auriculaire\/","og_locale":"fr_FR","og_type":"article","og_title":"Th\u00e9rapie Auriculaire - Vitality Zen","og_description":"Qu&rsquo;est-ce que la Th\u00e9rapie AURICULAIRE? \u00a0 Le point Shen Men ou \u00ab la porte des cieux \u00bb est r\u00e9put\u00e9 pour ses effets apaisants sur le syst\u00e8me nerveux. Il est souvent utilis\u00e9 pour aider \u00e0 r\u00e9duire le stress, l\u2019anxi\u00e9t\u00e9, et favoriser un \u00e9tat de relaxation g\u00e9n\u00e9rale. Pour le calme, pour le sommeil et pour l&rsquo;\u00e9quilibre emotionnel. [&hellip;]","og_url":"https:\/\/vitalityzen.fr\/index.php\/fr\/acupuncture-auriculaire\/","og_site_name":"Vitality Zen","article_modified_time":"2025-07-08T12:46:38+00:00","og_image":[{"width":1280,"height":720,"url":"https:\/\/vitalityzen.fr\/wp-content\/uploads\/2025\/06\/punto-oreja-shemen.jpg","type":"image\/jpeg"}],"twitter_card":"summary_large_image","twitter_misc":{"Dur\u00e9e de lecture estim\u00e9e":"3 minutes"},"schema":{"@context":"https:\/\/schema.org","@graph":[{"@type":"WebPage","@id":"https:\/\/vitalityzen.fr\/index.php\/fr\/acupuncture-auriculaire\/","url":"https:\/\/vitalityzen.fr\/index.php\/fr\/acupuncture-auriculaire\/","name":"Th\u00e9rapie Auriculaire - Vitality Zen","isPartOf":{"@id":"https:\/\/vitalityzen.fr\/#website"},"primaryImageOfPage":{"@id":"https:\/\/vitalityzen.fr\/index.php\/fr\/acupuncture-auriculaire\/#primaryimage"},"image":{"@id":"https:\/\/vitalityzen.fr\/index.php\/fr\/acupuncture-auriculaire\/#primaryimage"},"thumbnailUrl":"https:\/\/vitalityzen.fr\/wp-content\/uploads\/2025\/06\/punto-oreja-shemen-1024x576.jpg","datePublished":"2025-02-14T20:47:02+00:00","dateModified":"2025-07-08T12:46:38+00:00","breadcrumb":{"@id":"https:\/\/vitalityzen.fr\/index.php\/fr\/acupuncture-auriculaire\/#breadcrumb"},"inLanguage":"fr-FR","potentialAction":[{"@type":"ReadAction","target":["https:\/\/vitalityzen.fr\/index.php\/fr\/acupuncture-auriculaire\/"]}]},{"@type":"ImageObject","inLanguage":"fr-FR","@id":"https:\/\/vitalityzen.fr\/index.php\/fr\/acupuncture-auriculaire\/#primaryimage","url":"https:\/\/vitalityzen.fr\/wp-content\/uploads\/2025\/06\/punto-oreja-shemen.jpg","contentUrl":"https:\/\/vitalityzen.fr\/wp-content\/uploads\/2025\/06\/punto-oreja-shemen.jpg","width":1280,"height":720},{"@type":"BreadcrumbList","@id":"https:\/\/vitalityzen.fr\/index.php\/fr\/acupuncture-auriculaire\/#breadcrumb","itemListElement":[{"@type":"ListItem","position":1,"name":"Accueil","item":"https:\/\/vitalityzen.fr\/"},{"@type":"ListItem","position":2,"name":"Th\u00e9rapie Auriculaire"}]},{"@type":"WebSite","@id":"https:\/\/vitalityzen.fr\/#website","url":"https:\/\/vitalityzen.fr\/","name":"Vitality Zen","description":"1, Rue Marietton 69009 Lyon - France","publisher":{"@id":"https:\/\/vitalityzen.fr\/#organization"},"potentialAction":[{"@type":"SearchAction","target":{"@type":"EntryPoint","urlTemplate":"https:\/\/vitalityzen.fr\/?s={search_term_string}"},"query-input":{"@type":"PropertyValueSpecification","valueRequired":true,"valueName":"search_term_string"}}],"inLanguage":"fr-FR"},{"@type":"Organization","@id":"https:\/\/vitalityzen.fr\/#organization","name":"Vitality Zen","url":"https:\/\/vitalityzen.fr\/","logo":{"@type":"ImageObject","inLanguage":"fr-FR","@id":"https:\/\/vitalityzen.fr\/#\/schema\/logo\/image\/","url":"https:\/\/vitalityzen.fr\/wp-content\/uploads\/2025\/01\/cropped-Plan-de-travail-3-scaled-1.webp","contentUrl":"https:\/\/vitalityzen.fr\/wp-content\/uploads\/2025\/01\/cropped-Plan-de-travail-3-scaled-1.webp","width":2270,"height":2533,"caption":"Vitality Zen"},"image":{"@id":"https:\/\/vitalityzen.fr\/#\/schema\/logo\/image\/"}}]}},"_links":{"self":[{"href":"https:\/\/vitalityzen.fr\/index.php\/wp-json\/wp\/v2\/pages\/634","targetHints":{"allow":["GET"]}}],"collection":[{"href":"https:\/\/vitalityzen.fr\/index.php\/wp-json\/wp\/v2\/pages"}],"about":[{"href":"https:\/\/vitalityzen.fr\/index.php\/wp-json\/wp\/v2\/types\/page"}],"author":[{"embeddable":true,"href":"https:\/\/vitalityzen.fr\/index.php\/wp-json\/wp\/v2\/users\/1"}],"replies":[{"embeddable":true,"href":"https:\/\/vitalityzen.fr\/index.php\/wp-json\/wp\/v2\/comments?post=634"}],"version-history":[{"count":38,"href":"https:\/\/vitalityzen.fr\/index.php\/wp-json\/wp\/v2\/pages\/634\/revisions"}],"predecessor-version":[{"id":1784,"href":"https:\/\/vitalityzen.fr\/index.php\/wp-json\/wp\/v2\/pages\/634\/revisions\/1784"}],"wp:attachment":[{"href":"https:\/\/vitalityzen.fr\/index.php\/wp-json\/wp\/v2\/media?parent=634"}],"curies":[{"name":"wp","href":"https:\/\/api.w.org\/{rel}","templated":true}]}}