{"id":643,"date":"2025-02-14T21:49:33","date_gmt":"2025-02-14T20:49:33","guid":{"rendered":"https:\/\/vitalityzen.fr\/?page_id=643"},"modified":"2025-07-08T13:25:45","modified_gmt":"2025-07-08T11:25:45","slug":"hooponopono-3","status":"publish","type":"page","link":"https:\/\/vitalityzen.fr\/index.php\/fr\/hooponopono-3\/","title":{"rendered":"Ho\u2019oponopono"},"content":{"rendered":"\t\t<div data-elementor-type=\"wp-page\" data-elementor-id=\"643\" class=\"elementor elementor-643\">\n\t\t\t\t<div class=\"elementor-element elementor-element-7fa3688 e-flex e-con-boxed e-con e-parent\" data-id=\"7fa3688\" data-element_type=\"container\" data-e-type=\"container\">\n\t\t\t\t\t<div class=\"e-con-inner\">\n\t\t\t\t<div class=\"elementor-element elementor-element-47c236b elementor-widget elementor-widget-text-editor\" data-id=\"47c236b\" data-element_type=\"widget\" data-e-type=\"widget\" data-widget_type=\"text-editor.default\">\n\t\t\t\t<div class=\"elementor-widget-container\">\n\t\t\t\t\t\t\t\t\t<p style=\"text-align: center;\"><strong>\u00a0<\/strong><\/p><p><strong>Lib\u00e9rez-vous et trouvez l&rsquo;harmonie int\u00e9rieure avec<\/strong><\/p><p>\u00a0<\/p><p><strong> <em>HO&rsquo;OPONOPONO<\/em><\/strong><\/p>\t\t\t\t\t\t\t\t<\/div>\n\t\t\t\t<\/div>\n\t\t\t\t<div class=\"elementor-element elementor-element-519045c elementor-widget elementor-widget-image\" data-id=\"519045c\" data-element_type=\"widget\" data-e-type=\"widget\" data-widget_type=\"image.default\">\n\t\t\t\t<div class=\"elementor-widget-container\">\n\t\t\t\t\t\t\t\t\t\t\t\t\t\t\t<img fetchpriority=\"high\" decoding=\"async\" width=\"300\" height=\"233\" src=\"https:\/\/vitalityzen.fr\/wp-content\/uploads\/2025\/01\/aloha-300x233.webp\" class=\"attachment-medium size-medium wp-image-233\" alt=\"\" srcset=\"https:\/\/vitalityzen.fr\/wp-content\/uploads\/2025\/01\/aloha-300x233.webp 300w, https:\/\/vitalityzen.fr\/wp-content\/uploads\/2025\/01\/aloha.webp 600w\" sizes=\"(max-width: 300px) 100vw, 300px\" \/>\t\t\t\t\t\t\t\t\t\t\t\t\t\t\t<\/div>\n\t\t\t\t<\/div>\n\t\t\t\t\t<\/div>\n\t\t\t\t<\/div>\n\t\t<div class=\"elementor-element elementor-element-5d5f1f0 e-grid e-con-full e-con e-parent\" data-id=\"5d5f1f0\" data-element_type=\"container\" data-e-type=\"container\">\n\t\t\t\t<div class=\"elementor-element elementor-element-92e53ff elementor-widget elementor-widget-text-editor\" data-id=\"92e53ff\" data-element_type=\"widget\" data-e-type=\"widget\" data-widget_type=\"text-editor.default\">\n\t\t\t\t<div class=\"elementor-widget-container\">\n\t\t\t\t\t\t\t\t\t<p>Chez <em><strong>Vitality ZEN<\/strong><\/em>, nous vous proposons une m\u00e9thode unique et puissante pour transformer votre vie.<\/p><p>Le HO&rsquo;OPONOPONO est une ancienne pratique des anciens Kahunas, aujourd&rsquo;hui consid\u00e9r\u00e9e comme une th\u00e9rapie car elle agit sur tous les corps et, par sa pratique consciente, \u00e9tablit une union entre le corps, l&rsquo;\u00e2me et l&rsquo;esprit. Il agit en lib\u00e9rant les m\u00e9moires du pass\u00e9, qui sont de v\u00e9ritables n\u0153uds \u00e9nerg\u00e9tiques, des blocages qui entra\u00eenent une s\u00e9rie de cons\u00e9quences dans notre vie.<\/p><p>Une m\u00e9thode simple mais puissante. Avec des mots de sagesse et d&rsquo;amour : \u00ab Je suis d\u00e9sol\u00e9, je te pardonne, je te remercie et je t&rsquo;aime.\u00bb.<\/p><p>\u00ab Ho&rsquo;o \u00bb signifie <em>cause<\/em> et \u201cponopono\u201d signifie <em>perfection<\/em>, c&rsquo;est-\u00e0-dire que l&rsquo;on va transformer la cause. C&rsquo;est pourquoi on dit que Ho&rsquo;oponopono sert \u00e0 nettoyer les m\u00e9moires, surtout celles qui nous font souffrir et qui font remonter des traces \u00e9motionnelles, \u00e0 travers des r\u00e9actions dans lesquelles l&rsquo;inconscient se met en relation avec le moi pour se prot\u00e9ger.<\/p><p>Il guide la lib\u00e9ration des \u00e9motions n\u00e9gatives, des traumatismes, des souvenirs douloureux et des blocages.<\/p>\t\t\t\t\t\t\t\t<\/div>\n\t\t\t\t<\/div>\n\t\t\t\t<div class=\"elementor-element elementor-element-d5821f6 elementor-widget elementor-widget-image\" data-id=\"d5821f6\" data-element_type=\"widget\" data-e-type=\"widget\" data-widget_type=\"image.default\">\n\t\t\t\t<div class=\"elementor-widget-container\">\n\t\t\t\t\t\t\t\t\t\t\t\t<figure class=\"wp-caption\">\n\t\t\t\t\t\t\t\t\t\t<img decoding=\"async\" width=\"768\" height=\"432\" src=\"https:\/\/vitalityzen.fr\/wp-content\/uploads\/2025\/02\/Hooponopono-fr-768x432.jpg\" class=\"attachment-medium_large size-medium_large wp-image-885\" alt=\"\" srcset=\"https:\/\/vitalityzen.fr\/wp-content\/uploads\/2025\/02\/Hooponopono-fr-768x432.jpg 768w, https:\/\/vitalityzen.fr\/wp-content\/uploads\/2025\/02\/Hooponopono-fr-300x169.jpg 300w, https:\/\/vitalityzen.fr\/wp-content\/uploads\/2025\/02\/Hooponopono-fr-1024x576.jpg 1024w, https:\/\/vitalityzen.fr\/wp-content\/uploads\/2025\/02\/Hooponopono-fr.jpg 1280w\" sizes=\"(max-width: 768px) 100vw, 768px\" \/>\t\t\t\t\t\t\t\t\t\t\t<figcaption class=\"widget-image-caption wp-caption-text\">\"Je suis d\u00e9sol\u00e9, je te pardonne, je te remercie, je t'aime\"<\/figcaption>\n\t\t\t\t\t\t\t\t\t\t<\/figure>\n\t\t\t\t\t\t\t\t\t<\/div>\n\t\t\t\t<\/div>\n\t\t\t\t<div class=\"elementor-element elementor-element-d787310 elementor-widget elementor-widget-heading\" data-id=\"d787310\" data-element_type=\"widget\" data-e-type=\"widget\" data-widget_type=\"heading.default\">\n\t\t\t\t<div class=\"elementor-widget-container\">\n\t\t\t\t\t<h4 class=\"elementor-heading-title elementor-size-default\">Pourquoi choisir la th\u00e9rapie de Ho'oponopono?<br><\/h4>\t\t\t\t<\/div>\n\t\t\t\t<\/div>\n\t\t\t\t<div class=\"elementor-element elementor-element-4ab1dcd elementor-widget elementor-widget-text-editor\" data-id=\"4ab1dcd\" data-element_type=\"widget\" data-e-type=\"widget\" data-widget_type=\"text-editor.default\">\n\t\t\t\t<div class=\"elementor-widget-container\">\n\t\t\t\t\t\t\t\t\t<p>\u00a0Pour apaiser l&rsquo;esprit : se lib\u00e9rer du stress et des pens\u00e9es intrusives (troubles anxieux, troubles compulsifs (TOC), stress post-traumatique (SSPT), troubles paniques, d\u00e9pression, etc.)<\/p><p>\u00a0\u00a0<img decoding=\"async\" style=\"color: black; font-family: Calibri, sans-serif; font-size: 12pt;\" src=\"data:image\/png;base64,iVBORw0KGgoAAAANSUhEUgAAABcAAAAXCAYAAADgKtSgAAAAAXNSR0IArs4c6QAAAAlwSFlzAAAOxAAADsQBlSsOGwAAABl0RVh0U29mdHdhcmUATWljcm9zb2Z0IE9mZmljZX\/tNXEAAAQLSURBVEhLvVV\/aBNnGH7ucmmuyTWhaW2I\/cWMkeIKW5E5Nmb\/KQjimKOs4Aq10G5VREZLlj8chuPmoH+4QGEtSrs5S0tHNzaR7T\/n6toNptIqqwzEScisslWTJWman3fJ3u\/6g1Qb3AT3weW++757n\/d5nvf9LoKiKHhWQ3hWwAz3\/wVPyHLtqyUlz2uiqJ2PxX7drih\/FaqjfXeT1eqO5nLJw\/H4HNkaLaZ+nbksy8Ksy9Vf39x8uKKqqgx37uC1UCi0MDh4+ttjx3whWa7ocjiGyuvq3iw1GEyaqmK3KP4x7fd\/GPF4PtsswTr4\/I4dY41O50G0tgI1NcDkJLaoasWWsrITtqEhl1Rdva2qsvJlCALCBJzL5dBgNtfZo9FPv\/b7S5c8nsFHE+jgu4eH2xrd7oNobASuXgWmpoBgkCpC2zyPbeXlb6OkZOU5n4eN1hY1DWGTCXaLBU2q+rG\/v\/\/8S8eP3ytMoINvt1oPQZKAdBqYnweyWYACwXEgigABsJFIJJAlUIH2eEqQp7UloxE1HGfaazQefU+WT1INUmsJdHBREBygINy4sbIuihsUapQgRIlL3G4YzWZos7N6kgwlMdC6iZIfkKQP9kpS24zff+K+x\/PleiumVfWhzpCBZjKP1SZCSqxbt0LctYuoLgG3bqGMQGPLy7BZrWCW\/U11cFgsbtI6eeHUqcWk13tZZ343kbjgSib36b4yKwpGhhjyJF2srQUuXgTCYR2MI9Y29j7Zw4jRDA9pXk\/27kyl3p8FVsC7g8HxHyXJW+N0unT2KbJtNYlKBWQeIxAAotTSbL422Du0z4aB\/dCczIXEcdRuqye0U1GWZ86c6dpvNE5ZLRZeB14NNBKbFLOKFZV1S5HBQJlmnuyK5vM318HZ5PaRI9PTZ8927Mnnx20GAwfykIEZDQbkCTxNakxMVTL5mHUsnrWImfZ+p+t6NvsJS7SBylxX10RoeDjWYrePUnvZdXsI0MYODhWysrQUfIEqXQQ9p8kOPh5Hmq5fVNXHeb1XNjBfUxvs6fnu5MDAnqNO5\/gLBkMTqCMEKhLrjrsPHqDeZoPetqSIAWvM50hE75xLmYxyv6\/vozWsTU2s7u397UVZbv6+oeHzFkF4C7EYRFIRokN0XdMmmyXpgD2XE5ltHAEH4vHlGU3rWezrmygsSdEK0UmL\/wy0JScmRl7n+XfuEfOfstmeSHf3SHh0tGW\/yfSVI5EovxmPL3yTSrXyXu+1R2v9xO\/5XHv7u8K5c8\/9qWlX6Os3wgAWOjsv\/TA21rpTVU9\/EYm0mX0+vTv+MzgL2BcIvEG3ZOEf4u2OjsvtAwOvKD5fpFh7PpE5CySLEpsBKL29RYE37ZZiLJ5m\/V8xfxpgFvMPPEeUhFxMU7sAAAAASUVORK5CYII=\" alt=\"dos\" width=\"23\" height=\"23\" \/>Renforcez vos relations : gu\u00e9rissez et r\u00e9solvez les conflits et cultivez l&rsquo;amour et le pardon.<\/p><p><img loading=\"lazy\" decoding=\"async\" style=\"color: black; font-family: Calibri, sans-serif; font-size: 12pt;\" src=\"data:image\/png;base64,iVBORw0KGgoAAAANSUhEUgAAABYAAAAWCAYAAADEtGw7AAAAAXNSR0IArs4c6QAAAAlwSFlzAAAOxAAADsQBlSsOGwAAABl0RVh0U29mdHdhcmUATWljcm9zb2Z0IE9mZmljZX\/tNXEAAAUESURBVEhLdVR\/TJR1GP8cvHLH8SvuOu5A8PjhIATTIFukGWIyZ4ZrabK5YpNVq\/7QXIuttpfuNrVia9Scq1ZubRaUrAnD5YwZZRg4xoyYhBIhP+WAO5ADD7jj+jx3HOmyd3v3ft\/v93k+z\/N8ns\/zVWw2G0JP9aSa5BqF3pZr762sVvXxryDjsN7+x4rBXYvqOXW963P02Q7bZ+93rqyADqsxLi+s+RuwqWpEbT1eg6o9m7H103Pqh8Yee8XdzhOZ6vstu1FRvw2Xjjaob+anw\/rzWzhrs9mXQnYrwC4X4p8rxPqjZfi4\/hK82YlQ0qMBYyz2XwhXm4p99h\/FiesdO+JQKme0efKdZ9FKP6UiEi9jAl\/8B5jlD0RkqPtSo4C1FihJ8UDXIJBjhdUSjZpbP+FBcXpxK2pMRhjlTGw8PihWHfB4OkoX7wdc2aCavt2NJyZngNtzgMlK4GHAQCdnGHT9a9QvNRr4LVwbIoDRaSB3NdDJAOKTkYCC\/cSwldjHJYEVKooOYHtuOvTDTkC7CtDxdTGAnt+EWEQV5+Ggnw56DbDkA6Z4JjY6IoiP+AoGZlB7D3BBBkqSHgB+GQDi9cDsPI+JJGAx5PPPG7jgZ2sey0KxfyG476ZNPKkbY\/ZZrFAwcHUZuLJSDaNNwukrKPQvAtN3gHVJwVKjScMcQUwMODCJ+qUl+Av1KB53M5gWuDUFmGOBayMMRN91iSg8sEe1EM+hHKlDFR3LYnQwOG+zGTQwxQCXe4NfB\/mLYtnnf0eL1LCvIJgp6cGQC9i8Fuigj5N20VpYjjeha3wKXyksO\/eN7TDW\/cYmUOpCh5QpoFKmPpLZOuDs+wA9wp1jLyZTzTBqybWfhiJc8ZEGTsxC8zqxPvkBuYrXB0+AbBLCUpFNGuaYkZXikn8rnbqHMEnxB+xmPaoz0wLjJGmIZVCxFR8Hq9WGA4wHwVQYVbMkKXJHwLkJyirwlWeeHLPzRvaCrAKnd8Ioe+Ij6gjZKgT1088nDSemEsYfOZSv8GmOC\/LsWx5ODzNKTYIhpQI58MKfxrXshZ5wJiOy63UEsxUceRU2YmiBIA8nA+39lM41YENKUHIeL7DAN80MlGxEmRQm62k2TdaiYdHzrzeCYR5NpT2x3AsYVNr70Ej5vEZVYNtDwCDF3kJF5K0JNkXAwQyzLCgPoHEdAh0hzx3U\/UYmkmIIgosUr\/6NBqX5bVw49wi6DxYhe4zDmMz5N1ANF7uBSI4uJQQpPTMRUQLoIb\/hLFWmsuMmUJRN5dDuDvfNJuD7ZnQ1nUSbwm57j51RS9eY0PpUFiKdHAwBzGdZMn2xrCSCHA5MBJSF9UkIE\/7lLI82Yis9MbC65muYrvyat9zTiAncFYdX2zs\/Oqu+lFiOM2ls3gyzSaCOJUMvQSJYAfk\/IZfQM5twyMvptNBOmjVP0Bj24\/oYYKvFEfcMwnduwejKJbRLY6870aja1BdQqeWuyE0GQMa6lyP7zUWclCRKC3AoVbgnoDyrKLNprj87j3c7m9EWvwXjBVN27wqwGOU47O9d6VHLd+cheYrSCwAzm5vX4XCfwl808Q+9ijHeCebFZZ3HsbLGDgxl3rIfsxUHg8lzD7BsuGYx72PDvIE5Y2bkd2QabumF\/E\/MqO4lHczeZS2Lrfj8C\/k\/wN+1YW\/rEKzzngDF0OqgGRhD\/65lz9p2PH95EKn3nA\/jZug8FOAfSUL3iqoHnaIAAAAASUVORK5CYII=\" width=\"22\" height=\"22\" \/>\u00a0Retrouvez votre \u00e9nergie : effacez les souvenirs n\u00e9gatifs et reconnectez-vous \u00e0 votre essence.<\/p><p><img loading=\"lazy\" decoding=\"async\" style=\"color: black; font-family: Calibri, sans-serif; font-size: 12pt;\" src=\"data:image\/png;base64,iVBORw0KGgoAAAANSUhEUgAAABkAAAAZCAYAAADE6YVjAAAAAXNSR0IArs4c6QAAAAlwSFlzAAAOxAAADsQBlSsOGwAAABl0RVh0U29mdHdhcmUATWljcm9zb2Z0IE9mZmljZX\/tNXEAAAOQSURBVEhL7VVrSJNRGH43P6eZ21KnNTPWpi00u0kqJlhKGpaZlv3JKMyuUlCyiigbS5HCP\/2rBO2C+ieRLgpdraQaVstuJCmJqROndpml6afbes5YoaBzRf3zwAPnO+d5n+c977l8nE6no\/\/duP9twPSnTP6oyn9VLq1W6wOXpYAJUAGeOEBXJnJ22QTCwRBJBpYBUuALcBl4AwicLW1cEwgmsmBk14X+BvTTAG+gASgGXmBukAnrdNpkq5WOgJeJMeN4ZmNMQAwFyQxEAMvxvdiR8UUI1E6QbXjh3rAVl65\/vAN+AkvsFw\/fQeh\/+22CgZ0YWA8UAUpWZyAfQSz7CRtW4Z4cE0Cb0oJDY7fcuwUdDciRcxXipJilAdH1r7rz7SaY2C+eLkqMjAy8WPugVYuhEoiXOxMfPWfuG6Yl6XPoRnHSois1H27HL59NCasUdOjYI9I3dNdwMIhIjA8+UVac0bZybekpBK+BQZMrBoiN4twEqf7+04g+8xQVLaeoOFRoGkfNT4x0tuJdFbRecVKpZ0F11VaZ9uRdWWNTzzJXDCAeHeDroclKVWQczAyhsHk4bENWopERoh8jZOMtlFtYP2Cx2A6zZDm1yi9ZNENGb9+Z2Gn5PNkKYCDBea3L2xYi2rc3HDvnRtSNUNuoSCs+bPYBLBEmpt7vrcT3zy06vc6zo7OiDiIXMG4AegHGFANyYJ6fj1eY\/t5uzoxsr199TRtz9BQbLqYd6SqSzHBcFS+OBB5uVFK00is8qZLt62Kurd28f3tWxY3SS5up4bUmqP5+U57hhZFM3d\/JimwkYg8KlEtIpfSl+SEy8lX4I05Eq9dGkMnUQ7kHq2mo7L3t6MlZArJx9EzfSeLp7qReEkDnCmIXZR7QHeewB9XsIj1v6CzIzo5SpqeEUk4cXgo3D4ihFPaGehNP\/Kd+ajS0stLSo8et9MNirVWrZWdaDF3XSMLRtfIWStt166ZQSEaVQrpArZAEC4SCHPsRhlEFjK4e0FSvARKVSt+F8pliucRb5C0UCoRDvIU39w2aTT39Xe3tX5sR8hJ46igrtzkpqK9D3yHNOvSA3akUrVZnYbrQZM+P++\/LCKMBDFQ6wAju6HsBrNjDwAA4o7fXvkbwhg1NX\/nUPQ\/5L+ahDHDsBo7k2esx8U8LZCZsJzlrzBhGeeC0od8yHtflV3gSo\/PO5v+JyWSrnTKZrEJj5n8CJcZWxhGOKaQAAAAASUVORK5CYII=\" width=\"25\" height=\"25\" \/>Acc\u00e9dez \u00e0 la clart\u00e9 int\u00e9rieure : prenez des d\u00e9cisions en accord avec vos v\u00e9ritables aspirations.<\/p>\t\t\t\t\t\t\t\t<\/div>\n\t\t\t\t<\/div>\n\t\t\t\t<\/div>\n\t\t<div class=\"elementor-element elementor-element-de00aab e-flex e-con-boxed e-con e-parent\" data-id=\"de00aab\" data-element_type=\"container\" data-e-type=\"container\">\n\t\t\t\t\t<div class=\"e-con-inner\">\n\t\t\t\t<div class=\"elementor-element elementor-element-d3dbb28 elementor-widget elementor-widget-text-editor\" data-id=\"d3dbb28\" data-element_type=\"widget\" data-e-type=\"widget\" data-widget_type=\"text-editor.default\">\n\t\t\t\t<div class=\"elementor-widget-container\">\n\t\t\t\t\t\t\t\t\t<h2 style=\"text-align: center;\"><span style=\"color: #782ab5;\"><strong><em>\u00a0<\/em><\/strong><\/span><\/h2><h2 style=\"text-align: center;\"><span style=\"color: #782ab5;\"><strong><em>\u00c0 qui s&rsquo;adresse cette th\u00e9rapie ?<\/em><\/strong><\/span><\/h2><h5 style=\"text-align: center;\">Pour toute personne qui souhaite tourner la page sur le pass\u00e9.<\/h5><h5 style=\"text-align: center;\">Trouver une paix int\u00e9rieure durable.<\/h5><h5 style=\"text-align: center;\">Cultiver une \u00e9nergie positive dans sa vie quotidienne.<\/h5>\t\t\t\t\t\t\t\t<\/div>\n\t\t\t\t<\/div>\n\t\t\t\t\t<\/div>\n\t\t\t\t<\/div>\n\t\t<div class=\"elementor-element elementor-element-1e39221 e-flex e-con-boxed e-con e-parent\" data-id=\"1e39221\" data-element_type=\"container\" data-e-type=\"container\">\n\t\t\t\t\t<div class=\"e-con-inner\">\n\t\t\t\t<div class=\"elementor-element elementor-element-3f36c14 elementor-widget-divider--view-line_icon elementor-view-default elementor-widget-divider--element-align-center elementor-widget elementor-widget-divider\" data-id=\"3f36c14\" data-element_type=\"widget\" data-e-type=\"widget\" data-widget_type=\"divider.default\">\n\t\t\t\t<div class=\"elementor-widget-container\">\n\t\t\t\t\t\t\t<div class=\"elementor-divider\">\n\t\t\t<span class=\"elementor-divider-separator\">\n\t\t\t\t\t\t\t<div class=\"elementor-icon elementor-divider__element\">\n\t\t\t\t\t<svg aria-hidden=\"true\" class=\"e-font-icon-svg e-fas-star\" viewBox=\"0 0 576 512\" xmlns=\"http:\/\/www.w3.org\/2000\/svg\"><path d=\"M259.3 17.8L194 150.2 47.9 171.5c-26.2 3.8-36.7 36.1-17.7 54.6l105.7 103-25 145.5c-4.5 26.3 23.2 46 46.4 33.7L288 439.6l130.7 68.7c23.2 12.2 50.9-7.4 46.4-33.7l-25-145.5 105.7-103c19-18.5 8.5-50.8-17.7-54.6L382 150.2 316.7 17.8c-11.7-23.6-45.6-23.9-57.4 0z\"><\/path><\/svg><\/div>\n\t\t\t\t\t\t<\/span>\n\t\t<\/div>\n\t\t\t\t\t\t<\/div>\n\t\t\t\t<\/div>\n\t\t\t\t\t<\/div>\n\t\t\t\t<\/div>\n\t\t<div class=\"elementor-element elementor-element-446b40c e-flex e-con-boxed e-con e-parent\" data-id=\"446b40c\" data-element_type=\"container\" data-e-type=\"container\">\n\t\t\t\t\t<div class=\"e-con-inner\">\n\t\t\t\t<div class=\"elementor-element elementor-element-ae1aa9a elementor-align-center elementor-widget elementor-widget-button\" data-id=\"ae1aa9a\" data-element_type=\"widget\" data-e-type=\"widget\" data-widget_type=\"button.default\">\n\t\t\t\t<div class=\"elementor-widget-container\">\n\t\t\t\t\t\t\t\t\t<div class=\"elementor-button-wrapper\">\n\t\t\t\t\t<a class=\"elementor-button elementor-button-link elementor-size-sm\" href=\"https:\/\/vitalityzen.fr\/index.php\/pedir-cita\/\" target=\"_blank\">\n\t\t\t\t\t\t<span class=\"elementor-button-content-wrapper\">\n\t\t\t\t\t\t\t\t\t<span class=\"elementor-button-text\">Rendez-Vous<\/span>\n\t\t\t\t\t<\/span>\n\t\t\t\t\t<\/a>\n\t\t\t\t<\/div>\n\t\t\t\t\t\t\t\t<\/div>\n\t\t\t\t<\/div>\n\t\t\t\t\t<\/div>\n\t\t\t\t<\/div>\n\t\t<div class=\"elementor-element elementor-element-6875f30 e-con-full e-flex e-con e-parent\" data-id=\"6875f30\" data-element_type=\"container\" data-e-type=\"container\">\n\t\t\t\t<div class=\"elementor-element elementor-element-6a4b0c4 elementor-widget-divider--view-line elementor-widget elementor-widget-divider\" data-id=\"6a4b0c4\" data-element_type=\"widget\" data-e-type=\"widget\" data-widget_type=\"divider.default\">\n\t\t\t\t<div class=\"elementor-widget-container\">\n\t\t\t\t\t\t\t<div class=\"elementor-divider\">\n\t\t\t<span class=\"elementor-divider-separator\">\n\t\t\t\t\t\t<\/span>\n\t\t<\/div>\n\t\t\t\t\t\t<\/div>\n\t\t\t\t<\/div>\n\t\t\t\t<\/div>\n\t\t\t\t<\/div>\n\t\t","protected":false},"excerpt":{"rendered":"<p>\u00a0 Lib\u00e9rez-vous et trouvez l&rsquo;harmonie int\u00e9rieure avec \u00a0 HO&rsquo;OPONOPONO Chez Vitality ZEN, nous vous proposons une m\u00e9thode unique et puissante pour transformer votre vie. Le HO&rsquo;OPONOPONO est une ancienne pratique des anciens Kahunas, aujourd&rsquo;hui consid\u00e9r\u00e9e comme une th\u00e9rapie car elle agit sur tous les corps et, par sa pratique consciente, \u00e9tablit une union entre le [&hellip;]<\/p>\n","protected":false},"author":1,"featured_media":0,"parent":0,"menu_order":0,"comment_status":"closed","ping_status":"closed","template":"","meta":{"footnotes":""},"class_list":["post-643","page","type-page","status-publish","hentry"],"yoast_head":"<!-- This site is optimized with the Yoast SEO plugin v24.4 - https:\/\/yoast.com\/wordpress\/plugins\/seo\/ -->\n<title>Ho\u2019oponopono - Vitality Zen<\/title>\n<meta name=\"robots\" content=\"index, follow, max-snippet:-1, max-image-preview:large, max-video-preview:-1\" \/>\n<link rel=\"canonical\" href=\"https:\/\/vitalityzen.fr\/index.php\/fr\/hooponopono-3\/\" \/>\n<meta property=\"og:locale\" content=\"fr_FR\" \/>\n<meta property=\"og:type\" content=\"article\" \/>\n<meta property=\"og:title\" content=\"Ho\u2019oponopono - Vitality Zen\" \/>\n<meta property=\"og:description\" content=\"\u00a0 Lib\u00e9rez-vous et trouvez l&rsquo;harmonie int\u00e9rieure avec \u00a0 HO&rsquo;OPONOPONO Chez Vitality ZEN, nous vous proposons une m\u00e9thode unique et puissante pour transformer votre vie. Le HO&rsquo;OPONOPONO est une ancienne pratique des anciens Kahunas, aujourd&rsquo;hui consid\u00e9r\u00e9e comme une th\u00e9rapie car elle agit sur tous les corps et, par sa pratique consciente, \u00e9tablit une union entre le [&hellip;]\" \/>\n<meta property=\"og:url\" content=\"https:\/\/vitalityzen.fr\/index.php\/fr\/hooponopono-3\/\" \/>\n<meta property=\"og:site_name\" content=\"Vitality Zen\" \/>\n<meta property=\"article:modified_time\" content=\"2025-07-08T11:25:45+00:00\" \/>\n<meta property=\"og:image\" content=\"https:\/\/vitalityzen.fr\/wp-content\/uploads\/2025\/01\/aloha.webp\" \/>\n\t<meta property=\"og:image:width\" content=\"600\" \/>\n\t<meta property=\"og:image:height\" content=\"466\" \/>\n\t<meta property=\"og:image:type\" content=\"image\/webp\" \/>\n<meta name=\"twitter:card\" content=\"summary_large_image\" \/>\n<meta name=\"twitter:label1\" content=\"Dur\u00e9e de lecture estim\u00e9e\" \/>\n\t<meta name=\"twitter:data1\" content=\"3 minutes\" \/>\n<script type=\"application\/ld+json\" class=\"yoast-schema-graph\">{\"@context\":\"https:\/\/schema.org\",\"@graph\":[{\"@type\":\"WebPage\",\"@id\":\"https:\/\/vitalityzen.fr\/index.php\/fr\/hooponopono-3\/\",\"url\":\"https:\/\/vitalityzen.fr\/index.php\/fr\/hooponopono-3\/\",\"name\":\"Ho\u2019oponopono - Vitality Zen\",\"isPartOf\":{\"@id\":\"https:\/\/vitalityzen.fr\/#website\"},\"primaryImageOfPage\":{\"@id\":\"https:\/\/vitalityzen.fr\/index.php\/fr\/hooponopono-3\/#primaryimage\"},\"image\":{\"@id\":\"https:\/\/vitalityzen.fr\/index.php\/fr\/hooponopono-3\/#primaryimage\"},\"thumbnailUrl\":\"https:\/\/vitalityzen.fr\/wp-content\/uploads\/2025\/01\/aloha-300x233.webp\",\"datePublished\":\"2025-02-14T20:49:33+00:00\",\"dateModified\":\"2025-07-08T11:25:45+00:00\",\"breadcrumb\":{\"@id\":\"https:\/\/vitalityzen.fr\/index.php\/fr\/hooponopono-3\/#breadcrumb\"},\"inLanguage\":\"fr-FR\",\"potentialAction\":[{\"@type\":\"ReadAction\",\"target\":[\"https:\/\/vitalityzen.fr\/index.php\/fr\/hooponopono-3\/\"]}]},{\"@type\":\"ImageObject\",\"inLanguage\":\"fr-FR\",\"@id\":\"https:\/\/vitalityzen.fr\/index.php\/fr\/hooponopono-3\/#primaryimage\",\"url\":\"https:\/\/vitalityzen.fr\/wp-content\/uploads\/2025\/01\/aloha.webp\",\"contentUrl\":\"https:\/\/vitalityzen.fr\/wp-content\/uploads\/2025\/01\/aloha.webp\",\"width\":600,\"height\":466},{\"@type\":\"BreadcrumbList\",\"@id\":\"https:\/\/vitalityzen.fr\/index.php\/fr\/hooponopono-3\/#breadcrumb\",\"itemListElement\":[{\"@type\":\"ListItem\",\"position\":1,\"name\":\"Accueil\",\"item\":\"https:\/\/vitalityzen.fr\/\"},{\"@type\":\"ListItem\",\"position\":2,\"name\":\"Ho\u2019oponopono\"}]},{\"@type\":\"WebSite\",\"@id\":\"https:\/\/vitalityzen.fr\/#website\",\"url\":\"https:\/\/vitalityzen.fr\/\",\"name\":\"Vitality Zen\",\"description\":\"1, Rue Marietton 69009 Lyon - France\",\"publisher\":{\"@id\":\"https:\/\/vitalityzen.fr\/#organization\"},\"potentialAction\":[{\"@type\":\"SearchAction\",\"target\":{\"@type\":\"EntryPoint\",\"urlTemplate\":\"https:\/\/vitalityzen.fr\/?s={search_term_string}\"},\"query-input\":{\"@type\":\"PropertyValueSpecification\",\"valueRequired\":true,\"valueName\":\"search_term_string\"}}],\"inLanguage\":\"fr-FR\"},{\"@type\":\"Organization\",\"@id\":\"https:\/\/vitalityzen.fr\/#organization\",\"name\":\"Vitality Zen\",\"url\":\"https:\/\/vitalityzen.fr\/\",\"logo\":{\"@type\":\"ImageObject\",\"inLanguage\":\"fr-FR\",\"@id\":\"https:\/\/vitalityzen.fr\/#\/schema\/logo\/image\/\",\"url\":\"https:\/\/vitalityzen.fr\/wp-content\/uploads\/2025\/01\/cropped-Plan-de-travail-3-scaled-1.webp\",\"contentUrl\":\"https:\/\/vitalityzen.fr\/wp-content\/uploads\/2025\/01\/cropped-Plan-de-travail-3-scaled-1.webp\",\"width\":2270,\"height\":2533,\"caption\":\"Vitality Zen\"},\"image\":{\"@id\":\"https:\/\/vitalityzen.fr\/#\/schema\/logo\/image\/\"}}]}<\/script>\n<!-- \/ Yoast SEO plugin. -->","yoast_head_json":{"title":"Ho\u2019oponopono - Vitality Zen","robots":{"index":"index","follow":"follow","max-snippet":"max-snippet:-1","max-image-preview":"max-image-preview:large","max-video-preview":"max-video-preview:-1"},"canonical":"https:\/\/vitalityzen.fr\/index.php\/fr\/hooponopono-3\/","og_locale":"fr_FR","og_type":"article","og_title":"Ho\u2019oponopono - Vitality Zen","og_description":"\u00a0 Lib\u00e9rez-vous et trouvez l&rsquo;harmonie int\u00e9rieure avec \u00a0 HO&rsquo;OPONOPONO Chez Vitality ZEN, nous vous proposons une m\u00e9thode unique et puissante pour transformer votre vie. Le HO&rsquo;OPONOPONO est une ancienne pratique des anciens Kahunas, aujourd&rsquo;hui consid\u00e9r\u00e9e comme une th\u00e9rapie car elle agit sur tous les corps et, par sa pratique consciente, \u00e9tablit une union entre le [&hellip;]","og_url":"https:\/\/vitalityzen.fr\/index.php\/fr\/hooponopono-3\/","og_site_name":"Vitality Zen","article_modified_time":"2025-07-08T11:25:45+00:00","og_image":[{"width":600,"height":466,"url":"https:\/\/vitalityzen.fr\/wp-content\/uploads\/2025\/01\/aloha.webp","type":"image\/webp"}],"twitter_card":"summary_large_image","twitter_misc":{"Dur\u00e9e de lecture estim\u00e9e":"3 minutes"},"schema":{"@context":"https:\/\/schema.org","@graph":[{"@type":"WebPage","@id":"https:\/\/vitalityzen.fr\/index.php\/fr\/hooponopono-3\/","url":"https:\/\/vitalityzen.fr\/index.php\/fr\/hooponopono-3\/","name":"Ho\u2019oponopono - Vitality Zen","isPartOf":{"@id":"https:\/\/vitalityzen.fr\/#website"},"primaryImageOfPage":{"@id":"https:\/\/vitalityzen.fr\/index.php\/fr\/hooponopono-3\/#primaryimage"},"image":{"@id":"https:\/\/vitalityzen.fr\/index.php\/fr\/hooponopono-3\/#primaryimage"},"thumbnailUrl":"https:\/\/vitalityzen.fr\/wp-content\/uploads\/2025\/01\/aloha-300x233.webp","datePublished":"2025-02-14T20:49:33+00:00","dateModified":"2025-07-08T11:25:45+00:00","breadcrumb":{"@id":"https:\/\/vitalityzen.fr\/index.php\/fr\/hooponopono-3\/#breadcrumb"},"inLanguage":"fr-FR","potentialAction":[{"@type":"ReadAction","target":["https:\/\/vitalityzen.fr\/index.php\/fr\/hooponopono-3\/"]}]},{"@type":"ImageObject","inLanguage":"fr-FR","@id":"https:\/\/vitalityzen.fr\/index.php\/fr\/hooponopono-3\/#primaryimage","url":"https:\/\/vitalityzen.fr\/wp-content\/uploads\/2025\/01\/aloha.webp","contentUrl":"https:\/\/vitalityzen.fr\/wp-content\/uploads\/2025\/01\/aloha.webp","width":600,"height":466},{"@type":"BreadcrumbList","@id":"https:\/\/vitalityzen.fr\/index.php\/fr\/hooponopono-3\/#breadcrumb","itemListElement":[{"@type":"ListItem","position":1,"name":"Accueil","item":"https:\/\/vitalityzen.fr\/"},{"@type":"ListItem","position":2,"name":"Ho\u2019oponopono"}]},{"@type":"WebSite","@id":"https:\/\/vitalityzen.fr\/#website","url":"https:\/\/vitalityzen.fr\/","name":"Vitality Zen","description":"1, Rue Marietton 69009 Lyon - France","publisher":{"@id":"https:\/\/vitalityzen.fr\/#organization"},"potentialAction":[{"@type":"SearchAction","target":{"@type":"EntryPoint","urlTemplate":"https:\/\/vitalityzen.fr\/?s={search_term_string}"},"query-input":{"@type":"PropertyValueSpecification","valueRequired":true,"valueName":"search_term_string"}}],"inLanguage":"fr-FR"},{"@type":"Organization","@id":"https:\/\/vitalityzen.fr\/#organization","name":"Vitality Zen","url":"https:\/\/vitalityzen.fr\/","logo":{"@type":"ImageObject","inLanguage":"fr-FR","@id":"https:\/\/vitalityzen.fr\/#\/schema\/logo\/image\/","url":"https:\/\/vitalityzen.fr\/wp-content\/uploads\/2025\/01\/cropped-Plan-de-travail-3-scaled-1.webp","contentUrl":"https:\/\/vitalityzen.fr\/wp-content\/uploads\/2025\/01\/cropped-Plan-de-travail-3-scaled-1.webp","width":2270,"height":2533,"caption":"Vitality Zen"},"image":{"@id":"https:\/\/vitalityzen.fr\/#\/schema\/logo\/image\/"}}]}},"_links":{"self":[{"href":"https:\/\/vitalityzen.fr\/index.php\/wp-json\/wp\/v2\/pages\/643","targetHints":{"allow":["GET"]}}],"collection":[{"href":"https:\/\/vitalityzen.fr\/index.php\/wp-json\/wp\/v2\/pages"}],"about":[{"href":"https:\/\/vitalityzen.fr\/index.php\/wp-json\/wp\/v2\/types\/page"}],"author":[{"embeddable":true,"href":"https:\/\/vitalityzen.fr\/index.php\/wp-json\/wp\/v2\/users\/1"}],"replies":[{"embeddable":true,"href":"https:\/\/vitalityzen.fr\/index.php\/wp-json\/wp\/v2\/comments?post=643"}],"version-history":[{"count":28,"href":"https:\/\/vitalityzen.fr\/index.php\/wp-json\/wp\/v2\/pages\/643\/revisions"}],"predecessor-version":[{"id":1752,"href":"https:\/\/vitalityzen.fr\/index.php\/wp-json\/wp\/v2\/pages\/643\/revisions\/1752"}],"wp:attachment":[{"href":"https:\/\/vitalityzen.fr\/index.php\/wp-json\/wp\/v2\/media?parent=643"}],"curies":[{"name":"wp","href":"https:\/\/api.w.org\/{rel}","templated":true}]}}