{"id":647,"date":"2025-02-14T21:50:37","date_gmt":"2025-02-14T20:50:37","guid":{"rendered":"https:\/\/vitalityzen.fr\/?page_id=647"},"modified":"2025-07-08T13:50:58","modified_gmt":"2025-07-08T11:50:58","slug":"meditation-et-mindfulness","status":"publish","type":"page","link":"https:\/\/vitalityzen.fr\/index.php\/fr\/meditation-et-mindfulness\/","title":{"rendered":"Meditation et Mindfulness"},"content":{"rendered":"\t\t<div data-elementor-type=\"wp-page\" data-elementor-id=\"647\" class=\"elementor elementor-647\">\n\t\t\t\t<div class=\"elementor-element elementor-element-eb93bb3 e-flex e-con-boxed e-con e-parent\" data-id=\"eb93bb3\" data-element_type=\"container\" data-e-type=\"container\">\n\t\t\t\t\t<div class=\"e-con-inner\">\n\t\t\t\t<div class=\"elementor-element elementor-element-1788f95 elementor-widget__width-initial elementor-widget elementor-widget-image\" data-id=\"1788f95\" data-element_type=\"widget\" data-e-type=\"widget\" data-widget_type=\"image.default\">\n\t\t\t\t<div class=\"elementor-widget-container\">\n\t\t\t\t\t\t\t\t\t\t\t\t\t\t\t<img fetchpriority=\"high\" decoding=\"async\" width=\"768\" height=\"432\" src=\"https:\/\/vitalityzen.fr\/wp-content\/uploads\/2025\/03\/Meditaiton_mindfulness-768x432.jpg\" class=\"attachment-medium_large size-medium_large wp-image-1052\" alt=\"\" srcset=\"https:\/\/vitalityzen.fr\/wp-content\/uploads\/2025\/03\/Meditaiton_mindfulness-768x432.jpg 768w, https:\/\/vitalityzen.fr\/wp-content\/uploads\/2025\/03\/Meditaiton_mindfulness-300x169.jpg 300w, https:\/\/vitalityzen.fr\/wp-content\/uploads\/2025\/03\/Meditaiton_mindfulness-1024x576.jpg 1024w, https:\/\/vitalityzen.fr\/wp-content\/uploads\/2025\/03\/Meditaiton_mindfulness.jpg 1280w\" sizes=\"(max-width: 768px) 100vw, 768px\" \/>\t\t\t\t\t\t\t\t\t\t\t\t\t\t\t<\/div>\n\t\t\t\t<\/div>\n\t\t\t\t\t<\/div>\n\t\t\t\t<\/div>\n\t\t<div class=\"elementor-element elementor-element-5d1f90c e-flex e-con-boxed e-con e-parent\" data-id=\"5d1f90c\" data-element_type=\"container\" data-e-type=\"container\">\n\t\t\t\t\t<div class=\"e-con-inner\">\n\t\t\t\t<div class=\"elementor-element elementor-element-5f82869 elementor-widget elementor-widget-spacer\" data-id=\"5f82869\" data-element_type=\"widget\" data-e-type=\"widget\" data-widget_type=\"spacer.default\">\n\t\t\t\t<div class=\"elementor-widget-container\">\n\t\t\t\t\t\t\t<div class=\"elementor-spacer\">\n\t\t\t<div class=\"elementor-spacer-inner\"><\/div>\n\t\t<\/div>\n\t\t\t\t\t\t<\/div>\n\t\t\t\t<\/div>\n\t\t\t\t\t<\/div>\n\t\t\t\t<\/div>\n\t\t<div class=\"elementor-element elementor-element-574ae41 e-con-full e-flex e-con e-parent\" data-id=\"574ae41\" data-element_type=\"container\" data-e-type=\"container\">\n\t\t\t\t<div class=\"elementor-element elementor-element-73b1a97 elementor-widget elementor-widget-heading\" data-id=\"73b1a97\" data-element_type=\"widget\" data-e-type=\"widget\" data-widget_type=\"heading.default\">\n\t\t\t\t<div class=\"elementor-widget-container\">\n\t\t\t\t\t<h2 class=\"elementor-heading-title elementor-size-default\">Qu'est-ce que la m\u00e9ditation ?<\/h2>\t\t\t\t<\/div>\n\t\t\t\t<\/div>\n\t\t\t\t<\/div>\n\t\t<div class=\"elementor-element elementor-element-65c0de6 e-con-full e-flex e-con e-parent\" data-id=\"65c0de6\" data-element_type=\"container\" data-e-type=\"container\">\n\t\t<div class=\"elementor-element elementor-element-e4599de e-con-full e-flex e-con e-child\" data-id=\"e4599de\" data-element_type=\"container\" data-e-type=\"container\">\n\t\t\t\t<div class=\"elementor-element elementor-element-ed1a4d7 elementor-widget elementor-widget-text-editor\" data-id=\"ed1a4d7\" data-element_type=\"widget\" data-e-type=\"widget\" data-widget_type=\"text-editor.default\">\n\t\t\t\t<div class=\"elementor-widget-container\">\n\t\t\t\t\t\t\t\t\t<p>La m\u00e9ditation est une aventure, la plus grande aventure que l&rsquo;esprit humain puisse entreprendre.<\/p><p>La m\u00e9ditation, c&rsquo;est simplement \u00eatre, ne rien faire, absence d&rsquo;action, absence de pens\u00e9e, absence d&rsquo;\u00e9motion. C&rsquo;est simplement \u00eatre, et c&rsquo;est un plaisir merveilleux. D&rsquo;o\u00f9 vient ce plaisir quand on ne fait rien ? Il vient de nulle part, ou il vient de partout. Il est sans cause, parce que l&rsquo;existence est faite de la mati\u00e8re appel\u00e9e joie.<\/p><p>Quand on ne fait absolument rien &#8211; corporellement, mentalement, \u00e0 n&rsquo;importe quel niveau &#8211; quand toute activit\u00e9 a cess\u00e9 et qu&rsquo;on est simplement en train d&rsquo;\u00eatre, c&rsquo;est la m\u00e9ditation.<\/p><p>La m\u00e9ditation est bien plus qu&rsquo;une simple pratique de relaxation.<\/p><p>C&rsquo;est une v\u00e9ritable exploration int\u00e9rieure qui permet de se concentrer, de calmer son esprit et de cultiver la pleine conscience. Elle r\u00e9duit le stress et l&rsquo;anxi\u00e9t\u00e9. Elle am\u00e9liore la concentration, renforce l&rsquo;\u00e9quilibre \u00e9motionnel et aide \u00e0 g\u00e9rer ses \u00e9motions au quotidien.<\/p>\t\t\t\t\t\t\t\t<\/div>\n\t\t\t\t<\/div>\n\t\t\t\t<\/div>\n\t\t<div class=\"elementor-element elementor-element-5f3c25b e-con-full e-flex e-con e-child\" data-id=\"5f3c25b\" data-element_type=\"container\" data-e-type=\"container\">\n\t\t\t\t<div class=\"elementor-element elementor-element-6c1e3f3 elementor-widget elementor-widget-image\" data-id=\"6c1e3f3\" data-element_type=\"widget\" data-e-type=\"widget\" data-widget_type=\"image.default\">\n\t\t\t\t<div class=\"elementor-widget-container\">\n\t\t\t\t\t\t\t\t\t\t\t\t\t\t\t<img decoding=\"async\" width=\"800\" height=\"450\" src=\"https:\/\/vitalityzen.fr\/wp-content\/uploads\/2025\/03\/meditation-1024x576.jpg\" class=\"attachment-large size-large wp-image-1050\" alt=\"\" srcset=\"https:\/\/vitalityzen.fr\/wp-content\/uploads\/2025\/03\/meditation-1024x576.jpg 1024w, https:\/\/vitalityzen.fr\/wp-content\/uploads\/2025\/03\/meditation-300x169.jpg 300w, https:\/\/vitalityzen.fr\/wp-content\/uploads\/2025\/03\/meditation-768x432.jpg 768w, https:\/\/vitalityzen.fr\/wp-content\/uploads\/2025\/03\/meditation.jpg 1280w\" sizes=\"(max-width: 800px) 100vw, 800px\" \/>\t\t\t\t\t\t\t\t\t\t\t\t\t\t\t<\/div>\n\t\t\t\t<\/div>\n\t\t\t\t<\/div>\n\t\t\t\t<\/div>\n\t\t<div class=\"elementor-element elementor-element-c4e42fb e-flex e-con-boxed e-con e-parent\" data-id=\"c4e42fb\" data-element_type=\"container\" data-e-type=\"container\">\n\t\t\t\t\t<div class=\"e-con-inner\">\n\t\t\t\t<div class=\"elementor-element elementor-element-fc55e3a elementor-widget elementor-widget-heading\" data-id=\"fc55e3a\" data-element_type=\"widget\" data-e-type=\"widget\" data-widget_type=\"heading.default\">\n\t\t\t\t<div class=\"elementor-widget-container\">\n\t\t\t\t\t<h2 class=\"elementor-heading-title elementor-size-default\"><br>Mindfulness<\/h2>\t\t\t\t<\/div>\n\t\t\t\t<\/div>\n\t\t\t\t\t<\/div>\n\t\t\t\t<\/div>\n\t\t<div class=\"elementor-element elementor-element-5c6e0dd e-con-full e-flex e-con e-parent\" data-id=\"5c6e0dd\" data-element_type=\"container\" data-e-type=\"container\">\n\t\t\t\t<div class=\"elementor-element elementor-element-1279ce3 elementor-widget elementor-widget-heading\" data-id=\"1279ce3\" data-element_type=\"widget\" data-e-type=\"widget\" data-widget_type=\"heading.default\">\n\t\t\t\t<div class=\"elementor-widget-container\">\n\t\t\t\t\t<h2 class=\"elementor-heading-title elementor-size-default\"><br>La pleine conscience : l'acceptation est essentielle<br><\/h2>\t\t\t\t<\/div>\n\t\t\t\t<\/div>\n\t\t\t\t<\/div>\n\t\t<div class=\"elementor-element elementor-element-42fdcdd e-con-full e-flex e-con e-parent\" data-id=\"42fdcdd\" data-element_type=\"container\" data-e-type=\"container\">\n\t\t<div class=\"elementor-element elementor-element-80c9981 e-con-full e-flex e-con e-child\" data-id=\"80c9981\" data-element_type=\"container\" data-e-type=\"container\">\n\t\t\t\t<div class=\"elementor-element elementor-element-12f6a2d elementor-widget__width-initial elementor-widget elementor-widget-image\" data-id=\"12f6a2d\" data-element_type=\"widget\" data-e-type=\"widget\" data-widget_type=\"image.default\">\n\t\t\t\t<div class=\"elementor-widget-container\">\n\t\t\t\t\t\t\t\t\t\t\t\t\t\t\t<img decoding=\"async\" width=\"800\" height=\"450\" src=\"https:\/\/vitalityzen.fr\/wp-content\/uploads\/2025\/03\/Mindfulness-1024x576.jpg\" class=\"attachment-large size-large wp-image-1051\" alt=\"\" srcset=\"https:\/\/vitalityzen.fr\/wp-content\/uploads\/2025\/03\/Mindfulness-1024x576.jpg 1024w, https:\/\/vitalityzen.fr\/wp-content\/uploads\/2025\/03\/Mindfulness-300x169.jpg 300w, https:\/\/vitalityzen.fr\/wp-content\/uploads\/2025\/03\/Mindfulness-768x432.jpg 768w, https:\/\/vitalityzen.fr\/wp-content\/uploads\/2025\/03\/Mindfulness.jpg 1280w\" sizes=\"(max-width: 800px) 100vw, 800px\" \/>\t\t\t\t\t\t\t\t\t\t\t\t\t\t\t<\/div>\n\t\t\t\t<\/div>\n\t\t\t\t<\/div>\n\t\t\t\t<div class=\"elementor-element elementor-element-574a206 elementor-widget__width-initial elementor-widget elementor-widget-text-editor\" data-id=\"574a206\" data-element_type=\"widget\" data-e-type=\"widget\" data-widget_type=\"text-editor.default\">\n\t\t\t\t<div class=\"elementor-widget-container\">\n\t\t\t\t\t\t\t\t\t<p>La pleine conscience ou le Mindfulness, repose sur le principe de ne pas juger, de ne pas analyser, de ne pas critiquer les faits tels qu&rsquo;ils se pr\u00e9sentent.\u00a0<\/p><p>Nous invitons notre attention \u00e0 se concentrer sur la respiration, qui nous ram\u00e8ne \u00e0 notre centre de force, nous aligne et nous \u00e9loigne du mental, qui cr\u00e9e des r\u00e9alit\u00e9s qui ne sont pas toujours vraies.\u00a0<\/p><p>De cette mani\u00e8re, nous nous autorisons \u00e0 \u00caTRE, \u00e0 \u00caTRE et \u00e0 ne rien cr\u00e9er d&rsquo;autre \u00e0 partir de nos pens\u00e9es. Dans la pleine conscience, nous entra\u00eenons l&rsquo;esprit \u00e0 se tourner vers le moment pr\u00e9sent et \u00e0 d\u00e9velopper l&rsquo;attention.<\/p><p>La pleine conscience consiste \u00e0 accepter chaque exp\u00e9rience et \u00e0 mieux comprendre pourquoi elle fait partie de notre vie.\u00a0<\/p><p>S&rsquo;il s&rsquo;agit d&rsquo;une \u00e9motion, il faut l&rsquo;accepter et essayer d&rsquo;en comprendre le message. La respiration nous ram\u00e8ne \u00e0 notre centre de force et \u00e0 l&rsquo;instant pr\u00e9sent.<\/p>\t\t\t\t\t\t\t\t<\/div>\n\t\t\t\t<\/div>\n\t\t\t\t<\/div>\n\t\t<div class=\"elementor-element elementor-element-6c64db5 e-con-full e-flex e-con e-parent\" data-id=\"6c64db5\" data-element_type=\"container\" data-e-type=\"container\">\n\t\t\t\t<div class=\"elementor-element elementor-element-331f227 elementor-widget elementor-widget-heading\" data-id=\"331f227\" data-element_type=\"widget\" data-e-type=\"widget\" data-widget_type=\"heading.default\">\n\t\t\t\t<div class=\"elementor-widget-container\">\n\t\t\t\t\t<h2 class=\"elementor-heading-title elementor-size-default\"><br>Les B\u00e9n\u00e9fices de la Meditation:<br><\/h2>\t\t\t\t<\/div>\n\t\t\t\t<\/div>\n\t\t\t\t<div class=\"elementor-element elementor-element-f7b9a5f elementor-widget elementor-widget-text-editor\" data-id=\"f7b9a5f\" data-element_type=\"widget\" data-e-type=\"widget\" data-widget_type=\"text-editor.default\">\n\t\t\t\t<div class=\"elementor-widget-container\">\n\t\t\t\t\t\t\t\t\t<ul><li><span style=\"color: #000000;\">Am\u00e9liore la qualit\u00e9 du sommeil<\/span><\/li><li><span style=\"color: #000000;\">Facilite la gestion des<\/span> <span style=\"color: #000000;\">\u00e9motions<\/span><\/li><li><span style=\"color: #000000;\">Am\u00e9liore a qualit\u00e9 de l&rsquo;attention<\/span><\/li><li><span style=\"color: #000000;\">R\u00e9duit les ruminations anxieuses<\/span><\/li><li><span style=\"color: #000000;\">Att\u00e9nue la douleur chronique<\/span><\/li><li><span style=\"color: #000000;\">Diminue les cycles d\u00e9pressifs<\/span><\/li><li><span style=\"color: #000000;\">Reforce le bien-\u00eatre subjectif<\/span><\/li><\/ul><ul><li><span style=\"color: #000000;\">R\u00e9gule la tension art\u00e9rielle<\/span><\/li><li><span style=\"color: #000000;\">Diminue la lib\u00e9ration de cortisol (stress)<\/span><\/li><li><span style=\"color: #000000;\">Am\u00e9liore la fonction cardiaque<\/span><\/li><li><span style=\"color: #000000;\">Diminue les robl\u00e8mes de peau<\/span><\/li><li><span style=\"color: #000000;\">Reforce la r\u00e9ponse immuniraire<\/span><\/li><\/ul><div>\u00a0<\/div>\t\t\t\t\t\t\t\t<\/div>\n\t\t\t\t<\/div>\n\t\t\t\t<\/div>\n\t\t<div class=\"elementor-element elementor-element-b61fbae e-flex e-con-boxed e-con e-parent\" data-id=\"b61fbae\" data-element_type=\"container\" data-e-type=\"container\">\n\t\t\t\t\t<div class=\"e-con-inner\">\n\t\t\t\t<div class=\"elementor-element elementor-element-a80fe35 elementor-widget-divider--view-line elementor-widget elementor-widget-divider\" data-id=\"a80fe35\" data-element_type=\"widget\" data-e-type=\"widget\" data-widget_type=\"divider.default\">\n\t\t\t\t<div class=\"elementor-widget-container\">\n\t\t\t\t\t\t\t<div class=\"elementor-divider\">\n\t\t\t<span class=\"elementor-divider-separator\">\n\t\t\t\t\t\t<\/span>\n\t\t<\/div>\n\t\t\t\t\t\t<\/div>\n\t\t\t\t<\/div>\n\t\t\t\t<div class=\"elementor-element elementor-element-95a04a6 elementor-align-center elementor-widget elementor-widget-button\" data-id=\"95a04a6\" data-element_type=\"widget\" data-e-type=\"widget\" data-widget_type=\"button.default\">\n\t\t\t\t<div class=\"elementor-widget-container\">\n\t\t\t\t\t\t\t\t\t<div class=\"elementor-button-wrapper\">\n\t\t\t\t\t<a class=\"elementor-button elementor-button-link elementor-size-sm\" href=\"https:\/\/vitalityzen.fr\/index.php\/pedir-cita\/\">\n\t\t\t\t\t\t<span class=\"elementor-button-content-wrapper\">\n\t\t\t\t\t\t\t\t\t<span class=\"elementor-button-text\">Rendez-Vous<\/span>\n\t\t\t\t\t<\/span>\n\t\t\t\t\t<\/a>\n\t\t\t\t<\/div>\n\t\t\t\t\t\t\t\t<\/div>\n\t\t\t\t<\/div>\n\t\t\t\t\t<\/div>\n\t\t\t\t<\/div>\n\t\t<div class=\"elementor-element elementor-element-3395c87 e-flex e-con-boxed e-con e-parent\" data-id=\"3395c87\" data-element_type=\"container\" data-e-type=\"container\">\n\t\t\t\t\t<div class=\"e-con-inner\">\n\t\t\t\t<div class=\"elementor-element elementor-element-f43a4ea elementor-widget-divider--view-line elementor-widget elementor-widget-divider\" data-id=\"f43a4ea\" data-element_type=\"widget\" data-e-type=\"widget\" data-widget_type=\"divider.default\">\n\t\t\t\t<div class=\"elementor-widget-container\">\n\t\t\t\t\t\t\t<div class=\"elementor-divider\">\n\t\t\t<span class=\"elementor-divider-separator\">\n\t\t\t\t\t\t<\/span>\n\t\t<\/div>\n\t\t\t\t\t\t<\/div>\n\t\t\t\t<\/div>\n\t\t\t\t\t<\/div>\n\t\t\t\t<\/div>\n\t\t\t\t<\/div>\n\t\t","protected":false},"excerpt":{"rendered":"<p>Qu&rsquo;est-ce que la m\u00e9ditation ? La m\u00e9ditation est une aventure, la plus grande aventure que l&rsquo;esprit humain puisse entreprendre. La m\u00e9ditation, c&rsquo;est simplement \u00eatre, ne rien faire, absence d&rsquo;action, absence de pens\u00e9e, absence d&rsquo;\u00e9motion. C&rsquo;est simplement \u00eatre, et c&rsquo;est un plaisir merveilleux. D&rsquo;o\u00f9 vient ce plaisir quand on ne fait rien ? Il vient de [&hellip;]<\/p>\n","protected":false},"author":1,"featured_media":0,"parent":0,"menu_order":0,"comment_status":"closed","ping_status":"closed","template":"","meta":{"footnotes":""},"class_list":["post-647","page","type-page","status-publish","hentry"],"yoast_head":"<!-- This site is optimized with the Yoast SEO plugin v24.4 - https:\/\/yoast.com\/wordpress\/plugins\/seo\/ -->\n<title>Meditation et Mindfulness - Vitality Zen<\/title>\n<meta name=\"robots\" content=\"index, follow, max-snippet:-1, max-image-preview:large, max-video-preview:-1\" \/>\n<link rel=\"canonical\" href=\"https:\/\/vitalityzen.fr\/index.php\/fr\/meditation-et-mindfulness\/\" \/>\n<meta property=\"og:locale\" content=\"fr_FR\" \/>\n<meta property=\"og:type\" content=\"article\" \/>\n<meta property=\"og:title\" content=\"Meditation et Mindfulness - Vitality Zen\" \/>\n<meta property=\"og:description\" content=\"Qu&rsquo;est-ce que la m\u00e9ditation ? La m\u00e9ditation est une aventure, la plus grande aventure que l&rsquo;esprit humain puisse entreprendre. La m\u00e9ditation, c&rsquo;est simplement \u00eatre, ne rien faire, absence d&rsquo;action, absence de pens\u00e9e, absence d&rsquo;\u00e9motion. C&rsquo;est simplement \u00eatre, et c&rsquo;est un plaisir merveilleux. D&rsquo;o\u00f9 vient ce plaisir quand on ne fait rien ? Il vient de [&hellip;]\" \/>\n<meta property=\"og:url\" content=\"https:\/\/vitalityzen.fr\/index.php\/fr\/meditation-et-mindfulness\/\" \/>\n<meta property=\"og:site_name\" content=\"Vitality Zen\" \/>\n<meta property=\"article:modified_time\" content=\"2025-07-08T11:50:58+00:00\" \/>\n<meta property=\"og:image\" content=\"https:\/\/vitalityzen.fr\/wp-content\/uploads\/2025\/03\/Meditaiton_mindfulness.jpg\" \/>\n\t<meta property=\"og:image:width\" content=\"1280\" \/>\n\t<meta property=\"og:image:height\" content=\"720\" \/>\n\t<meta property=\"og:image:type\" content=\"image\/jpeg\" \/>\n<meta name=\"twitter:card\" content=\"summary_large_image\" \/>\n<meta name=\"twitter:label1\" content=\"Dur\u00e9e de lecture estim\u00e9e\" \/>\n\t<meta name=\"twitter:data1\" content=\"3 minutes\" \/>\n<script type=\"application\/ld+json\" class=\"yoast-schema-graph\">{\"@context\":\"https:\/\/schema.org\",\"@graph\":[{\"@type\":\"WebPage\",\"@id\":\"https:\/\/vitalityzen.fr\/index.php\/fr\/meditation-et-mindfulness\/\",\"url\":\"https:\/\/vitalityzen.fr\/index.php\/fr\/meditation-et-mindfulness\/\",\"name\":\"Meditation et Mindfulness - Vitality Zen\",\"isPartOf\":{\"@id\":\"https:\/\/vitalityzen.fr\/#website\"},\"primaryImageOfPage\":{\"@id\":\"https:\/\/vitalityzen.fr\/index.php\/fr\/meditation-et-mindfulness\/#primaryimage\"},\"image\":{\"@id\":\"https:\/\/vitalityzen.fr\/index.php\/fr\/meditation-et-mindfulness\/#primaryimage\"},\"thumbnailUrl\":\"https:\/\/vitalityzen.fr\/wp-content\/uploads\/2025\/03\/Meditaiton_mindfulness-768x432.jpg\",\"datePublished\":\"2025-02-14T20:50:37+00:00\",\"dateModified\":\"2025-07-08T11:50:58+00:00\",\"breadcrumb\":{\"@id\":\"https:\/\/vitalityzen.fr\/index.php\/fr\/meditation-et-mindfulness\/#breadcrumb\"},\"inLanguage\":\"fr-FR\",\"potentialAction\":[{\"@type\":\"ReadAction\",\"target\":[\"https:\/\/vitalityzen.fr\/index.php\/fr\/meditation-et-mindfulness\/\"]}]},{\"@type\":\"ImageObject\",\"inLanguage\":\"fr-FR\",\"@id\":\"https:\/\/vitalityzen.fr\/index.php\/fr\/meditation-et-mindfulness\/#primaryimage\",\"url\":\"https:\/\/vitalityzen.fr\/wp-content\/uploads\/2025\/03\/Meditaiton_mindfulness.jpg\",\"contentUrl\":\"https:\/\/vitalityzen.fr\/wp-content\/uploads\/2025\/03\/Meditaiton_mindfulness.jpg\",\"width\":1280,\"height\":720},{\"@type\":\"BreadcrumbList\",\"@id\":\"https:\/\/vitalityzen.fr\/index.php\/fr\/meditation-et-mindfulness\/#breadcrumb\",\"itemListElement\":[{\"@type\":\"ListItem\",\"position\":1,\"name\":\"Accueil\",\"item\":\"https:\/\/vitalityzen.fr\/\"},{\"@type\":\"ListItem\",\"position\":2,\"name\":\"Meditation et Mindfulness\"}]},{\"@type\":\"WebSite\",\"@id\":\"https:\/\/vitalityzen.fr\/#website\",\"url\":\"https:\/\/vitalityzen.fr\/\",\"name\":\"Vitality Zen\",\"description\":\"1, Rue Marietton 69009 Lyon - France\",\"publisher\":{\"@id\":\"https:\/\/vitalityzen.fr\/#organization\"},\"potentialAction\":[{\"@type\":\"SearchAction\",\"target\":{\"@type\":\"EntryPoint\",\"urlTemplate\":\"https:\/\/vitalityzen.fr\/?s={search_term_string}\"},\"query-input\":{\"@type\":\"PropertyValueSpecification\",\"valueRequired\":true,\"valueName\":\"search_term_string\"}}],\"inLanguage\":\"fr-FR\"},{\"@type\":\"Organization\",\"@id\":\"https:\/\/vitalityzen.fr\/#organization\",\"name\":\"Vitality Zen\",\"url\":\"https:\/\/vitalityzen.fr\/\",\"logo\":{\"@type\":\"ImageObject\",\"inLanguage\":\"fr-FR\",\"@id\":\"https:\/\/vitalityzen.fr\/#\/schema\/logo\/image\/\",\"url\":\"https:\/\/vitalityzen.fr\/wp-content\/uploads\/2025\/01\/cropped-Plan-de-travail-3-scaled-1.webp\",\"contentUrl\":\"https:\/\/vitalityzen.fr\/wp-content\/uploads\/2025\/01\/cropped-Plan-de-travail-3-scaled-1.webp\",\"width\":2270,\"height\":2533,\"caption\":\"Vitality Zen\"},\"image\":{\"@id\":\"https:\/\/vitalityzen.fr\/#\/schema\/logo\/image\/\"}}]}<\/script>\n<!-- \/ Yoast SEO plugin. -->","yoast_head_json":{"title":"Meditation et Mindfulness - Vitality Zen","robots":{"index":"index","follow":"follow","max-snippet":"max-snippet:-1","max-image-preview":"max-image-preview:large","max-video-preview":"max-video-preview:-1"},"canonical":"https:\/\/vitalityzen.fr\/index.php\/fr\/meditation-et-mindfulness\/","og_locale":"fr_FR","og_type":"article","og_title":"Meditation et Mindfulness - Vitality Zen","og_description":"Qu&rsquo;est-ce que la m\u00e9ditation ? La m\u00e9ditation est une aventure, la plus grande aventure que l&rsquo;esprit humain puisse entreprendre. La m\u00e9ditation, c&rsquo;est simplement \u00eatre, ne rien faire, absence d&rsquo;action, absence de pens\u00e9e, absence d&rsquo;\u00e9motion. C&rsquo;est simplement \u00eatre, et c&rsquo;est un plaisir merveilleux. D&rsquo;o\u00f9 vient ce plaisir quand on ne fait rien ? Il vient de [&hellip;]","og_url":"https:\/\/vitalityzen.fr\/index.php\/fr\/meditation-et-mindfulness\/","og_site_name":"Vitality Zen","article_modified_time":"2025-07-08T11:50:58+00:00","og_image":[{"width":1280,"height":720,"url":"https:\/\/vitalityzen.fr\/wp-content\/uploads\/2025\/03\/Meditaiton_mindfulness.jpg","type":"image\/jpeg"}],"twitter_card":"summary_large_image","twitter_misc":{"Dur\u00e9e de lecture estim\u00e9e":"3 minutes"},"schema":{"@context":"https:\/\/schema.org","@graph":[{"@type":"WebPage","@id":"https:\/\/vitalityzen.fr\/index.php\/fr\/meditation-et-mindfulness\/","url":"https:\/\/vitalityzen.fr\/index.php\/fr\/meditation-et-mindfulness\/","name":"Meditation et Mindfulness - Vitality Zen","isPartOf":{"@id":"https:\/\/vitalityzen.fr\/#website"},"primaryImageOfPage":{"@id":"https:\/\/vitalityzen.fr\/index.php\/fr\/meditation-et-mindfulness\/#primaryimage"},"image":{"@id":"https:\/\/vitalityzen.fr\/index.php\/fr\/meditation-et-mindfulness\/#primaryimage"},"thumbnailUrl":"https:\/\/vitalityzen.fr\/wp-content\/uploads\/2025\/03\/Meditaiton_mindfulness-768x432.jpg","datePublished":"2025-02-14T20:50:37+00:00","dateModified":"2025-07-08T11:50:58+00:00","breadcrumb":{"@id":"https:\/\/vitalityzen.fr\/index.php\/fr\/meditation-et-mindfulness\/#breadcrumb"},"inLanguage":"fr-FR","potentialAction":[{"@type":"ReadAction","target":["https:\/\/vitalityzen.fr\/index.php\/fr\/meditation-et-mindfulness\/"]}]},{"@type":"ImageObject","inLanguage":"fr-FR","@id":"https:\/\/vitalityzen.fr\/index.php\/fr\/meditation-et-mindfulness\/#primaryimage","url":"https:\/\/vitalityzen.fr\/wp-content\/uploads\/2025\/03\/Meditaiton_mindfulness.jpg","contentUrl":"https:\/\/vitalityzen.fr\/wp-content\/uploads\/2025\/03\/Meditaiton_mindfulness.jpg","width":1280,"height":720},{"@type":"BreadcrumbList","@id":"https:\/\/vitalityzen.fr\/index.php\/fr\/meditation-et-mindfulness\/#breadcrumb","itemListElement":[{"@type":"ListItem","position":1,"name":"Accueil","item":"https:\/\/vitalityzen.fr\/"},{"@type":"ListItem","position":2,"name":"Meditation et Mindfulness"}]},{"@type":"WebSite","@id":"https:\/\/vitalityzen.fr\/#website","url":"https:\/\/vitalityzen.fr\/","name":"Vitality Zen","description":"1, Rue Marietton 69009 Lyon - France","publisher":{"@id":"https:\/\/vitalityzen.fr\/#organization"},"potentialAction":[{"@type":"SearchAction","target":{"@type":"EntryPoint","urlTemplate":"https:\/\/vitalityzen.fr\/?s={search_term_string}"},"query-input":{"@type":"PropertyValueSpecification","valueRequired":true,"valueName":"search_term_string"}}],"inLanguage":"fr-FR"},{"@type":"Organization","@id":"https:\/\/vitalityzen.fr\/#organization","name":"Vitality Zen","url":"https:\/\/vitalityzen.fr\/","logo":{"@type":"ImageObject","inLanguage":"fr-FR","@id":"https:\/\/vitalityzen.fr\/#\/schema\/logo\/image\/","url":"https:\/\/vitalityzen.fr\/wp-content\/uploads\/2025\/01\/cropped-Plan-de-travail-3-scaled-1.webp","contentUrl":"https:\/\/vitalityzen.fr\/wp-content\/uploads\/2025\/01\/cropped-Plan-de-travail-3-scaled-1.webp","width":2270,"height":2533,"caption":"Vitality Zen"},"image":{"@id":"https:\/\/vitalityzen.fr\/#\/schema\/logo\/image\/"}}]}},"_links":{"self":[{"href":"https:\/\/vitalityzen.fr\/index.php\/wp-json\/wp\/v2\/pages\/647","targetHints":{"allow":["GET"]}}],"collection":[{"href":"https:\/\/vitalityzen.fr\/index.php\/wp-json\/wp\/v2\/pages"}],"about":[{"href":"https:\/\/vitalityzen.fr\/index.php\/wp-json\/wp\/v2\/types\/page"}],"author":[{"embeddable":true,"href":"https:\/\/vitalityzen.fr\/index.php\/wp-json\/wp\/v2\/users\/1"}],"replies":[{"embeddable":true,"href":"https:\/\/vitalityzen.fr\/index.php\/wp-json\/wp\/v2\/comments?post=647"}],"version-history":[{"count":43,"href":"https:\/\/vitalityzen.fr\/index.php\/wp-json\/wp\/v2\/pages\/647\/revisions"}],"predecessor-version":[{"id":1762,"href":"https:\/\/vitalityzen.fr\/index.php\/wp-json\/wp\/v2\/pages\/647\/revisions\/1762"}],"wp:attachment":[{"href":"https:\/\/vitalityzen.fr\/index.php\/wp-json\/wp\/v2\/media?parent=647"}],"curies":[{"name":"wp","href":"https:\/\/api.w.org\/{rel}","templated":true}]}}