{"id":655,"date":"2025-02-14T21:52:55","date_gmt":"2025-02-14T20:52:55","guid":{"rendered":"https:\/\/vitalityzen.fr\/?page_id=655"},"modified":"2025-07-08T13:55:29","modified_gmt":"2025-07-08T11:55:29","slug":"reflexologie","status":"publish","type":"page","link":"https:\/\/vitalityzen.fr\/index.php\/fr\/reflexologie\/","title":{"rendered":"R\u00e9flexologie"},"content":{"rendered":"\t\t<div data-elementor-type=\"wp-page\" data-elementor-id=\"655\" class=\"elementor elementor-655\">\n\t\t\t\t<div class=\"elementor-element elementor-element-8dc70e4 e-flex e-con-boxed e-con e-parent\" data-id=\"8dc70e4\" data-element_type=\"container\" data-e-type=\"container\">\n\t\t\t\t\t<div class=\"e-con-inner\">\n\t\t\t\t<div class=\"elementor-element elementor-element-f3cb6c1 elementor-widget elementor-widget-spacer\" data-id=\"f3cb6c1\" data-element_type=\"widget\" data-e-type=\"widget\" data-widget_type=\"spacer.default\">\n\t\t\t\t<div class=\"elementor-widget-container\">\n\t\t\t\t\t\t\t<div class=\"elementor-spacer\">\n\t\t\t<div class=\"elementor-spacer-inner\"><\/div>\n\t\t<\/div>\n\t\t\t\t\t\t<\/div>\n\t\t\t\t<\/div>\n\t\t\t\t\t<\/div>\n\t\t\t\t<\/div>\n\t\t<div class=\"elementor-element elementor-element-e8c096d e-flex e-con-boxed e-con e-parent\" data-id=\"e8c096d\" data-element_type=\"container\" data-e-type=\"container\">\n\t\t\t\t\t<div class=\"e-con-inner\">\n\t\t\t\t<div class=\"elementor-element elementor-element-9513c2e elementor-widget elementor-widget-heading\" data-id=\"9513c2e\" data-element_type=\"widget\" data-e-type=\"widget\" data-widget_type=\"heading.default\">\n\t\t\t\t<div class=\"elementor-widget-container\">\n\t\t\t\t\t<h6 class=\"elementor-heading-title elementor-size-default\">R\u00e9fl\u00e9xologie totale: visage, mains et pieds<\/h6>\t\t\t\t<\/div>\n\t\t\t\t<\/div>\n\t\t\t\t\t<\/div>\n\t\t\t\t<\/div>\n\t\t<div class=\"elementor-element elementor-element-c440c15 e-flex e-con-boxed e-con e-parent\" data-id=\"c440c15\" data-element_type=\"container\" data-e-type=\"container\">\n\t\t\t\t\t<div class=\"e-con-inner\">\n\t\t\t\t<div class=\"elementor-element elementor-element-75f9302 elementor-widget elementor-widget-spacer\" data-id=\"75f9302\" data-element_type=\"widget\" data-e-type=\"widget\" data-widget_type=\"spacer.default\">\n\t\t\t\t<div class=\"elementor-widget-container\">\n\t\t\t\t\t\t\t<div class=\"elementor-spacer\">\n\t\t\t<div class=\"elementor-spacer-inner\"><\/div>\n\t\t<\/div>\n\t\t\t\t\t\t<\/div>\n\t\t\t\t<\/div>\n\t\t\t\t\t<\/div>\n\t\t\t\t<\/div>\n\t\t<div class=\"elementor-element elementor-element-d57d174 e-con-full e-flex e-con e-parent\" data-id=\"d57d174\" data-element_type=\"container\" data-e-type=\"container\">\n\t\t<div class=\"elementor-element elementor-element-86e0f87 e-con-full e-flex e-con e-child\" data-id=\"86e0f87\" data-element_type=\"container\" data-e-type=\"container\">\n\t\t\t\t<div class=\"elementor-element elementor-element-85c060b elementor-widget elementor-widget-text-editor\" data-id=\"85c060b\" data-element_type=\"widget\" data-e-type=\"widget\" data-widget_type=\"text-editor.default\">\n\t\t\t\t<div class=\"elementor-widget-container\">\n\t\t\t\t\t\t\t\t\t<p>\u00c9quilibrer les points r\u00e9flexes des pieds, des mains et du visage.<\/p><p>Les points r\u00e9flexes, \u00e9galement appel\u00e9s points de r\u00e9flexologie, sont des zones sp\u00e9cifiques de la peau des pieds, des mains, des oreilles, du visage et de la t\u00eate qui sont reli\u00e9es \u00e0 d&rsquo;autres parties, organes ou syst\u00e8mes du corps.<\/p>\t\t\t\t\t\t\t\t<\/div>\n\t\t\t\t<\/div>\n\t\t\t\t<\/div>\n\t\t<div class=\"elementor-element elementor-element-7579c64 e-con-full e-flex e-con e-child\" data-id=\"7579c64\" data-element_type=\"container\" data-e-type=\"container\">\n\t\t\t\t<div class=\"elementor-element elementor-element-b5d6a45 elementor-widget elementor-widget-image\" data-id=\"b5d6a45\" data-element_type=\"widget\" data-e-type=\"widget\" data-widget_type=\"image.default\">\n\t\t\t\t<div class=\"elementor-widget-container\">\n\t\t\t\t\t\t\t\t\t\t\t\t\t\t\t<img fetchpriority=\"high\" decoding=\"async\" width=\"800\" height=\"450\" src=\"https:\/\/vitalityzen.fr\/wp-content\/uploads\/2025\/03\/Reflex.visage-1024x576.jpg\" class=\"attachment-large size-large wp-image-1028\" alt=\"\" srcset=\"https:\/\/vitalityzen.fr\/wp-content\/uploads\/2025\/03\/Reflex.visage-1024x576.jpg 1024w, https:\/\/vitalityzen.fr\/wp-content\/uploads\/2025\/03\/Reflex.visage-300x169.jpg 300w, https:\/\/vitalityzen.fr\/wp-content\/uploads\/2025\/03\/Reflex.visage-768x432.jpg 768w, https:\/\/vitalityzen.fr\/wp-content\/uploads\/2025\/03\/Reflex.visage.jpg 1280w\" sizes=\"(max-width: 800px) 100vw, 800px\" \/>\t\t\t\t\t\t\t\t\t\t\t\t\t\t\t<\/div>\n\t\t\t\t<\/div>\n\t\t\t\t<\/div>\n\t\t\t\t<\/div>\n\t\t<div class=\"elementor-element elementor-element-fcc4c34 e-con-full e-flex e-con e-parent\" data-id=\"fcc4c34\" data-element_type=\"container\" data-e-type=\"container\">\n\t\t<div class=\"elementor-element elementor-element-2528dcb e-con-full e-flex e-con e-child\" data-id=\"2528dcb\" data-element_type=\"container\" data-e-type=\"container\">\n\t\t\t\t<div class=\"elementor-element elementor-element-7c6e7de elementor-widget elementor-widget-image\" data-id=\"7c6e7de\" data-element_type=\"widget\" data-e-type=\"widget\" data-widget_type=\"image.default\">\n\t\t\t\t<div class=\"elementor-widget-container\">\n\t\t\t\t\t\t\t\t\t\t\t\t\t\t\t<img decoding=\"async\" width=\"1280\" height=\"720\" src=\"https:\/\/vitalityzen.fr\/wp-content\/uploads\/2025\/03\/reflex.mains_.jpg\" class=\"attachment-full size-full wp-image-1029\" alt=\"\" srcset=\"https:\/\/vitalityzen.fr\/wp-content\/uploads\/2025\/03\/reflex.mains_.jpg 1280w, https:\/\/vitalityzen.fr\/wp-content\/uploads\/2025\/03\/reflex.mains_-300x169.jpg 300w, https:\/\/vitalityzen.fr\/wp-content\/uploads\/2025\/03\/reflex.mains_-1024x576.jpg 1024w, https:\/\/vitalityzen.fr\/wp-content\/uploads\/2025\/03\/reflex.mains_-768x432.jpg 768w\" sizes=\"(max-width: 1280px) 100vw, 1280px\" \/>\t\t\t\t\t\t\t\t\t\t\t\t\t\t\t<\/div>\n\t\t\t\t<\/div>\n\t\t\t\t<\/div>\n\t\t<div class=\"elementor-element elementor-element-31461dd e-con-full e-flex e-con e-child\" data-id=\"31461dd\" data-element_type=\"container\" data-e-type=\"container\">\n\t\t\t\t<div class=\"elementor-element elementor-element-f3c85c1 elementor-widget elementor-widget-text-editor\" data-id=\"f3c85c1\" data-element_type=\"widget\" data-e-type=\"widget\" data-widget_type=\"text-editor.default\">\n\t\t\t\t<div class=\"elementor-widget-container\">\n\t\t\t\t\t\t\t\t\t<ul><li>La r\u00e9flexologie est une pratique th\u00e9rapeutique bas\u00e9e sur la stimulation de ces points r\u00e9flexes afin de lib\u00e9rer les blocages, d&rsquo;am\u00e9liorer le flux d&rsquo;\u00e9nergie et de promouvoir la sant\u00e9 et le bien-\u00eatre g\u00e9n\u00e9ral dans une perspective holistique et int\u00e9grale.<\/li><li>Ces points sont stimul\u00e9s par la pression des doigts (acupression) ou par l&rsquo;utilisation de techniques et de man\u0153uvres sp\u00e9cifiques.<\/li><\/ul>\t\t\t\t\t\t\t\t<\/div>\n\t\t\t\t<\/div>\n\t\t\t\t<\/div>\n\t\t\t\t<\/div>\n\t\t<div class=\"elementor-element elementor-element-babe0a8 e-con-full e-flex e-con e-parent\" data-id=\"babe0a8\" data-element_type=\"container\" data-e-type=\"container\">\n\t\t<div class=\"elementor-element elementor-element-a46e7dd e-con-full e-flex e-con e-child\" data-id=\"a46e7dd\" data-element_type=\"container\" data-e-type=\"container\">\n\t\t\t\t<div class=\"elementor-element elementor-element-90a71ca elementor-widget elementor-widget-text-editor\" data-id=\"90a71ca\" data-element_type=\"widget\" data-e-type=\"widget\" data-widget_type=\"text-editor.default\">\n\t\t\t\t<div class=\"elementor-widget-container\">\n\t\t\t\t\t\t\t\t\t<ul><li>En stimulant les points r\u00e9flexes, situ\u00e9s sur les terminaisons nerveuses, des signaux sont envoy\u00e9s \u00e0 travers les nerfs du syst\u00e8me nerveux p\u00e9riph\u00e9rique vers la moelle \u00e9pini\u00e8re et enfin vers le cerveau.<\/li><li>Lorsque les signaux atteignent le cerveau, celui-ci les traite et les interpr\u00e8te, d\u00e9clenchant des r\u00e9ponses dans d&rsquo;autres parties du corps en lib\u00e9rant des neurotransmetteurs, en modulant l&rsquo;activit\u00e9 hormonale ou en r\u00e9gulant la circulation sanguine.<\/li><\/ul>\t\t\t\t\t\t\t\t<\/div>\n\t\t\t\t<\/div>\n\t\t\t\t<\/div>\n\t\t<div class=\"elementor-element elementor-element-5f111a8 e-con-full e-flex e-con e-child\" data-id=\"5f111a8\" data-element_type=\"container\" data-e-type=\"container\">\n\t\t\t\t<div class=\"elementor-element elementor-element-ba7687d elementor-widget elementor-widget-image\" data-id=\"ba7687d\" data-element_type=\"widget\" data-e-type=\"widget\" data-widget_type=\"image.default\">\n\t\t\t\t<div class=\"elementor-widget-container\">\n\t\t\t\t\t\t\t\t\t\t\t\t\t\t\t<img decoding=\"async\" width=\"474\" height=\"603\" src=\"https:\/\/vitalityzen.fr\/wp-content\/uploads\/2025\/01\/pie_reflexologia.jpg\" class=\"attachment-large size-large wp-image-186\" alt=\"\" srcset=\"https:\/\/vitalityzen.fr\/wp-content\/uploads\/2025\/01\/pie_reflexologia.jpg 474w, https:\/\/vitalityzen.fr\/wp-content\/uploads\/2025\/01\/pie_reflexologia-236x300.jpg 236w\" sizes=\"(max-width: 474px) 100vw, 474px\" \/>\t\t\t\t\t\t\t\t\t\t\t\t\t\t\t<\/div>\n\t\t\t\t<\/div>\n\t\t\t\t<\/div>\n\t\t\t\t<\/div>\n\t\t<div class=\"elementor-element elementor-element-04bc0fc e-con-full e-flex e-con e-parent\" data-id=\"04bc0fc\" data-element_type=\"container\" data-e-type=\"container\">\n\t\t\t\t<div class=\"elementor-element elementor-element-4f14fed elementor-widget elementor-widget-text-editor\" data-id=\"4f14fed\" data-element_type=\"widget\" data-e-type=\"widget\" data-widget_type=\"text-editor.default\">\n\t\t\t\t<div class=\"elementor-widget-container\">\n\t\t\t\t\t\t\t\t\t<p><\/p>\n<p>La r\u00e9flexologie des mains est une th\u00e9rapie manuelle bas\u00e9e, comme la r\u00e9flexologie plantaire, sur la stimulation de points r\u00e9flexes.<\/p>\n<p>Son objectif est d&rsquo;atteindre un \u00e9tat de relaxation, de soulager les maux physiques et de d\u00e9bloquer les malaises \u00e9motionnels. La r\u00e9flexologie plantaire pour <strong>les b\u00e9b\u00e9s<\/strong> aide en cas de coliques, diarrh\u00e9e, constipation, agitation, nervosit\u00e9, insomnie, etc.<\/p><p><br><\/p>\t\t\t\t\t\t\t\t<\/div>\n\t\t\t\t<\/div>\n\t\t\t\t<\/div>\n\t\t<div class=\"elementor-element elementor-element-96cc601 e-grid e-con-boxed e-con e-parent\" data-id=\"96cc601\" data-element_type=\"container\" data-e-type=\"container\">\n\t\t\t\t\t<div class=\"e-con-inner\">\n\t\t\t\t<div class=\"elementor-element elementor-element-5e47c97 elementor-widget elementor-widget-image\" data-id=\"5e47c97\" data-element_type=\"widget\" data-e-type=\"widget\" data-widget_type=\"image.default\">\n\t\t\t\t<div class=\"elementor-widget-container\">\n\t\t\t\t\t\t\t\t\t\t\t\t\t\t\t<img loading=\"lazy\" decoding=\"async\" width=\"800\" height=\"450\" src=\"https:\/\/vitalityzen.fr\/wp-content\/uploads\/2025\/03\/reflex.-pied-bebe-1-1024x576.jpg\" class=\"attachment-large size-large wp-image-1036\" alt=\"\" srcset=\"https:\/\/vitalityzen.fr\/wp-content\/uploads\/2025\/03\/reflex.-pied-bebe-1-1024x576.jpg 1024w, https:\/\/vitalityzen.fr\/wp-content\/uploads\/2025\/03\/reflex.-pied-bebe-1-300x169.jpg 300w, https:\/\/vitalityzen.fr\/wp-content\/uploads\/2025\/03\/reflex.-pied-bebe-1-768x432.jpg 768w, https:\/\/vitalityzen.fr\/wp-content\/uploads\/2025\/03\/reflex.-pied-bebe-1.jpg 1280w\" sizes=\"(max-width: 800px) 100vw, 800px\" \/>\t\t\t\t\t\t\t\t\t\t\t\t\t\t\t<\/div>\n\t\t\t\t<\/div>\n\t\t\t\t<div class=\"elementor-element elementor-element-d940666 elementor-widget elementor-widget-image\" data-id=\"d940666\" data-element_type=\"widget\" data-e-type=\"widget\" data-widget_type=\"image.default\">\n\t\t\t\t<div class=\"elementor-widget-container\">\n\t\t\t\t\t\t\t\t\t\t\t\t\t\t\t<img decoding=\"async\" src=\"https:\/\/vitalityzen.fr\/wp-content\/uploads\/elementor\/thumbs\/foto-reflex_manos-r0bvxj6855k0abp617j25er8ueg6qwn2q73afe1320.jpg\" title=\"foto reflex_manos\" alt=\"foto reflex_manos\" loading=\"lazy\" \/>\t\t\t\t\t\t\t\t\t\t\t\t\t\t\t<\/div>\n\t\t\t\t<\/div>\n\t\t\t\t<div class=\"elementor-element elementor-element-6bfb07c elementor-widget elementor-widget-image\" data-id=\"6bfb07c\" data-element_type=\"widget\" data-e-type=\"widget\" data-widget_type=\"image.default\">\n\t\t\t\t<div class=\"elementor-widget-container\">\n\t\t\t\t\t\t\t\t\t\t\t\t\t\t\t<img decoding=\"async\" src=\"https:\/\/vitalityzen.fr\/wp-content\/uploads\/elementor\/thumbs\/imagen-pie-r0bvokrl0zano2phbu60w64538laeq355vbqthb4c8.jpg\" title=\"imagen pie\" alt=\"imagen pie\" loading=\"lazy\" \/>\t\t\t\t\t\t\t\t\t\t\t\t\t\t\t<\/div>\n\t\t\t\t<\/div>\n\t\t\t\t\t<\/div>\n\t\t\t\t<\/div>\n\t\t<div class=\"elementor-element elementor-element-228b32b e-flex e-con-boxed e-con e-parent\" data-id=\"228b32b\" data-element_type=\"container\" data-e-type=\"container\">\n\t\t\t\t\t<div class=\"e-con-inner\">\n\t\t\t\t<div class=\"elementor-element elementor-element-f9b4505 elementor-widget-divider--view-line elementor-widget elementor-widget-divider\" data-id=\"f9b4505\" data-element_type=\"widget\" data-e-type=\"widget\" data-widget_type=\"divider.default\">\n\t\t\t\t<div class=\"elementor-widget-container\">\n\t\t\t\t\t\t\t<div class=\"elementor-divider\">\n\t\t\t<span class=\"elementor-divider-separator\">\n\t\t\t\t\t\t<\/span>\n\t\t<\/div>\n\t\t\t\t\t\t<\/div>\n\t\t\t\t<\/div>\n\t\t\t\t\t<\/div>\n\t\t\t\t<\/div>\n\t\t<div class=\"elementor-element elementor-element-99d41e8 e-flex e-con-boxed e-con e-parent\" data-id=\"99d41e8\" data-element_type=\"container\" data-e-type=\"container\">\n\t\t\t\t\t<div class=\"e-con-inner\">\n\t\t\t\t<div class=\"elementor-element elementor-element-6a21fa1 elementor-align-center elementor-widget elementor-widget-button\" data-id=\"6a21fa1\" data-element_type=\"widget\" data-e-type=\"widget\" data-widget_type=\"button.default\">\n\t\t\t\t<div class=\"elementor-widget-container\">\n\t\t\t\t\t\t\t\t\t<div class=\"elementor-button-wrapper\">\n\t\t\t\t\t<a class=\"elementor-button elementor-button-link elementor-size-sm\" href=\"https:\/\/vitalityzen.fr\/index.php\/pedir-cita\/\" target=\"_blank\">\n\t\t\t\t\t\t<span class=\"elementor-button-content-wrapper\">\n\t\t\t\t\t\t\t\t\t<span class=\"elementor-button-text\">Rendez-Vous<\/span>\n\t\t\t\t\t<\/span>\n\t\t\t\t\t<\/a>\n\t\t\t\t<\/div>\n\t\t\t\t\t\t\t\t<\/div>\n\t\t\t\t<\/div>\n\t\t\t\t\t<\/div>\n\t\t\t\t<\/div>\n\t\t<div class=\"elementor-element elementor-element-bc923be e-con-full e-flex e-con e-parent\" data-id=\"bc923be\" data-element_type=\"container\" data-e-type=\"container\">\n\t\t\t\t<div class=\"elementor-element elementor-element-44dca9e elementor-widget-divider--view-line elementor-widget elementor-widget-divider\" data-id=\"44dca9e\" data-element_type=\"widget\" data-e-type=\"widget\" data-widget_type=\"divider.default\">\n\t\t\t\t<div class=\"elementor-widget-container\">\n\t\t\t\t\t\t\t<div class=\"elementor-divider\">\n\t\t\t<span class=\"elementor-divider-separator\">\n\t\t\t\t\t\t<\/span>\n\t\t<\/div>\n\t\t\t\t\t\t<\/div>\n\t\t\t\t<\/div>\n\t\t\t\t<\/div>\n\t\t\t\t<\/div>\n\t\t","protected":false},"excerpt":{"rendered":"<p>R\u00e9fl\u00e9xologie totale: visage, mains et pieds \u00c9quilibrer les points r\u00e9flexes des pieds, des mains et du visage. Les points r\u00e9flexes, \u00e9galement appel\u00e9s points de r\u00e9flexologie, sont des zones sp\u00e9cifiques de la peau des pieds, des mains, des oreilles, du visage et de la t\u00eate qui sont reli\u00e9es \u00e0 d&rsquo;autres parties, organes ou syst\u00e8mes du corps. [&hellip;]<\/p>\n","protected":false},"author":1,"featured_media":0,"parent":0,"menu_order":0,"comment_status":"closed","ping_status":"closed","template":"","meta":{"footnotes":""},"class_list":["post-655","page","type-page","status-publish","hentry"],"yoast_head":"<!-- This site is optimized with the Yoast SEO plugin v24.4 - https:\/\/yoast.com\/wordpress\/plugins\/seo\/ -->\n<title>R\u00e9flexologie - Vitality Zen<\/title>\n<meta name=\"robots\" content=\"index, follow, max-snippet:-1, max-image-preview:large, max-video-preview:-1\" \/>\n<link rel=\"canonical\" href=\"https:\/\/vitalityzen.fr\/index.php\/fr\/reflexologie\/\" \/>\n<meta property=\"og:locale\" content=\"fr_FR\" \/>\n<meta property=\"og:type\" content=\"article\" \/>\n<meta property=\"og:title\" content=\"R\u00e9flexologie - Vitality Zen\" \/>\n<meta property=\"og:description\" content=\"R\u00e9fl\u00e9xologie totale: visage, mains et pieds \u00c9quilibrer les points r\u00e9flexes des pieds, des mains et du visage. Les points r\u00e9flexes, \u00e9galement appel\u00e9s points de r\u00e9flexologie, sont des zones sp\u00e9cifiques de la peau des pieds, des mains, des oreilles, du visage et de la t\u00eate qui sont reli\u00e9es \u00e0 d&rsquo;autres parties, organes ou syst\u00e8mes du corps. [&hellip;]\" \/>\n<meta property=\"og:url\" content=\"https:\/\/vitalityzen.fr\/index.php\/fr\/reflexologie\/\" \/>\n<meta property=\"og:site_name\" content=\"Vitality Zen\" \/>\n<meta property=\"article:modified_time\" content=\"2025-07-08T11:55:29+00:00\" \/>\n<meta property=\"og:image\" content=\"https:\/\/vitalityzen.fr\/wp-content\/uploads\/2025\/03\/Reflex.visage.jpg\" \/>\n\t<meta property=\"og:image:width\" content=\"1280\" \/>\n\t<meta property=\"og:image:height\" content=\"720\" \/>\n\t<meta property=\"og:image:type\" content=\"image\/jpeg\" \/>\n<meta name=\"twitter:card\" content=\"summary_large_image\" \/>\n<meta name=\"twitter:label1\" content=\"Dur\u00e9e de lecture estim\u00e9e\" \/>\n\t<meta name=\"twitter:data1\" content=\"3 minutes\" \/>\n<script type=\"application\/ld+json\" class=\"yoast-schema-graph\">{\"@context\":\"https:\/\/schema.org\",\"@graph\":[{\"@type\":\"WebPage\",\"@id\":\"https:\/\/vitalityzen.fr\/index.php\/fr\/reflexologie\/\",\"url\":\"https:\/\/vitalityzen.fr\/index.php\/fr\/reflexologie\/\",\"name\":\"R\u00e9flexologie - Vitality Zen\",\"isPartOf\":{\"@id\":\"https:\/\/vitalityzen.fr\/#website\"},\"primaryImageOfPage\":{\"@id\":\"https:\/\/vitalityzen.fr\/index.php\/fr\/reflexologie\/#primaryimage\"},\"image\":{\"@id\":\"https:\/\/vitalityzen.fr\/index.php\/fr\/reflexologie\/#primaryimage\"},\"thumbnailUrl\":\"https:\/\/vitalityzen.fr\/wp-content\/uploads\/2025\/03\/Reflex.visage-1024x576.jpg\",\"datePublished\":\"2025-02-14T20:52:55+00:00\",\"dateModified\":\"2025-07-08T11:55:29+00:00\",\"breadcrumb\":{\"@id\":\"https:\/\/vitalityzen.fr\/index.php\/fr\/reflexologie\/#breadcrumb\"},\"inLanguage\":\"fr-FR\",\"potentialAction\":[{\"@type\":\"ReadAction\",\"target\":[\"https:\/\/vitalityzen.fr\/index.php\/fr\/reflexologie\/\"]}]},{\"@type\":\"ImageObject\",\"inLanguage\":\"fr-FR\",\"@id\":\"https:\/\/vitalityzen.fr\/index.php\/fr\/reflexologie\/#primaryimage\",\"url\":\"https:\/\/vitalityzen.fr\/wp-content\/uploads\/2025\/03\/Reflex.visage.jpg\",\"contentUrl\":\"https:\/\/vitalityzen.fr\/wp-content\/uploads\/2025\/03\/Reflex.visage.jpg\",\"width\":1280,\"height\":720},{\"@type\":\"BreadcrumbList\",\"@id\":\"https:\/\/vitalityzen.fr\/index.php\/fr\/reflexologie\/#breadcrumb\",\"itemListElement\":[{\"@type\":\"ListItem\",\"position\":1,\"name\":\"Accueil\",\"item\":\"https:\/\/vitalityzen.fr\/\"},{\"@type\":\"ListItem\",\"position\":2,\"name\":\"R\u00e9flexologie\"}]},{\"@type\":\"WebSite\",\"@id\":\"https:\/\/vitalityzen.fr\/#website\",\"url\":\"https:\/\/vitalityzen.fr\/\",\"name\":\"Vitality Zen\",\"description\":\"1, Rue Marietton 69009 Lyon - France\",\"publisher\":{\"@id\":\"https:\/\/vitalityzen.fr\/#organization\"},\"potentialAction\":[{\"@type\":\"SearchAction\",\"target\":{\"@type\":\"EntryPoint\",\"urlTemplate\":\"https:\/\/vitalityzen.fr\/?s={search_term_string}\"},\"query-input\":{\"@type\":\"PropertyValueSpecification\",\"valueRequired\":true,\"valueName\":\"search_term_string\"}}],\"inLanguage\":\"fr-FR\"},{\"@type\":\"Organization\",\"@id\":\"https:\/\/vitalityzen.fr\/#organization\",\"name\":\"Vitality Zen\",\"url\":\"https:\/\/vitalityzen.fr\/\",\"logo\":{\"@type\":\"ImageObject\",\"inLanguage\":\"fr-FR\",\"@id\":\"https:\/\/vitalityzen.fr\/#\/schema\/logo\/image\/\",\"url\":\"https:\/\/vitalityzen.fr\/wp-content\/uploads\/2025\/01\/cropped-Plan-de-travail-3-scaled-1.webp\",\"contentUrl\":\"https:\/\/vitalityzen.fr\/wp-content\/uploads\/2025\/01\/cropped-Plan-de-travail-3-scaled-1.webp\",\"width\":2270,\"height\":2533,\"caption\":\"Vitality Zen\"},\"image\":{\"@id\":\"https:\/\/vitalityzen.fr\/#\/schema\/logo\/image\/\"}}]}<\/script>\n<!-- \/ Yoast SEO plugin. -->","yoast_head_json":{"title":"R\u00e9flexologie - Vitality Zen","robots":{"index":"index","follow":"follow","max-snippet":"max-snippet:-1","max-image-preview":"max-image-preview:large","max-video-preview":"max-video-preview:-1"},"canonical":"https:\/\/vitalityzen.fr\/index.php\/fr\/reflexologie\/","og_locale":"fr_FR","og_type":"article","og_title":"R\u00e9flexologie - Vitality Zen","og_description":"R\u00e9fl\u00e9xologie totale: visage, mains et pieds \u00c9quilibrer les points r\u00e9flexes des pieds, des mains et du visage. Les points r\u00e9flexes, \u00e9galement appel\u00e9s points de r\u00e9flexologie, sont des zones sp\u00e9cifiques de la peau des pieds, des mains, des oreilles, du visage et de la t\u00eate qui sont reli\u00e9es \u00e0 d&rsquo;autres parties, organes ou syst\u00e8mes du corps. [&hellip;]","og_url":"https:\/\/vitalityzen.fr\/index.php\/fr\/reflexologie\/","og_site_name":"Vitality Zen","article_modified_time":"2025-07-08T11:55:29+00:00","og_image":[{"width":1280,"height":720,"url":"https:\/\/vitalityzen.fr\/wp-content\/uploads\/2025\/03\/Reflex.visage.jpg","type":"image\/jpeg"}],"twitter_card":"summary_large_image","twitter_misc":{"Dur\u00e9e de lecture estim\u00e9e":"3 minutes"},"schema":{"@context":"https:\/\/schema.org","@graph":[{"@type":"WebPage","@id":"https:\/\/vitalityzen.fr\/index.php\/fr\/reflexologie\/","url":"https:\/\/vitalityzen.fr\/index.php\/fr\/reflexologie\/","name":"R\u00e9flexologie - Vitality Zen","isPartOf":{"@id":"https:\/\/vitalityzen.fr\/#website"},"primaryImageOfPage":{"@id":"https:\/\/vitalityzen.fr\/index.php\/fr\/reflexologie\/#primaryimage"},"image":{"@id":"https:\/\/vitalityzen.fr\/index.php\/fr\/reflexologie\/#primaryimage"},"thumbnailUrl":"https:\/\/vitalityzen.fr\/wp-content\/uploads\/2025\/03\/Reflex.visage-1024x576.jpg","datePublished":"2025-02-14T20:52:55+00:00","dateModified":"2025-07-08T11:55:29+00:00","breadcrumb":{"@id":"https:\/\/vitalityzen.fr\/index.php\/fr\/reflexologie\/#breadcrumb"},"inLanguage":"fr-FR","potentialAction":[{"@type":"ReadAction","target":["https:\/\/vitalityzen.fr\/index.php\/fr\/reflexologie\/"]}]},{"@type":"ImageObject","inLanguage":"fr-FR","@id":"https:\/\/vitalityzen.fr\/index.php\/fr\/reflexologie\/#primaryimage","url":"https:\/\/vitalityzen.fr\/wp-content\/uploads\/2025\/03\/Reflex.visage.jpg","contentUrl":"https:\/\/vitalityzen.fr\/wp-content\/uploads\/2025\/03\/Reflex.visage.jpg","width":1280,"height":720},{"@type":"BreadcrumbList","@id":"https:\/\/vitalityzen.fr\/index.php\/fr\/reflexologie\/#breadcrumb","itemListElement":[{"@type":"ListItem","position":1,"name":"Accueil","item":"https:\/\/vitalityzen.fr\/"},{"@type":"ListItem","position":2,"name":"R\u00e9flexologie"}]},{"@type":"WebSite","@id":"https:\/\/vitalityzen.fr\/#website","url":"https:\/\/vitalityzen.fr\/","name":"Vitality Zen","description":"1, Rue Marietton 69009 Lyon - France","publisher":{"@id":"https:\/\/vitalityzen.fr\/#organization"},"potentialAction":[{"@type":"SearchAction","target":{"@type":"EntryPoint","urlTemplate":"https:\/\/vitalityzen.fr\/?s={search_term_string}"},"query-input":{"@type":"PropertyValueSpecification","valueRequired":true,"valueName":"search_term_string"}}],"inLanguage":"fr-FR"},{"@type":"Organization","@id":"https:\/\/vitalityzen.fr\/#organization","name":"Vitality Zen","url":"https:\/\/vitalityzen.fr\/","logo":{"@type":"ImageObject","inLanguage":"fr-FR","@id":"https:\/\/vitalityzen.fr\/#\/schema\/logo\/image\/","url":"https:\/\/vitalityzen.fr\/wp-content\/uploads\/2025\/01\/cropped-Plan-de-travail-3-scaled-1.webp","contentUrl":"https:\/\/vitalityzen.fr\/wp-content\/uploads\/2025\/01\/cropped-Plan-de-travail-3-scaled-1.webp","width":2270,"height":2533,"caption":"Vitality Zen"},"image":{"@id":"https:\/\/vitalityzen.fr\/#\/schema\/logo\/image\/"}}]}},"_links":{"self":[{"href":"https:\/\/vitalityzen.fr\/index.php\/wp-json\/wp\/v2\/pages\/655","targetHints":{"allow":["GET"]}}],"collection":[{"href":"https:\/\/vitalityzen.fr\/index.php\/wp-json\/wp\/v2\/pages"}],"about":[{"href":"https:\/\/vitalityzen.fr\/index.php\/wp-json\/wp\/v2\/types\/page"}],"author":[{"embeddable":true,"href":"https:\/\/vitalityzen.fr\/index.php\/wp-json\/wp\/v2\/users\/1"}],"replies":[{"embeddable":true,"href":"https:\/\/vitalityzen.fr\/index.php\/wp-json\/wp\/v2\/comments?post=655"}],"version-history":[{"count":26,"href":"https:\/\/vitalityzen.fr\/index.php\/wp-json\/wp\/v2\/pages\/655\/revisions"}],"predecessor-version":[{"id":1765,"href":"https:\/\/vitalityzen.fr\/index.php\/wp-json\/wp\/v2\/pages\/655\/revisions\/1765"}],"wp:attachment":[{"href":"https:\/\/vitalityzen.fr\/index.php\/wp-json\/wp\/v2\/media?parent=655"}],"curies":[{"name":"wp","href":"https:\/\/api.w.org\/{rel}","templated":true}]}}