{"id":659,"date":"2025-02-14T21:53:39","date_gmt":"2025-02-14T20:53:39","guid":{"rendered":"https:\/\/vitalityzen.fr\/?page_id=659"},"modified":"2025-07-08T14:06:43","modified_gmt":"2025-07-08T12:06:43","slug":"reiki-3","status":"publish","type":"page","link":"https:\/\/vitalityzen.fr\/index.php\/fr\/reiki-3\/","title":{"rendered":"Reiki"},"content":{"rendered":"\t\t<div data-elementor-type=\"wp-page\" data-elementor-id=\"659\" class=\"elementor elementor-659\">\n\t\t\t\t<div class=\"elementor-element elementor-element-78a9c84 e-flex e-con-boxed e-con e-parent\" data-id=\"78a9c84\" data-element_type=\"container\" data-e-type=\"container\">\n\t\t\t\t\t<div class=\"e-con-inner\">\n\t\t\t\t<div class=\"elementor-element elementor-element-a063234 elementor-widget elementor-widget-heading\" data-id=\"a063234\" data-element_type=\"widget\" data-e-type=\"widget\" data-widget_type=\"heading.default\">\n\t\t\t\t<div class=\"elementor-widget-container\">\n\t\t\t\t\t<h5 class=\"elementor-heading-title elementor-size-default\">Qu'est-ce que le REIKI ?\n<\/h5>\t\t\t\t<\/div>\n\t\t\t\t<\/div>\n\t\t\t\t\t<\/div>\n\t\t\t\t<\/div>\n\t\t<div class=\"elementor-element elementor-element-c3fdd75 e-flex e-con-boxed e-con e-parent\" data-id=\"c3fdd75\" data-element_type=\"container\" data-e-type=\"container\">\n\t\t\t\t\t<div class=\"e-con-inner\">\n\t\t<div class=\"elementor-element elementor-element-54667a6 e-con-full e-flex e-con e-child\" data-id=\"54667a6\" data-element_type=\"container\" data-e-type=\"container\">\n\t\t\t\t<div class=\"elementor-element elementor-element-552b4c2 elementor-widget elementor-widget-text-editor\" data-id=\"552b4c2\" data-element_type=\"widget\" data-e-type=\"widget\" data-widget_type=\"text-editor.default\">\n\t\t\t\t<div class=\"elementor-widget-container\">\n\t\t\t\t\t\t\t\t\t<p>Le Reiki trouve ses racines dans l&rsquo;ancienne tradition japonaise et a \u00e9t\u00e9 d\u00e9velopp\u00e9 par le moine Mikao Usui au d\u00e9but du 20e si\u00e8cle.<\/p><p>Le mot \u00ab Reiki \u00bb vient de deux mots japonais :<\/p><p>\u00ab Rei \u00bb, qui signifie \u00ab esprit universel \u00bb, et \u00ab Ki \u00bb, qui signifie \u00ab \u00e9nergie vitale \u00bb.<\/p><p>Cette technique repose sur la croyance que tous les \u00eatres vivants sont compos\u00e9s d&rsquo;une \u00e9nergie qui les traverse, et que l&rsquo;\u00e9quilibre de cette \u00e9nergie est essentiel au maintien d&rsquo;une bonne sant\u00e9.<\/p><p>Le Reiki favorise le bien-\u00eatre et permet au corps de s&rsquo;auto-gu\u00e9rir. La combinaison du Reiki avec la m\u00e9decine traditionnelle peut \u00eatre tr\u00e8s efficace.<\/p>\t\t\t\t\t\t\t\t<\/div>\n\t\t\t\t<\/div>\n\t\t\t\t<\/div>\n\t\t<div class=\"elementor-element elementor-element-92fd9e0 e-con-full e-transform e-flex e-con e-child\" data-id=\"92fd9e0\" data-element_type=\"container\" data-e-type=\"container\" data-settings=\"{&quot;_transform_scale_effect&quot;:{&quot;unit&quot;:&quot;px&quot;,&quot;size&quot;:&quot;&quot;,&quot;sizes&quot;:[]},&quot;_transform_scale_effect_tablet&quot;:{&quot;unit&quot;:&quot;px&quot;,&quot;size&quot;:&quot;&quot;,&quot;sizes&quot;:[]},&quot;_transform_scale_effect_mobile&quot;:{&quot;unit&quot;:&quot;px&quot;,&quot;size&quot;:&quot;&quot;,&quot;sizes&quot;:[]}}\">\n\t\t\t\t<div class=\"elementor-element elementor-element-02618e3 elementor-widget elementor-widget-image\" data-id=\"02618e3\" data-element_type=\"widget\" data-e-type=\"widget\" data-widget_type=\"image.default\">\n\t\t\t\t<div class=\"elementor-widget-container\">\n\t\t\t\t\t\t\t\t\t\t\t\t\t\t\t<img fetchpriority=\"high\" decoding=\"async\" width=\"800\" height=\"534\" src=\"https:\/\/vitalityzen.fr\/wp-content\/uploads\/2025\/02\/2149403921-_1_.webp\" class=\"attachment-large size-large wp-image-326\" alt=\"\" srcset=\"https:\/\/vitalityzen.fr\/wp-content\/uploads\/2025\/02\/2149403921-_1_.webp 1000w, https:\/\/vitalityzen.fr\/wp-content\/uploads\/2025\/02\/2149403921-_1_-300x200.webp 300w, https:\/\/vitalityzen.fr\/wp-content\/uploads\/2025\/02\/2149403921-_1_-768x512.webp 768w\" sizes=\"(max-width: 800px) 100vw, 800px\" \/>\t\t\t\t\t\t\t\t\t\t\t\t\t\t\t<\/div>\n\t\t\t\t<\/div>\n\t\t\t\t<\/div>\n\t\t\t\t\t<\/div>\n\t\t\t\t<\/div>\n\t\t<div class=\"elementor-element elementor-element-04a90c0 e-flex e-con-boxed e-con e-parent\" data-id=\"04a90c0\" data-element_type=\"container\" data-e-type=\"container\">\n\t\t\t\t\t<div class=\"e-con-inner\">\n\t\t<div class=\"elementor-element elementor-element-83b9725 e-con-full e-flex e-con e-child\" data-id=\"83b9725\" data-element_type=\"container\" data-e-type=\"container\">\n\t\t\t\t<div class=\"elementor-element elementor-element-ca577a4 elementor-widget elementor-widget-image\" data-id=\"ca577a4\" data-element_type=\"widget\" data-e-type=\"widget\" data-widget_type=\"image.default\">\n\t\t\t\t<div class=\"elementor-widget-container\">\n\t\t\t\t\t\t\t\t\t\t\t\t\t\t\t<img decoding=\"async\" width=\"300\" height=\"169\" src=\"https:\/\/vitalityzen.fr\/wp-content\/uploads\/2025\/03\/photo-reiki-femme-300x169.jpg\" class=\"attachment-medium size-medium wp-image-942\" alt=\"\" srcset=\"https:\/\/vitalityzen.fr\/wp-content\/uploads\/2025\/03\/photo-reiki-femme-300x169.jpg 300w, https:\/\/vitalityzen.fr\/wp-content\/uploads\/2025\/03\/photo-reiki-femme-1024x576.jpg 1024w, https:\/\/vitalityzen.fr\/wp-content\/uploads\/2025\/03\/photo-reiki-femme-768x432.jpg 768w, https:\/\/vitalityzen.fr\/wp-content\/uploads\/2025\/03\/photo-reiki-femme.jpg 1280w\" sizes=\"(max-width: 300px) 100vw, 300px\" \/>\t\t\t\t\t\t\t\t\t\t\t\t\t\t\t<\/div>\n\t\t\t\t<\/div>\n\t\t\t\t<\/div>\n\t\t<div class=\"elementor-element elementor-element-0229f50 e-con-full e-flex e-con e-child\" data-id=\"0229f50\" data-element_type=\"container\" data-e-type=\"container\">\n\t\t\t\t<div class=\"elementor-element elementor-element-7d999d6 elementor-widget elementor-widget-image\" data-id=\"7d999d6\" data-element_type=\"widget\" data-e-type=\"widget\" data-widget_type=\"image.default\">\n\t\t\t\t<div class=\"elementor-widget-container\">\n\t\t\t\t\t\t\t\t\t\t\t\t\t\t\t<img decoding=\"async\" width=\"300\" height=\"169\" src=\"https:\/\/vitalityzen.fr\/wp-content\/uploads\/2025\/03\/Reiki-embarazada-300x169.jpg\" class=\"attachment-medium size-medium wp-image-1070\" alt=\"\" srcset=\"https:\/\/vitalityzen.fr\/wp-content\/uploads\/2025\/03\/Reiki-embarazada-300x169.jpg 300w, https:\/\/vitalityzen.fr\/wp-content\/uploads\/2025\/03\/Reiki-embarazada-1024x576.jpg 1024w, https:\/\/vitalityzen.fr\/wp-content\/uploads\/2025\/03\/Reiki-embarazada-768x432.jpg 768w, https:\/\/vitalityzen.fr\/wp-content\/uploads\/2025\/03\/Reiki-embarazada.jpg 1280w\" sizes=\"(max-width: 300px) 100vw, 300px\" \/>\t\t\t\t\t\t\t\t\t\t\t\t\t\t\t<\/div>\n\t\t\t\t<\/div>\n\t\t\t\t<\/div>\n\t\t<div class=\"elementor-element elementor-element-b360806 e-con-full e-flex e-con e-child\" data-id=\"b360806\" data-element_type=\"container\" data-e-type=\"container\">\n\t\t\t\t<div class=\"elementor-element elementor-element-c70e4e6 elementor-widget__width-initial elementor-widget elementor-widget-image\" data-id=\"c70e4e6\" data-element_type=\"widget\" data-e-type=\"widget\" data-widget_type=\"image.default\">\n\t\t\t\t<div class=\"elementor-widget-container\">\n\t\t\t\t\t\t\t\t\t\t\t\t\t\t\t<img loading=\"lazy\" decoding=\"async\" width=\"300\" height=\"169\" src=\"https:\/\/vitalityzen.fr\/wp-content\/uploads\/2025\/03\/reiki-bb-300x169.jpg\" class=\"attachment-medium size-medium wp-image-1067\" alt=\"\" srcset=\"https:\/\/vitalityzen.fr\/wp-content\/uploads\/2025\/03\/reiki-bb-300x169.jpg 300w, https:\/\/vitalityzen.fr\/wp-content\/uploads\/2025\/03\/reiki-bb-1024x576.jpg 1024w, https:\/\/vitalityzen.fr\/wp-content\/uploads\/2025\/03\/reiki-bb-768x432.jpg 768w, https:\/\/vitalityzen.fr\/wp-content\/uploads\/2025\/03\/reiki-bb.jpg 1280w\" sizes=\"(max-width: 300px) 100vw, 300px\" \/>\t\t\t\t\t\t\t\t\t\t\t\t\t\t\t<\/div>\n\t\t\t\t<\/div>\n\t\t\t\t<\/div>\n\t\t<div class=\"elementor-element elementor-element-38b48b1 e-con-full e-flex e-con e-child\" data-id=\"38b48b1\" data-element_type=\"container\" data-e-type=\"container\">\n\t\t\t\t<div class=\"elementor-element elementor-element-a8027b6 elementor-widget elementor-widget-image\" data-id=\"a8027b6\" data-element_type=\"widget\" data-e-type=\"widget\" data-widget_type=\"image.default\">\n\t\t\t\t<div class=\"elementor-widget-container\">\n\t\t\t\t\t\t\t\t\t\t\t\t\t\t\t<img loading=\"lazy\" decoding=\"async\" width=\"300\" height=\"169\" src=\"https:\/\/vitalityzen.fr\/wp-content\/uploads\/2025\/03\/Photo-reiki-homme-300x169.jpg\" class=\"attachment-medium size-medium wp-image-941\" alt=\"\" srcset=\"https:\/\/vitalityzen.fr\/wp-content\/uploads\/2025\/03\/Photo-reiki-homme-300x169.jpg 300w, https:\/\/vitalityzen.fr\/wp-content\/uploads\/2025\/03\/Photo-reiki-homme-1024x576.jpg 1024w, https:\/\/vitalityzen.fr\/wp-content\/uploads\/2025\/03\/Photo-reiki-homme-768x432.jpg 768w, https:\/\/vitalityzen.fr\/wp-content\/uploads\/2025\/03\/Photo-reiki-homme.jpg 1280w\" sizes=\"(max-width: 300px) 100vw, 300px\" \/>\t\t\t\t\t\t\t\t\t\t\t\t\t\t\t<\/div>\n\t\t\t\t<\/div>\n\t\t\t\t<\/div>\n\t\t\t\t\t<\/div>\n\t\t\t\t<\/div>\n\t\t<div class=\"elementor-element elementor-element-86d6388 e-con-full e-flex e-con e-parent\" data-id=\"86d6388\" data-element_type=\"container\" data-e-type=\"container\">\n\t\t\t\t<div class=\"elementor-element elementor-element-86e6851 elementor-widget__width-initial elementor-widget elementor-widget-text-editor\" data-id=\"86e6851\" data-element_type=\"widget\" data-e-type=\"widget\" data-widget_type=\"text-editor.default\">\n\t\t\t\t<div class=\"elementor-widget-container\">\n\t\t\t\t\t\t\t\t\t<p>\u00a0<\/p><p>Le Reiki se pratique par l&rsquo;imposition des mains sur diff\u00e9rentes parties du corps, dans le but de canaliser l&rsquo;\u00e9nergie universelle et de r\u00e9tablir l&rsquo;\u00e9quilibre \u00e9nerg\u00e9tique de la personne qui le re\u00e7oit.<\/p><p>Cette \u00e9nergie circule \u00e0 travers les chakras, qui sont des centres d&rsquo;\u00e9nergie situ\u00e9s dans tout le corps. Lorsque ces chakras sont bloqu\u00e9s ou d\u00e9s\u00e9quilibr\u00e9s, des probl\u00e8mes de sant\u00e9 physique ou \u00e9motionnelle peuvent se manifester.<\/p><p>La pratique du Reiki ne se limite pas \u00e0 la gu\u00e9rison physique, mais englobe \u00e9galement le bien-\u00eatre \u00e9motionnel et spirituel.\u00a0Contrairement \u00e0 la m\u00e9decine conventionnelle, qui se concentre sur le traitement des sympt\u00f4mes physiques d&rsquo;une maladie, le Reiki s&rsquo;int\u00e9resse \u00e0 la composante \u00e9motionnelle et spirituelle du patient, consid\u00e9rant l&rsquo;individu de mani\u00e8re holistique.<\/p><p>\u00a0<\/p>\t\t\t\t\t\t\t\t<\/div>\n\t\t\t\t<\/div>\n\t\t\t\t<div class=\"elementor-element elementor-element-ea6953f elementor-widget elementor-widget-heading\" data-id=\"ea6953f\" data-element_type=\"widget\" data-e-type=\"widget\" data-widget_type=\"heading.default\">\n\t\t\t\t<div class=\"elementor-widget-container\">\n\t\t\t\t\t<h2 class=\"elementor-heading-title elementor-size-default\"><i>Saviez-vous qu'une s\u00e9ance de REIKI \u00e9quivaut \u00e0 6 heures de sommeil profond?<\/i><\/h2>\t\t\t\t<\/div>\n\t\t\t\t<\/div>\n\t\t\t\t<div class=\"elementor-element elementor-element-66ca9e8 elementor-widget__width-initial elementor-widget elementor-widget-image\" data-id=\"66ca9e8\" data-element_type=\"widget\" data-e-type=\"widget\" data-widget_type=\"image.default\">\n\t\t\t\t<div class=\"elementor-widget-container\">\n\t\t\t\t\t\t\t\t\t\t\t\t<figure class=\"wp-caption\">\n\t\t\t\t\t\t\t\t\t\t<img loading=\"lazy\" decoding=\"async\" width=\"800\" height=\"450\" src=\"https:\/\/vitalityzen.fr\/wp-content\/uploads\/2025\/03\/reiki-manos_1-1-1024x576.jpg\" class=\"attachment-large size-large wp-image-1069\" alt=\"\" srcset=\"https:\/\/vitalityzen.fr\/wp-content\/uploads\/2025\/03\/reiki-manos_1-1-1024x576.jpg 1024w, https:\/\/vitalityzen.fr\/wp-content\/uploads\/2025\/03\/reiki-manos_1-1-300x169.jpg 300w, https:\/\/vitalityzen.fr\/wp-content\/uploads\/2025\/03\/reiki-manos_1-1-768x432.jpg 768w, https:\/\/vitalityzen.fr\/wp-content\/uploads\/2025\/03\/reiki-manos_1-1.jpg 1280w\" sizes=\"(max-width: 800px) 100vw, 800px\" \/>\t\t\t\t\t\t\t\t\t\t\t<figcaption class=\"widget-image-caption wp-caption-text\">Depuis 1995, le Reiki est reconnu par l\u2019OMS (Organisation mondiale de la sant\u00e9) comme une th\u00e9rapie compl\u00e9mentaire.<\/figcaption>\n\t\t\t\t\t\t\t\t\t\t<\/figure>\n\t\t\t\t\t\t\t\t\t<\/div>\n\t\t\t\t<\/div>\n\t\t\t\t<\/div>\n\t\t<div class=\"elementor-element elementor-element-e84d561 e-con-full e-flex e-con e-parent\" data-id=\"e84d561\" data-element_type=\"container\" data-e-type=\"container\">\n\t\t\t\t<div class=\"elementor-element elementor-element-c0a3200 elementor-widget elementor-widget-heading\" data-id=\"c0a3200\" data-element_type=\"widget\" data-e-type=\"widget\" data-widget_type=\"heading.default\">\n\t\t\t\t<div class=\"elementor-widget-container\">\n\t\t\t\t\t<h3 class=\"elementor-heading-title elementor-size-default\"><br><br><br>LES AVANTAGENS : <\/h3>\t\t\t\t<\/div>\n\t\t\t\t<\/div>\n\t\t\t\t<\/div>\n\t\t<div class=\"elementor-element elementor-element-daea66a e-con-full e-flex e-con e-parent\" data-id=\"daea66a\" data-element_type=\"container\" data-e-type=\"container\">\n\t\t\t\t<div class=\"elementor-element elementor-element-1876cad elementor-widget__width-initial elementor-widget elementor-widget-text-editor\" data-id=\"1876cad\" data-element_type=\"widget\" data-e-type=\"widget\" data-widget_type=\"text-editor.default\">\n\t\t\t\t<div class=\"elementor-widget-container\">\n\t\t\t\t\t\t\t\t\t<p style=\"text-align: center;\"><strong>\u00a0<\/strong><\/p><p style=\"text-align: center;\"><strong>Les <i>\u00e9motionnels<\/i>, les <i>physiques <\/i>et les <i>spirituels<\/i><\/strong><strong>: les bienfaits du Reiki sont nombreux.<\/strong><\/p><p>Selon le <em>National Center for Complementary and Alternative Medicine<\/em>, les gens utilisent le Reiki pour se d\u00e9tendre, r\u00e9duire le stress et soulager les sympt\u00f4mes, afin d&rsquo;am\u00e9liorer la sant\u00e9 et le bien-\u00eatre en g\u00e9n\u00e9ral.\u00a0<\/p><p><span style=\"text-decoration: underline;\">Un traitement de Reiki peut atteindre les objectifs suivants<\/span><\/p><ul><li>Provoquer un \u00e9tat de relaxation profond et paisible.<\/li><li>R\u00e9duire le stress et l&rsquo;anxi\u00e9t\u00e9, am\u00e9liorer l&rsquo;humeur.<\/li><li>Favoriser la relaxation et le sommeil.<\/li><li>Dissoudre les blocages \u00e9nerg\u00e9tiques et les tensions.<\/li><li>D\u00e9sintoxiquer le corps.<\/li><li>Soutenir le bien-\u00eatre d&rsquo;une personne recevant un traitement m\u00e9dical traditionnel qui peut \u00eatre d\u00e9bilitant (par exemple, chimioth\u00e9rapie, radioth\u00e9rapie, chirurgie, dialyse r\u00e9nale).<\/li><li>Fournir de l&rsquo;\u00e9nergie vitale universelle au corps et stimuler le syst\u00e8me immunitaire.<\/li><li>Aider \u00e0 soulager la douleur.<\/li><li>Stimuler la gu\u00e9rison des tissus et des os apr\u00e8s une blessure ou une intervention chirurgicale.<\/li><li>Augmenter la fr\u00e9quence vibratoire aux niveaux physique, mental, \u00e9motionnel et spirituel.<\/li><\/ul>\t\t\t\t\t\t\t\t<\/div>\n\t\t\t\t<\/div>\n\t\t\t\t<\/div>\n\t\t<div class=\"elementor-element elementor-element-a3144a7 e-flex e-con-boxed e-con e-parent\" data-id=\"a3144a7\" data-element_type=\"container\" data-e-type=\"container\">\n\t\t\t\t\t<div class=\"e-con-inner\">\n\t\t\t\t<div class=\"elementor-element elementor-element-f1b72f9 elementor-widget-divider--view-line elementor-widget elementor-widget-divider\" data-id=\"f1b72f9\" data-element_type=\"widget\" data-e-type=\"widget\" data-widget_type=\"divider.default\">\n\t\t\t\t<div class=\"elementor-widget-container\">\n\t\t\t\t\t\t\t<div class=\"elementor-divider\">\n\t\t\t<span class=\"elementor-divider-separator\">\n\t\t\t\t\t\t<\/span>\n\t\t<\/div>\n\t\t\t\t\t\t<\/div>\n\t\t\t\t<\/div>\n\t\t\t\t\t<\/div>\n\t\t\t\t<\/div>\n\t\t<div class=\"elementor-element elementor-element-9495023 e-flex e-con-boxed e-con e-parent\" data-id=\"9495023\" data-element_type=\"container\" data-e-type=\"container\">\n\t\t\t\t\t<div class=\"e-con-inner\">\n\t\t\t\t<div class=\"elementor-element elementor-element-cb9cd2a elementor-align-center elementor-widget elementor-widget-button\" data-id=\"cb9cd2a\" data-element_type=\"widget\" data-e-type=\"widget\" data-widget_type=\"button.default\">\n\t\t\t\t<div class=\"elementor-widget-container\">\n\t\t\t\t\t\t\t\t\t<div class=\"elementor-button-wrapper\">\n\t\t\t\t\t<a class=\"elementor-button elementor-button-link elementor-size-sm\" href=\"https:\/\/vitalityzen.fr\/index.php\/pedir-cita\/\" target=\"_blank\">\n\t\t\t\t\t\t<span class=\"elementor-button-content-wrapper\">\n\t\t\t\t\t\t\t\t\t<span class=\"elementor-button-text\">Rendez-Vous<\/span>\n\t\t\t\t\t<\/span>\n\t\t\t\t\t<\/a>\n\t\t\t\t<\/div>\n\t\t\t\t\t\t\t\t<\/div>\n\t\t\t\t<\/div>\n\t\t\t\t<div class=\"elementor-element elementor-element-706ff8a elementor-widget-divider--view-line elementor-widget elementor-widget-divider\" data-id=\"706ff8a\" data-element_type=\"widget\" data-e-type=\"widget\" data-widget_type=\"divider.default\">\n\t\t\t\t<div class=\"elementor-widget-container\">\n\t\t\t\t\t\t\t<div class=\"elementor-divider\">\n\t\t\t<span class=\"elementor-divider-separator\">\n\t\t\t\t\t\t<\/span>\n\t\t<\/div>\n\t\t\t\t\t\t<\/div>\n\t\t\t\t<\/div>\n\t\t\t\t\t<\/div>\n\t\t\t\t<\/div>\n\t\t\t\t<\/div>\n\t\t","protected":false},"excerpt":{"rendered":"<p>Qu&rsquo;est-ce que le REIKI ? Le Reiki trouve ses racines dans l&rsquo;ancienne tradition japonaise et a \u00e9t\u00e9 d\u00e9velopp\u00e9 par le moine Mikao Usui au d\u00e9but du 20e si\u00e8cle. Le mot \u00ab Reiki \u00bb vient de deux mots japonais : \u00ab Rei \u00bb, qui signifie \u00ab esprit universel \u00bb, et \u00ab Ki \u00bb, qui signifie \u00ab [&hellip;]<\/p>\n","protected":false},"author":1,"featured_media":0,"parent":0,"menu_order":0,"comment_status":"closed","ping_status":"closed","template":"","meta":{"footnotes":""},"class_list":["post-659","page","type-page","status-publish","hentry"],"yoast_head":"<!-- This site is optimized with the Yoast SEO plugin v24.4 - https:\/\/yoast.com\/wordpress\/plugins\/seo\/ -->\n<title>Reiki - Vitality Zen<\/title>\n<meta name=\"robots\" content=\"index, follow, max-snippet:-1, max-image-preview:large, max-video-preview:-1\" \/>\n<link rel=\"canonical\" href=\"https:\/\/vitalityzen.fr\/index.php\/fr\/reiki-3\/\" \/>\n<meta property=\"og:locale\" content=\"fr_FR\" \/>\n<meta property=\"og:type\" content=\"article\" \/>\n<meta property=\"og:title\" content=\"Reiki - Vitality Zen\" \/>\n<meta property=\"og:description\" content=\"Qu&rsquo;est-ce que le REIKI ? Le Reiki trouve ses racines dans l&rsquo;ancienne tradition japonaise et a \u00e9t\u00e9 d\u00e9velopp\u00e9 par le moine Mikao Usui au d\u00e9but du 20e si\u00e8cle. Le mot \u00ab Reiki \u00bb vient de deux mots japonais : \u00ab Rei \u00bb, qui signifie \u00ab esprit universel \u00bb, et \u00ab Ki \u00bb, qui signifie \u00ab [&hellip;]\" \/>\n<meta property=\"og:url\" content=\"https:\/\/vitalityzen.fr\/index.php\/fr\/reiki-3\/\" \/>\n<meta property=\"og:site_name\" content=\"Vitality Zen\" \/>\n<meta property=\"article:modified_time\" content=\"2025-07-08T12:06:43+00:00\" \/>\n<meta property=\"og:image\" content=\"https:\/\/vitalityzen.fr\/wp-content\/uploads\/2025\/02\/2149403921-_1_.webp\" \/>\n\t<meta property=\"og:image:width\" content=\"1000\" \/>\n\t<meta property=\"og:image:height\" content=\"667\" \/>\n\t<meta property=\"og:image:type\" content=\"image\/webp\" \/>\n<meta name=\"twitter:card\" content=\"summary_large_image\" \/>\n<meta name=\"twitter:label1\" content=\"Dur\u00e9e de lecture estim\u00e9e\" \/>\n\t<meta name=\"twitter:data1\" content=\"4 minutes\" \/>\n<script type=\"application\/ld+json\" class=\"yoast-schema-graph\">{\"@context\":\"https:\/\/schema.org\",\"@graph\":[{\"@type\":\"WebPage\",\"@id\":\"https:\/\/vitalityzen.fr\/index.php\/fr\/reiki-3\/\",\"url\":\"https:\/\/vitalityzen.fr\/index.php\/fr\/reiki-3\/\",\"name\":\"Reiki - Vitality Zen\",\"isPartOf\":{\"@id\":\"https:\/\/vitalityzen.fr\/#website\"},\"primaryImageOfPage\":{\"@id\":\"https:\/\/vitalityzen.fr\/index.php\/fr\/reiki-3\/#primaryimage\"},\"image\":{\"@id\":\"https:\/\/vitalityzen.fr\/index.php\/fr\/reiki-3\/#primaryimage\"},\"thumbnailUrl\":\"https:\/\/vitalityzen.fr\/wp-content\/uploads\/2025\/02\/2149403921-_1_.webp\",\"datePublished\":\"2025-02-14T20:53:39+00:00\",\"dateModified\":\"2025-07-08T12:06:43+00:00\",\"breadcrumb\":{\"@id\":\"https:\/\/vitalityzen.fr\/index.php\/fr\/reiki-3\/#breadcrumb\"},\"inLanguage\":\"fr-FR\",\"potentialAction\":[{\"@type\":\"ReadAction\",\"target\":[\"https:\/\/vitalityzen.fr\/index.php\/fr\/reiki-3\/\"]}]},{\"@type\":\"ImageObject\",\"inLanguage\":\"fr-FR\",\"@id\":\"https:\/\/vitalityzen.fr\/index.php\/fr\/reiki-3\/#primaryimage\",\"url\":\"https:\/\/vitalityzen.fr\/wp-content\/uploads\/2025\/02\/2149403921-_1_.webp\",\"contentUrl\":\"https:\/\/vitalityzen.fr\/wp-content\/uploads\/2025\/02\/2149403921-_1_.webp\",\"width\":1000,\"height\":667},{\"@type\":\"BreadcrumbList\",\"@id\":\"https:\/\/vitalityzen.fr\/index.php\/fr\/reiki-3\/#breadcrumb\",\"itemListElement\":[{\"@type\":\"ListItem\",\"position\":1,\"name\":\"Accueil\",\"item\":\"https:\/\/vitalityzen.fr\/\"},{\"@type\":\"ListItem\",\"position\":2,\"name\":\"Reiki\"}]},{\"@type\":\"WebSite\",\"@id\":\"https:\/\/vitalityzen.fr\/#website\",\"url\":\"https:\/\/vitalityzen.fr\/\",\"name\":\"Vitality Zen\",\"description\":\"1, Rue Marietton 69009 Lyon - France\",\"publisher\":{\"@id\":\"https:\/\/vitalityzen.fr\/#organization\"},\"potentialAction\":[{\"@type\":\"SearchAction\",\"target\":{\"@type\":\"EntryPoint\",\"urlTemplate\":\"https:\/\/vitalityzen.fr\/?s={search_term_string}\"},\"query-input\":{\"@type\":\"PropertyValueSpecification\",\"valueRequired\":true,\"valueName\":\"search_term_string\"}}],\"inLanguage\":\"fr-FR\"},{\"@type\":\"Organization\",\"@id\":\"https:\/\/vitalityzen.fr\/#organization\",\"name\":\"Vitality Zen\",\"url\":\"https:\/\/vitalityzen.fr\/\",\"logo\":{\"@type\":\"ImageObject\",\"inLanguage\":\"fr-FR\",\"@id\":\"https:\/\/vitalityzen.fr\/#\/schema\/logo\/image\/\",\"url\":\"https:\/\/vitalityzen.fr\/wp-content\/uploads\/2025\/01\/cropped-Plan-de-travail-3-scaled-1.webp\",\"contentUrl\":\"https:\/\/vitalityzen.fr\/wp-content\/uploads\/2025\/01\/cropped-Plan-de-travail-3-scaled-1.webp\",\"width\":2270,\"height\":2533,\"caption\":\"Vitality Zen\"},\"image\":{\"@id\":\"https:\/\/vitalityzen.fr\/#\/schema\/logo\/image\/\"}}]}<\/script>\n<!-- \/ Yoast SEO plugin. -->","yoast_head_json":{"title":"Reiki - Vitality Zen","robots":{"index":"index","follow":"follow","max-snippet":"max-snippet:-1","max-image-preview":"max-image-preview:large","max-video-preview":"max-video-preview:-1"},"canonical":"https:\/\/vitalityzen.fr\/index.php\/fr\/reiki-3\/","og_locale":"fr_FR","og_type":"article","og_title":"Reiki - Vitality Zen","og_description":"Qu&rsquo;est-ce que le REIKI ? Le Reiki trouve ses racines dans l&rsquo;ancienne tradition japonaise et a \u00e9t\u00e9 d\u00e9velopp\u00e9 par le moine Mikao Usui au d\u00e9but du 20e si\u00e8cle. Le mot \u00ab Reiki \u00bb vient de deux mots japonais : \u00ab Rei \u00bb, qui signifie \u00ab esprit universel \u00bb, et \u00ab Ki \u00bb, qui signifie \u00ab [&hellip;]","og_url":"https:\/\/vitalityzen.fr\/index.php\/fr\/reiki-3\/","og_site_name":"Vitality Zen","article_modified_time":"2025-07-08T12:06:43+00:00","og_image":[{"width":1000,"height":667,"url":"https:\/\/vitalityzen.fr\/wp-content\/uploads\/2025\/02\/2149403921-_1_.webp","type":"image\/webp"}],"twitter_card":"summary_large_image","twitter_misc":{"Dur\u00e9e de lecture estim\u00e9e":"4 minutes"},"schema":{"@context":"https:\/\/schema.org","@graph":[{"@type":"WebPage","@id":"https:\/\/vitalityzen.fr\/index.php\/fr\/reiki-3\/","url":"https:\/\/vitalityzen.fr\/index.php\/fr\/reiki-3\/","name":"Reiki - Vitality Zen","isPartOf":{"@id":"https:\/\/vitalityzen.fr\/#website"},"primaryImageOfPage":{"@id":"https:\/\/vitalityzen.fr\/index.php\/fr\/reiki-3\/#primaryimage"},"image":{"@id":"https:\/\/vitalityzen.fr\/index.php\/fr\/reiki-3\/#primaryimage"},"thumbnailUrl":"https:\/\/vitalityzen.fr\/wp-content\/uploads\/2025\/02\/2149403921-_1_.webp","datePublished":"2025-02-14T20:53:39+00:00","dateModified":"2025-07-08T12:06:43+00:00","breadcrumb":{"@id":"https:\/\/vitalityzen.fr\/index.php\/fr\/reiki-3\/#breadcrumb"},"inLanguage":"fr-FR","potentialAction":[{"@type":"ReadAction","target":["https:\/\/vitalityzen.fr\/index.php\/fr\/reiki-3\/"]}]},{"@type":"ImageObject","inLanguage":"fr-FR","@id":"https:\/\/vitalityzen.fr\/index.php\/fr\/reiki-3\/#primaryimage","url":"https:\/\/vitalityzen.fr\/wp-content\/uploads\/2025\/02\/2149403921-_1_.webp","contentUrl":"https:\/\/vitalityzen.fr\/wp-content\/uploads\/2025\/02\/2149403921-_1_.webp","width":1000,"height":667},{"@type":"BreadcrumbList","@id":"https:\/\/vitalityzen.fr\/index.php\/fr\/reiki-3\/#breadcrumb","itemListElement":[{"@type":"ListItem","position":1,"name":"Accueil","item":"https:\/\/vitalityzen.fr\/"},{"@type":"ListItem","position":2,"name":"Reiki"}]},{"@type":"WebSite","@id":"https:\/\/vitalityzen.fr\/#website","url":"https:\/\/vitalityzen.fr\/","name":"Vitality Zen","description":"1, Rue Marietton 69009 Lyon - France","publisher":{"@id":"https:\/\/vitalityzen.fr\/#organization"},"potentialAction":[{"@type":"SearchAction","target":{"@type":"EntryPoint","urlTemplate":"https:\/\/vitalityzen.fr\/?s={search_term_string}"},"query-input":{"@type":"PropertyValueSpecification","valueRequired":true,"valueName":"search_term_string"}}],"inLanguage":"fr-FR"},{"@type":"Organization","@id":"https:\/\/vitalityzen.fr\/#organization","name":"Vitality Zen","url":"https:\/\/vitalityzen.fr\/","logo":{"@type":"ImageObject","inLanguage":"fr-FR","@id":"https:\/\/vitalityzen.fr\/#\/schema\/logo\/image\/","url":"https:\/\/vitalityzen.fr\/wp-content\/uploads\/2025\/01\/cropped-Plan-de-travail-3-scaled-1.webp","contentUrl":"https:\/\/vitalityzen.fr\/wp-content\/uploads\/2025\/01\/cropped-Plan-de-travail-3-scaled-1.webp","width":2270,"height":2533,"caption":"Vitality Zen"},"image":{"@id":"https:\/\/vitalityzen.fr\/#\/schema\/logo\/image\/"}}]}},"_links":{"self":[{"href":"https:\/\/vitalityzen.fr\/index.php\/wp-json\/wp\/v2\/pages\/659","targetHints":{"allow":["GET"]}}],"collection":[{"href":"https:\/\/vitalityzen.fr\/index.php\/wp-json\/wp\/v2\/pages"}],"about":[{"href":"https:\/\/vitalityzen.fr\/index.php\/wp-json\/wp\/v2\/types\/page"}],"author":[{"embeddable":true,"href":"https:\/\/vitalityzen.fr\/index.php\/wp-json\/wp\/v2\/users\/1"}],"replies":[{"embeddable":true,"href":"https:\/\/vitalityzen.fr\/index.php\/wp-json\/wp\/v2\/comments?post=659"}],"version-history":[{"count":49,"href":"https:\/\/vitalityzen.fr\/index.php\/wp-json\/wp\/v2\/pages\/659\/revisions"}],"predecessor-version":[{"id":1771,"href":"https:\/\/vitalityzen.fr\/index.php\/wp-json\/wp\/v2\/pages\/659\/revisions\/1771"}],"wp:attachment":[{"href":"https:\/\/vitalityzen.fr\/index.php\/wp-json\/wp\/v2\/media?parent=659"}],"curies":[{"name":"wp","href":"https:\/\/api.w.org\/{rel}","templated":true}]}}